{"id":64,"date":"2022-02-01T14:12:54","date_gmt":"2022-02-01T13:12:54","guid":{"rendered":"https:\/\/qimiq.lightcyde\/?page_id=64"},"modified":"2025-06-23T10:30:52","modified_gmt":"2025-06-23T09:30:52","slug":"kontakt","status":"publish","type":"page","link":"https:\/\/qimiq.com\/zh\/kontakt\/","title":{"rendered":"\u806f\u7d61"},"content":{"rendered":"<section id='lightpress__section--block_6959e3eef06a8e67e01973c386c2c031' class='lightpress__section--cow-headline--default lightpress__section--default-section-space lightpress__section lightpress__section--cow-headline' data-scroll-section><div class=\"cow-headline__container\">\n        <h1 data-aos=\"fade-right\" class=\"cow-headline__headline\"\n    data-aos-once=\"true\">Service<\/h1>\n<picture class=\"cow-headline__picture\"\n         data-aos=\"fade-left\"\n         data-aos-once=\"true\">\n    <source srcset=\"\/wp-content\/themes\/qimiq\/blocks\/cow-headline\/cow.png.webp\" type=\"image\/webp\">\n    <img decoding=\"async\" src=\"\/wp-content\/themes\/qimiq\/blocks\/cow-headline\/cow.png\" alt=\"Kuh\">\n<\/picture>\n<\/div>\n\n<\/section>\n\n<section id='lightpress__section--block_b46d355bfcd432a5f40e6c8ffe7eacc4' class='lightpress__section--default-section-space lightpress__section lightpress__section--wysiwyg' data-scroll-section><div class=\"wysiwyg-columns wysiwyg-columns--1\">\n            <div class=\"wysiwyg-columns__content\" data-aos=\"fade-right\"\n             data-aos-once=\"true\"><h5><strong>Kontaktformular<\/strong><\/h5>\n<\/div>\n    <\/div>\n\n<\/section>\n\n<section id='lightpress__section--block_1ad295085dfebfe77d49dac015485784' class='lightpress__section--default-section-space lightpress__section lightpress__section--contact-form' data-scroll-section><div data-aos=\"fade-up\" data-aos-once=\"true\" data-aos-anchor=\"#lightpress__section--block_1ad295085dfebfe77d49dac015485784\">\n    <script>jQuery(\"#contact_form_69da85ba8e99d\").find(\"input\").prop(\"disabled\", true);jQuery(\"#contact_form_69da85ba8e99d\").find(\"textarea\").prop(\"disabled\", true);<\/script>\t\t\t\t<form id=\"contact_form_69da85ba8e99d\" class=\"lightpress__form\" action=\"https:\/\/qimiq.com\/zh\/wp-json\/lightpress\/contact_form\" method=\"post\"> \t\t\t\t\t<div id=\"acf-form-data\" class=\"acf-hidden\"> \t\t<input type=\"hidden\" id=\"_acf_screen\" name=\"_acf_screen\" value=\"acf_form\"\/><input type=\"hidden\" id=\"_acf_post_id\" name=\"_acf_post_id\" value=\"block_1ad295085dfebfe77d49dac015485784\"\/><input type=\"hidden\" id=\"_acf_validation\" name=\"_acf_validation\" value=\"1\"\/><input type=\"hidden\" id=\"_acf_form\" name=\"_acf_form\" value=\"aHo2ekNsbDc0L0dlZlpMY2dJbUJZZzJzVzlJYU5NbDl4M3ZaR2tpZ05xZ3VtUmlXVVNFNThPRjdtOXdzWnN6ZDlINkVYd1hFaXRWSFh2a3hFQklnWWl2dTFER2xEczZkVXQ0V0MvaExweGFMcTZHc0JsMlJ0Qkx6RVMxTjQ0R0hoNkxsUllvVTN5VU1sUTVlZnlwWTVRMmVKOGdhTDRrWVJZbndvRTNsODVWT1k4MjlTSmVSZVo1SVJZRnhOcTFLc3NRQytpR1E2SytWU0thcnhjM20yQVd2VXZnRWUvY3A5MnlEcWQrQkpCMkxUcFhXZ29hWmU5SWU1b2x3WXlvTjZnOUJicElVeU44Vkd4d0VQR3lraWxpa2tMTUFJSy9iSG9MaE0yMUpvMXZFeXgzdTRlaVZJbVRyMHJOVzdXcXFDbUJFc0kvY2NyTlhsaWJROHNMR0xtNFZZSjhYa2ZrT21EWVhhY3lMU1BWT0NUUXBpMnJEZGZZdHpWekZPcFlsL1Vpb01SakpSNzRYRDRoTzBzM1dlUjlKbEJFN0VGdGwzK242emNTQkFscmpSRDVnWUdMWDY3RUt3ZnVCYjB1SlBNRGZVdnFxcmlINjdEMnpSYUt1aWQ5U053NEErMmFMNEI5elJ0WGM2LzdMVnluOWZNOHhpekU5ekpobEp3K2ZlU1dKaUFuRmFHYzhXajEwMmoydVhROGppdC85WmFDc3hxcm5hVXJZRnhvOW41Z1FDRTB1eGZBUnIyOVRON3ViUERZSVBlUUFuMWhxbmZ0aDBlc2tpNlBBcnYrRkpvdGY2enkzbXp0SHBGc0xsaVA1M3NHWXJuR1pCTGVQZmtCYXUxQWx1RnZvQlJySEVyL1IvcWgzanEvYmNmdkNaaWxhdUQvamdMam5MakFVUk5obmtFZGdwdGM2SjRzTWNOeEc0UW9oY3lidjU0djBBb0ZJNDhodHlnbHRpMy9OZ3hzVTFxT3NCRzNKUmhuWmRsRTg4SklFdVF6K2kya2dSYU1zV0VBbitVbVJhRmNxREI0aVdaOGVYc0JNc2JEM2RLc1NBa2hzZjZOZlJUWXFxZE45UHlQeTBzUUV5U00zYXJxbTFkZjhZVGc1bjVOUUJFZDRLVDJHUHZqVVVYODVvSGluQ2hFd3o0VS9UOEc2a29pRlNnNTNWbTlHcDhNVlJIZFBicnFaci9GbmVibVdlM1hJWWg4cHNDR0kwR0lUa3N4YXdCZDkzUW5sZUdNVWRoY2YwUDkrR3pnSm1GRjR1U3k3em4rS0M2U3hOTjhST0xtcnB4dS91clF0Y1NrcFZ6czFsVzVnN003NGpnd3lRYlZGVFQvZlJONS9Oa0wzT0d2S09Kb0NpU3Z6UGIvRkJLZVhVZmxDL1FrMmdJSkh5Sjd1NlFZeEpUSDkyN0gyUUVDYnVKNGtCdWtZOHJweC9UdkNFdDl0aWhOYjVpY2lHdFNZU2lIYXIrNEw1Y3Z3WmVvbGF5RXNvV3psUDdOanFTL0Y5ZWtBVjRacDlRVTd1dVpiYUxFZ01aUU5Vd1VRNE5QUEtqSkkvL3pwTFBRV0FCQVdaV1JJN25jV3lVZUFjT3pvVi9hK2VDMWdSYlJFQm9sVThpNnF1dDZnZjFEdzEvaDVLdjVyUTZrNW1aajlLVTRlTGpSMzZ2Rk90ZXMyem9XYkNRRXE4TGZzQ1RJaTlhTUhGd21mOGlSS2NCcVBBdkx2eFlZSjZrdUJQSElSYWdRNVBwYXQva0Y5UHR3amZXakVnNFZkNGFiUnF3VlNCUE8zUm1xKzI1ZC9TVm8zbm80R1J1OERDUHJzRUdhQitQR2tQSWFOUVBseW52dy9DTFNJMFJsRThTUFpNY3F1NVZNOCtUdmFlZ0hkdUNSdE1PVHhYaFFtZDZpZnBSQk4xU0NzMGtxUzZpVFA0dnFseTRVSEh1RThab29VTWV5MDdqQ3VmWHdCZjNlcUVtTjQzNmladWJERHZGR3dCdFQ5RGJ5UGU2NCtXZ00zd0VZcWRnNjRRWGRrNkd3R3dwWk5zTWRETUNZdll0Ynh2eGVQaVVSUWowSHd4VEM2a0RtZ3pyTmxHa2pMaGROWmRpRGprQ0tkT25mMm1uS294RHlMeDJSaVRDMWk0aG9IZEVjakdhdlNWV05ZNHFFemNKR0NnaUM0TVpNWnZTb2hFdHFNK25OMEE0QTFWNXNuQW1YbE93dHVNUFdaTnpYMDRTQUk1QmRTT1BSb1lVaWpMMlArNjhYQjFsTWxMZmNybUFJPTo6QCse8TlQbeSkPzeNOhVXig==\"\/><input type=\"hidden\" id=\"_acf_nonce\" name=\"_acf_nonce\" value=\"d655000fe5\"\/><input type=\"hidden\" id=\"_acf_changed\" name=\"_acf_changed\" value=\"0\"\/>\t<\/div> \t\t\t\t<div class=\"acf-fields acf-form-fields -top\"> \t\t\t\t<input type=\"hidden\" name=\"acf[am1Sd9S3-018nJSld-Lnd2iF284czoxODoiZmllbGRfdXNlc19jYXB0Y2hhIjs=]\" value=\"wxbGjM26baXsZi4U%2FjyxlAf6%2B4H6IAmBtmAwV8fuuRahNz0WWSBUWgKhusPOfGpC12JGFhfEnU%2Fw8rqBvmGBCQ%3D%3D\">\t\t\t\t<div class=\"acf-field acf-field-text acf-field-contact-name is-required\" style=\"width:100%;\" data-name=\"contact_name\" data-type=\"text\" data-key=\"field_contact_name\" data-required=\"1\" data-width=\"100\"> <div class=\"acf-label\"> <label for=\"acf-field_contact_name\">Name <span class=\"acf-required\">*<\/span><\/label><\/div> <div class=\"acf-input\"> <div class=\"acf-input-wrap\"><input type=\"text\" id=\"acf-field_contact_name\" name=\"acf[field_contact_name]\" placeholder=\"Name *\" required=\"required\"\/><\/div><\/div> <\/div> <div class=\"acf-field acf-field-email acf-field-contact-email-address is-required\" style=\"width:100%;\" data-name=\"contact_email_address\" data-type=\"email\" data-key=\"field_contact_email_address\" data-required=\"1\" data-width=\"100\"> <div class=\"acf-label\"> <label for=\"acf-field_contact_email_address\">E-Mail-Adresse <span class=\"acf-required\">*<\/span><\/label><\/div> <div class=\"acf-input\"> <div class=\"acf-input-wrap\"><input type=\"email\" id=\"acf-field_contact_email_address\" name=\"acf[field_contact_email_address]\" placeholder=\"E-Mail-Adresse *\" required=\"required\"\/><\/div><\/div> <\/div> <div class=\"acf-field acf-field-text acf-field-contact-subject is-required\" style=\"width:100%;\" data-name=\"contact_subject\" data-type=\"text\" data-key=\"field_contact_subject\" data-required=\"1\" data-width=\"100\"> <div class=\"acf-label\"> <label for=\"acf-field_contact_subject\">Betreff <span class=\"acf-required\">*<\/span><\/label><\/div> <div class=\"acf-input\"> <div class=\"acf-input-wrap\"><input type=\"text\" id=\"acf-field_contact_subject\" name=\"acf[field_contact_subject]\" placeholder=\"Betreff *\" required=\"required\"\/><\/div><\/div> <\/div> <div class=\"acf-field acf-field-textarea acf-field-contact-message is-required\" style=\"width:100%;\" data-name=\"contact_message\" data-type=\"textarea\" data-key=\"field_contact_message\" data-required=\"1\" data-width=\"100\"> <div class=\"acf-label\"> <label for=\"acf-field_contact_message\">Message <span class=\"acf-required\">*<\/span><\/label><\/div> <div class=\"acf-input\"> <textarea id=\"acf-field_contact_message\" name=\"acf[field_contact_message]\" placeholder=\"Beschreibung *\" rows=\"4\" required=\"required\"><\/textarea><\/div> <\/div> <div class=\"acf-field acf-field-true-false acf-field-gdpr-consent-given is-required\" style=\"width:100%;\" data-name=\"gdpr_consent_given\" data-type=\"true_false\" data-key=\"field_gdpr_consent_given\" data-required=\"1\" data-width=\"100\"> <div class=\"acf-label\"> <label for=\"acf-field_gdpr_consent_given\"> <span class=\"acf-required\">*<\/span><\/label><\/div> <div class=\"acf-input\"> <div class=\"acf-true-false\"> \t\t\t<input type=\"hidden\" name=\"acf[field_gdpr_consent_given]\" value=\"0\"\/>\t<label> \t\t<input type=\"checkbox\" id=\"acf-field_gdpr_consent_given\" name=\"acf[field_gdpr_consent_given]\" value=\"1\" class=\"\" autocomplete=\"off\"\/> \t\t\t\t\t\t\t\t\t\t<span class=\"message\">Ich habe die <a href=\"https:\/\/qimiq.com\/zh\/datenschutzerklaerung\/\">Datenschutzerkl\u00e4rung<\/a> gelesen und akzeptiert.<\/span>\t<\/label> <\/div> \t\t\t<\/div> <\/div> <div class=\"acf-field acf-field-text acf-field--validate-email\" style=\"display:none !important;\" data-name=\"_validate_email\" data-type=\"text\" data-key=\"_validate_email\"> <div class=\"acf-label\"> <label for=\"acf-_validate_email\">Validate Email<\/label><\/div> <div class=\"acf-input\"> <div class=\"acf-input-wrap\"><input type=\"text\" id=\"acf-_validate_email\" name=\"acf[_validate_email]\"\/><\/div><\/div> <\/div> \t\t\t\t<div class=\"response-container\" id=\"contact_form_69da85ba8e99d__response-container\"><\/div>\t\t\t<\/div> \t\t\t\t\t\t\t<div class=\"acf-form-submit\"> \t\t\t\t\t<button data-source=\"#contact_form_69da85ba8e99d\" form=\"contact_form_69da85ba8e99d\" type=\"submit\" class=\"qimiq-button text\">Senden<\/button>\t\t\t\t\t<span class=\"acf-spinner\"><\/span>\t\t\t\t<\/div> \t\t\t\t<\/form>\n<\/div>\n<\/section>\n\n<section id='lightpress__section--block_f638d0bd206154910f38f1f061545d4b' class='lightpress__section--colored-bg lightpress__section--default-section-space lightpress__section lightpress__section--wysiwyg' data-scroll-section><div class=\"wysiwyg-columns wysiwyg-columns--1\">\n            <div class=\"wysiwyg-columns__content\" data-aos=\"fade-right\"\n             data-aos-once=\"true\"><h5><strong>QimiQ Kundendienst<\/strong><\/h5>\n<\/div>\n    <\/div>\n\n    <div class=\"stripes__container stripes__container--lightblue\">\n            <\/div>\n\n<\/section>\n\n<section id='lightpress__section--block_1cd2c3969ff348632ab660f1d82572b4' class='lightpress__section--colored-bg lightpress__section--default-section-space lightpress__section lightpress__section--wysiwyg' data-scroll-section><div class=\"wysiwyg-columns wysiwyg-columns--2\">\n            <div class=\"wysiwyg-columns__content\" data-aos=\"fade-right\"\n             data-aos-once=\"true\"><h6><strong>Per Telefon<\/strong><\/h6>\n<p>\u00a0<\/p>\n<div>\n<div class=\"tiny-mce__key-value-entry\">\n<p>\u00d6sterreich<\/p>\n<p><a href=\"tel:0800 22 0800\">0800 22 0800<\/a><\/div>\n<\/div>\n<div class=\"tiny-mce__key-value-entry\">\n<p>Deutschland<\/p>\n<p><a href=\"tel:0800 022 0800\">0800 022 0800<\/a><\/div>\n<div class=\"tiny-mce__key-value-entry\">\n<p>International<\/p>\n<p><a href=\"tel:+43 6229 3483-0\">+43 6229 3483-0<\/a><\/div>\n<p>\u00a0<\/p>\n<h6><strong>Per E-Mail<\/strong><\/h6>\n<p>\u00a0<\/p>\n<div class=\"tiny-mce__key-value-entry\">\n<p>Haupt-E-Mail<\/p>\n<p><a href=\"mailto:office@QimiQ.com\">office@QimiQ.com<\/a><\/div>\n<div class=\"tiny-mce__key-value-entry\">\n<p>Kooperations- &amp; Social Media Anfragen<\/p>\n<p><a href=\"mailto:hello@QimiQ.com\">hello@QimiQ.com<\/a><\/div>\n<div class=\"tiny-mce__key-value-entry\">\n<p>Professionals &amp; Industrie<\/p>\n<p><a href=\"mailto:rd@QimiQ.com\">rd@QimiQ.com<\/a><\/div>\n<div class=\"tiny-mce__key-value-entry\">\n<p>Datenschutzbezogene Anfragen<\/p>\n<p><a href=\"mailto:datenschutz@QimiQ.com\">datenschutz@QimiQ.com<\/a><\/div>\n<\/div>\n            <div class=\"wysiwyg-columns__content\" data-aos=\"fade-left\"\n             data-aos-once=\"true\"><h6><strong>Wann du uns erreichen kannst<\/strong><\/h6>\n<p>\u00a0<\/p>\n<p>Montag bis Donnerstag<br \/>8.00 bis 12.00 Uhr und 13.00 bis 17.00 Uhr<\/p>\n<p>\u00a0<\/p>\n<p>Freitag<br \/>8.00 bis 12.30 Uhr<\/p>\n<p>\u00a0<\/p>\n<p>Am Wochenende und an \u00f6sterreichischen Feiertagen sind wir telefonisch nicht erreichbar.<br \/>Au\u00dferhalb unserer Gesch\u00e4ftszeiten kannst du uns gerne auf das Tonband sprechen und wir melden uns am n\u00e4chsten Arbeitstag bei dir.<\/p>\n<\/div>\n    <\/div>\n\n    <div class=\"stripes__container stripes__container--lightblue\">\n            <\/div>\n\n<\/section>\n\n<section id='lightpress__section--block_49356703d5920ff464c3ce7226c0da7b' class='lightpress__section--default-section-space lightpress__section lightpress__section--wysiwyg' data-scroll-section><div class=\"wysiwyg-columns wysiwyg-columns--1\">\n            <div class=\"wysiwyg-columns__content\" data-aos=\"fade-right\"\n             data-aos-once=\"true\"><h5><strong>QimiQ Niederlassungen<\/strong><\/h5>\n<\/div>\n    <\/div>\n\n<\/section>\n\n<section id='lightpress__section--block_080df164579f5a4f8fff08000d6d427f' class='lightpress__section--default-section-space lightpress__section lightpress__section--wysiwyg' data-scroll-section><div class=\"wysiwyg-columns wysiwyg-columns--1\">\n            <div class=\"wysiwyg-columns__content\" data-aos=\"fade-right\"\n             data-aos-once=\"true\"><h6><strong>QimiQ Handels GmbH<\/strong><\/h6>\n<p>\u00a0<\/p>\n<p>Lettlweg 5<br \/>5322 Hof bei Salzburg<br \/>\u00d6sterreich<\/p>\n<p>\u00a0<\/p>\n<p>T <a href=\"tel:+43%206229%203483-0\">+43 6229 3483-0<\/a><br \/>F +43 6229 3483-30<\/p>\n<p>\u00a0<\/p>\n<p>E <a href=\"mailto:office@QimiQ.com\">office@QimiQ.com<\/a><br \/><a href=\"https:\/\/www.QimiQ.com\">www.QimiQ.com<\/a><\/p>\n<\/div>\n    <\/div>\n\n<\/section>","protected":false},"excerpt":{"rendered":"","protected":false},"author":1,"featured_media":0,"parent":0,"menu_order":6,"comment_status":"closed","ping_status":"closed","template":"","meta":{"_acf_changed":false,"_relevanssi_hide_post":"","_relevanssi_hide_content":"","_relevanssi_pin_for_all":"","_relevanssi_pin_keywords":"","_relevanssi_unpin_keywords":"","_relevanssi_related_keywords":"","_relevanssi_related_include_ids":"","_relevanssi_related_exclude_ids":"","_relevanssi_related_no_append":"","_relevanssi_related_not_related":"","_relevanssi_related_posts":"","_relevanssi_noindex_reason":"","footnotes":""},"class_list":["post-64","page","type-page","status-publish","hentry"],"acf":[],"yoast_head":"<!-- This site is optimized with the Yoast SEO Premium plugin v26.6 (Yoast SEO v26.8) - https:\/\/yoast.com\/product\/yoast-seo-premium-wordpress\/ -->\n<title>Kontakt - QimiQ<\/title>\n<meta name=\"description\" content=\"Montag bis Donnerstag 8 bis 12 Uhr und 13 bis 17 Uhr. Freitag 8 bis 12:30 Uhr. Am Wochenende sind wir telefonisch nicht erreichbar.\" \/>\n<meta name=\"robots\" content=\"index, follow, max-snippet:-1, max-image-preview:large, max-video-preview:-1\" \/>\n<link rel=\"canonical\" href=\"https:\/\/qimiq.com\/zh\/kontakt\/\" \/>\n<meta property=\"og:locale\" content=\"zh_HK\" \/>\n<meta property=\"og:type\" content=\"article\" \/>\n<meta property=\"og:title\" content=\"Kontakt\" \/>\n<meta property=\"og:description\" content=\"Montag bis Donnerstag 8 bis 12 Uhr und 13 bis 17 Uhr. Freitag 8 bis 12:30 Uhr. Am Wochenende sind wir telefonisch nicht erreichbar.\" \/>\n<meta property=\"og:url\" content=\"https:\/\/qimiq.com\/zh\/kontakt\/\" \/>\n<meta property=\"og:site_name\" content=\"QimiQ\" \/>\n<meta property=\"article:publisher\" content=\"https:\/\/www.facebook.com\/QimiQWorld\/\" \/>\n<meta property=\"article:modified_time\" content=\"2025-06-23T09:30:52+00:00\" \/>\n<meta property=\"og:image\" content=\"https:\/\/qimiq.com\/wp-content\/uploads\/Torte.png\" \/>\n\t<meta property=\"og:image:width\" content=\"316\" \/>\n\t<meta property=\"og:image:height\" content=\"202\" \/>\n\t<meta property=\"og:image:type\" content=\"image\/png\" \/>\n<meta name=\"twitter:card\" content=\"summary_large_image\" \/>\n<script type=\"application\/ld+json\" class=\"yoast-schema-graph\">{\"@context\":\"https:\/\/schema.org\",\"@graph\":[{\"@type\":\"WebPage\",\"@id\":\"https:\/\/qimiq.com\/kontakt\/\",\"url\":\"https:\/\/qimiq.com\/kontakt\/\",\"name\":\"Kontakt - QimiQ\",\"isPartOf\":{\"@id\":\"https:\/\/qimiq.com\/en\/#website\"},\"datePublished\":\"2022-02-01T13:12:54+00:00\",\"dateModified\":\"2025-06-23T09:30:52+00:00\",\"description\":\"Montag bis Donnerstag 8 bis 12 Uhr und 13 bis 17 Uhr. Freitag 8 bis 12:30 Uhr. Am Wochenende sind wir telefonisch nicht erreichbar.\",\"breadcrumb\":{\"@id\":\"https:\/\/qimiq.com\/kontakt\/#breadcrumb\"},\"inLanguage\":\"zh-HK\",\"potentialAction\":[{\"@type\":\"ReadAction\",\"target\":[\"https:\/\/qimiq.com\/kontakt\/\"]}]},{\"@type\":\"BreadcrumbList\",\"@id\":\"https:\/\/qimiq.com\/kontakt\/#breadcrumb\",\"itemListElement\":[{\"@type\":\"ListItem\",\"position\":1,\"name\":\"Home\",\"item\":\"https:\/\/qimiq.com\/\"},{\"@type\":\"ListItem\",\"position\":2,\"name\":\"Kontakt\"}]},{\"@type\":\"WebSite\",\"@id\":\"https:\/\/qimiq.com\/en\/#website\",\"url\":\"https:\/\/qimiq.com\/en\/\",\"name\":\"QimiQ\",\"description\":\"\",\"publisher\":{\"@id\":\"https:\/\/qimiq.com\/en\/#organization\"},\"potentialAction\":[{\"@type\":\"SearchAction\",\"target\":{\"@type\":\"EntryPoint\",\"urlTemplate\":\"https:\/\/qimiq.com\/en\/?s={search_term_string}\"},\"query-input\":{\"@type\":\"PropertyValueSpecification\",\"valueRequired\":true,\"valueName\":\"search_term_string\"}}],\"inLanguage\":\"zh-HK\"},{\"@type\":\"Organization\",\"@id\":\"https:\/\/qimiq.com\/en\/#organization\",\"name\":\"QimiQ\",\"url\":\"https:\/\/qimiq.com\/en\/\",\"logo\":{\"@type\":\"ImageObject\",\"inLanguage\":\"zh-HK\",\"@id\":\"https:\/\/qimiq.com\/en\/#\/schema\/logo\/image\/\",\"url\":\"https:\/\/qimiq.com\/wp-content\/uploads\/AdobeStock_300763099_Video_HD_Preview.png\",\"contentUrl\":\"https:\/\/qimiq.com\/wp-content\/uploads\/AdobeStock_300763099_Video_HD_Preview.png\",\"width\":712,\"height\":401,\"caption\":\"QimiQ\"},\"image\":{\"@id\":\"https:\/\/qimiq.com\/en\/#\/schema\/logo\/image\/\"},\"sameAs\":[\"https:\/\/www.facebook.com\/QimiQWorld\/\",\"https:\/\/www.facebook.com\/QimiQProfessionals\/\",\"https:\/\/www.instagram.com\/qimiq_austria\/\"]}]}<\/script>\n<!-- \/ Yoast SEO Premium plugin. -->","yoast_head_json":{"title":"\u806f\u7d61\u6211\u5011 - \u5947\u7c73Q","description":"\u9031\u4e00\u81f3\u9031\u56db\u4e0a\u5348 8 \u9ede\u81f3\u4e2d\u5348 12 \u9ede\u548c\u4e0b\u5348 1 \u9ede\u81f3\u4e0b\u5348 5 \u9ede\u9031\u4e94\u4e0a\u5348 8 \u9ede\u81f3\u4e2d\u5348 12:30\u9031\u672b\u7121\u6cd5\u900f\u904e\u96fb\u8a71\u806f\u7e6b\u5230\u6211\u5011\u3002","robots":{"index":"index","follow":"follow","max-snippet":"max-snippet:-1","max-image-preview":"max-image-preview:large","max-video-preview":"max-video-preview:-1"},"canonical":"https:\/\/qimiq.com\/zh\/kontakt\/","og_locale":"zh_HK","og_type":"article","og_title":"Kontakt","og_description":"Montag bis Donnerstag 8 bis 12 Uhr und 13 bis 17 Uhr. Freitag 8 bis 12:30 Uhr. Am Wochenende sind wir telefonisch nicht erreichbar.","og_url":"https:\/\/qimiq.com\/zh\/kontakt\/","og_site_name":"QimiQ","article_publisher":"https:\/\/www.facebook.com\/QimiQWorld\/","article_modified_time":"2025-06-23T09:30:52+00:00","og_image":[{"width":316,"height":202,"url":"https:\/\/qimiq.com\/wp-content\/uploads\/Torte.png","type":"image\/png"}],"twitter_card":"summary_large_image","schema":{"@context":"https:\/\/schema.org","@graph":[{"@type":"WebPage","@id":"https:\/\/qimiq.com\/kontakt\/","url":"https:\/\/qimiq.com\/kontakt\/","name":"\u806f\u7d61\u6211\u5011 - \u5947\u7c73Q","isPartOf":{"@id":"https:\/\/qimiq.com\/en\/#website"},"datePublished":"2022-02-01T13:12:54+00:00","dateModified":"2025-06-23T09:30:52+00:00","description":"\u9031\u4e00\u81f3\u9031\u56db\u4e0a\u5348 8 \u9ede\u81f3\u4e2d\u5348 12 \u9ede\u548c\u4e0b\u5348 1 \u9ede\u81f3\u4e0b\u5348 5 \u9ede\u9031\u4e94\u4e0a\u5348 8 \u9ede\u81f3\u4e2d\u5348 12:30\u9031\u672b\u7121\u6cd5\u900f\u904e\u96fb\u8a71\u806f\u7e6b\u5230\u6211\u5011\u3002","breadcrumb":{"@id":"https:\/\/qimiq.com\/kontakt\/#breadcrumb"},"inLanguage":"zh-HK","potentialAction":[{"@type":"ReadAction","target":["https:\/\/qimiq.com\/kontakt\/"]}]},{"@type":"BreadcrumbList","@id":"https:\/\/qimiq.com\/kontakt\/#breadcrumb","itemListElement":[{"@type":"ListItem","position":1,"name":"Home","item":"https:\/\/qimiq.com\/"},{"@type":"ListItem","position":2,"name":"Kontakt"}]},{"@type":"WebSite","@id":"https:\/\/qimiq.com\/en\/#website","url":"https:\/\/qimiq.com\/en\/","name":"QimiQ","description":"","publisher":{"@id":"https:\/\/qimiq.com\/en\/#organization"},"potentialAction":[{"@type":"SearchAction","target":{"@type":"EntryPoint","urlTemplate":"https:\/\/qimiq.com\/en\/?s={search_term_string}"},"query-input":{"@type":"PropertyValueSpecification","valueRequired":true,"valueName":"search_term_string"}}],"inLanguage":"zh-HK"},{"@type":"Organization","@id":"https:\/\/qimiq.com\/en\/#organization","name":"QimiQ","url":"https:\/\/qimiq.com\/en\/","logo":{"@type":"ImageObject","inLanguage":"zh-HK","@id":"https:\/\/qimiq.com\/en\/#\/schema\/logo\/image\/","url":"https:\/\/qimiq.com\/wp-content\/uploads\/AdobeStock_300763099_Video_HD_Preview.png","contentUrl":"https:\/\/qimiq.com\/wp-content\/uploads\/AdobeStock_300763099_Video_HD_Preview.png","width":712,"height":401,"caption":"QimiQ"},"image":{"@id":"https:\/\/qimiq.com\/en\/#\/schema\/logo\/image\/"},"sameAs":["https:\/\/www.facebook.com\/QimiQWorld\/","https:\/\/www.facebook.com\/QimiQProfessionals\/","https:\/\/www.instagram.com\/qimiq_austria\/"]}]}},"_links":{"self":[{"href":"https:\/\/qimiq.com\/zh\/wp-json\/wp\/v2\/pages\/64","targetHints":{"allow":["GET"]}}],"collection":[{"href":"https:\/\/qimiq.com\/zh\/wp-json\/wp\/v2\/pages"}],"about":[{"href":"https:\/\/qimiq.com\/zh\/wp-json\/wp\/v2\/types\/page"}],"author":[{"embeddable":true,"href":"https:\/\/qimiq.com\/zh\/wp-json\/wp\/v2\/users\/1"}],"replies":[{"embeddable":true,"href":"https:\/\/qimiq.com\/zh\/wp-json\/wp\/v2\/comments?post=64"}],"version-history":[{"count":2,"href":"https:\/\/qimiq.com\/zh\/wp-json\/wp\/v2\/pages\/64\/revisions"}],"predecessor-version":[{"id":3485,"href":"https:\/\/qimiq.com\/zh\/wp-json\/wp\/v2\/pages\/64\/revisions\/3485"}],"wp:attachment":[{"href":"https:\/\/qimiq.com\/zh\/wp-json\/wp\/v2\/media?parent=64"}],"curies":[{"name":"wp","href":"https:\/\/api.w.org\/{rel}","templated":true}]}}