{"id":1795,"date":"2022-10-06T13:43:11","date_gmt":"2022-10-06T12:43:11","guid":{"rendered":"https:\/\/qimiq.lightcyde\/?page_id=1795"},"modified":"2023-07-20T14:39:56","modified_gmt":"2023-07-20T13:39:56","slug":"lammrucken-mit-susskartoffelsouffle-von-stefan-fuchs","status":"publish","type":"page","link":"https:\/\/qimiq.com\/zh\/qimiq-fuer-profis\/chefkoeche\/chefkoch-rezepte\/lammrucken-mit-susskartoffelsouffle-von-stefan-fuchs\/","title":{"rendered":"Stefan Fuchs \u7684\u7f8a\u6392\u4f50\u5730\u74dc\u8212\u8299\u857e"},"content":{"rendered":"<section id='lightpress__section--block_8c09e5fc96807c97b25eecf7ef25461b' class='lightpress__section--full-width lightpress__section--default-section-space lightpress__section lightpress__section--image-text' data-scroll-section><div class=\"image-text__container image-text__container-- image-text__container--mirrored\">\n                            <picture class=\"image-text__picture\"\n                 data-aos=\"fade-left\"\n                 data-aos-once=\"true\"\n                 data-aos-anchor=\"#lightpress__section--block_8c09e5fc96807c97b25eecf7ef25461b .image-text__container\">\n            <source srcset=\"https:\/\/qimiq.com\/wp-content\/uploads\/CR-Lamm.webp\" type=\"image\/webp\">\n            <img decoding=\"async\" src=\"https:\/\/qimiq.com\/wp-content\/uploads\/CR-Lamm.jpg\" alt=\"\u83ef\u6f64\u7f8a\u8089\" \/>\n        <\/picture>\n    \n    <div class=\"image-text__text\">\n        \n                    <h2 class=\"text--medium text--55\" data-aos=\"fade-right\"\n                data-aos-once=\"true\"\n                data-aos-delay=\"100\"\n                data-aos-anchor=\"#lightpress__section--block_8c09e5fc96807c97b25eecf7ef25461b .image-text__container\">Stefan Fuchs \u7684\u7f8a\u6392\u4f50\u5730\u74dc\u8212\u8299\u857e<\/h2>\n        \n                    <div class=\"spacer--60\"><\/div>\n\n            <div data-aos=\"fade-right\" data-aos-once=\"true\"\n                 data-aos-delay=\"200\"\n                 data-aos-anchor=\"#lightpress__section--block_8c09e5fc96807c97b25eecf7ef25461b .image-text__container\"><p>Walser Gasthaus Saalachstube \u662f\u4e00\u5bb6\u6a21\u7bc4\u5bb6\u65cf\u4f01\u696d\u3002\u73fe\u5728\u7531\u798f\u65af\u5bb6\u65cf\u7b2c\u4e09\u4ee3\u7d93\u71df\u3002 Stefan Fuchs \u5c07\u71b1\u60c5\u5e36\u5165\u5eda\u623f\uff0c\u4e26\u5e0c\u671b\u5fa9\u8208\u50b3\u7d71\u83dc\u991a\u3002\u5168\u570b\u51a0\u8ecd\u5b78\u5f92\u6bcf\u9031\u4e00\u90fd\u6703\u7368\u81ea\u7ad9\u5728\u5eda\u623f\u88e1\u5beb\u4e00\u5f35\u65b0\u5361\u7247\u3002\u4ed6\u70ba\u4f60\u5275\u9020\u4e86\u4e00\u500b\u7f8e\u5473\u7684\u98df\u8b5c\uff01<\/p>\n<\/div>\n        \n                    <div class=\"spacer--60\"><\/div>\n\n            <a class=\"qimiq-button\"\n               href=\"https:\/\/rdb.qimiq.com\/de\/recipes\/2327\"\n               target=\"_blank\" data-aos=\"fade-right\" data-aos-once=\"true\"\n               data-aos-delay=\"300\"\n               data-aos-anchor=\"#lightpress__section--block_8c09e5fc96807c97b25eecf7ef25461b .image-text__container\">\u5728\u6211\u5011\u7684\u98df\u8b5c\u8cc7\u6599\u5eab\u4e2d\u767c\u73fe\u98df\u8b5c<\/a>\n            <\/div>\n<\/div>\n\n<\/section>\n\n<section id='lightpress__section--block_f22f08151b9e2ee874fe984e8b1ae25a' class='lightpress__section--cow-headline--medium lightpress__section--default-section-space lightpress__section lightpress__section--cow-headline' data-scroll-section><div class=\"cow-headline__container cow-headline__container--hide-bottom-margin\">\n        <h3 data-aos=\"fade-right\" class=\"cow-headline__headline\"\n    data-aos-once=\"true\">4\u4eba\u4efd\u7684\u6750\u6599<\/h3>\n<picture class=\"cow-headline__picture\"\n         data-aos=\"fade-left\"\n         data-aos-once=\"true\">\n    <source srcset=\"\/wp-content\/themes\/qimiq\/blocks\/cow-headline\/cow.png.webp\" type=\"image\/webp\">\n    <img decoding=\"async\" src=\"\/wp-content\/themes\/qimiq\/blocks\/cow-headline\/cow.png\" alt=\"\u4e73\u725b\">\n<\/picture>\n<\/div>\n\n<\/section>\n\n<section id='lightpress__section--block_479a2cdd8e6e98492ddb33eb15087ffd' class='lightpress__section--wysiwyg-medium lightpress__section--default-section-space lightpress__section lightpress__section--wysiwyg' data-scroll-section><div class=\"wysiwyg-columns wysiwyg-columns--2\">\n            <div class=\"wysiwyg-columns__content\" data-aos=\"fade-right\"\n             data-aos-once=\"true\"><p><strong>\u5730\u74dc\u8212\u8299\u857e<\/strong><\/p>\n<ul>\n<li>125\u514b\u5947\u7c73Q\u7d93\u5178<\/li>\n<li>400\u514b\u5730\u74dc<\/li>\n<li>\u6a44\u6b16\u6cb9<\/li>\n<li>\u9e7d<\/li>\n<li>1 \u9846\u96de\u86cb<\/li>\n<li>10\u514b \u7389\u7c73\u6fb1\u7c89<\/li>\n<li>1 \u64ae\u8591\u9ec3\uff0c\u4e7e\u7684<\/li>\n<li>\u9ed1\u80e1\u6912<\/li>\n<\/ul>\n<\/div>\n            <div class=\"wysiwyg-columns__content\" data-aos=\"fade-left\"\n             data-aos-once=\"true\"><p><strong>\u70ba\u4e86\u7f94\u7f8a\u7684\u978d\u5b50<\/strong><\/p>\n<ul>\n<li>700 \u514b \u7f8a\u6392<\/li>\n<li>\u9e7d<\/li>\n<li>\u9ed1\u80e1\u6912<\/li>\n<li>40\u514b\u6a44\u6b16\u6cb9<\/li>\n<\/ul>\n<\/div>\n    <\/div>\n\n<\/section>\n\n<section id='lightpress__section--block_87fc7cc884d635bf56a7be2b958ffeec' class='lightpress__section--cow-headline--medium lightpress__section--default-section-space lightpress__section lightpress__section--cow-headline' data-scroll-section><div class=\"cow-headline__container cow-headline__container--hide-bottom-margin\">\n        <h3 data-aos=\"fade-right\" class=\"cow-headline__headline\"\n    data-aos-once=\"true\">\u6e96\u5099<\/h3>\n<picture class=\"cow-headline__picture\"\n         data-aos=\"fade-left\"\n         data-aos-once=\"true\">\n    <source srcset=\"\/wp-content\/themes\/qimiq\/blocks\/cow-headline\/cow.png.webp\" type=\"image\/webp\">\n    <img decoding=\"async\" src=\"\/wp-content\/themes\/qimiq\/blocks\/cow-headline\/cow.png\" alt=\"\u4e73\u725b\">\n<\/picture>\n<\/div>\n\n<\/section>\n\n<section id='lightpress__section--block_b7455eb2b70ce65a14b697a7b0b0a941' class='lightpress__section--wysiwyg-medium lightpress__section--default-section-space lightpress__section lightpress__section--wysiwyg' data-scroll-section><div class=\"wysiwyg-columns wysiwyg-columns--1\">\n            <div class=\"wysiwyg-columns__content\" data-aos=\"fade-right\"\n             data-aos-once=\"true\"><ol>\n<li><strong>\u5c0d\u65bc\u8212\u8299\u857e\uff1a<\/strong><span>\u00a0<\/span>\u5c07\u5730\u74dc\u6d17\u6de8\u64e6\u4e7e\uff0c\u62b9\u4e0a\u6a44\u6b16\u6cb9\u548c\u9e7d\uff0c\u7528\u92c1\u7b94\u5305\u597d\uff0c\u653e\u5165\u9810\u71b1\u81f3 170\u00b0C \u7684\u70e4\u7bb1\uff08\u98a8\u6247\u70e4\u7bb1\uff09\u4e2d\u7107\u81f3\u8edf\u3002<\/li>\n<li>\u51b7\u537b\u5f8c\u5c07\u99ac\u9234\u85af\u5f9e\u76ae\u4e0a\u522e\u6389\u3002<\/li>\n<li>\u5c07\u672a\u51b7\u85cf\u7684 QimiQ Classic \u8207\u96de\u86cb\u3001\u6fb1\u7c89\u3001\u9999\u6599\u548c\u5730\u74dc\u6df7\u5408\uff0c\u7136\u5f8c\u88dd\u5165\u5857\u6709\u6cb9\u8102\u7684\u8212\u8299\u857e\u6a21\u5177\u4e2d\u3002<\/li>\n<li>\u5728\u9810\u71b1\u597d\u7684\u70e4\u7bb1\u4e2d\u4ee5 160\u00b0C\uff08\u98a8\u6247\u70e4\u7bb1\uff09\u70d8\u70e4\u7d04 25-30 \u5206\u9418\u3002<\/li>\n<li>\u53bb\u9664\u7f8a\u978d\u4e0a\u7684\u76ae\u548c\u8102\u80aa\u3002\u7528\u9e7d\u548c\u80e1\u6912\u8abf\u5473\u8089\uff0c\u5728\u5e73\u5e95\u934b\u4e2d\u52a0\u5165\u6a44\u6b16\u6cb9\u714e\u9999\uff0c\u7136\u5f8c\u5728\u9810\u71b1\u7684\u70e4\u7bb1\u4e2d\u4ee5 160\u00b0C\uff08\u98a8\u6247\u70e4\u7bb1\uff09\u7e7c\u7e8c\u70f9\u98ea\u7d04 8 \u5206\u9418\u3002<\/li>\n<li>\u5c07\u7f8a\u978d\u653e\u7f6e\u4e00\u6703\u5152\uff0c\u5c07\u5176\u5207\u958b\uff0c\u8207\u7d05\u85af\u8212\u8299\u857e\u4e00\u8d77\u98df\u7528\u3002<\/li>\n<\/ol>\n<\/div>\n    <\/div>\n\n<\/section>","protected":false},"excerpt":{"rendered":"","protected":false},"author":1,"featured_media":1759,"parent":682,"menu_order":0,"comment_status":"closed","ping_status":"closed","template":"","meta":{"_acf_changed":false,"_relevanssi_hide_post":"","_relevanssi_hide_content":"","_relevanssi_pin_for_all":"","_relevanssi_pin_keywords":"","_relevanssi_unpin_keywords":"","_relevanssi_related_keywords":"","_relevanssi_related_include_ids":"","_relevanssi_related_exclude_ids":"","_relevanssi_related_no_append":"","_relevanssi_related_not_related":"","_relevanssi_related_posts":"","_relevanssi_noindex_reason":"","footnotes":""},"class_list":["post-1795","page","type-page","status-publish","has-post-thumbnail","hentry"],"acf":[],"yoast_head":"<!-- This site is optimized with the Yoast SEO Premium plugin v26.6 (Yoast SEO v26.8) - https:\/\/yoast.com\/product\/yoast-seo-premium-wordpress\/ -->\n<title>Lammr\u00fccken mit S\u00fc\u00dfkartoffelsouffl\u00e9 von Stefan Fuchs - QimiQ<\/title>\n<meta name=\"robots\" content=\"index, follow, max-snippet:-1, max-image-preview:large, max-video-preview:-1\" \/>\n<link rel=\"canonical\" href=\"https:\/\/qimiq.com\/zh\/qimiq-fuer-profis\/chefkoeche\/chefkoch-rezepte\/lammrucken-mit-susskartoffelsouffle-von-stefan-fuchs\/\" \/>\n<meta property=\"og:locale\" content=\"zh_HK\" \/>\n<meta property=\"og:type\" content=\"article\" \/>\n<meta property=\"og:title\" content=\"Lammr\u00fccken mit S\u00fc\u00dfkartoffelsouffl\u00e9 von Stefan Fuchs\" \/>\n<meta property=\"og:url\" content=\"https:\/\/qimiq.com\/zh\/qimiq-fuer-profis\/chefkoeche\/chefkoch-rezepte\/lammrucken-mit-susskartoffelsouffle-von-stefan-fuchs\/\" \/>\n<meta property=\"og:site_name\" content=\"QimiQ\" \/>\n<meta property=\"article:publisher\" content=\"https:\/\/www.facebook.com\/QimiQWorld\/\" \/>\n<meta property=\"article:modified_time\" content=\"2023-07-20T13:39:56+00:00\" \/>\n<meta property=\"og:image\" content=\"https:\/\/qimiq.com\/wp-content\/uploads\/CR-Spargelsouffle.jpg\" \/>\n\t<meta property=\"og:image:width\" content=\"500\" \/>\n\t<meta property=\"og:image:height\" content=\"333\" \/>\n\t<meta property=\"og:image:type\" content=\"image\/jpeg\" \/>\n<meta name=\"twitter:card\" content=\"summary_large_image\" \/>\n<script type=\"application\/ld+json\" class=\"yoast-schema-graph\">{\"@context\":\"https:\/\/schema.org\",\"@graph\":[{\"@type\":\"WebPage\",\"@id\":\"https:\/\/qimiq.com\/qimiq-fuer-profis\/chefkoeche\/chefkoch-rezepte\/lammrucken-mit-susskartoffelsouffle-von-stefan-fuchs\/\",\"url\":\"https:\/\/qimiq.com\/qimiq-fuer-profis\/chefkoeche\/chefkoch-rezepte\/lammrucken-mit-susskartoffelsouffle-von-stefan-fuchs\/\",\"name\":\"Lammr\u00fccken mit S\u00fc\u00dfkartoffelsouffl\u00e9 von Stefan Fuchs - QimiQ\",\"isPartOf\":{\"@id\":\"https:\/\/qimiq.com\/en\/#website\"},\"primaryImageOfPage\":{\"@id\":\"https:\/\/qimiq.com\/qimiq-fuer-profis\/chefkoeche\/chefkoch-rezepte\/lammrucken-mit-susskartoffelsouffle-von-stefan-fuchs\/#primaryimage\"},\"image\":{\"@id\":\"https:\/\/qimiq.com\/qimiq-fuer-profis\/chefkoeche\/chefkoch-rezepte\/lammrucken-mit-susskartoffelsouffle-von-stefan-fuchs\/#primaryimage\"},\"thumbnailUrl\":\"https:\/\/qimiq.com\/wp-content\/uploads\/CR-Spargelsouffle.jpg\",\"datePublished\":\"2022-10-06T12:43:11+00:00\",\"dateModified\":\"2023-07-20T13:39:56+00:00\",\"breadcrumb\":{\"@id\":\"https:\/\/qimiq.com\/qimiq-fuer-profis\/chefkoeche\/chefkoch-rezepte\/lammrucken-mit-susskartoffelsouffle-von-stefan-fuchs\/#breadcrumb\"},\"inLanguage\":\"zh-HK\",\"potentialAction\":[{\"@type\":\"ReadAction\",\"target\":[\"https:\/\/qimiq.com\/qimiq-fuer-profis\/chefkoeche\/chefkoch-rezepte\/lammrucken-mit-susskartoffelsouffle-von-stefan-fuchs\/\"]}]},{\"@type\":\"ImageObject\",\"inLanguage\":\"zh-HK\",\"@id\":\"https:\/\/qimiq.com\/qimiq-fuer-profis\/chefkoeche\/chefkoch-rezepte\/lammrucken-mit-susskartoffelsouffle-von-stefan-fuchs\/#primaryimage\",\"url\":\"https:\/\/qimiq.com\/wp-content\/uploads\/CR-Spargelsouffle.jpg\",\"contentUrl\":\"https:\/\/qimiq.com\/wp-content\/uploads\/CR-Spargelsouffle.jpg\",\"width\":500,\"height\":333,\"caption\":\"CR Spargelsouffle\"},{\"@type\":\"BreadcrumbList\",\"@id\":\"https:\/\/qimiq.com\/qimiq-fuer-profis\/chefkoeche\/chefkoch-rezepte\/lammrucken-mit-susskartoffelsouffle-von-stefan-fuchs\/#breadcrumb\",\"itemListElement\":[{\"@type\":\"ListItem\",\"position\":1,\"name\":\"Home\",\"item\":\"https:\/\/qimiq.com\/\"},{\"@type\":\"ListItem\",\"position\":2,\"name\":\"QimiQ f\u00fcr PROFIS\",\"item\":\"https:\/\/qimiq.com\/qimiq-fuer-profis\/\"},{\"@type\":\"ListItem\",\"position\":3,\"name\":\"Chefk\u00f6che\",\"item\":\"https:\/\/qimiq.com\/qimiq-fuer-profis\/chefkoeche\/\"},{\"@type\":\"ListItem\",\"position\":4,\"name\":\"Chefkoch Rezepte\",\"item\":\"https:\/\/qimiq.com\/qimiq-fuer-profis\/chefkoeche\/chefkoch-rezepte\/\"},{\"@type\":\"ListItem\",\"position\":5,\"name\":\"Lammr\u00fccken mit S\u00fc\u00dfkartoffelsouffl\u00e9 von Stefan Fuchs\"}]},{\"@type\":\"WebSite\",\"@id\":\"https:\/\/qimiq.com\/en\/#website\",\"url\":\"https:\/\/qimiq.com\/en\/\",\"name\":\"QimiQ\",\"description\":\"\",\"publisher\":{\"@id\":\"https:\/\/qimiq.com\/en\/#organization\"},\"potentialAction\":[{\"@type\":\"SearchAction\",\"target\":{\"@type\":\"EntryPoint\",\"urlTemplate\":\"https:\/\/qimiq.com\/en\/?s={search_term_string}\"},\"query-input\":{\"@type\":\"PropertyValueSpecification\",\"valueRequired\":true,\"valueName\":\"search_term_string\"}}],\"inLanguage\":\"zh-HK\"},{\"@type\":\"Organization\",\"@id\":\"https:\/\/qimiq.com\/en\/#organization\",\"name\":\"QimiQ\",\"url\":\"https:\/\/qimiq.com\/en\/\",\"logo\":{\"@type\":\"ImageObject\",\"inLanguage\":\"zh-HK\",\"@id\":\"https:\/\/qimiq.com\/en\/#\/schema\/logo\/image\/\",\"url\":\"https:\/\/qimiq.com\/wp-content\/uploads\/AdobeStock_300763099_Video_HD_Preview.png\",\"contentUrl\":\"https:\/\/qimiq.com\/wp-content\/uploads\/AdobeStock_300763099_Video_HD_Preview.png\",\"width\":712,\"height\":401,\"caption\":\"QimiQ\"},\"image\":{\"@id\":\"https:\/\/qimiq.com\/en\/#\/schema\/logo\/image\/\"},\"sameAs\":[\"https:\/\/www.facebook.com\/QimiQWorld\/\",\"https:\/\/www.facebook.com\/QimiQProfessionals\/\",\"https:\/\/www.instagram.com\/qimiq_austria\/\"]}]}<\/script>\n<!-- \/ Yoast SEO Premium plugin. -->","yoast_head_json":{"title":"Stefan Fuchs \u7684\u7f8a\u6392\u914d\u7d05\u85af\u8212\u8299\u857e - QimiQ","robots":{"index":"index","follow":"follow","max-snippet":"max-snippet:-1","max-image-preview":"max-image-preview:large","max-video-preview":"max-video-preview:-1"},"canonical":"https:\/\/qimiq.com\/zh\/qimiq-fuer-profis\/chefkoeche\/chefkoch-rezepte\/lammrucken-mit-susskartoffelsouffle-von-stefan-fuchs\/","og_locale":"zh_HK","og_type":"article","og_title":"Lammr\u00fccken mit S\u00fc\u00dfkartoffelsouffl\u00e9 von Stefan Fuchs","og_url":"https:\/\/qimiq.com\/zh\/qimiq-fuer-profis\/chefkoeche\/chefkoch-rezepte\/lammrucken-mit-susskartoffelsouffle-von-stefan-fuchs\/","og_site_name":"QimiQ","article_publisher":"https:\/\/www.facebook.com\/QimiQWorld\/","article_modified_time":"2023-07-20T13:39:56+00:00","og_image":[{"width":500,"height":333,"url":"https:\/\/qimiq.com\/wp-content\/uploads\/CR-Spargelsouffle.jpg","type":"image\/jpeg"}],"twitter_card":"summary_large_image","schema":{"@context":"https:\/\/schema.org","@graph":[{"@type":"WebPage","@id":"https:\/\/qimiq.com\/qimiq-fuer-profis\/chefkoeche\/chefkoch-rezepte\/lammrucken-mit-susskartoffelsouffle-von-stefan-fuchs\/","url":"https:\/\/qimiq.com\/qimiq-fuer-profis\/chefkoeche\/chefkoch-rezepte\/lammrucken-mit-susskartoffelsouffle-von-stefan-fuchs\/","name":"Stefan Fuchs \u7684\u7f8a\u6392\u914d\u7d05\u85af\u8212\u8299\u857e - QimiQ","isPartOf":{"@id":"https:\/\/qimiq.com\/en\/#website"},"primaryImageOfPage":{"@id":"https:\/\/qimiq.com\/qimiq-fuer-profis\/chefkoeche\/chefkoch-rezepte\/lammrucken-mit-susskartoffelsouffle-von-stefan-fuchs\/#primaryimage"},"image":{"@id":"https:\/\/qimiq.com\/qimiq-fuer-profis\/chefkoeche\/chefkoch-rezepte\/lammrucken-mit-susskartoffelsouffle-von-stefan-fuchs\/#primaryimage"},"thumbnailUrl":"https:\/\/qimiq.com\/wp-content\/uploads\/CR-Spargelsouffle.jpg","datePublished":"2022-10-06T12:43:11+00:00","dateModified":"2023-07-20T13:39:56+00:00","breadcrumb":{"@id":"https:\/\/qimiq.com\/qimiq-fuer-profis\/chefkoeche\/chefkoch-rezepte\/lammrucken-mit-susskartoffelsouffle-von-stefan-fuchs\/#breadcrumb"},"inLanguage":"zh-HK","potentialAction":[{"@type":"ReadAction","target":["https:\/\/qimiq.com\/qimiq-fuer-profis\/chefkoeche\/chefkoch-rezepte\/lammrucken-mit-susskartoffelsouffle-von-stefan-fuchs\/"]}]},{"@type":"ImageObject","inLanguage":"zh-HK","@id":"https:\/\/qimiq.com\/qimiq-fuer-profis\/chefkoeche\/chefkoch-rezepte\/lammrucken-mit-susskartoffelsouffle-von-stefan-fuchs\/#primaryimage","url":"https:\/\/qimiq.com\/wp-content\/uploads\/CR-Spargelsouffle.jpg","contentUrl":"https:\/\/qimiq.com\/wp-content\/uploads\/CR-Spargelsouffle.jpg","width":500,"height":333,"caption":"CR Spargelsouffle"},{"@type":"BreadcrumbList","@id":"https:\/\/qimiq.com\/qimiq-fuer-profis\/chefkoeche\/chefkoch-rezepte\/lammrucken-mit-susskartoffelsouffle-von-stefan-fuchs\/#breadcrumb","itemListElement":[{"@type":"ListItem","position":1,"name":"Home","item":"https:\/\/qimiq.com\/"},{"@type":"ListItem","position":2,"name":"QimiQ f\u00fcr PROFIS","item":"https:\/\/qimiq.com\/qimiq-fuer-profis\/"},{"@type":"ListItem","position":3,"name":"Chefk\u00f6che","item":"https:\/\/qimiq.com\/qimiq-fuer-profis\/chefkoeche\/"},{"@type":"ListItem","position":4,"name":"Chefkoch Rezepte","item":"https:\/\/qimiq.com\/qimiq-fuer-profis\/chefkoeche\/chefkoch-rezepte\/"},{"@type":"ListItem","position":5,"name":"Lammr\u00fccken mit S\u00fc\u00dfkartoffelsouffl\u00e9 von Stefan Fuchs"}]},{"@type":"WebSite","@id":"https:\/\/qimiq.com\/en\/#website","url":"https:\/\/qimiq.com\/en\/","name":"QimiQ","description":"","publisher":{"@id":"https:\/\/qimiq.com\/en\/#organization"},"potentialAction":[{"@type":"SearchAction","target":{"@type":"EntryPoint","urlTemplate":"https:\/\/qimiq.com\/en\/?s={search_term_string}"},"query-input":{"@type":"PropertyValueSpecification","valueRequired":true,"valueName":"search_term_string"}}],"inLanguage":"zh-HK"},{"@type":"Organization","@id":"https:\/\/qimiq.com\/en\/#organization","name":"QimiQ","url":"https:\/\/qimiq.com\/en\/","logo":{"@type":"ImageObject","inLanguage":"zh-HK","@id":"https:\/\/qimiq.com\/en\/#\/schema\/logo\/image\/","url":"https:\/\/qimiq.com\/wp-content\/uploads\/AdobeStock_300763099_Video_HD_Preview.png","contentUrl":"https:\/\/qimiq.com\/wp-content\/uploads\/AdobeStock_300763099_Video_HD_Preview.png","width":712,"height":401,"caption":"QimiQ"},"image":{"@id":"https:\/\/qimiq.com\/en\/#\/schema\/logo\/image\/"},"sameAs":["https:\/\/www.facebook.com\/QimiQWorld\/","https:\/\/www.facebook.com\/QimiQProfessionals\/","https:\/\/www.instagram.com\/qimiq_austria\/"]}]}},"_links":{"self":[{"href":"https:\/\/qimiq.com\/zh\/wp-json\/wp\/v2\/pages\/1795","targetHints":{"allow":["GET"]}}],"collection":[{"href":"https:\/\/qimiq.com\/zh\/wp-json\/wp\/v2\/pages"}],"about":[{"href":"https:\/\/qimiq.com\/zh\/wp-json\/wp\/v2\/types\/page"}],"author":[{"embeddable":true,"href":"https:\/\/qimiq.com\/zh\/wp-json\/wp\/v2\/users\/1"}],"replies":[{"embeddable":true,"href":"https:\/\/qimiq.com\/zh\/wp-json\/wp\/v2\/comments?post=1795"}],"version-history":[{"count":3,"href":"https:\/\/qimiq.com\/zh\/wp-json\/wp\/v2\/pages\/1795\/revisions"}],"predecessor-version":[{"id":2784,"href":"https:\/\/qimiq.com\/zh\/wp-json\/wp\/v2\/pages\/1795\/revisions\/2784"}],"up":[{"embeddable":true,"href":"https:\/\/qimiq.com\/zh\/wp-json\/wp\/v2\/pages\/682"}],"wp:featuredmedia":[{"embeddable":true,"href":"https:\/\/qimiq.com\/zh\/wp-json\/wp\/v2\/media\/1759"}],"wp:attachment":[{"href":"https:\/\/qimiq.com\/zh\/wp-json\/wp\/v2\/media?parent=1795"}],"curies":[{"name":"wp","href":"https:\/\/api.w.org\/{rel}","templated":true}]}}