{"id":682,"date":"2022-06-23T08:52:50","date_gmt":"2022-06-23T07:52:50","guid":{"rendered":"https:\/\/qimiq.lightcyde\/?page_id=682"},"modified":"2026-03-31T10:02:08","modified_gmt":"2026-03-31T09:02:08","slug":"kockrecept","status":"publish","type":"page","link":"https:\/\/qimiq.com\/sv\/qimiq-foer-yrkesverksamma\/kockens-kockar\/kockrecept\/","title":{"rendered":"Recept fr\u00e5n kock"},"content":{"rendered":"<section id='lightpress__section--block_9d9065ec89f48ae34d9364dabd535eb5' class='lightpress__section--default-section-space lightpress__section lightpress__section--wysiwyg' data-scroll-section><div class=\"wysiwyg-columns wysiwyg-columns--1\">\n            <div class=\"wysiwyg-columns__content\" data-aos=\"fade-right\"\n             data-aos-once=\"true\"><h2><img decoding=\"async\" style=\"display: block; margin-left: auto; margin-right: auto;\" src=\"\/wp-content\/uploads\/qimiq-chefs-hood.png\" alt=\"\" width=\"300\" height=\"175\" \/><\/h2>\n<h2>\u00a0<\/h2>\n<h2 style=\"text-align: center;\">Kocken rekommenderar<\/h2>\n<\/div>\n    <\/div>\n\n<\/section>\n\n<section id='lightpress__section--block_558c73a6a3ddc2e303f7136f2dfc0a02' class='lightpress__section--default-section-space lightpress__section lightpress__section--highlight-grid' data-scroll-section><div class=\"highlight-grid__explanation highlight-grid__explanation--\">\n    \n    \n    <\/div>\n\n    <div class=\"highlight-grid\">\n                    \n                            <a href=\"https:\/\/qimiq.com\/sv\/kockrecept\/sparrissuffle-av-reinhard-muller\/\" target=\"\"\n                   class=\"highlight-grid__entry\"\n                        data-aos-anchor=\"#lightpress__section--block_558c73a6a3ddc2e303f7136f2dfc0a02 .highlight-grid\"\n            data-aos=\"fade-up\"\n            data-aos-delay=\"0\"\n            data-aos-once=\"true\">\n\n                            <picture class=\"highlight-grid__entry--image\">\n                    <source srcset=\"https:\/\/qimiq.com\/wp-content\/uploads\/CR-Spargelsouffle.webp\" type=\"image\/webp\">\n                    <img decoding=\"async\" src=\"https:\/\/qimiq.com\/wp-content\/uploads\/CR-Spargelsouffle.jpg\" alt=\"CR Sparrissuffl\u00e9\" width=\"440px\" height=\"440px\" \/>\n                <\/picture>\n            \n                            <div class=\"highlight-grid__textbox\" data-aos=\"fade-up\"\n                     data-aos-anchor=\"#lightpress__section--block_558c73a6a3ddc2e303f7136f2dfc0a02 .highlight-grid\"\n                     data-aos-delay=\"150\"\n                     data-aos-once=\"true\">\n                    <div>\n                                                    <p class=\"highlight-grid__headline text--25 text--color-darkblue text--medium\">Sparrissuffl\u00e9 fr\u00e5n Reinhard M\u00fcller<\/p>\n                                                                    <\/div>\n\n                                    <\/div>\n            \n                            <\/a>\n            \n                    \n                            <a href=\"https:\/\/qimiq.com\/sv\/kockrecept\/lammrumpa-med-susskartoffelsouffle-av-stefan-fuchs\/\" target=\"\"\n                   class=\"highlight-grid__entry\"\n                        data-aos-anchor=\"#lightpress__section--block_558c73a6a3ddc2e303f7136f2dfc0a02 .highlight-grid\"\n            data-aos=\"fade-up\"\n            data-aos-delay=\"150\"\n            data-aos-once=\"true\">\n\n                            <picture class=\"highlight-grid__entry--image\">\n                    <source srcset=\"https:\/\/qimiq.com\/wp-content\/uploads\/CR-Lamm.webp\" type=\"image\/webp\">\n                    <img decoding=\"async\" src=\"https:\/\/qimiq.com\/wp-content\/uploads\/CR-Lamm.jpg\" alt=\"CR Lamm\" width=\"440px\" height=\"440px\" \/>\n                <\/picture>\n            \n                            <div class=\"highlight-grid__textbox\" data-aos=\"fade-up\"\n                     data-aos-anchor=\"#lightpress__section--block_558c73a6a3ddc2e303f7136f2dfc0a02 .highlight-grid\"\n                     data-aos-delay=\"300\"\n                     data-aos-once=\"true\">\n                    <div>\n                                                    <p class=\"highlight-grid__headline text--25 text--color-darkblue text--medium\">Lammrack med s\u00f6tpotatissuffl\u00e9 av Stefan Fuchs<\/p>\n                                                                    <\/div>\n\n                                    <\/div>\n            \n                            <\/a>\n            \n                    \n                            <a href=\"https:\/\/qimiq.com\/sv\/kockrecept\/arctic-char-roekt-potatisbroccoli-av-roman-wurzer\/\" target=\"\"\n                   class=\"highlight-grid__entry\"\n                        data-aos-anchor=\"#lightpress__section--block_558c73a6a3ddc2e303f7136f2dfc0a02 .highlight-grid\"\n            data-aos=\"fade-up\"\n            data-aos-delay=\"300\"\n            data-aos-once=\"true\">\n\n                            <picture class=\"highlight-grid__entry--image\">\n                    <source srcset=\"https:\/\/qimiq.com\/wp-content\/uploads\/CR-Seesaibling-1.webp\" type=\"image\/webp\">\n                    <img decoding=\"async\" src=\"https:\/\/qimiq.com\/wp-content\/uploads\/CR-Seesaibling-1.jpg\" alt=\"CR Fj\u00e4llr\u00f6ding 1\" width=\"440px\" height=\"440px\" \/>\n                <\/picture>\n            \n                            <div class=\"highlight-grid__textbox\" data-aos=\"fade-up\"\n                     data-aos-anchor=\"#lightpress__section--block_558c73a6a3ddc2e303f7136f2dfc0a02 .highlight-grid\"\n                     data-aos-delay=\"450\"\n                     data-aos-once=\"true\">\n                    <div>\n                                                    <p class=\"highlight-grid__headline text--25 text--color-darkblue text--medium\">Fj\u00e4llr\u00f6ding \/\/ s\u00f6tpotatis \/\/ broccoli av Roman Wurzer<\/p>\n                                                                    <\/div>\n\n                                    <\/div>\n            \n                            <\/a>\n            \n                    \n                            <a href=\"https:\/\/qimiq.com\/sv\/kockrecept\/praliner-med-vit-choklad-och-passionsfrukt-av-ramon-mayer\/\" target=\"\"\n                   class=\"highlight-grid__entry\"\n                        data-aos-anchor=\"#lightpress__section--block_558c73a6a3ddc2e303f7136f2dfc0a02 .highlight-grid\"\n            data-aos=\"fade-up\"\n            data-aos-delay=\"450\"\n            data-aos-once=\"true\">\n\n                            <picture class=\"highlight-grid__entry--image\">\n                    <source srcset=\"https:\/\/qimiq.com\/wp-content\/uploads\/CR-Weisse_Schokolade-Passionsfrucht-Pralinen.webp\" type=\"image\/webp\">\n                    <img decoding=\"async\" src=\"https:\/\/qimiq.com\/wp-content\/uploads\/CR-Weisse_Schokolade-Passionsfrucht-Pralinen.jpg\" alt=\"CR Praliner med vit choklad och passionsfrukt\" width=\"440px\" height=\"440px\" \/>\n                <\/picture>\n            \n                            <div class=\"highlight-grid__textbox\" data-aos=\"fade-up\"\n                     data-aos-anchor=\"#lightpress__section--block_558c73a6a3ddc2e303f7136f2dfc0a02 .highlight-grid\"\n                     data-aos-delay=\"600\"\n                     data-aos-once=\"true\">\n                    <div>\n                                                    <p class=\"highlight-grid__headline text--25 text--color-darkblue text--medium\">Praliner med vit choklad och passionsfrukt fr\u00e5n Ramon Mayer<\/p>\n                                                                    <\/div>\n\n                                    <\/div>\n            \n                            <\/a>\n            \n                    \n                            <a href=\"https:\/\/qimiq.com\/sv\/qimiq-foer-yrkesverksamma\/kockens-kockar\/kockrecept\/kraftbruehe-med-ostmassa-spenat-ravioli\/\" target=\"\"\n                   class=\"highlight-grid__entry\"\n                        data-aos-anchor=\"#lightpress__section--block_558c73a6a3ddc2e303f7136f2dfc0a02 .highlight-grid\"\n            data-aos=\"fade-up\"\n            data-aos-delay=\"600\"\n            data-aos-once=\"true\">\n\n                            <picture class=\"highlight-grid__entry--image\">\n                    <source srcset=\"https:\/\/qimiq.com\/wp-content\/uploads\/CR-Kraftbruehe.webp\" type=\"image\/webp\">\n                    <img decoding=\"async\" src=\"https:\/\/qimiq.com\/wp-content\/uploads\/CR-Kraftbruehe.jpg\" alt=\"CR Styrka broth\" width=\"440px\" height=\"440px\" \/>\n                <\/picture>\n            \n                            <div class=\"highlight-grid__textbox\" data-aos=\"fade-up\"\n                     data-aos-anchor=\"#lightpress__section--block_558c73a6a3ddc2e303f7136f2dfc0a02 .highlight-grid\"\n                     data-aos-delay=\"750\"\n                     data-aos-once=\"true\">\n                    <div>\n                                                    <p class=\"highlight-grid__headline text--25 text--color-darkblue text--medium\">Power broth fr\u00e5n Hans Mandl<\/p>\n                                                                    <\/div>\n\n                                    <\/div>\n            \n                            <\/a>\n            \n                    \n                            <a href=\"https:\/\/qimiq.com\/sv\/kockrecept\/baeckoering-och-pepparlaxoering-fran-karl-och-rudi-obauer\/\" target=\"\"\n                   class=\"highlight-grid__entry\"\n                        data-aos-anchor=\"#lightpress__section--block_558c73a6a3ddc2e303f7136f2dfc0a02 .highlight-grid\"\n            data-aos=\"fade-up\"\n            data-aos-delay=\"750\"\n            data-aos-once=\"true\">\n\n                            <picture class=\"highlight-grid__entry--image\">\n                    <source srcset=\"https:\/\/qimiq.com\/wp-content\/uploads\/CR-Bachforelle.webp\" type=\"image\/webp\">\n                    <img decoding=\"async\" src=\"https:\/\/qimiq.com\/wp-content\/uploads\/CR-Bachforelle.jpg\" alt=\"CR B\u00e4ck\u00f6ring\" width=\"440px\" height=\"440px\" \/>\n                <\/picture>\n            \n                            <div class=\"highlight-grid__textbox\" data-aos=\"fade-up\"\n                     data-aos-anchor=\"#lightpress__section--block_558c73a6a3ddc2e303f7136f2dfc0a02 .highlight-grid\"\n                     data-aos-delay=\"900\"\n                     data-aos-once=\"true\">\n                    <div>\n                                                    <p class=\"highlight-grid__headline text--25 text--color-darkblue text--medium\">B\u00e4ck\u00f6ring och pepparlax\u00f6ring fr\u00e5n Karl och Rudi Obauer<\/p>\n                                                                    <\/div>\n\n                                    <\/div>\n            \n                            <\/a>\n            \n                    \n                            <a href=\"https:\/\/qimiq.com\/sv\/kockrecept\/luftig-guanaja-bitterchoklad-med-hallon-och-paprikasorbet-av-matthias-moser\/\" target=\"\"\n                   class=\"highlight-grid__entry\"\n                        data-aos-anchor=\"#lightpress__section--block_558c73a6a3ddc2e303f7136f2dfc0a02 .highlight-grid\"\n            data-aos=\"fade-up\"\n            data-aos-delay=\"900\"\n            data-aos-once=\"true\">\n\n                            <picture class=\"highlight-grid__entry--image\">\n                    <source srcset=\"https:\/\/qimiq.com\/wp-content\/uploads\/CR-luftige_gaunaja.webp\" type=\"image\/webp\">\n                    <img decoding=\"async\" src=\"https:\/\/qimiq.com\/wp-content\/uploads\/CR-luftige_gaunaja.jpg\" alt=\"CR luftig gaunaja\" width=\"440px\" height=\"440px\" \/>\n                <\/picture>\n            \n                            <div class=\"highlight-grid__textbox\" data-aos=\"fade-up\"\n                     data-aos-anchor=\"#lightpress__section--block_558c73a6a3ddc2e303f7136f2dfc0a02 .highlight-grid\"\n                     data-aos-delay=\"1050\"\n                     data-aos-once=\"true\">\n                    <div>\n                                                    <p class=\"highlight-grid__headline text--25 text--color-darkblue text--medium\">Luftig Guanaja m\u00f6rk choklad med hallon- och paprikasorbet av Matthias Moser<\/p>\n                                                                    <\/div>\n\n                                    <\/div>\n            \n                            <\/a>\n            \n                    \n                            <a href=\"https:\/\/qimiq.com\/sv\/kockrecept\/guanaja-gianduja-4-x-orange-av-wolfgang-kiessling\/\" target=\"\"\n                   class=\"highlight-grid__entry\"\n                        data-aos-anchor=\"#lightpress__section--block_558c73a6a3ddc2e303f7136f2dfc0a02 .highlight-grid\"\n            data-aos=\"fade-up\"\n            data-aos-delay=\"1050\"\n            data-aos-once=\"true\">\n\n                            <picture class=\"highlight-grid__entry--image\">\n                    <source srcset=\"https:\/\/qimiq.com\/wp-content\/uploads\/CR-Guanaja.webp\" type=\"image\/webp\">\n                    <img decoding=\"async\" src=\"https:\/\/qimiq.com\/wp-content\/uploads\/CR-Guanaja.jpg\" alt=\"CR Guanaja\" width=\"440px\" height=\"440px\" \/>\n                <\/picture>\n            \n                            <div class=\"highlight-grid__textbox\" data-aos=\"fade-up\"\n                     data-aos-anchor=\"#lightpress__section--block_558c73a6a3ddc2e303f7136f2dfc0a02 .highlight-grid\"\n                     data-aos-delay=\"1200\"\n                     data-aos-once=\"true\">\n                    <div>\n                                                    <p class=\"highlight-grid__headline text--25 text--color-darkblue text--medium\">Guanaja | Gianduja | 4 x apelsin av Wolfgang Kiessling<\/p>\n                                                                    <\/div>\n\n                                    <\/div>\n            \n                            <\/a>\n            \n                    \n                            <a href=\"https:\/\/qimiq.com\/sv\/kockrecept\/terrin-av-roekt-fisk-av-gernot-sallai-gallo\/\" target=\"\"\n                   class=\"highlight-grid__entry\"\n                        data-aos-anchor=\"#lightpress__section--block_558c73a6a3ddc2e303f7136f2dfc0a02 .highlight-grid\"\n            data-aos=\"fade-up\"\n            data-aos-delay=\"1200\"\n            data-aos-once=\"true\">\n\n                            <picture class=\"highlight-grid__entry--image\">\n                    <source srcset=\"https:\/\/qimiq.com\/wp-content\/uploads\/CR-Raeucherfisch_Terrine.webp\" type=\"image\/webp\">\n                    <img decoding=\"async\" src=\"https:\/\/qimiq.com\/wp-content\/uploads\/CR-Raeucherfisch_Terrine.jpg\" alt=\"CR Terrin av r\u00f6kt fisk\" width=\"440px\" height=\"440px\" \/>\n                <\/picture>\n            \n                            <div class=\"highlight-grid__textbox\" data-aos=\"fade-up\"\n                     data-aos-anchor=\"#lightpress__section--block_558c73a6a3ddc2e303f7136f2dfc0a02 .highlight-grid\"\n                     data-aos-delay=\"1350\"\n                     data-aos-once=\"true\">\n                    <div>\n                                                    <p class=\"highlight-grid__headline text--25 text--color-darkblue text--medium\">Terrin av r\u00f6kt fisk av Gernot Sallai-Gallo<\/p>\n                                                                    <\/div>\n\n                                    <\/div>\n            \n                            <\/a>\n            \n                    \n                            <a href=\"https:\/\/qimiq.com\/sv\/kockrecept\/sparrismousse-av-christian-simeoni\/\" target=\"\"\n                   class=\"highlight-grid__entry\"\n                        data-aos-anchor=\"#lightpress__section--block_558c73a6a3ddc2e303f7136f2dfc0a02 .highlight-grid\"\n            data-aos=\"fade-up\"\n            data-aos-delay=\"1350\"\n            data-aos-once=\"true\">\n\n                            <picture class=\"highlight-grid__entry--image\">\n                    <source srcset=\"https:\/\/qimiq.com\/wp-content\/uploads\/CR-Spargelmousse-1.webp\" type=\"image\/webp\">\n                    <img decoding=\"async\" src=\"https:\/\/qimiq.com\/wp-content\/uploads\/CR-Spargelmousse-1.jpg\" alt=\"CR Sparrismousse 1\" width=\"440px\" height=\"440px\" \/>\n                <\/picture>\n            \n                            <div class=\"highlight-grid__textbox\" data-aos=\"fade-up\"\n                     data-aos-anchor=\"#lightpress__section--block_558c73a6a3ddc2e303f7136f2dfc0a02 .highlight-grid\"\n                     data-aos-delay=\"1500\"\n                     data-aos-once=\"true\">\n                    <div>\n                                                    <p class=\"highlight-grid__headline text--25 text--color-darkblue text--medium\">Sparrismousse av Christian Simeoni<\/p>\n                                                                    <\/div>\n\n                                    <\/div>\n            \n                            <\/a>\n            \n            <\/div>\n\n\n<\/section>","protected":false},"excerpt":{"rendered":"","protected":false},"author":1,"featured_media":0,"parent":2663,"menu_order":8,"comment_status":"closed","ping_status":"closed","template":"","meta":{"_acf_changed":false,"_relevanssi_hide_post":"","_relevanssi_hide_content":"","_relevanssi_pin_for_all":"","_relevanssi_pin_keywords":"","_relevanssi_unpin_keywords":"","_relevanssi_related_keywords":"","_relevanssi_related_include_ids":"","_relevanssi_related_exclude_ids":"","_relevanssi_related_no_append":"","_relevanssi_related_not_related":"","_relevanssi_related_posts":"","_relevanssi_noindex_reason":"","footnotes":""},"class_list":["post-682","page","type-page","status-publish","hentry"],"acf":[],"yoast_head":"<!-- This site is optimized with the Yoast SEO Premium plugin v26.6 (Yoast SEO v26.8) - https:\/\/yoast.com\/product\/yoast-seo-premium-wordpress\/ -->\n<title>Chefkoch Rezepte - QimiQ<\/title>\n<meta name=\"robots\" content=\"index, follow, max-snippet:-1, max-image-preview:large, max-video-preview:-1\" \/>\n<link rel=\"canonical\" href=\"https:\/\/qimiq.com\/sv\/qimiq-foer-yrkesverksamma\/kockens-kockar\/kockrecept\/\" \/>\n<meta property=\"og:locale\" content=\"sv_SE\" \/>\n<meta property=\"og:type\" content=\"article\" \/>\n<meta property=\"og:title\" content=\"Chefkoch Rezepte\" \/>\n<meta property=\"og:url\" content=\"https:\/\/qimiq.com\/sv\/qimiq-foer-yrkesverksamma\/kockens-kockar\/kockrecept\/\" \/>\n<meta property=\"og:site_name\" content=\"QimiQ\" \/>\n<meta property=\"article:publisher\" content=\"https:\/\/www.facebook.com\/QimiQWorld\/\" \/>\n<meta property=\"article:modified_time\" content=\"2026-03-31T09:02:08+00:00\" \/>\n<meta property=\"og:image\" content=\"https:\/\/qimiq.com\/wp-content\/uploads\/Torte.png\" \/>\n\t<meta property=\"og:image:width\" content=\"316\" \/>\n\t<meta property=\"og:image:height\" content=\"202\" \/>\n\t<meta property=\"og:image:type\" content=\"image\/png\" \/>\n<meta name=\"twitter:card\" content=\"summary_large_image\" \/>\n<script type=\"application\/ld+json\" class=\"yoast-schema-graph\">{\"@context\":\"https:\/\/schema.org\",\"@graph\":[{\"@type\":\"WebPage\",\"@id\":\"https:\/\/qimiq.com\/qimiq-fuer-profis\/chefkoeche\/chefkoch-rezepte\/\",\"url\":\"https:\/\/qimiq.com\/qimiq-fuer-profis\/chefkoeche\/chefkoch-rezepte\/\",\"name\":\"Chefkoch Rezepte - QimiQ\",\"isPartOf\":{\"@id\":\"https:\/\/qimiq.com\/en\/#website\"},\"datePublished\":\"2022-06-23T07:52:50+00:00\",\"dateModified\":\"2026-03-31T09:02:08+00:00\",\"breadcrumb\":{\"@id\":\"https:\/\/qimiq.com\/qimiq-fuer-profis\/chefkoeche\/chefkoch-rezepte\/#breadcrumb\"},\"inLanguage\":\"sv-SE\",\"potentialAction\":[{\"@type\":\"ReadAction\",\"target\":[\"https:\/\/qimiq.com\/qimiq-fuer-profis\/chefkoeche\/chefkoch-rezepte\/\"]}]},{\"@type\":\"BreadcrumbList\",\"@id\":\"https:\/\/qimiq.com\/qimiq-fuer-profis\/chefkoeche\/chefkoch-rezepte\/#breadcrumb\",\"itemListElement\":[{\"@type\":\"ListItem\",\"position\":1,\"name\":\"Home\",\"item\":\"https:\/\/qimiq.com\/\"},{\"@type\":\"ListItem\",\"position\":2,\"name\":\"QimiQ f\u00fcr PROFIS\",\"item\":\"https:\/\/qimiq.com\/qimiq-fuer-profis\/\"},{\"@type\":\"ListItem\",\"position\":3,\"name\":\"Chefk\u00f6che\",\"item\":\"https:\/\/qimiq.com\/qimiq-fuer-profis\/chefkoeche\/\"},{\"@type\":\"ListItem\",\"position\":4,\"name\":\"Chefkoch Rezepte\"}]},{\"@type\":\"WebSite\",\"@id\":\"https:\/\/qimiq.com\/en\/#website\",\"url\":\"https:\/\/qimiq.com\/en\/\",\"name\":\"QimiQ\",\"description\":\"\",\"publisher\":{\"@id\":\"https:\/\/qimiq.com\/en\/#organization\"},\"potentialAction\":[{\"@type\":\"SearchAction\",\"target\":{\"@type\":\"EntryPoint\",\"urlTemplate\":\"https:\/\/qimiq.com\/en\/?s={search_term_string}\"},\"query-input\":{\"@type\":\"PropertyValueSpecification\",\"valueRequired\":true,\"valueName\":\"search_term_string\"}}],\"inLanguage\":\"sv-SE\"},{\"@type\":\"Organization\",\"@id\":\"https:\/\/qimiq.com\/en\/#organization\",\"name\":\"QimiQ\",\"url\":\"https:\/\/qimiq.com\/en\/\",\"logo\":{\"@type\":\"ImageObject\",\"inLanguage\":\"sv-SE\",\"@id\":\"https:\/\/qimiq.com\/en\/#\/schema\/logo\/image\/\",\"url\":\"https:\/\/qimiq.com\/wp-content\/uploads\/AdobeStock_300763099_Video_HD_Preview.png\",\"contentUrl\":\"https:\/\/qimiq.com\/wp-content\/uploads\/AdobeStock_300763099_Video_HD_Preview.png\",\"width\":712,\"height\":401,\"caption\":\"QimiQ\"},\"image\":{\"@id\":\"https:\/\/qimiq.com\/en\/#\/schema\/logo\/image\/\"},\"sameAs\":[\"https:\/\/www.facebook.com\/QimiQWorld\/\",\"https:\/\/www.facebook.com\/QimiQProfessionals\/\",\"https:\/\/www.instagram.com\/qimiq_austria\/\"]}]}<\/script>\n<!-- \/ Yoast SEO Premium plugin. -->","yoast_head_json":{"title":"Kockens recept - QimiQ","robots":{"index":"index","follow":"follow","max-snippet":"max-snippet:-1","max-image-preview":"max-image-preview:large","max-video-preview":"max-video-preview:-1"},"canonical":"https:\/\/qimiq.com\/sv\/qimiq-foer-yrkesverksamma\/kockens-kockar\/kockrecept\/","og_locale":"sv_SE","og_type":"article","og_title":"Chefkoch Rezepte","og_url":"https:\/\/qimiq.com\/sv\/qimiq-foer-yrkesverksamma\/kockens-kockar\/kockrecept\/","og_site_name":"QimiQ","article_publisher":"https:\/\/www.facebook.com\/QimiQWorld\/","article_modified_time":"2026-03-31T09:02:08+00:00","og_image":[{"width":316,"height":202,"url":"https:\/\/qimiq.com\/wp-content\/uploads\/Torte.png","type":"image\/png"}],"twitter_card":"summary_large_image","schema":{"@context":"https:\/\/schema.org","@graph":[{"@type":"WebPage","@id":"https:\/\/qimiq.com\/qimiq-fuer-profis\/chefkoeche\/chefkoch-rezepte\/","url":"https:\/\/qimiq.com\/qimiq-fuer-profis\/chefkoeche\/chefkoch-rezepte\/","name":"Kockens recept - QimiQ","isPartOf":{"@id":"https:\/\/qimiq.com\/en\/#website"},"datePublished":"2022-06-23T07:52:50+00:00","dateModified":"2026-03-31T09:02:08+00:00","breadcrumb":{"@id":"https:\/\/qimiq.com\/qimiq-fuer-profis\/chefkoeche\/chefkoch-rezepte\/#breadcrumb"},"inLanguage":"sv-SE","potentialAction":[{"@type":"ReadAction","target":["https:\/\/qimiq.com\/qimiq-fuer-profis\/chefkoeche\/chefkoch-rezepte\/"]}]},{"@type":"BreadcrumbList","@id":"https:\/\/qimiq.com\/qimiq-fuer-profis\/chefkoeche\/chefkoch-rezepte\/#breadcrumb","itemListElement":[{"@type":"ListItem","position":1,"name":"Home","item":"https:\/\/qimiq.com\/"},{"@type":"ListItem","position":2,"name":"QimiQ f\u00fcr PROFIS","item":"https:\/\/qimiq.com\/qimiq-fuer-profis\/"},{"@type":"ListItem","position":3,"name":"Chefk\u00f6che","item":"https:\/\/qimiq.com\/qimiq-fuer-profis\/chefkoeche\/"},{"@type":"ListItem","position":4,"name":"Chefkoch Rezepte"}]},{"@type":"WebSite","@id":"https:\/\/qimiq.com\/en\/#website","url":"https:\/\/qimiq.com\/en\/","name":"QimiQ","description":"","publisher":{"@id":"https:\/\/qimiq.com\/en\/#organization"},"potentialAction":[{"@type":"SearchAction","target":{"@type":"EntryPoint","urlTemplate":"https:\/\/qimiq.com\/en\/?s={search_term_string}"},"query-input":{"@type":"PropertyValueSpecification","valueRequired":true,"valueName":"search_term_string"}}],"inLanguage":"sv-SE"},{"@type":"Organization","@id":"https:\/\/qimiq.com\/en\/#organization","name":"QimiQ","url":"https:\/\/qimiq.com\/en\/","logo":{"@type":"ImageObject","inLanguage":"sv-SE","@id":"https:\/\/qimiq.com\/en\/#\/schema\/logo\/image\/","url":"https:\/\/qimiq.com\/wp-content\/uploads\/AdobeStock_300763099_Video_HD_Preview.png","contentUrl":"https:\/\/qimiq.com\/wp-content\/uploads\/AdobeStock_300763099_Video_HD_Preview.png","width":712,"height":401,"caption":"QimiQ"},"image":{"@id":"https:\/\/qimiq.com\/en\/#\/schema\/logo\/image\/"},"sameAs":["https:\/\/www.facebook.com\/QimiQWorld\/","https:\/\/www.facebook.com\/QimiQProfessionals\/","https:\/\/www.instagram.com\/qimiq_austria\/"]}]}},"_links":{"self":[{"href":"https:\/\/qimiq.com\/sv\/wp-json\/wp\/v2\/pages\/682","targetHints":{"allow":["GET"]}}],"collection":[{"href":"https:\/\/qimiq.com\/sv\/wp-json\/wp\/v2\/pages"}],"about":[{"href":"https:\/\/qimiq.com\/sv\/wp-json\/wp\/v2\/types\/page"}],"author":[{"embeddable":true,"href":"https:\/\/qimiq.com\/sv\/wp-json\/wp\/v2\/users\/1"}],"replies":[{"embeddable":true,"href":"https:\/\/qimiq.com\/sv\/wp-json\/wp\/v2\/comments?post=682"}],"version-history":[{"count":3,"href":"https:\/\/qimiq.com\/sv\/wp-json\/wp\/v2\/pages\/682\/revisions"}],"predecessor-version":[{"id":3526,"href":"https:\/\/qimiq.com\/sv\/wp-json\/wp\/v2\/pages\/682\/revisions\/3526"}],"up":[{"embeddable":true,"href":"https:\/\/qimiq.com\/sv\/wp-json\/wp\/v2\/pages\/2663"}],"wp:attachment":[{"href":"https:\/\/qimiq.com\/sv\/wp-json\/wp\/v2\/media?parent=682"}],"curies":[{"name":"wp","href":"https:\/\/api.w.org\/{rel}","templated":true}]}}