{"id":2677,"date":"2023-06-26T13:44:03","date_gmt":"2023-06-26T12:44:03","guid":{"rendered":"https:\/\/qimiq.com\/?page_id=2677"},"modified":"2023-06-26T13:45:24","modified_gmt":"2023-06-26T12:45:24","slug":"kockvideor","status":"publish","type":"page","link":"https:\/\/qimiq.com\/sv\/qimiq-foer-yrkesverksamma\/kockens-kockar\/kockvideor\/","title":{"rendered":"Videor om kockar"},"content":{"rendered":"<section id='lightpress__section--block_b7742fd36881b73560f895790a04949c' class='lightpress__section--cow-headline--default lightpress__section--default-section-space lightpress__section lightpress__section--cow-headline' data-scroll-section><div class=\"cow-headline__container\">\n        <h1 data-aos=\"fade-right\" class=\"cow-headline__headline\"\n    data-aos-once=\"true\">Videor om kockar<\/h1>\n<picture class=\"cow-headline__picture\"\n         data-aos=\"fade-left\"\n         data-aos-once=\"true\">\n    <source srcset=\"\/wp-content\/themes\/qimiq\/blocks\/cow-headline\/cow.png.webp\" type=\"image\/webp\">\n    <img decoding=\"async\" src=\"\/wp-content\/themes\/qimiq\/block\/cow-headline\/cow.png\" alt=\"Ko\">\n<\/picture>\n<\/div>\n\n<\/section>\n\n<section id='lightpress__section--block_253f71471319105d14562af75a9c4753' class='lightpress__section--default-section-space lightpress__section lightpress__section--video-box' data-scroll-section><div class=\"video-box__container video-box__container--\">\n\n    <div class=\"video-box__texteditor\" data-aos=\"fade-left\" data-aos-delay=\"100\" data-aos-once=\"true\">\n\n                    \n                            \n                <div data-aos=\"fade-right\" data-aos-once=\"true\"\n                     data-aos-delay=\"300\"\n                     data-aos-anchor=\"#lightpress__section--block_253f71471319105d14562af75a9c4753 .video-box__text\"><h3>Hans Mandl<\/h3>\n<p>\u00a0<\/p>\n<p>Hans Mandl har l\u00e4rt sig och lagat mat p\u00e5 de b\u00e4sta restaurangerna och \u00e4r medgrundare av QimiQ tillsammans med Rudolf Haindl. Han st\u00e5r f\u00f6r perfektion, kreativitet och, framf\u00f6r allt, regionalitet. I den h\u00e4r videon ber\u00e4ttar han om vad som har format honom genom \u00e5ren och vad matlagning betyder f\u00f6r honom.<\/p>\n<\/div>\n                        <\/div>\n\n            <iframe class=\"video-box__iframe\" src=\"https:\/\/www.youtube-nocookie.com\/embed\/hBQkBrlEkto\" frameborder=\"0\"\n                allow=\"accelerometer; autoplay; clipboard-write; encrypted-media; gyroscope; picture-in-picture\"\n                allowfullscreen><\/iframe>\n    <\/div>\n\n<\/section>\n\n<section id='lightpress__section--block_b525c585023354dee11fd038c6a91d2d' class='lightpress__section--default-section-space lightpress__section lightpress__section--video-box' data-scroll-section><div class=\"video-box__container video-box__container-- video-box__container--mirrored\">\n\n    <div class=\"video-box__texteditor\" data-aos=\"fade-right\"\n          data-aos-delay=\"100\" data-aos-once=\"true\">\n\n                    \n                            \n                <div data-aos=\"fade-right\" data-aos-once=\"true\"\n                     data-aos-delay=\"300\"\n                     data-aos-anchor=\"#lightpress__section--block_b525c585023354dee11fd038c6a91d2d .video-box__text\"><h3>Karl &amp; Rudi Obauer<\/h3>\n<p>\u00a0<\/p>\n<p>De har varit bland de b\u00e4sta kockarna i Europa i mer \u00e4n tv\u00e5 decennier. Genier vid spisen, uppfinningsrika i sina recept och med en inhemsk smak. Bara ett f\u00e5tal kan g\u00f6ra det enkla \u00e4nnu b\u00e4ttre, Karl och Rudi Obauer \u00e4r sanna m\u00e4stare p\u00e5 det.<\/p>\n<\/div>\n                        <\/div>\n\n            <iframe class=\"video-box__iframe\" src=\"https:\/\/www.youtube-nocookie.com\/embed\/18c_aDKv21o\" frameborder=\"0\"\n                allow=\"accelerometer; autoplay; clipboard-write; encrypted-media; gyroscope; picture-in-picture\"\n                allowfullscreen><\/iframe>\n    <\/div>\n\n<\/section>\n\n<section id='lightpress__section--block_56366c862a06cbee6e15ee56476418f2' class='lightpress__section--default-section-space lightpress__section lightpress__section--video-box' data-scroll-section><div class=\"video-box__container video-box__container--\">\n\n    <div class=\"video-box__texteditor\" data-aos=\"fade-left\" data-aos-delay=\"100\" data-aos-once=\"true\">\n\n                    \n                            \n                <div data-aos=\"fade-right\" data-aos-once=\"true\"\n                     data-aos-delay=\"300\"\n                     data-aos-anchor=\"#lightpress__section--block_56366c862a06cbee6e15ee56476418f2 .video-box__text\"><h3>Andreas Kaiblinger<\/h3>\n<p>\u00a0<\/p>\n<p>Esszimmer \u00e4r en av de b\u00e4sta restaurangerna i \u00d6sterrike. P\u00e5 den s\u00e5 kallade M\u00fcllner H\u00fcgel i staden Salzburg serverar v\u00e4rden och kocken Andreas Kaiblinger avslappnad mat i en avsp\u00e4nd atmosf\u00e4r. En expert vid spisen som \u00e4lskar sitt hantverk. Du kan k\u00e4nna smaken av hans perfektion i varje r\u00e4tt. F\u00e5 m\u00e4nniskor lyckas laga mat p\u00e5 den h\u00e4r niv\u00e5n i \u00e5rtionden som Kaiblinger. I den h\u00e4r videon f\u00f6rklaras bland annat vad allt detta har med QimiQ att g\u00f6ra.<\/p>\n<\/div>\n                        <\/div>\n\n            <iframe class=\"video-box__iframe\" src=\"https:\/\/www.youtube-nocookie.com\/embed\/G7inYOxkWe0\" frameborder=\"0\"\n                allow=\"accelerometer; autoplay; clipboard-write; encrypted-media; gyroscope; picture-in-picture\"\n                allowfullscreen><\/iframe>\n    <\/div>\n\n<\/section>\n\n<section id='lightpress__section--block_a8d17b6df44259cdc7f18af375f879d0' class='lightpress__section--default-section-space lightpress__section lightpress__section--video-box' data-scroll-section><div class=\"video-box__container video-box__container-- video-box__container--mirrored\">\n\n    <div class=\"video-box__texteditor\" data-aos=\"fade-right\"\n          data-aos-delay=\"100\" data-aos-once=\"true\">\n\n                    \n                            \n                <div data-aos=\"fade-right\" data-aos-once=\"true\"\n                     data-aos-delay=\"300\"\n                     data-aos-anchor=\"#lightpress__section--block_a8d17b6df44259cdc7f18af375f879d0 .video-box__text\"><h3>Hans Peter Fink<\/h3>\n<h3>\u00a0<\/h3>\n<p>Hans Peter Fink, en \u00f6sterrikisk institution, tar dig med p\u00e5 en rundtur i sitt underbara familjef\u00f6retag i Steiermark. H\u00e4r m\u00f6ts lokalbefolkning, aff\u00e4rsm\u00e4n och n\u00f6jesresen\u00e4rer f\u00f6r att njuta av Hans Peter Finks regionalt typiska och raffinerade mat i en mysig atmosf\u00e4r. Vad allt detta har med QimiQ att g\u00f6ra kan du se i videon....<\/p>\n<\/div>\n                        <\/div>\n\n            <iframe class=\"video-box__iframe\" src=\"https:\/\/www.youtube-nocookie.com\/embed\/u2rx2Fukj8c\" frameborder=\"0\"\n                allow=\"accelerometer; autoplay; clipboard-write; encrypted-media; gyroscope; picture-in-picture\"\n                allowfullscreen><\/iframe>\n    <\/div>\n\n<\/section>\n\n<section id='lightpress__section--block_5bfd67c0268f386a9bb93fa00f31ccdc' class='lightpress__section--default-section-space lightpress__section lightpress__section--video-box' data-scroll-section><div class=\"video-box__container video-box__container--\">\n\n    <div class=\"video-box__texteditor\" data-aos=\"fade-left\" data-aos-delay=\"100\" data-aos-once=\"true\">\n\n                    \n                            \n                <div data-aos=\"fade-right\" data-aos-once=\"true\"\n                     data-aos-delay=\"300\"\n                     data-aos-anchor=\"#lightpress__section--block_5bfd67c0268f386a9bb93fa00f31ccdc .video-box__text\"><h3>Leon Amon<\/h3>\n<h3>\u00a0<\/h3>\n<p>St\u00e4ng av och njut av varm g\u00e4stfrihet - det \u00e4r Amons Gastwirtschaft. Ett traditionellt familjef\u00f6retag, precis som vi vill ha det! H\u00e4r serveras regionala och s\u00e4songsbetonade r\u00e4tter som f\u00e5r varje hj\u00e4rta att sl\u00e5 snabbare. Ett absolut m\u00e5ste i Wien! Vad allt detta har med QimiQ att g\u00f6ra kan du se i videon...<\/p>\n<\/div>\n                        <\/div>\n\n            <iframe class=\"video-box__iframe\" src=\"https:\/\/www.youtube-nocookie.com\/embed\/lYcwQEqm__U\" frameborder=\"0\"\n                allow=\"accelerometer; autoplay; clipboard-write; encrypted-media; gyroscope; picture-in-picture\"\n                allowfullscreen><\/iframe>\n    <\/div>\n\n<\/section>","protected":false},"excerpt":{"rendered":"","protected":false},"author":1,"featured_media":0,"parent":2663,"menu_order":1,"comment_status":"closed","ping_status":"closed","template":"","meta":{"_acf_changed":false,"_relevanssi_hide_post":"","_relevanssi_hide_content":"","_relevanssi_pin_for_all":"","_relevanssi_pin_keywords":"","_relevanssi_unpin_keywords":"","_relevanssi_related_keywords":"","_relevanssi_related_include_ids":"","_relevanssi_related_exclude_ids":"","_relevanssi_related_no_append":"","_relevanssi_related_not_related":"","_relevanssi_related_posts":"","_relevanssi_noindex_reason":"","footnotes":""},"class_list":["post-2677","page","type-page","status-publish","hentry"],"acf":[],"yoast_head":"<!-- This site is optimized with the Yoast SEO Premium plugin v26.6 (Yoast SEO v26.8) - https:\/\/yoast.com\/product\/yoast-seo-premium-wordpress\/ -->\n<title>Chefkoch-Videos - QimiQ<\/title>\n<meta name=\"robots\" content=\"index, follow, max-snippet:-1, max-image-preview:large, max-video-preview:-1\" \/>\n<link rel=\"canonical\" href=\"https:\/\/qimiq.com\/sv\/qimiq-foer-yrkesverksamma\/kockens-kockar\/kockvideor\/\" \/>\n<meta property=\"og:locale\" content=\"sv_SE\" \/>\n<meta property=\"og:type\" content=\"article\" \/>\n<meta property=\"og:title\" content=\"Chefkoch-Videos\" \/>\n<meta property=\"og:url\" content=\"https:\/\/qimiq.com\/sv\/qimiq-foer-yrkesverksamma\/kockens-kockar\/kockvideor\/\" \/>\n<meta property=\"og:site_name\" content=\"QimiQ\" \/>\n<meta property=\"article:publisher\" content=\"https:\/\/www.facebook.com\/QimiQWorld\/\" \/>\n<meta property=\"article:modified_time\" content=\"2023-06-26T12:45:24+00:00\" \/>\n<meta property=\"og:image\" content=\"https:\/\/qimiq.com\/wp-content\/uploads\/Torte.png\" \/>\n\t<meta property=\"og:image:width\" content=\"316\" \/>\n\t<meta property=\"og:image:height\" content=\"202\" \/>\n\t<meta property=\"og:image:type\" content=\"image\/png\" \/>\n<meta name=\"twitter:card\" content=\"summary_large_image\" \/>\n<script type=\"application\/ld+json\" class=\"yoast-schema-graph\">{\"@context\":\"https:\/\/schema.org\",\"@graph\":[{\"@type\":\"WebPage\",\"@id\":\"https:\/\/qimiq.com\/qimiq-fuer-profis\/chefkoeche\/chefkoch-videos\/\",\"url\":\"https:\/\/qimiq.com\/qimiq-fuer-profis\/chefkoeche\/chefkoch-videos\/\",\"name\":\"Chefkoch-Videos - QimiQ\",\"isPartOf\":{\"@id\":\"https:\/\/qimiq.com\/en\/#website\"},\"datePublished\":\"2023-06-26T12:44:03+00:00\",\"dateModified\":\"2023-06-26T12:45:24+00:00\",\"breadcrumb\":{\"@id\":\"https:\/\/qimiq.com\/qimiq-fuer-profis\/chefkoeche\/chefkoch-videos\/#breadcrumb\"},\"inLanguage\":\"sv-SE\",\"potentialAction\":[{\"@type\":\"ReadAction\",\"target\":[\"https:\/\/qimiq.com\/qimiq-fuer-profis\/chefkoeche\/chefkoch-videos\/\"]}]},{\"@type\":\"BreadcrumbList\",\"@id\":\"https:\/\/qimiq.com\/qimiq-fuer-profis\/chefkoeche\/chefkoch-videos\/#breadcrumb\",\"itemListElement\":[{\"@type\":\"ListItem\",\"position\":1,\"name\":\"Home\",\"item\":\"https:\/\/qimiq.com\/\"},{\"@type\":\"ListItem\",\"position\":2,\"name\":\"QimiQ f\u00fcr PROFIS\",\"item\":\"https:\/\/qimiq.com\/qimiq-fuer-profis\/\"},{\"@type\":\"ListItem\",\"position\":3,\"name\":\"Chefk\u00f6che\",\"item\":\"https:\/\/qimiq.com\/qimiq-fuer-profis\/chefkoeche\/\"},{\"@type\":\"ListItem\",\"position\":4,\"name\":\"Chefkoch-Videos\"}]},{\"@type\":\"WebSite\",\"@id\":\"https:\/\/qimiq.com\/en\/#website\",\"url\":\"https:\/\/qimiq.com\/en\/\",\"name\":\"QimiQ\",\"description\":\"\",\"publisher\":{\"@id\":\"https:\/\/qimiq.com\/en\/#organization\"},\"potentialAction\":[{\"@type\":\"SearchAction\",\"target\":{\"@type\":\"EntryPoint\",\"urlTemplate\":\"https:\/\/qimiq.com\/en\/?s={search_term_string}\"},\"query-input\":{\"@type\":\"PropertyValueSpecification\",\"valueRequired\":true,\"valueName\":\"search_term_string\"}}],\"inLanguage\":\"sv-SE\"},{\"@type\":\"Organization\",\"@id\":\"https:\/\/qimiq.com\/en\/#organization\",\"name\":\"QimiQ\",\"url\":\"https:\/\/qimiq.com\/en\/\",\"logo\":{\"@type\":\"ImageObject\",\"inLanguage\":\"sv-SE\",\"@id\":\"https:\/\/qimiq.com\/en\/#\/schema\/logo\/image\/\",\"url\":\"https:\/\/qimiq.com\/wp-content\/uploads\/AdobeStock_300763099_Video_HD_Preview.png\",\"contentUrl\":\"https:\/\/qimiq.com\/wp-content\/uploads\/AdobeStock_300763099_Video_HD_Preview.png\",\"width\":712,\"height\":401,\"caption\":\"QimiQ\"},\"image\":{\"@id\":\"https:\/\/qimiq.com\/en\/#\/schema\/logo\/image\/\"},\"sameAs\":[\"https:\/\/www.facebook.com\/QimiQWorld\/\",\"https:\/\/www.facebook.com\/QimiQProfessionals\/\",\"https:\/\/www.instagram.com\/qimiq_austria\/\"]}]}<\/script>\n<!-- \/ Yoast SEO Premium plugin. -->","yoast_head_json":{"title":"Videor fr\u00e5n kockar - QimiQ","robots":{"index":"index","follow":"follow","max-snippet":"max-snippet:-1","max-image-preview":"max-image-preview:large","max-video-preview":"max-video-preview:-1"},"canonical":"https:\/\/qimiq.com\/sv\/qimiq-foer-yrkesverksamma\/kockens-kockar\/kockvideor\/","og_locale":"sv_SE","og_type":"article","og_title":"Chefkoch-Videos","og_url":"https:\/\/qimiq.com\/sv\/qimiq-foer-yrkesverksamma\/kockens-kockar\/kockvideor\/","og_site_name":"QimiQ","article_publisher":"https:\/\/www.facebook.com\/QimiQWorld\/","article_modified_time":"2023-06-26T12:45:24+00:00","og_image":[{"width":316,"height":202,"url":"https:\/\/qimiq.com\/wp-content\/uploads\/Torte.png","type":"image\/png"}],"twitter_card":"summary_large_image","schema":{"@context":"https:\/\/schema.org","@graph":[{"@type":"WebPage","@id":"https:\/\/qimiq.com\/qimiq-fuer-profis\/chefkoeche\/chefkoch-videos\/","url":"https:\/\/qimiq.com\/qimiq-fuer-profis\/chefkoeche\/chefkoch-videos\/","name":"Videor fr\u00e5n kockar - QimiQ","isPartOf":{"@id":"https:\/\/qimiq.com\/en\/#website"},"datePublished":"2023-06-26T12:44:03+00:00","dateModified":"2023-06-26T12:45:24+00:00","breadcrumb":{"@id":"https:\/\/qimiq.com\/qimiq-fuer-profis\/chefkoeche\/chefkoch-videos\/#breadcrumb"},"inLanguage":"sv-SE","potentialAction":[{"@type":"ReadAction","target":["https:\/\/qimiq.com\/qimiq-fuer-profis\/chefkoeche\/chefkoch-videos\/"]}]},{"@type":"BreadcrumbList","@id":"https:\/\/qimiq.com\/qimiq-fuer-profis\/chefkoeche\/chefkoch-videos\/#breadcrumb","itemListElement":[{"@type":"ListItem","position":1,"name":"Home","item":"https:\/\/qimiq.com\/"},{"@type":"ListItem","position":2,"name":"QimiQ f\u00fcr PROFIS","item":"https:\/\/qimiq.com\/qimiq-fuer-profis\/"},{"@type":"ListItem","position":3,"name":"Chefk\u00f6che","item":"https:\/\/qimiq.com\/qimiq-fuer-profis\/chefkoeche\/"},{"@type":"ListItem","position":4,"name":"Chefkoch-Videos"}]},{"@type":"WebSite","@id":"https:\/\/qimiq.com\/en\/#website","url":"https:\/\/qimiq.com\/en\/","name":"QimiQ","description":"","publisher":{"@id":"https:\/\/qimiq.com\/en\/#organization"},"potentialAction":[{"@type":"SearchAction","target":{"@type":"EntryPoint","urlTemplate":"https:\/\/qimiq.com\/en\/?s={search_term_string}"},"query-input":{"@type":"PropertyValueSpecification","valueRequired":true,"valueName":"search_term_string"}}],"inLanguage":"sv-SE"},{"@type":"Organization","@id":"https:\/\/qimiq.com\/en\/#organization","name":"QimiQ","url":"https:\/\/qimiq.com\/en\/","logo":{"@type":"ImageObject","inLanguage":"sv-SE","@id":"https:\/\/qimiq.com\/en\/#\/schema\/logo\/image\/","url":"https:\/\/qimiq.com\/wp-content\/uploads\/AdobeStock_300763099_Video_HD_Preview.png","contentUrl":"https:\/\/qimiq.com\/wp-content\/uploads\/AdobeStock_300763099_Video_HD_Preview.png","width":712,"height":401,"caption":"QimiQ"},"image":{"@id":"https:\/\/qimiq.com\/en\/#\/schema\/logo\/image\/"},"sameAs":["https:\/\/www.facebook.com\/QimiQWorld\/","https:\/\/www.facebook.com\/QimiQProfessionals\/","https:\/\/www.instagram.com\/qimiq_austria\/"]}]}},"_links":{"self":[{"href":"https:\/\/qimiq.com\/sv\/wp-json\/wp\/v2\/pages\/2677","targetHints":{"allow":["GET"]}}],"collection":[{"href":"https:\/\/qimiq.com\/sv\/wp-json\/wp\/v2\/pages"}],"about":[{"href":"https:\/\/qimiq.com\/sv\/wp-json\/wp\/v2\/types\/page"}],"author":[{"embeddable":true,"href":"https:\/\/qimiq.com\/sv\/wp-json\/wp\/v2\/users\/1"}],"replies":[{"embeddable":true,"href":"https:\/\/qimiq.com\/sv\/wp-json\/wp\/v2\/comments?post=2677"}],"version-history":[{"count":3,"href":"https:\/\/qimiq.com\/sv\/wp-json\/wp\/v2\/pages\/2677\/revisions"}],"predecessor-version":[{"id":2681,"href":"https:\/\/qimiq.com\/sv\/wp-json\/wp\/v2\/pages\/2677\/revisions\/2681"}],"up":[{"embeddable":true,"href":"https:\/\/qimiq.com\/sv\/wp-json\/wp\/v2\/pages\/2663"}],"wp:attachment":[{"href":"https:\/\/qimiq.com\/sv\/wp-json\/wp\/v2\/media?parent=2677"}],"curies":[{"name":"wp","href":"https:\/\/api.w.org\/{rel}","templated":true}]}}