{"id":2630,"date":"2023-06-26T13:07:44","date_gmt":"2023-06-26T12:07:44","guid":{"rendered":"https:\/\/qimiq.com\/?page_id=2630"},"modified":"2023-09-14T07:36:16","modified_gmt":"2023-09-14T06:36:16","slug":"dessertkoncept","status":"publish","type":"page","link":"https:\/\/qimiq.com\/sv\/qimiq-foer-yrkesverksamma\/tillaempningar\/dessertkoncept\/","title":{"rendered":"Dessertkoncept"},"content":{"rendered":"<section id='lightpress__section--block_6ca5f26c1eff8b5f8014c6b806be81bf' class='lightpress__section--cow-headline--default lightpress__section--default-section-space lightpress__section lightpress__section--cow-headline' data-scroll-section><div class=\"cow-headline__container\">\n        <h2 data-aos=\"fade-right\" class=\"cow-headline__headline\"\n    data-aos-once=\"true\">Dessertkoncept<\/h2>\n<picture class=\"cow-headline__picture\"\n         data-aos=\"fade-left\"\n         data-aos-once=\"true\">\n    <source srcset=\"\/wp-content\/themes\/qimiq\/blocks\/cow-headline\/cow.png.webp\" type=\"image\/webp\">\n    <img decoding=\"async\" src=\"\/wp-content\/themes\/qimiq\/block\/cow-headline\/cow.png\" alt=\"Ko\">\n<\/picture>\n<\/div>\n\n<\/section>\n\n<section id='lightpress__section--block_558a971fb3bf0f82e25b992575711780' class='lightpress__section--default-section-space lightpress__section lightpress__section--highlight-grid' data-scroll-section><div class=\"highlight-grid__explanation highlight-grid__explanation--\">\n    \n    \n    <\/div>\n\n    <div class=\"highlight-grid\">\n                    \n                            <a href=\"https:\/\/rdb.qimiq.com\/de\/recipes\/4506\" target=\"_blank\"\n                   class=\"highlight-grid__entry\"\n                        data-aos-anchor=\"#lightpress__section--block_558a971fb3bf0f82e25b992575711780 .highlight-grid\"\n            data-aos=\"fade-up\"\n            data-aos-delay=\"0\"\n            data-aos-once=\"true\">\n\n                            <picture class=\"highlight-grid__entry--image\">\n                    <source srcset=\"https:\/\/qimiq.com\/wp-content\/uploads\/MMM-MANGOS277-768x768.webp\" type=\"image\/webp\">\n                    <img decoding=\"async\" src=\"https:\/\/qimiq.com\/wp-content\/uploads\/MMM-MANGOS277-768x768.png\"\n                         alt=\"MMM MANGOS277\" width=\"440px\" height=\"440px\">\n                <\/picture>\n            \n                            <div class=\"highlight-grid__textbox\" data-aos=\"fade-up\"\n                     data-aos-anchor=\"#lightpress__section--block_558a971fb3bf0f82e25b992575711780 .highlight-grid\"\n                     data-aos-delay=\"150\"\n                     data-aos-once=\"true\">\n                    <div>\n                                                    <p class=\"highlight-grid__headline text--25 text--color-darkblue text--medium\">Tarteletter med jordgubbar<\/p>\n                                                                    <\/div>\n\n                                    <\/div>\n            \n                            <\/a>\n            \n                    \n                            <a href=\"https:\/\/rdb.qimiq.com\/de\/recipes\/4501\" target=\"_blank\"\n                   class=\"highlight-grid__entry\"\n                        data-aos-anchor=\"#lightpress__section--block_558a971fb3bf0f82e25b992575711780 .highlight-grid\"\n            data-aos=\"fade-up\"\n            data-aos-delay=\"150\"\n            data-aos-once=\"true\">\n\n                            <picture class=\"highlight-grid__entry--image\">\n                    <source srcset=\"https:\/\/qimiq.com\/wp-content\/uploads\/MMM-MANGOS278-768x768.webp\" type=\"image\/webp\">\n                    <img decoding=\"async\" src=\"https:\/\/qimiq.com\/wp-content\/uploads\/MMM-MANGOS278-768x768.png\"\n                         alt=\"MMM MANGOS278\" width=\"440px\" height=\"440px\">\n                <\/picture>\n            \n                            <div class=\"highlight-grid__textbox\" data-aos=\"fade-up\"\n                     data-aos-anchor=\"#lightpress__section--block_558a971fb3bf0f82e25b992575711780 .highlight-grid\"\n                     data-aos-delay=\"300\"\n                     data-aos-once=\"true\">\n                    <div>\n                                                    <p class=\"highlight-grid__headline text--25 text--color-darkblue text--medium\">Banan- och chokladroulad<\/p>\n                                                                    <\/div>\n\n                                    <\/div>\n            \n                            <\/a>\n            \n                    \n                            <a href=\"https:\/\/rdb.qimiq.com\/de\/recipes\/4502\" target=\"_blank\"\n                   class=\"highlight-grid__entry\"\n                        data-aos-anchor=\"#lightpress__section--block_558a971fb3bf0f82e25b992575711780 .highlight-grid\"\n            data-aos=\"fade-up\"\n            data-aos-delay=\"300\"\n            data-aos-once=\"true\">\n\n                            <picture class=\"highlight-grid__entry--image\">\n                    <source srcset=\"https:\/\/qimiq.com\/wp-content\/uploads\/MMM-MANGOS279-768x768.webp\" type=\"image\/webp\">\n                    <img decoding=\"async\" src=\"https:\/\/qimiq.com\/wp-content\/uploads\/MMM-MANGOS279-768x768.png\"\n                         alt=\"MMM MANGOS279\" width=\"440px\" height=\"440px\">\n                <\/picture>\n            \n                            <div class=\"highlight-grid__textbox\" data-aos=\"fade-up\"\n                     data-aos-anchor=\"#lightpress__section--block_558a971fb3bf0f82e25b992575711780 .highlight-grid\"\n                     data-aos-delay=\"450\"\n                     data-aos-once=\"true\">\n                    <div>\n                                                    <p class=\"highlight-grid__headline text--25 text--color-darkblue text--medium\">Cheesecake med bl\u00e5b\u00e4r<\/p>\n                                                                    <\/div>\n\n                                    <\/div>\n            \n                            <\/a>\n            \n            <\/div>\n\n\n<\/section>\n\n<section id='lightpress__section--block_3f89d1502cea05e0a45917c958b52eb8' class='lightpress__section--colored-bg lightpress__section--default-section-space lightpress__section lightpress__section--wysiwyg' data-scroll-section><div class=\"wysiwyg-columns wysiwyg-columns--1\">\n            <div class=\"wysiwyg-columns__content\" data-aos=\"fade-right\"\n             data-aos-once=\"true\"><p class=\"text--30 text--color-darkblue\" style=\"text-align: center;\"><strong>Konceptet \u00e4r t\u00e4nkt som en guide f\u00f6r att enkelt kunna f\u00f6rverkliga enkla, snabba, kreativa och innovativa recept med fem viktiga f\u00f6rdelar.<\/strong><\/p>\n<\/div>\n    <\/div>\n\n    <div class=\"stripes__container stripes__container--lightblue\">\n            <\/div>\n\n<\/section>\n\n<section id='lightpress__section--block_f60ad5dda14b55b28373b9a9e9f53ad0' class='lightpress__section--full-width lightpress__section--default-section-space lightpress__section lightpress__section--image-text' data-scroll-section><div class=\"image-text__container image-text__container--\">\n                            <picture class=\"image-text__picture\"\n                 data-aos=\"fade-left\"\n                 data-aos-once=\"true\"\n                 data-aos-anchor=\"#lightpress__section--block_f60ad5dda14b55b28373b9a9e9f53ad0 .image-text__container\">\n            <source srcset=\"https:\/\/qimiq.com\/wp-content\/uploads\/qimiq-dessert-konzept.webp\" type=\"image\/webp\">\n            <img decoding=\"async\" src=\"https:\/\/qimiq.com\/wp-content\/uploads\/qimiq-dessert-konzept.png\" alt=\"qimiq dessertkoncept\" \/>\n        <\/picture>\n    \n    <div class=\"image-text__text\">\n        \n                    <h2 class=\"text--medium text--55\" data-aos=\"fade-right\"\n                data-aos-once=\"true\"\n                data-aos-delay=\"100\"\n                data-aos-anchor=\"#lightpress__section--block_f60ad5dda14b55b28373b9a9e9f53ad0 .image-text__container\">F\u00f6rdelarna<\/h2>\n        \n                    <div class=\"spacer--60\"><\/div>\n\n            <div data-aos=\"fade-right\" data-aos-once=\"true\"\n                 data-aos-delay=\"200\"\n                 data-aos-anchor=\"#lightpress__section--block_f60ad5dda14b55b28373b9a9e9f53ad0 .image-text__container\"><ul>\n<li style=\"text-align: left;\">Fyra grundrecept m\u00f6jligg\u00f6r ett o\u00e4ndligt antal variationer.<\/li>\n<li style=\"text-align: left;\">Framg\u00e5ng garanteras genom att anv\u00e4nda den angivna QimiQ-procenten.<\/li>\n<li style=\"text-align: left;\">Olika visuella varianter och presentationer \u00e4r m\u00f6jliga.<\/li>\n<li style=\"text-align: left;\">Som professionell kock \u00e4r det du som best\u00e4mmer r\u00e4tternas smak, kreativitet och m\u00e5ngsidighet.<\/li>\n<li style=\"text-align: left;\">Optimering av produktionstider i k\u00f6ket och f\u00f6rb\u00e4ttrad planering av servicescheman.<\/li>\n<\/ul>\n<p>\u00a0<\/p>\n<p style=\"text-align: center;\"><a class=\"qimiq-button\" href=\"https:\/\/qimiq.com\/wp-content\/uploads\/QimiQ_Dessert_Konzept-1.pdf\" target=\"_blank\" rel=\"noopener\">QimiQ dessertkoncept<\/a><\/p>\n<\/div>\n        \n            <\/div>\n<\/div>\n\n<\/section>\n\n<section id='lightpress__section--block_7db7fe73996ee6802c97fb512320263c' class='lightpress__section--default-section-space lightpress__section lightpress__section--wysiwyg' data-scroll-section><div class=\"wysiwyg-columns wysiwyg-columns--2\">\n            <div class=\"wysiwyg-columns__content\" data-aos=\"fade-right\"\n             data-aos-once=\"true\"><p class=\"text--30 text--color-darkblue\"><strong>Fyra grundrecept m\u00f6jligg\u00f6r ett o\u00e4ndligt antal variationer<\/strong><\/p>\n<p>QimiQs dessertkoncept inneh\u00e5ller grundrecept och variationer f\u00f6r anv\u00e4ndning inom cateringbranschen. H\u00e4r finns till exempel grundreceptet f\u00f6r burkdesserter, som kan anpassas individuellt n\u00e4r det g\u00e4ller smak. Som inspiration har vi tagit med n\u00e5gra exempel p\u00e5 variationer f\u00f6r varje grundrecept.<\/p>\n<\/div>\n            <div class=\"wysiwyg-columns__content\" data-aos=\"fade-left\"\n             data-aos-once=\"true\"><p class=\"text--30 text--color-darkblue\"><strong>Skapa ditt eget recept!<\/strong><\/p>\n<p>QimiQs nya dessertkoncept handlar om din kreativitet och hantverksskicklighet. Det \u00e4r du som best\u00e4mmer smak, struktur och sammans\u00e4ttning i varje recept. Som professionell kock ger du r\u00e4tterna en omissk\u00e4nnlig karakt\u00e4r. Vi p\u00e5 QimiQ tillhandah\u00e5ller grunden f\u00f6r detta med hj\u00e4lp av en ingredienslista.<\/p>\n<\/div>\n    <\/div>\n\n<\/section>\n\n<section id='lightpress__section--block_16cc0da433b42adff763ab326f8cb218' class='lightpress__section--default-section-space lightpress__section lightpress__section--image' data-scroll-section>    <picture\n        class=\"image__picture image__picture--size-stretched image__picture--align-center\">\n            <source srcset=\"https:\/\/qimiq.com\/wp-content\/uploads\/pie-charts-prof-1.webp\" type=\"image\/webp\">\n        <img decoding=\"async\" src=\"https:\/\/qimiq.com\/wp-content\/uploads\/pie-charts-prof-1.png\" alt=\"cirkeldiagram prof 1\" \/>\n<\/picture>\n\n<\/section>\n\n<section id='lightpress__section--block_b4c65db0fb8e6169793df5afd0bc084a' class='lightpress__section--default-section-space lightpress__section lightpress__section--image' data-scroll-section>    <picture\n        class=\"image__picture image__picture--size-stretched image__picture--align-center\">\n            <source srcset=\"https:\/\/qimiq.com\/wp-content\/uploads\/pie-charts-prof-2.webp\" type=\"image\/webp\">\n        <img decoding=\"async\" src=\"https:\/\/qimiq.com\/wp-content\/uploads\/pie-charts-prof-2.png\" alt=\"cirkeldiagram prof 2\" \/>\n<\/picture>\n\n<\/section>\n\n<section id='lightpress__section--block_2cbad5ef42266f25de5c0b44b2f59ea5' class='lightpress__section--full-width lightpress__section--default-section-space lightpress__section lightpress__section--image-text' data-scroll-section><div class=\"image-text__container image-text__container--\">\n                            <picture class=\"image-text__picture\"\n                 data-aos=\"fade-left\"\n                 data-aos-once=\"true\"\n                 data-aos-anchor=\"#lightpress__section--block_2cbad5ef42266f25de5c0b44b2f59ea5 .image-text__container\">\n            <source srcset=\"https:\/\/qimiq.com\/wp-content\/uploads\/MMM-MANGOS282-1024x1024.webp\" type=\"image\/webp\">\n            <img decoding=\"async\" src=\"https:\/\/qimiq.com\/wp-content\/uploads\/MMM-MANGOS282-1024x1024.png\" alt=\"MMM MANGOS282\" \/>\n        <\/picture>\n    \n    <div class=\"image-text__text\">\n        \n                    <h2 class=\"text--medium text--55\" data-aos=\"fade-right\"\n                data-aos-once=\"true\"\n                data-aos-delay=\"100\"\n                data-aos-anchor=\"#lightpress__section--block_2cbad5ef42266f25de5c0b44b2f59ea5 .image-text__container\">Verkst\u00e4der<\/h2>\n        \n                    <div class=\"spacer--60\"><\/div>\n\n            <div data-aos=\"fade-right\" data-aos-once=\"true\"\n                 data-aos-delay=\"200\"\n                 data-aos-anchor=\"#lightpress__section--block_2cbad5ef42266f25de5c0b44b2f59ea5 .image-text__container\"><p style=\"text-align: left;\">Om du vill s\u00e4tta nya accenter i ditt k\u00f6k, \u00e4r intresserad av kreativa och effektiva tillagningsalternativ eller helt enkelt vill styra din produktion, tids- och kostnadshantering mer effektivt, d\u00e5 har du kommit till r\u00e4tt st\u00e4lle. QimiQ-workshops hj\u00e4lper dig att g\u00f6ra ditt dagliga arbete i k\u00f6ket enklare.<\/p>\n<p style=\"text-align: left;\">Boka en QimiQ-workshop och l\u00e5t dig inspireras av v\u00e5ra prisbel\u00f6nta kockar.<\/p>\n<p>\u00a0<\/p>\n<p style=\"text-align: left;\">e-post: <a href=\"mailto:rd@QimiQ.com\">rd@QimiQ.com<\/a>.<\/p>\n<p style=\"text-align: left;\">\u00a0<\/p>\n<p style=\"text-align: left;\">Du hittar ytterligare kontaktuppgifter <a href=\"\/sv\/kontakt\/\">h\u00e4r<\/a>.\u00a0<\/p>\n<\/div>\n        \n            <\/div>\n<\/div>\n\n<\/section>","protected":false},"excerpt":{"rendered":"","protected":false},"author":1,"featured_media":0,"parent":2471,"menu_order":2,"comment_status":"closed","ping_status":"closed","template":"","meta":{"_acf_changed":false,"_relevanssi_hide_post":"","_relevanssi_hide_content":"","_relevanssi_pin_for_all":"","_relevanssi_pin_keywords":"","_relevanssi_unpin_keywords":"","_relevanssi_related_keywords":"","_relevanssi_related_include_ids":"","_relevanssi_related_exclude_ids":"","_relevanssi_related_no_append":"","_relevanssi_related_not_related":"","_relevanssi_related_posts":"","_relevanssi_noindex_reason":"","footnotes":""},"class_list":["post-2630","page","type-page","status-publish","hentry"],"acf":[],"yoast_head":"<!-- This site is optimized with the Yoast SEO Premium plugin v26.6 (Yoast SEO v26.8) - https:\/\/yoast.com\/product\/yoast-seo-premium-wordpress\/ -->\n<title>Dessertkonzept - QimiQ<\/title>\n<meta name=\"robots\" content=\"index, follow, max-snippet:-1, max-image-preview:large, max-video-preview:-1\" \/>\n<link rel=\"canonical\" href=\"https:\/\/qimiq.com\/sv\/qimiq-foer-yrkesverksamma\/tillaempningar\/dessertkoncept\/\" \/>\n<meta property=\"og:locale\" content=\"sv_SE\" \/>\n<meta property=\"og:type\" content=\"article\" \/>\n<meta property=\"og:title\" content=\"Dessertkonzept\" \/>\n<meta property=\"og:url\" content=\"https:\/\/qimiq.com\/sv\/qimiq-foer-yrkesverksamma\/tillaempningar\/dessertkoncept\/\" \/>\n<meta property=\"og:site_name\" content=\"QimiQ\" \/>\n<meta property=\"article:publisher\" content=\"https:\/\/www.facebook.com\/QimiQWorld\/\" \/>\n<meta property=\"article:modified_time\" content=\"2023-09-14T06:36:16+00:00\" \/>\n<meta property=\"og:image\" content=\"https:\/\/qimiq.com\/wp-content\/uploads\/Torte.png\" \/>\n\t<meta property=\"og:image:width\" content=\"316\" \/>\n\t<meta property=\"og:image:height\" content=\"202\" \/>\n\t<meta property=\"og:image:type\" content=\"image\/png\" \/>\n<meta name=\"twitter:card\" content=\"summary_large_image\" \/>\n<script type=\"application\/ld+json\" class=\"yoast-schema-graph\">{\"@context\":\"https:\/\/schema.org\",\"@graph\":[{\"@type\":\"WebPage\",\"@id\":\"https:\/\/qimiq.com\/qimiq-fuer-profis\/anwendungen\/dessertkonzept\/\",\"url\":\"https:\/\/qimiq.com\/qimiq-fuer-profis\/anwendungen\/dessertkonzept\/\",\"name\":\"Dessertkonzept - QimiQ\",\"isPartOf\":{\"@id\":\"https:\/\/qimiq.com\/en\/#website\"},\"datePublished\":\"2023-06-26T12:07:44+00:00\",\"dateModified\":\"2023-09-14T06:36:16+00:00\",\"breadcrumb\":{\"@id\":\"https:\/\/qimiq.com\/qimiq-fuer-profis\/anwendungen\/dessertkonzept\/#breadcrumb\"},\"inLanguage\":\"sv-SE\",\"potentialAction\":[{\"@type\":\"ReadAction\",\"target\":[\"https:\/\/qimiq.com\/qimiq-fuer-profis\/anwendungen\/dessertkonzept\/\"]}]},{\"@type\":\"BreadcrumbList\",\"@id\":\"https:\/\/qimiq.com\/qimiq-fuer-profis\/anwendungen\/dessertkonzept\/#breadcrumb\",\"itemListElement\":[{\"@type\":\"ListItem\",\"position\":1,\"name\":\"Home\",\"item\":\"https:\/\/qimiq.com\/\"},{\"@type\":\"ListItem\",\"position\":2,\"name\":\"QimiQ f\u00fcr PROFIS\",\"item\":\"https:\/\/qimiq.com\/qimiq-fuer-profis\/\"},{\"@type\":\"ListItem\",\"position\":3,\"name\":\"Anwendungen\",\"item\":\"https:\/\/qimiq.com\/qimiq-fuer-profis\/anwendungen\/\"},{\"@type\":\"ListItem\",\"position\":4,\"name\":\"Dessertkonzept\"}]},{\"@type\":\"WebSite\",\"@id\":\"https:\/\/qimiq.com\/en\/#website\",\"url\":\"https:\/\/qimiq.com\/en\/\",\"name\":\"QimiQ\",\"description\":\"\",\"publisher\":{\"@id\":\"https:\/\/qimiq.com\/en\/#organization\"},\"potentialAction\":[{\"@type\":\"SearchAction\",\"target\":{\"@type\":\"EntryPoint\",\"urlTemplate\":\"https:\/\/qimiq.com\/en\/?s={search_term_string}\"},\"query-input\":{\"@type\":\"PropertyValueSpecification\",\"valueRequired\":true,\"valueName\":\"search_term_string\"}}],\"inLanguage\":\"sv-SE\"},{\"@type\":\"Organization\",\"@id\":\"https:\/\/qimiq.com\/en\/#organization\",\"name\":\"QimiQ\",\"url\":\"https:\/\/qimiq.com\/en\/\",\"logo\":{\"@type\":\"ImageObject\",\"inLanguage\":\"sv-SE\",\"@id\":\"https:\/\/qimiq.com\/en\/#\/schema\/logo\/image\/\",\"url\":\"https:\/\/qimiq.com\/wp-content\/uploads\/AdobeStock_300763099_Video_HD_Preview.png\",\"contentUrl\":\"https:\/\/qimiq.com\/wp-content\/uploads\/AdobeStock_300763099_Video_HD_Preview.png\",\"width\":712,\"height\":401,\"caption\":\"QimiQ\"},\"image\":{\"@id\":\"https:\/\/qimiq.com\/en\/#\/schema\/logo\/image\/\"},\"sameAs\":[\"https:\/\/www.facebook.com\/QimiQWorld\/\",\"https:\/\/www.facebook.com\/QimiQProfessionals\/\",\"https:\/\/www.instagram.com\/qimiq_austria\/\"]}]}<\/script>\n<!-- \/ Yoast SEO Premium plugin. -->","yoast_head_json":{"title":"Dessertkoncept - QimiQ","robots":{"index":"index","follow":"follow","max-snippet":"max-snippet:-1","max-image-preview":"max-image-preview:large","max-video-preview":"max-video-preview:-1"},"canonical":"https:\/\/qimiq.com\/sv\/qimiq-foer-yrkesverksamma\/tillaempningar\/dessertkoncept\/","og_locale":"sv_SE","og_type":"article","og_title":"Dessertkonzept","og_url":"https:\/\/qimiq.com\/sv\/qimiq-foer-yrkesverksamma\/tillaempningar\/dessertkoncept\/","og_site_name":"QimiQ","article_publisher":"https:\/\/www.facebook.com\/QimiQWorld\/","article_modified_time":"2023-09-14T06:36:16+00:00","og_image":[{"width":316,"height":202,"url":"https:\/\/qimiq.com\/wp-content\/uploads\/Torte.png","type":"image\/png"}],"twitter_card":"summary_large_image","schema":{"@context":"https:\/\/schema.org","@graph":[{"@type":"WebPage","@id":"https:\/\/qimiq.com\/qimiq-fuer-profis\/anwendungen\/dessertkonzept\/","url":"https:\/\/qimiq.com\/qimiq-fuer-profis\/anwendungen\/dessertkonzept\/","name":"Dessertkoncept - QimiQ","isPartOf":{"@id":"https:\/\/qimiq.com\/en\/#website"},"datePublished":"2023-06-26T12:07:44+00:00","dateModified":"2023-09-14T06:36:16+00:00","breadcrumb":{"@id":"https:\/\/qimiq.com\/qimiq-fuer-profis\/anwendungen\/dessertkonzept\/#breadcrumb"},"inLanguage":"sv-SE","potentialAction":[{"@type":"ReadAction","target":["https:\/\/qimiq.com\/qimiq-fuer-profis\/anwendungen\/dessertkonzept\/"]}]},{"@type":"BreadcrumbList","@id":"https:\/\/qimiq.com\/qimiq-fuer-profis\/anwendungen\/dessertkonzept\/#breadcrumb","itemListElement":[{"@type":"ListItem","position":1,"name":"Home","item":"https:\/\/qimiq.com\/"},{"@type":"ListItem","position":2,"name":"QimiQ f\u00fcr PROFIS","item":"https:\/\/qimiq.com\/qimiq-fuer-profis\/"},{"@type":"ListItem","position":3,"name":"Anwendungen","item":"https:\/\/qimiq.com\/qimiq-fuer-profis\/anwendungen\/"},{"@type":"ListItem","position":4,"name":"Dessertkonzept"}]},{"@type":"WebSite","@id":"https:\/\/qimiq.com\/en\/#website","url":"https:\/\/qimiq.com\/en\/","name":"QimiQ","description":"","publisher":{"@id":"https:\/\/qimiq.com\/en\/#organization"},"potentialAction":[{"@type":"SearchAction","target":{"@type":"EntryPoint","urlTemplate":"https:\/\/qimiq.com\/en\/?s={search_term_string}"},"query-input":{"@type":"PropertyValueSpecification","valueRequired":true,"valueName":"search_term_string"}}],"inLanguage":"sv-SE"},{"@type":"Organization","@id":"https:\/\/qimiq.com\/en\/#organization","name":"QimiQ","url":"https:\/\/qimiq.com\/en\/","logo":{"@type":"ImageObject","inLanguage":"sv-SE","@id":"https:\/\/qimiq.com\/en\/#\/schema\/logo\/image\/","url":"https:\/\/qimiq.com\/wp-content\/uploads\/AdobeStock_300763099_Video_HD_Preview.png","contentUrl":"https:\/\/qimiq.com\/wp-content\/uploads\/AdobeStock_300763099_Video_HD_Preview.png","width":712,"height":401,"caption":"QimiQ"},"image":{"@id":"https:\/\/qimiq.com\/en\/#\/schema\/logo\/image\/"},"sameAs":["https:\/\/www.facebook.com\/QimiQWorld\/","https:\/\/www.facebook.com\/QimiQProfessionals\/","https:\/\/www.instagram.com\/qimiq_austria\/"]}]}},"_links":{"self":[{"href":"https:\/\/qimiq.com\/sv\/wp-json\/wp\/v2\/pages\/2630","targetHints":{"allow":["GET"]}}],"collection":[{"href":"https:\/\/qimiq.com\/sv\/wp-json\/wp\/v2\/pages"}],"about":[{"href":"https:\/\/qimiq.com\/sv\/wp-json\/wp\/v2\/types\/page"}],"author":[{"embeddable":true,"href":"https:\/\/qimiq.com\/sv\/wp-json\/wp\/v2\/users\/1"}],"replies":[{"embeddable":true,"href":"https:\/\/qimiq.com\/sv\/wp-json\/wp\/v2\/comments?post=2630"}],"version-history":[{"count":3,"href":"https:\/\/qimiq.com\/sv\/wp-json\/wp\/v2\/pages\/2630\/revisions"}],"predecessor-version":[{"id":2958,"href":"https:\/\/qimiq.com\/sv\/wp-json\/wp\/v2\/pages\/2630\/revisions\/2958"}],"up":[{"embeddable":true,"href":"https:\/\/qimiq.com\/sv\/wp-json\/wp\/v2\/pages\/2471"}],"wp:attachment":[{"href":"https:\/\/qimiq.com\/sv\/wp-json\/wp\/v2\/media?parent=2630"}],"curies":[{"name":"wp","href":"https:\/\/api.w.org\/{rel}","templated":true}]}}