{"id":2626,"date":"2023-06-26T13:07:17","date_gmt":"2023-06-26T12:07:17","guid":{"rendered":"https:\/\/qimiq.com\/?page_id=2626"},"modified":"2023-11-16T08:58:35","modified_gmt":"2023-11-16T07:58:35","slug":"reservdelslista","status":"publish","type":"page","link":"https:\/\/qimiq.com\/sv\/qimiq-foer-yrkesverksamma\/tillaempningar\/reservdelslista\/","title":{"rendered":"Reservdelslista"},"content":{"rendered":"<section id='lightpress__section--block_e39b4ba2f7f0b00ee8f9ad961e9639fd' class='lightpress__section--cow-headline--default lightpress__section--default-section-space lightpress__section lightpress__section--cow-headline' data-scroll-section><div class=\"cow-headline__container\">\n        <h2 data-aos=\"fade-right\" class=\"cow-headline__headline\"\n    data-aos-once=\"true\">QimiQ:s stycklista<\/h2>\n<picture class=\"cow-headline__picture\"\n         data-aos=\"fade-left\"\n         data-aos-once=\"true\">\n    <source srcset=\"\/wp-content\/themes\/qimiq\/blocks\/cow-headline\/cow.png.webp\" type=\"image\/webp\">\n    <img decoding=\"async\" src=\"\/wp-content\/themes\/qimiq\/block\/cow-headline\/cow.png\" alt=\"Ko\">\n<\/picture>\n<\/div>\n\n<\/section>\n\n<section id='lightpress__section--block_116767c4ba68cb3132b7c279e5eeb8be' class='lightpress__section--full-width lightpress__section--default-section-space lightpress__section lightpress__section--image-text' data-scroll-section><div class=\"image-text__container image-text__container-- image-text__container--mirrored\">\n                            <picture class=\"image-text__picture\"\n                 data-aos=\"fade-left\"\n                 data-aos-once=\"true\"\n                 data-aos-anchor=\"#lightpress__section--block_116767c4ba68cb3132b7c279e5eeb8be .image-text__container\">\n            <source srcset=\"https:\/\/qimiq.com\/wp-content\/uploads\/QimiQ_Gastro_HoReCa_Seite_1-710x1024.webp\" type=\"image\/webp\">\n            <img decoding=\"async\" src=\"https:\/\/qimiq.com\/wp-content\/uploads\/QimiQ_Gastro_HoReCa_Seite_1-710x1024.png\" alt=\"QimiQ Gastro HoReCa Sidan 1\" \/>\n        <\/picture>\n    \n    <div class=\"image-text__text\">\n        \n                    <h2 class=\"text--medium text--55\" data-aos=\"fade-right\"\n                data-aos-once=\"true\"\n                data-aos-delay=\"100\"\n                data-aos-anchor=\"#lightpress__section--block_116767c4ba68cb3132b7c279e5eeb8be .image-text__container\">Hur anv\u00e4nder jag QimiQ-produkterna?<\/h2>\n        \n                    <div class=\"spacer--60\"><\/div>\n\n            <div data-aos=\"fade-right\" data-aos-once=\"true\"\n                 data-aos-delay=\"200\"\n                 data-aos-anchor=\"#lightpress__section--block_116767c4ba68cb3132b7c279e5eeb8be .image-text__container\"><p><strong>F\u00f6rdelar f\u00f6r hotell- och restaurangbranschen<\/strong><\/p>\n<p>\u00a0<\/p>\n<p>QimiQ optimerar produktionstiderna i k\u00f6ket och erbjuder konceptuella l\u00f6sningar f\u00f6r perfekt genomf\u00f6rande av recept. Vi p\u00e5 QimiQ tillhandah\u00e5ller grunden f\u00f6r receptet med hj\u00e4lp av en stycklista. Konsistens, stabilitet och smak styrs av dig med hj\u00e4lp av smak\u00e4mnen som sm\u00f6r, olja, fett, gr\u00e4dde, ostmassa, f\u00e4rskost, mascarpone, frukt, gr\u00f6nsaker, kryddor, socker etc.<\/p>\n<\/div>\n        \n                    <div class=\"spacer--60\"><\/div>\n\n            <a class=\"qimiq-button\"\n               href=\"https:\/\/qimiq.com\/wp-content\/uploads\/QimiQ_Gastro_HoReCa.pdf\"\n               target=\"\" data-aos=\"fade-right\" data-aos-once=\"true\"\n               data-aos-delay=\"300\"\n               data-aos-anchor=\"#lightpress__section--block_116767c4ba68cb3132b7c279e5eeb8be .image-text__container\">QimiQ stycklista<\/a>\n            <\/div>\n<\/div>\n\n<\/section>","protected":false},"excerpt":{"rendered":"","protected":false},"author":1,"featured_media":0,"parent":2471,"menu_order":0,"comment_status":"closed","ping_status":"closed","template":"","meta":{"_acf_changed":false,"_relevanssi_hide_post":"","_relevanssi_hide_content":"","_relevanssi_pin_for_all":"","_relevanssi_pin_keywords":"","_relevanssi_unpin_keywords":"","_relevanssi_related_keywords":"","_relevanssi_related_include_ids":"","_relevanssi_related_exclude_ids":"","_relevanssi_related_no_append":"","_relevanssi_related_not_related":"","_relevanssi_related_posts":"","_relevanssi_noindex_reason":"","footnotes":""},"class_list":["post-2626","page","type-page","status-publish","hentry"],"acf":[],"yoast_head":"<!-- This site is optimized with the Yoast SEO Premium plugin v26.6 (Yoast SEO v26.8) - https:\/\/yoast.com\/product\/yoast-seo-premium-wordpress\/ -->\n<title>Teileliste - QimiQ<\/title>\n<meta name=\"robots\" content=\"index, follow, max-snippet:-1, max-image-preview:large, max-video-preview:-1\" \/>\n<link rel=\"canonical\" href=\"https:\/\/qimiq.com\/sv\/qimiq-foer-yrkesverksamma\/tillaempningar\/reservdelslista\/\" \/>\n<meta property=\"og:locale\" content=\"sv_SE\" \/>\n<meta property=\"og:type\" content=\"article\" \/>\n<meta property=\"og:title\" content=\"Teileliste\" \/>\n<meta property=\"og:url\" content=\"https:\/\/qimiq.com\/sv\/qimiq-foer-yrkesverksamma\/tillaempningar\/reservdelslista\/\" \/>\n<meta property=\"og:site_name\" content=\"QimiQ\" \/>\n<meta property=\"article:publisher\" content=\"https:\/\/www.facebook.com\/QimiQWorld\/\" \/>\n<meta property=\"article:modified_time\" content=\"2023-11-16T07:58:35+00:00\" \/>\n<meta property=\"og:image\" content=\"https:\/\/qimiq.com\/wp-content\/uploads\/Torte.png\" \/>\n\t<meta property=\"og:image:width\" content=\"316\" \/>\n\t<meta property=\"og:image:height\" content=\"202\" \/>\n\t<meta property=\"og:image:type\" content=\"image\/png\" \/>\n<meta name=\"twitter:card\" content=\"summary_large_image\" \/>\n<script type=\"application\/ld+json\" class=\"yoast-schema-graph\">{\"@context\":\"https:\/\/schema.org\",\"@graph\":[{\"@type\":\"WebPage\",\"@id\":\"https:\/\/qimiq.com\/qimiq-fuer-profis\/anwendungen\/teileliste\/\",\"url\":\"https:\/\/qimiq.com\/qimiq-fuer-profis\/anwendungen\/teileliste\/\",\"name\":\"Teileliste - QimiQ\",\"isPartOf\":{\"@id\":\"https:\/\/qimiq.com\/en\/#website\"},\"datePublished\":\"2023-06-26T12:07:17+00:00\",\"dateModified\":\"2023-11-16T07:58:35+00:00\",\"breadcrumb\":{\"@id\":\"https:\/\/qimiq.com\/qimiq-fuer-profis\/anwendungen\/teileliste\/#breadcrumb\"},\"inLanguage\":\"sv-SE\",\"potentialAction\":[{\"@type\":\"ReadAction\",\"target\":[\"https:\/\/qimiq.com\/qimiq-fuer-profis\/anwendungen\/teileliste\/\"]}]},{\"@type\":\"BreadcrumbList\",\"@id\":\"https:\/\/qimiq.com\/qimiq-fuer-profis\/anwendungen\/teileliste\/#breadcrumb\",\"itemListElement\":[{\"@type\":\"ListItem\",\"position\":1,\"name\":\"Home\",\"item\":\"https:\/\/qimiq.com\/\"},{\"@type\":\"ListItem\",\"position\":2,\"name\":\"QimiQ f\u00fcr PROFIS\",\"item\":\"https:\/\/qimiq.com\/qimiq-fuer-profis\/\"},{\"@type\":\"ListItem\",\"position\":3,\"name\":\"Anwendungen\",\"item\":\"https:\/\/qimiq.com\/qimiq-fuer-profis\/anwendungen\/\"},{\"@type\":\"ListItem\",\"position\":4,\"name\":\"Teileliste\"}]},{\"@type\":\"WebSite\",\"@id\":\"https:\/\/qimiq.com\/en\/#website\",\"url\":\"https:\/\/qimiq.com\/en\/\",\"name\":\"QimiQ\",\"description\":\"\",\"publisher\":{\"@id\":\"https:\/\/qimiq.com\/en\/#organization\"},\"potentialAction\":[{\"@type\":\"SearchAction\",\"target\":{\"@type\":\"EntryPoint\",\"urlTemplate\":\"https:\/\/qimiq.com\/en\/?s={search_term_string}\"},\"query-input\":{\"@type\":\"PropertyValueSpecification\",\"valueRequired\":true,\"valueName\":\"search_term_string\"}}],\"inLanguage\":\"sv-SE\"},{\"@type\":\"Organization\",\"@id\":\"https:\/\/qimiq.com\/en\/#organization\",\"name\":\"QimiQ\",\"url\":\"https:\/\/qimiq.com\/en\/\",\"logo\":{\"@type\":\"ImageObject\",\"inLanguage\":\"sv-SE\",\"@id\":\"https:\/\/qimiq.com\/en\/#\/schema\/logo\/image\/\",\"url\":\"https:\/\/qimiq.com\/wp-content\/uploads\/AdobeStock_300763099_Video_HD_Preview.png\",\"contentUrl\":\"https:\/\/qimiq.com\/wp-content\/uploads\/AdobeStock_300763099_Video_HD_Preview.png\",\"width\":712,\"height\":401,\"caption\":\"QimiQ\"},\"image\":{\"@id\":\"https:\/\/qimiq.com\/en\/#\/schema\/logo\/image\/\"},\"sameAs\":[\"https:\/\/www.facebook.com\/QimiQWorld\/\",\"https:\/\/www.facebook.com\/QimiQProfessionals\/\",\"https:\/\/www.instagram.com\/qimiq_austria\/\"]}]}<\/script>\n<!-- \/ Yoast SEO Premium plugin. -->","yoast_head_json":{"title":"Reservdelslista - QimiQ","robots":{"index":"index","follow":"follow","max-snippet":"max-snippet:-1","max-image-preview":"max-image-preview:large","max-video-preview":"max-video-preview:-1"},"canonical":"https:\/\/qimiq.com\/sv\/qimiq-foer-yrkesverksamma\/tillaempningar\/reservdelslista\/","og_locale":"sv_SE","og_type":"article","og_title":"Teileliste","og_url":"https:\/\/qimiq.com\/sv\/qimiq-foer-yrkesverksamma\/tillaempningar\/reservdelslista\/","og_site_name":"QimiQ","article_publisher":"https:\/\/www.facebook.com\/QimiQWorld\/","article_modified_time":"2023-11-16T07:58:35+00:00","og_image":[{"width":316,"height":202,"url":"https:\/\/qimiq.com\/wp-content\/uploads\/Torte.png","type":"image\/png"}],"twitter_card":"summary_large_image","schema":{"@context":"https:\/\/schema.org","@graph":[{"@type":"WebPage","@id":"https:\/\/qimiq.com\/qimiq-fuer-profis\/anwendungen\/teileliste\/","url":"https:\/\/qimiq.com\/qimiq-fuer-profis\/anwendungen\/teileliste\/","name":"Reservdelslista - QimiQ","isPartOf":{"@id":"https:\/\/qimiq.com\/en\/#website"},"datePublished":"2023-06-26T12:07:17+00:00","dateModified":"2023-11-16T07:58:35+00:00","breadcrumb":{"@id":"https:\/\/qimiq.com\/qimiq-fuer-profis\/anwendungen\/teileliste\/#breadcrumb"},"inLanguage":"sv-SE","potentialAction":[{"@type":"ReadAction","target":["https:\/\/qimiq.com\/qimiq-fuer-profis\/anwendungen\/teileliste\/"]}]},{"@type":"BreadcrumbList","@id":"https:\/\/qimiq.com\/qimiq-fuer-profis\/anwendungen\/teileliste\/#breadcrumb","itemListElement":[{"@type":"ListItem","position":1,"name":"Home","item":"https:\/\/qimiq.com\/"},{"@type":"ListItem","position":2,"name":"QimiQ f\u00fcr PROFIS","item":"https:\/\/qimiq.com\/qimiq-fuer-profis\/"},{"@type":"ListItem","position":3,"name":"Anwendungen","item":"https:\/\/qimiq.com\/qimiq-fuer-profis\/anwendungen\/"},{"@type":"ListItem","position":4,"name":"Teileliste"}]},{"@type":"WebSite","@id":"https:\/\/qimiq.com\/en\/#website","url":"https:\/\/qimiq.com\/en\/","name":"QimiQ","description":"","publisher":{"@id":"https:\/\/qimiq.com\/en\/#organization"},"potentialAction":[{"@type":"SearchAction","target":{"@type":"EntryPoint","urlTemplate":"https:\/\/qimiq.com\/en\/?s={search_term_string}"},"query-input":{"@type":"PropertyValueSpecification","valueRequired":true,"valueName":"search_term_string"}}],"inLanguage":"sv-SE"},{"@type":"Organization","@id":"https:\/\/qimiq.com\/en\/#organization","name":"QimiQ","url":"https:\/\/qimiq.com\/en\/","logo":{"@type":"ImageObject","inLanguage":"sv-SE","@id":"https:\/\/qimiq.com\/en\/#\/schema\/logo\/image\/","url":"https:\/\/qimiq.com\/wp-content\/uploads\/AdobeStock_300763099_Video_HD_Preview.png","contentUrl":"https:\/\/qimiq.com\/wp-content\/uploads\/AdobeStock_300763099_Video_HD_Preview.png","width":712,"height":401,"caption":"QimiQ"},"image":{"@id":"https:\/\/qimiq.com\/en\/#\/schema\/logo\/image\/"},"sameAs":["https:\/\/www.facebook.com\/QimiQWorld\/","https:\/\/www.facebook.com\/QimiQProfessionals\/","https:\/\/www.instagram.com\/qimiq_austria\/"]}]}},"_links":{"self":[{"href":"https:\/\/qimiq.com\/sv\/wp-json\/wp\/v2\/pages\/2626","targetHints":{"allow":["GET"]}}],"collection":[{"href":"https:\/\/qimiq.com\/sv\/wp-json\/wp\/v2\/pages"}],"about":[{"href":"https:\/\/qimiq.com\/sv\/wp-json\/wp\/v2\/types\/page"}],"author":[{"embeddable":true,"href":"https:\/\/qimiq.com\/sv\/wp-json\/wp\/v2\/users\/1"}],"replies":[{"embeddable":true,"href":"https:\/\/qimiq.com\/sv\/wp-json\/wp\/v2\/comments?post=2626"}],"version-history":[{"count":3,"href":"https:\/\/qimiq.com\/sv\/wp-json\/wp\/v2\/pages\/2626\/revisions"}],"predecessor-version":[{"id":3140,"href":"https:\/\/qimiq.com\/sv\/wp-json\/wp\/v2\/pages\/2626\/revisions\/3140"}],"up":[{"embeddable":true,"href":"https:\/\/qimiq.com\/sv\/wp-json\/wp\/v2\/pages\/2471"}],"wp:attachment":[{"href":"https:\/\/qimiq.com\/sv\/wp-json\/wp\/v2\/media?parent=2626"}],"curies":[{"name":"wp","href":"https:\/\/api.w.org\/{rel}","templated":true}]}}