{"id":2187,"date":"2023-04-13T09:16:56","date_gmt":"2023-04-13T08:16:56","guid":{"rendered":"https:\/\/qimiq.com\/?page_id=2187"},"modified":"2026-03-31T09:54:43","modified_gmt":"2026-03-31T08:54:43","slug":"premix","status":"publish","type":"page","link":"https:\/\/qimiq.com\/sv\/premix\/","title":{"rendered":"Premix"},"content":{"rendered":"<section id='lightpress__section--block_b7dbc75146d480f84cffb1ca90646189' class='lightpress__section--full-width lightpress__section lightpress__section--image-banner' data-scroll-section><div class=\"image-banner__container\">\n                            <picture class=\"image__picture\">\n            <source srcset=\"https:\/\/qimiq.com\/wp-content\/uploads\/Sauce_Hollandaise-scaled.webp\" type=\"image\/webp\">\n            <img decoding=\"async\" src=\"https:\/\/qimiq.com\/wp-content\/uploads\/Sauce_Hollandaise-scaled.jpg\" alt=\"Hollandaises\u00e5s\" \/>\n        <\/picture>\n                            <picture class=\"image__picture\">\n            <source srcset=\"https:\/\/qimiq.com\/wp-content\/uploads\/Tiramisu.webp\" type=\"image\/webp\">\n            <img decoding=\"async\" src=\"https:\/\/qimiq.com\/wp-content\/uploads\/Tiramisu.jpg\" alt=\"Tiramisu\" \/>\n        <\/picture>\n                            <picture class=\"image__picture\">\n            <source srcset=\"https:\/\/qimiq.com\/wp-content\/uploads\/Ei_Benedict_-2.webp\" type=\"image\/webp\">\n            <img decoding=\"async\" src=\"https:\/\/qimiq.com\/wp-content\/uploads\/Ei_Benedict_-2.jpg\" alt=\"\u00c4gg Benedict\" \/>\n        <\/picture>\n                            <picture class=\"image__picture\">\n            <source srcset=\"https:\/\/qimiq.com\/wp-content\/uploads\/qbild_21_Tiramisu-1-scaled.webp\" type=\"image\/webp\">\n            <img decoding=\"async\" src=\"https:\/\/qimiq.com\/wp-content\/uploads\/qbild_21_Tiramisu-1-scaled.jpg\" alt=\"qpicture 21 Tiramisu 1\" \/>\n        <\/picture>\n    \n            <div class=\"image-banner__overlay\"><\/div>\n    <\/div>\n<\/section>\n\n<section id='lightpress__section--block_82ce9cbf5db050f4c2e4b4941cf086f3' class='lightpress__section--wysiwyg-small lightpress__section--default-section-space lightpress__section lightpress__section--wysiwyg' data-scroll-section><div class=\"wysiwyg-columns wysiwyg-columns--1\">\n            <div class=\"wysiwyg-columns__content\" data-aos=\"fade-right\"\n             data-aos-once=\"true\"><h1 class=\"text--color-darkblue\" style=\"text-align: center;\"><strong>QIMIQ<\/strong><\/h1>\n<p class=\"text--25 text--color-darkblue\" style=\"text-align: center;\"><strong>PREMIX<\/strong><\/p>\n<p>\u00a0<\/p>\n<h2 class=\"text--25\" style=\"text-align: center;\"><strong>PRODUKTBESKRIVNING<\/strong><\/h2>\n<p>\u00a0<\/p>\n<p class=\"text--color-darkblue\" style=\"text-align: center;\"><strong>QimiQ Premix \u00e4r ett f\u00e4rdigt recept som utvecklats enligt dina \u00f6nskem\u00e5l och som bara beh\u00f6ver vispas. Den <\/strong><strong>QimiQ Premix applikationer \"sweet &amp; savoury\", \"hot &amp; cold\" optimerar arbetet i k\u00f6ket.<\/strong><\/p>\n<\/div>\n    <\/div>\n\n<\/section>\n\n<section id='lightpress__section--block_7e6458013ff1785bad6deef4b39e924d' class='lightpress__section--wysiwyg-small lightpress__section--colored-bg lightpress__section--default-section-space lightpress__section lightpress__section--wysiwyg' data-scroll-section><div class=\"wysiwyg-columns wysiwyg-columns--2\">\n            <div class=\"wysiwyg-columns__content\" data-aos=\"fade-right\"\n             data-aos-once=\"true\"><p class=\"text--color-darkblue\"><strong>ANS\u00d6KNINGAR<\/strong><\/p>\n<p>\u00a0<\/p>\n<p>- Stabila toppings<br \/>- Mousses<br \/>- Kr\u00e4mer<br \/>- Parfaits<br \/>- S\u00f6ta fyllningar<br \/>- S\u00e5ser<br \/>- salta kr\u00e4mer<br \/>- Espumas<br \/>- Kosttillskott<\/p>\n<\/div>\n            <div class=\"wysiwyg-columns__content\" data-aos=\"fade-left\"\n             data-aos-once=\"true\"><p class=\"text--color-darkblue\" style=\"text-align: left;\"><strong>PRODUKTF\u00d6RDELAR<\/strong><\/p>\n<p>\u00a0<\/p>\n<p style=\"text-align: left;\">- F\u00e4rsk produkt<br \/>- S\u00f6tt och salt, varmt och kallt<br \/>- Konsekvent kvalitet<br \/>- Skr\u00e4ddarsydda recept<br \/>- Snabbt och enkelt<br \/>- Perfekt f\u00f6r f\u00f6rproduktion<br \/>- Optimerad produktplanering<br \/>- B\u00e4ttre personal- och tidshantering<br \/>- Ingen expertkunskap kr\u00e4vs<br \/>- Sparar arbetssteg<br \/>- Ingen f\u00f6rlust av varor<br \/>- Platsbesparande f\u00f6rvaring<\/p>\n<\/div>\n    <\/div>\n\n    <div class=\"stripes__container stripes__container--striped\">\n                <style>\n            :root {\n                --custom-light-color: #00A9D9;\n                --custom-light-color-opacity: 0.1\n            }\n\n            #lightpress__section--block_7e6458013ff1785bad6deef4b39e924d .stripes__container {\n                --stripes-color: #00A9D9;\n                --stripes-color-opacity: 0.1;\n            }\n        <\/style>\n                            <div class=\"stripe\" style=\"--rotation:0deg\"><\/div>\n                    <div class=\"stripe\" style=\"--rotation:25.71428571deg\"><\/div>\n                    <div class=\"stripe\" style=\"--rotation:51.42857142deg\"><\/div>\n                    <div class=\"stripe\" style=\"--rotation:77.14285713deg\"><\/div>\n                    <div class=\"stripe\" style=\"--rotation:102.85714284deg\"><\/div>\n                    <div class=\"stripe\" style=\"--rotation:128.57142855deg\"><\/div>\n                    <div class=\"stripe\" style=\"--rotation:154.28571426deg\"><\/div>\n                    <div class=\"stripe\" style=\"--rotation:179.99999997deg\"><\/div>\n                    <div class=\"stripe\" style=\"--rotation:205.71428568deg\"><\/div>\n                    <div class=\"stripe\" style=\"--rotation:231.42857139deg\"><\/div>\n                    <div class=\"stripe\" style=\"--rotation:257.1428571deg\"><\/div>\n                    <div class=\"stripe\" style=\"--rotation:282.85714281deg\"><\/div>\n                    <div class=\"stripe\" style=\"--rotation:308.57142852deg\"><\/div>\n                    <div class=\"stripe\" style=\"--rotation:334.28571423deg\"><\/div>\n            <\/div>\n\n<\/section>\n\n<section id='lightpress__section--block_c89ab1ee816c172c2ef325c3acdbf779' class='lightpress__section--wysiwyg-small lightpress__section--default-section-space lightpress__section lightpress__section--wysiwyg' data-scroll-section><div class=\"wysiwyg-columns wysiwyg-columns--2\">\n            <div class=\"wysiwyg-columns__content\" data-aos=\"fade-right\"\n             data-aos-once=\"true\"><p class=\"text--color-darkblue\"><strong>STORLEK P\u00c5 INBINDNING<\/strong><\/p>\n<p>5 kg beh\u00e5llare<\/p>\n<\/div>\n            <div class=\"wysiwyg-columns__content\" data-aos=\"fade-left\"\n             data-aos-once=\"true\"><p class=\"text--color-darkblue\" style=\"text-align: left;\"><strong>H\u00c5LLBARHET<\/strong><\/p>\n<p style=\"text-align: left;\">Leverans djupfryst: 9 m\u00e5nader b\u00e4st f\u00f6re-datum<br \/>Kyld leverans: 2 m\u00e5nader b\u00e4st f\u00f6re<\/p>\n<p>\u00a0<\/p>\n<p class=\"text--color-darkblue\" style=\"text-align: left;\"><strong>F\u00d6RVARING<\/strong><\/p>\n<p style=\"text-align: left;\">Fryst: Anv\u00e4nd omedelbart efter upptining.<br \/>Kyld: vid ca 5 \u00b0C.<\/p>\n<\/div>\n    <\/div>\n\n<\/section>\n\n<section id='lightpress__section--block_ed3693cd52ec1876dfa44886a335d5eb' class='lightpress__section--wysiwyg-small lightpress__section--default-section-space lightpress__section lightpress__section--wysiwyg' data-scroll-section><div class=\"wysiwyg-columns wysiwyg-columns--1\">\n            <div class=\"wysiwyg-columns__content\" data-aos=\"fade-right\"\n             data-aos-once=\"true\"><p class=\"text--color-darkblue\" style=\"text-align: left;\"><strong>ANS\u00d6KNINGSSTEG<\/strong><\/p>\n<p style=\"text-align: left;\">1. Avfrosta QimiQ Premix.<br \/>2. Vispa den kylda QimiQ Premix med mixern i ca 2 till 3 minuter.<br \/>3. Fyll i de \u00f6nskade formarna.<\/p>\n<\/div>\n    <\/div>\n\n<\/section>\n\n<section id='lightpress__section--block_7ecc11f6e6d18d39609e407eb4d293c7' class='lightpress__section--wysiwyg-small lightpress__section--default-section-space lightpress__section lightpress__section--wysiwyg' data-scroll-section><div class=\"wysiwyg-columns wysiwyg-columns--2\">\n            <div class=\"wysiwyg-columns__content\" data-aos=\"fade-right\"\n             data-aos-once=\"true\"><p class=\"text--color-darkblue\" style=\"text-align: center;\"><a class=\"qimiq-button qimiq-button--light-blue\" href=\"https:\/\/qimiq.com\/wp-content\/uploads\/QimiQ-Premix-Produktblatt-A4.pdf\">Ladda ner produktblad<\/a><\/p>\n<p>\u00a0<\/p>\n<\/div>\n            <div class=\"wysiwyg-columns__content\" data-aos=\"fade-left\"\n             data-aos-once=\"true\"><p><a class=\"qimiq-button\" href=\"https:\/\/qimiq.com\/wp-content\/uploads\/QimiQ-Premix-Folder_Deutsch.pdf\">\u00a0 \u00a0 \u00a0 \u00a0Ladda ner mapp\u00a0\u00a0\u00a0\u00a0\u00a0\u00a0\u00a0<\/a><\/p>\n<\/div>\n    <\/div>\n\n<\/section>","protected":false},"excerpt":{"rendered":"","protected":false},"author":1,"featured_media":0,"parent":0,"menu_order":0,"comment_status":"closed","ping_status":"closed","template":"","meta":{"_acf_changed":false,"_relevanssi_hide_post":"","_relevanssi_hide_content":"","_relevanssi_pin_for_all":"","_relevanssi_pin_keywords":"","_relevanssi_unpin_keywords":"","_relevanssi_related_keywords":"","_relevanssi_related_include_ids":"","_relevanssi_related_exclude_ids":"","_relevanssi_related_no_append":"","_relevanssi_related_not_related":"","_relevanssi_related_posts":"","_relevanssi_noindex_reason":"Yoast SEO Relevanssi index exclude","footnotes":""},"class_list":["post-2187","page","type-page","status-publish","hentry"],"acf":[],"yoast_head":"<!-- This site is optimized with the Yoast SEO Premium plugin v26.6 (Yoast SEO v26.8) - https:\/\/yoast.com\/product\/yoast-seo-premium-wordpress\/ -->\n<title>Premix - QimiQ<\/title>\n<meta name=\"robots\" content=\"noindex, follow\" \/>\n<meta property=\"og:locale\" content=\"sv_SE\" \/>\n<meta property=\"og:type\" content=\"article\" \/>\n<meta property=\"og:title\" content=\"Premix\" \/>\n<meta property=\"og:url\" content=\"https:\/\/qimiq.com\/sv\/premix\/\" \/>\n<meta property=\"og:site_name\" content=\"QimiQ\" \/>\n<meta property=\"article:publisher\" content=\"https:\/\/www.facebook.com\/QimiQWorld\/\" \/>\n<meta property=\"article:modified_time\" content=\"2026-03-31T08:54:43+00:00\" \/>\n<meta property=\"og:image\" content=\"https:\/\/qimiq.com\/wp-content\/uploads\/Torte.png\" \/>\n\t<meta property=\"og:image:width\" content=\"316\" \/>\n\t<meta property=\"og:image:height\" content=\"202\" \/>\n\t<meta property=\"og:image:type\" content=\"image\/png\" \/>\n<meta name=\"twitter:card\" content=\"summary_large_image\" \/>\n<script type=\"application\/ld+json\" class=\"yoast-schema-graph\">{\"@context\":\"https:\/\/schema.org\",\"@graph\":[{\"@type\":\"WebPage\",\"@id\":\"https:\/\/qimiq.com\/premix\/\",\"url\":\"https:\/\/qimiq.com\/premix\/\",\"name\":\"Premix - QimiQ\",\"isPartOf\":{\"@id\":\"https:\/\/qimiq.com\/en\/#website\"},\"datePublished\":\"2023-04-13T08:16:56+00:00\",\"dateModified\":\"2026-03-31T08:54:43+00:00\",\"breadcrumb\":{\"@id\":\"https:\/\/qimiq.com\/premix\/#breadcrumb\"},\"inLanguage\":\"sv-SE\",\"potentialAction\":[{\"@type\":\"ReadAction\",\"target\":[\"https:\/\/qimiq.com\/premix\/\"]}]},{\"@type\":\"BreadcrumbList\",\"@id\":\"https:\/\/qimiq.com\/premix\/#breadcrumb\",\"itemListElement\":[{\"@type\":\"ListItem\",\"position\":1,\"name\":\"Home\",\"item\":\"https:\/\/qimiq.com\/\"},{\"@type\":\"ListItem\",\"position\":2,\"name\":\"Premix\"}]},{\"@type\":\"WebSite\",\"@id\":\"https:\/\/qimiq.com\/en\/#website\",\"url\":\"https:\/\/qimiq.com\/en\/\",\"name\":\"QimiQ\",\"description\":\"\",\"publisher\":{\"@id\":\"https:\/\/qimiq.com\/en\/#organization\"},\"potentialAction\":[{\"@type\":\"SearchAction\",\"target\":{\"@type\":\"EntryPoint\",\"urlTemplate\":\"https:\/\/qimiq.com\/en\/?s={search_term_string}\"},\"query-input\":{\"@type\":\"PropertyValueSpecification\",\"valueRequired\":true,\"valueName\":\"search_term_string\"}}],\"inLanguage\":\"sv-SE\"},{\"@type\":\"Organization\",\"@id\":\"https:\/\/qimiq.com\/en\/#organization\",\"name\":\"QimiQ\",\"url\":\"https:\/\/qimiq.com\/en\/\",\"logo\":{\"@type\":\"ImageObject\",\"inLanguage\":\"sv-SE\",\"@id\":\"https:\/\/qimiq.com\/en\/#\/schema\/logo\/image\/\",\"url\":\"https:\/\/qimiq.com\/wp-content\/uploads\/AdobeStock_300763099_Video_HD_Preview.png\",\"contentUrl\":\"https:\/\/qimiq.com\/wp-content\/uploads\/AdobeStock_300763099_Video_HD_Preview.png\",\"width\":712,\"height\":401,\"caption\":\"QimiQ\"},\"image\":{\"@id\":\"https:\/\/qimiq.com\/en\/#\/schema\/logo\/image\/\"},\"sameAs\":[\"https:\/\/www.facebook.com\/QimiQWorld\/\",\"https:\/\/www.facebook.com\/QimiQProfessionals\/\",\"https:\/\/www.instagram.com\/qimiq_austria\/\"]}]}<\/script>\n<!-- \/ Yoast SEO Premium plugin. -->","yoast_head_json":{"title":"Premix - QimiQ","robots":{"index":"noindex","follow":"follow"},"og_locale":"sv_SE","og_type":"article","og_title":"Premix","og_url":"https:\/\/qimiq.com\/sv\/premix\/","og_site_name":"QimiQ","article_publisher":"https:\/\/www.facebook.com\/QimiQWorld\/","article_modified_time":"2026-03-31T08:54:43+00:00","og_image":[{"width":316,"height":202,"url":"https:\/\/qimiq.com\/wp-content\/uploads\/Torte.png","type":"image\/png"}],"twitter_card":"summary_large_image","schema":{"@context":"https:\/\/schema.org","@graph":[{"@type":"WebPage","@id":"https:\/\/qimiq.com\/premix\/","url":"https:\/\/qimiq.com\/premix\/","name":"Premix - QimiQ","isPartOf":{"@id":"https:\/\/qimiq.com\/en\/#website"},"datePublished":"2023-04-13T08:16:56+00:00","dateModified":"2026-03-31T08:54:43+00:00","breadcrumb":{"@id":"https:\/\/qimiq.com\/premix\/#breadcrumb"},"inLanguage":"sv-SE","potentialAction":[{"@type":"ReadAction","target":["https:\/\/qimiq.com\/premix\/"]}]},{"@type":"BreadcrumbList","@id":"https:\/\/qimiq.com\/premix\/#breadcrumb","itemListElement":[{"@type":"ListItem","position":1,"name":"Home","item":"https:\/\/qimiq.com\/"},{"@type":"ListItem","position":2,"name":"Premix"}]},{"@type":"WebSite","@id":"https:\/\/qimiq.com\/en\/#website","url":"https:\/\/qimiq.com\/en\/","name":"QimiQ","description":"","publisher":{"@id":"https:\/\/qimiq.com\/en\/#organization"},"potentialAction":[{"@type":"SearchAction","target":{"@type":"EntryPoint","urlTemplate":"https:\/\/qimiq.com\/en\/?s={search_term_string}"},"query-input":{"@type":"PropertyValueSpecification","valueRequired":true,"valueName":"search_term_string"}}],"inLanguage":"sv-SE"},{"@type":"Organization","@id":"https:\/\/qimiq.com\/en\/#organization","name":"QimiQ","url":"https:\/\/qimiq.com\/en\/","logo":{"@type":"ImageObject","inLanguage":"sv-SE","@id":"https:\/\/qimiq.com\/en\/#\/schema\/logo\/image\/","url":"https:\/\/qimiq.com\/wp-content\/uploads\/AdobeStock_300763099_Video_HD_Preview.png","contentUrl":"https:\/\/qimiq.com\/wp-content\/uploads\/AdobeStock_300763099_Video_HD_Preview.png","width":712,"height":401,"caption":"QimiQ"},"image":{"@id":"https:\/\/qimiq.com\/en\/#\/schema\/logo\/image\/"},"sameAs":["https:\/\/www.facebook.com\/QimiQWorld\/","https:\/\/www.facebook.com\/QimiQProfessionals\/","https:\/\/www.instagram.com\/qimiq_austria\/"]}]}},"_links":{"self":[{"href":"https:\/\/qimiq.com\/sv\/wp-json\/wp\/v2\/pages\/2187","targetHints":{"allow":["GET"]}}],"collection":[{"href":"https:\/\/qimiq.com\/sv\/wp-json\/wp\/v2\/pages"}],"about":[{"href":"https:\/\/qimiq.com\/sv\/wp-json\/wp\/v2\/types\/page"}],"author":[{"embeddable":true,"href":"https:\/\/qimiq.com\/sv\/wp-json\/wp\/v2\/users\/1"}],"replies":[{"embeddable":true,"href":"https:\/\/qimiq.com\/sv\/wp-json\/wp\/v2\/comments?post=2187"}],"version-history":[{"count":3,"href":"https:\/\/qimiq.com\/sv\/wp-json\/wp\/v2\/pages\/2187\/revisions"}],"predecessor-version":[{"id":2284,"href":"https:\/\/qimiq.com\/sv\/wp-json\/wp\/v2\/pages\/2187\/revisions\/2284"}],"wp:attachment":[{"href":"https:\/\/qimiq.com\/sv\/wp-json\/wp\/v2\/media?parent=2187"}],"curies":[{"name":"wp","href":"https:\/\/api.w.org\/{rel}","templated":true}]}}