{"id":2139,"date":"2023-02-21T11:59:53","date_gmt":"2023-02-21T10:59:53","guid":{"rendered":"https:\/\/qimiq.com\/?page_id=2139"},"modified":"2026-03-31T09:55:08","modified_gmt":"2026-03-31T08:55:08","slug":"demo","status":"publish","type":"page","link":"https:\/\/qimiq.com\/sv\/demo\/","title":{"rendered":"Demo"},"content":{"rendered":"<section id='lightpress__section--block_907e14f196579e3a3cb62ef1be4418d4' class='lightpress__section--colored-bg lightpress__section--default-section-space lightpress__section lightpress__section--slider' data-scroll-section><div class=\"slider\">\n    <div class=\"swiper\" style=\"display: none\" x-init=\"initSlider()\">\n        <!-- Additional required wrapper -->\n        <div class=\"swiper-wrapper\">\n                            <div class=\"swiper-slide slide\" data-background-theme-color=\"\">\n                    <div class=\"slide__inner\">\n\n                                                    <div class=\"slide__text-upper\">\n                                <p class=\"slide__title text--bold text--80 text--color-darkblue text--uppercase\">Der QimiQ Advent-kalender<\/p>\n                                                                <div class=\"spacer--60\"><\/div>\n                                <div class=\"slide__content text--33 text--color-darkblue\"><p>Jeden Tag \u00f6ffnen wir ein T\u00fcrchen, vom <strong>1. <\/strong>bis <strong>24. Dez.<\/strong>d\u00e4r du kan vinna trevliga QimiQ-priser eller fantastiska hotell- och restaurangkuponger.<\/p>\n<p>\u00a0<\/p>\n<p>Als\u00a0<strong>Hauptgewinn<\/strong>\u00a0kannst du\u00a0<strong>1 Wohlf\u00fchlurlaub<\/strong> (2 N\u00e4chte) f\u00fcr 2 Personen inkl. \u201eVerw\u00f6hn\u201c-Halbpension im Doppelzimmer Kuschel-Zeit in der <strong>Kesselgrub semester v\u00e4rld <\/strong>in <strong>Altenmarkt\/Zauchensee <\/strong>im sch\u00f6nen Salzburger Land gewinnen.<\/p>\n<p>\u00a0<\/p>\n<p>All information om hotellet p\u00e5 <a href=\"http:\/\/www.kesselgrub.at\" target=\"_blank\" rel=\"noopener\">www.kesselgrub.at<\/a><\/p>\n<p>\u00a0<\/p>\n<p>\u00a0<\/p>\n<p><a class=\"qimiq-button\" href=\"https:\/\/www.instagram.com\/qimiq_austria\/\" target=\"_blank\" rel=\"noopener\">Instagram<\/a> \u00a0\u00a0 \u00a0\u00a0<a class=\"qimiq-button\" href=\"https:\/\/www.facebook.com\/QimiQWorld\" target=\"_blank\" rel=\"noopener\">Facebook<\/a><\/p>\n<\/div>\n                            <\/div>\n\n                            <div class=\"slide__text-lower\">\n                                <div class=\"spacer--30\"><\/div>\n                                <p class=\"slide__content text--40 text--semibold text--color-darkblue\"><\/p>\n                                <div class=\"spacer--40\"><\/div>\n\n                                <div class=\"slide__text-lower--wrapper\">\n                                    \n                                                                    <\/div>\n\n                            <\/div>\n\n                        \n                                                                                <picture class=\"slide__image\">\n                                <img decoding=\"async\" src=\"https:\/\/qimiq.com\/wp-content\/uploads\/hotel-kesselgrub-kollage-e1762951143102.png\" alt=\"hotell kesselgrub collage\" \/>\n                            <\/picture>\n                                            <\/div>\n                <\/div>\n                            <div class=\"swiper-slide slide\" data-background-theme-color=\"\">\n                    <div class=\"slide__inner\">\n\n                                                    <div class=\"slide__text-upper\">\n                                <p class=\"slide__title text--bold text--80 text--color-darkblue text--uppercase\">-50% p\u00e5 Whip Coffee &amp; Whip Chocolate!<\/p>\n                                                                <div class=\"spacer--60\"><\/div>\n                                <div class=\"slide__content text--33 text--color-darkblue\"><p>Ge Whips en andra chans och r\u00e4dda mat! B\u00e4st f\u00f6re-datumet \u00e4r strax under 3 m\u00e5nader.<\/p>\n<\/div>\n                            <\/div>\n\n                            <div class=\"slide__text-lower\">\n                                <div class=\"spacer--30\"><\/div>\n                                <p class=\"slide__content text--40 text--semibold text--color-darkblue\">H\u00e5llbar. Viktig. R\u00e4tt.<\/p>\n                                <div class=\"spacer--40\"><\/div>\n\n                                <div class=\"slide__text-lower--wrapper\">\n                                                                            <a class=\"qimiq-button\"\n                                           href=\"https:\/\/shop.qimiq.com\/produkte\/qimiq-whip\/\"\n                                           target=\"_blank\" data-aos=\"fade-right\" data-aos-once=\"true\"\n                                           data-aos-delay=\"200\"\n                                           data-aos-anchor=\"#lightpress__section--block_907e14f196579e3a3cb62ef1be4418d4\">Till produkterna<\/a>\n                                    \n                                                                    <\/div>\n\n                            <\/div>\n\n                        \n                                                                                <picture class=\"slide__image\">\n                                <img decoding=\"async\" src=\"https:\/\/qimiq.com\/wp-content\/uploads\/Slide-1-Webseite-Schoko-und-Kaffee-e1698772010915.png\" alt=\"Slide 1 Webbplats Choklad och kaffe\" \/>\n                            <\/picture>\n                                            <\/div>\n                <\/div>\n                            <div class=\"swiper-slide slide\" data-background-theme-color=\"#00a9d9\">\n                    <div class=\"slide__inner\">\n\n                                                    <div class=\"slide__text-upper\">\n                                <p class=\"slide__title text--bold text--80 text--color-darkblue text--uppercase\">Baka det l\u00e4tt &amp; laga det coolt<\/p>\n                                                                <div class=\"spacer--60\"><\/div>\n                                <div class=\"slide__content text--33 text--color-darkblue\"><p>Med QimiQ kan du g\u00f6ra allt till en succ\u00e9. Trolla fram l\u00e4ckra salta och s\u00f6ta r\u00e4tter p\u00e5 nolltid.<\/p>\n<\/div>\n                            <\/div>\n\n                            <div class=\"slide__text-lower\">\n                                <div class=\"spacer--30\"><\/div>\n                                <p class=\"slide__content text--40 text--semibold text--color-darkblue\">Hur? Det \u00e4r v\u00e4ldigt enkelt.<\/p>\n                                <div class=\"spacer--40\"><\/div>\n\n                                <div class=\"slide__text-lower--wrapper\">\n                                                                            <a class=\"qimiq-button\"\n                                           href=\"\/sv\/qimiq-classic\/\"\n                                           target=\"\" data-aos=\"fade-right\" data-aos-once=\"true\"\n                                           data-aos-delay=\"200\"\n                                           data-aos-anchor=\"#lightpress__section--block_907e14f196579e3a3cb62ef1be4418d4\">L\u00e4s mer<\/a>\n                                    \n                                                                    <\/div>\n\n                            <\/div>\n\n                        \n                                                                                <picture class=\"slide__image\">\n                                <img decoding=\"async\" src=\"https:\/\/qimiq.com\/wp-content\/uploads\/slide-classic.png\" alt=\"klassisk slide\" \/>\n                            <\/picture>\n                                            <\/div>\n                <\/div>\n                            <div class=\"swiper-slide slide\" data-background-theme-color=\"#83bb25\">\n                    <div class=\"slide__inner\">\n\n                                                    <div class=\"slide__text-upper\">\n                                <p class=\"slide__title text--bold text--80 text--color-darkblue text--uppercase\">MINDRE \u00c4R MER<\/p>\n                                                                <div class=\"spacer--60\"><\/div>\n                                <div class=\"slide__content text--33 text--color-darkblue\"><p>Mindre fett. F\u00e4rre ingredienser. Mer njutning. F\u00f6r mindre \u00e4r helt enkelt mer.<\/p>\n<\/div>\n                            <\/div>\n\n                            <div class=\"slide__text-lower\">\n                                <div class=\"spacer--30\"><\/div>\n                                <p class=\"slide__content text--40 text--semibold text--color-darkblue\">Hur? Det \u00e4r v\u00e4ldigt enkelt.<\/p>\n                                <div class=\"spacer--40\"><\/div>\n\n                                <div class=\"slide__text-lower--wrapper\">\n                                                                            <a class=\"qimiq-button\"\n                                           href=\"\/sv\/qimiq-graedde-bas\/\"\n                                           target=\"\" data-aos=\"fade-right\" data-aos-once=\"true\"\n                                           data-aos-delay=\"200\"\n                                           data-aos-anchor=\"#lightpress__section--block_907e14f196579e3a3cb62ef1be4418d4\">L\u00e4s mer<\/a>\n                                    \n                                                                    <\/div>\n\n                            <\/div>\n\n                        \n                                                                                <picture class=\"slide__image\">\n                                <img decoding=\"async\" src=\"https:\/\/qimiq.com\/wp-content\/uploads\/slide-sahne.png\" alt=\"glidkr\u00e4m\" \/>\n                            <\/picture>\n                                            <\/div>\n                <\/div>\n                            <div class=\"swiper-slide slide\" data-background-theme-color=\"#ea5197\">\n                    <div class=\"slide__inner\">\n\n                                                    <div class=\"slide__text-upper\">\n                                <p class=\"slide__title text--bold text--80 text--color-darkblue text--uppercase\">Vispa den bra!<\/p>\n                                                                <div class=\"spacer--60\"><\/div>\n                                <div class=\"slide__content text--33 text--color-darkblue\"><p>Den smarta gr\u00e4dden f\u00f6r mer smak i ditt k\u00f6k.<\/p>\n<\/div>\n                            <\/div>\n\n                            <div class=\"slide__text-lower\">\n                                <div class=\"spacer--30\"><\/div>\n                                <p class=\"slide__content text--40 text--semibold text--color-darkblue\">Hur? Det \u00e4r v\u00e4ldigt enkelt.<\/p>\n                                <div class=\"spacer--40\"><\/div>\n\n                                <div class=\"slide__text-lower--wrapper\">\n                                                                            <a class=\"qimiq-button\"\n                                           href=\"\/sv\/qimiq-piska\/\"\n                                           target=\"\" data-aos=\"fade-right\" data-aos-once=\"true\"\n                                           data-aos-delay=\"200\"\n                                           data-aos-anchor=\"#lightpress__section--block_907e14f196579e3a3cb62ef1be4418d4\">L\u00e4s mer<\/a>\n                                    \n                                                                    <\/div>\n\n                            <\/div>\n\n                        \n                                                                                <picture class=\"slide__image\">\n                                <img decoding=\"async\" src=\"https:\/\/qimiq.com\/wp-content\/uploads\/slide-whip.png\" alt=\"glidande piska\" \/>\n                            <\/picture>\n                                            <\/div>\n                <\/div>\n                            <div class=\"swiper-slide slide\" data-background-theme-color=\"#ffe054\">\n                    <div class=\"slide__inner\">\n\n                                                    <div class=\"slide__text-upper\">\n                                <p class=\"slide__title text--bold text--80 text--color-darkblue text--uppercase\">Vanliga fr\u00e5gor och svar<\/p>\n                                                                <div class=\"spacer--60\"><\/div>\n                                <div class=\"slide__content text--33 text--color-darkblue\"><p>Har du andra fr\u00e5gor? Vad g\u00f6r att varje r\u00e4tt blir en succ\u00e9? QimiQ \u00e4r l\u00f6sningen.<\/p>\n<\/div>\n                            <\/div>\n\n                            <div class=\"slide__text-lower\">\n                                <div class=\"spacer--30\"><\/div>\n                                <p class=\"slide__content text--40 text--semibold text--color-darkblue\">Hur? Det \u00e4r v\u00e4ldigt enkelt.<\/p>\n                                <div class=\"spacer--40\"><\/div>\n\n                                <div class=\"slide__text-lower--wrapper\">\n                                                                            <a class=\"qimiq-button\"\n                                           href=\"\/sv\/qimiq-classic\/\"\n                                           target=\"\" data-aos=\"fade-right\" data-aos-once=\"true\"\n                                           data-aos-delay=\"200\"\n                                           data-aos-anchor=\"#lightpress__section--block_907e14f196579e3a3cb62ef1be4418d4\">L\u00e4s mer<\/a>\n                                    \n                                                                    <\/div>\n\n                            <\/div>\n\n                        \n                                                                                <picture class=\"slide__image\">\n                                <img decoding=\"async\" src=\"https:\/\/qimiq.com\/wp-content\/uploads\/slide-vanille.png\" alt=\"slide vanilj\" \/>\n                            <\/picture>\n                                            <\/div>\n                <\/div>\n                    <\/div>\n    <\/div>\n<\/div>\n\n<div class=\"swiper-nav\">\n    <div class=\"swiper-button swiper-button-next\"><\/div>\n    <div class=\"swiper-button swiper-button-prev\"><\/div>\n<\/div>\n<div class=\"swiper-pagination\"><\/div>\n\n    <div class=\"stripes__container stripes__container--striped\">\n                <style>\n            :root {\n                --custom-light-color: #00A9D9;\n                --custom-light-color-opacity: 0.1\n            }\n\n            #lightpress__section--block_907e14f196579e3a3cb62ef1be4418d4 .stripes__container {\n                --stripes-color: #00A9D9;\n                --stripes-color-opacity: 0.1;\n            }\n        <\/style>\n                            <div class=\"stripe\" style=\"--rotation:0deg\"><\/div>\n                    <div class=\"stripe\" style=\"--rotation:25.71428571deg\"><\/div>\n                    <div class=\"stripe\" style=\"--rotation:51.42857142deg\"><\/div>\n                    <div class=\"stripe\" style=\"--rotation:77.14285713deg\"><\/div>\n                    <div class=\"stripe\" style=\"--rotation:102.85714284deg\"><\/div>\n                    <div class=\"stripe\" style=\"--rotation:128.57142855deg\"><\/div>\n                    <div class=\"stripe\" style=\"--rotation:154.28571426deg\"><\/div>\n                    <div class=\"stripe\" style=\"--rotation:179.99999997deg\"><\/div>\n                    <div class=\"stripe\" style=\"--rotation:205.71428568deg\"><\/div>\n                    <div class=\"stripe\" style=\"--rotation:231.42857139deg\"><\/div>\n                    <div class=\"stripe\" style=\"--rotation:257.1428571deg\"><\/div>\n                    <div class=\"stripe\" style=\"--rotation:282.85714281deg\"><\/div>\n                    <div class=\"stripe\" style=\"--rotation:308.57142852deg\"><\/div>\n                    <div class=\"stripe\" style=\"--rotation:334.28571423deg\"><\/div>\n            <\/div>\n\n\n\n<\/section>","protected":false},"excerpt":{"rendered":"","protected":false},"author":1,"featured_media":0,"parent":0,"menu_order":0,"comment_status":"closed","ping_status":"closed","template":"","meta":{"_acf_changed":false,"_relevanssi_hide_post":"","_relevanssi_hide_content":"","_relevanssi_pin_for_all":"","_relevanssi_pin_keywords":"","_relevanssi_unpin_keywords":"","_relevanssi_related_keywords":"","_relevanssi_related_include_ids":"","_relevanssi_related_exclude_ids":"","_relevanssi_related_no_append":"","_relevanssi_related_not_related":"","_relevanssi_related_posts":"","_relevanssi_noindex_reason":"Yoast SEO Relevanssi index exclude","footnotes":""},"class_list":["post-2139","page","type-page","status-publish","hentry"],"acf":[],"yoast_head":"<!-- This site is optimized with the Yoast SEO Premium plugin v26.6 (Yoast SEO v26.8) - https:\/\/yoast.com\/product\/yoast-seo-premium-wordpress\/ -->\n<title>Demo - QimiQ<\/title>\n<meta name=\"robots\" content=\"noindex, follow\" \/>\n<meta property=\"og:locale\" content=\"sv_SE\" \/>\n<meta property=\"og:type\" content=\"article\" \/>\n<meta property=\"og:title\" content=\"Demo\" \/>\n<meta property=\"og:url\" content=\"https:\/\/qimiq.com\/sv\/demo\/\" \/>\n<meta property=\"og:site_name\" content=\"QimiQ\" \/>\n<meta property=\"article:publisher\" content=\"https:\/\/www.facebook.com\/QimiQWorld\/\" \/>\n<meta property=\"article:modified_time\" content=\"2026-03-31T08:55:08+00:00\" \/>\n<meta property=\"og:image\" content=\"https:\/\/qimiq.com\/wp-content\/uploads\/Torte.png\" \/>\n\t<meta property=\"og:image:width\" content=\"316\" \/>\n\t<meta property=\"og:image:height\" content=\"202\" \/>\n\t<meta property=\"og:image:type\" content=\"image\/png\" \/>\n<meta name=\"twitter:card\" content=\"summary_large_image\" \/>\n<script type=\"application\/ld+json\" class=\"yoast-schema-graph\">{\"@context\":\"https:\/\/schema.org\",\"@graph\":[{\"@type\":\"WebPage\",\"@id\":\"https:\/\/qimiq.com\/demo\/\",\"url\":\"https:\/\/qimiq.com\/demo\/\",\"name\":\"Demo - QimiQ\",\"isPartOf\":{\"@id\":\"https:\/\/qimiq.com\/en\/#website\"},\"datePublished\":\"2023-02-21T10:59:53+00:00\",\"dateModified\":\"2026-03-31T08:55:08+00:00\",\"breadcrumb\":{\"@id\":\"https:\/\/qimiq.com\/demo\/#breadcrumb\"},\"inLanguage\":\"sv-SE\",\"potentialAction\":[{\"@type\":\"ReadAction\",\"target\":[\"https:\/\/qimiq.com\/demo\/\"]}]},{\"@type\":\"BreadcrumbList\",\"@id\":\"https:\/\/qimiq.com\/demo\/#breadcrumb\",\"itemListElement\":[{\"@type\":\"ListItem\",\"position\":1,\"name\":\"Home\",\"item\":\"https:\/\/qimiq.com\/\"},{\"@type\":\"ListItem\",\"position\":2,\"name\":\"Demo\"}]},{\"@type\":\"WebSite\",\"@id\":\"https:\/\/qimiq.com\/en\/#website\",\"url\":\"https:\/\/qimiq.com\/en\/\",\"name\":\"QimiQ\",\"description\":\"\",\"publisher\":{\"@id\":\"https:\/\/qimiq.com\/en\/#organization\"},\"potentialAction\":[{\"@type\":\"SearchAction\",\"target\":{\"@type\":\"EntryPoint\",\"urlTemplate\":\"https:\/\/qimiq.com\/en\/?s={search_term_string}\"},\"query-input\":{\"@type\":\"PropertyValueSpecification\",\"valueRequired\":true,\"valueName\":\"search_term_string\"}}],\"inLanguage\":\"sv-SE\"},{\"@type\":\"Organization\",\"@id\":\"https:\/\/qimiq.com\/en\/#organization\",\"name\":\"QimiQ\",\"url\":\"https:\/\/qimiq.com\/en\/\",\"logo\":{\"@type\":\"ImageObject\",\"inLanguage\":\"sv-SE\",\"@id\":\"https:\/\/qimiq.com\/en\/#\/schema\/logo\/image\/\",\"url\":\"https:\/\/qimiq.com\/wp-content\/uploads\/AdobeStock_300763099_Video_HD_Preview.png\",\"contentUrl\":\"https:\/\/qimiq.com\/wp-content\/uploads\/AdobeStock_300763099_Video_HD_Preview.png\",\"width\":712,\"height\":401,\"caption\":\"QimiQ\"},\"image\":{\"@id\":\"https:\/\/qimiq.com\/en\/#\/schema\/logo\/image\/\"},\"sameAs\":[\"https:\/\/www.facebook.com\/QimiQWorld\/\",\"https:\/\/www.facebook.com\/QimiQProfessionals\/\",\"https:\/\/www.instagram.com\/qimiq_austria\/\"]}]}<\/script>\n<!-- \/ Yoast SEO Premium plugin. -->","yoast_head_json":{"title":"Demo - QimiQ","robots":{"index":"noindex","follow":"follow"},"og_locale":"sv_SE","og_type":"article","og_title":"Demo","og_url":"https:\/\/qimiq.com\/sv\/demo\/","og_site_name":"QimiQ","article_publisher":"https:\/\/www.facebook.com\/QimiQWorld\/","article_modified_time":"2026-03-31T08:55:08+00:00","og_image":[{"width":316,"height":202,"url":"https:\/\/qimiq.com\/wp-content\/uploads\/Torte.png","type":"image\/png"}],"twitter_card":"summary_large_image","schema":{"@context":"https:\/\/schema.org","@graph":[{"@type":"WebPage","@id":"https:\/\/qimiq.com\/demo\/","url":"https:\/\/qimiq.com\/demo\/","name":"Demo - QimiQ","isPartOf":{"@id":"https:\/\/qimiq.com\/en\/#website"},"datePublished":"2023-02-21T10:59:53+00:00","dateModified":"2026-03-31T08:55:08+00:00","breadcrumb":{"@id":"https:\/\/qimiq.com\/demo\/#breadcrumb"},"inLanguage":"sv-SE","potentialAction":[{"@type":"ReadAction","target":["https:\/\/qimiq.com\/demo\/"]}]},{"@type":"BreadcrumbList","@id":"https:\/\/qimiq.com\/demo\/#breadcrumb","itemListElement":[{"@type":"ListItem","position":1,"name":"Home","item":"https:\/\/qimiq.com\/"},{"@type":"ListItem","position":2,"name":"Demo"}]},{"@type":"WebSite","@id":"https:\/\/qimiq.com\/en\/#website","url":"https:\/\/qimiq.com\/en\/","name":"QimiQ","description":"","publisher":{"@id":"https:\/\/qimiq.com\/en\/#organization"},"potentialAction":[{"@type":"SearchAction","target":{"@type":"EntryPoint","urlTemplate":"https:\/\/qimiq.com\/en\/?s={search_term_string}"},"query-input":{"@type":"PropertyValueSpecification","valueRequired":true,"valueName":"search_term_string"}}],"inLanguage":"sv-SE"},{"@type":"Organization","@id":"https:\/\/qimiq.com\/en\/#organization","name":"QimiQ","url":"https:\/\/qimiq.com\/en\/","logo":{"@type":"ImageObject","inLanguage":"sv-SE","@id":"https:\/\/qimiq.com\/en\/#\/schema\/logo\/image\/","url":"https:\/\/qimiq.com\/wp-content\/uploads\/AdobeStock_300763099_Video_HD_Preview.png","contentUrl":"https:\/\/qimiq.com\/wp-content\/uploads\/AdobeStock_300763099_Video_HD_Preview.png","width":712,"height":401,"caption":"QimiQ"},"image":{"@id":"https:\/\/qimiq.com\/en\/#\/schema\/logo\/image\/"},"sameAs":["https:\/\/www.facebook.com\/QimiQWorld\/","https:\/\/www.facebook.com\/QimiQProfessionals\/","https:\/\/www.instagram.com\/qimiq_austria\/"]}]}},"_links":{"self":[{"href":"https:\/\/qimiq.com\/sv\/wp-json\/wp\/v2\/pages\/2139","targetHints":{"allow":["GET"]}}],"collection":[{"href":"https:\/\/qimiq.com\/sv\/wp-json\/wp\/v2\/pages"}],"about":[{"href":"https:\/\/qimiq.com\/sv\/wp-json\/wp\/v2\/types\/page"}],"author":[{"embeddable":true,"href":"https:\/\/qimiq.com\/sv\/wp-json\/wp\/v2\/users\/1"}],"replies":[{"embeddable":true,"href":"https:\/\/qimiq.com\/sv\/wp-json\/wp\/v2\/comments?post=2139"}],"version-history":[{"count":2,"href":"https:\/\/qimiq.com\/sv\/wp-json\/wp\/v2\/pages\/2139\/revisions"}],"predecessor-version":[{"id":3506,"href":"https:\/\/qimiq.com\/sv\/wp-json\/wp\/v2\/pages\/2139\/revisions\/3506"}],"wp:attachment":[{"href":"https:\/\/qimiq.com\/sv\/wp-json\/wp\/v2\/media?parent=2139"}],"curies":[{"name":"wp","href":"https:\/\/api.w.org\/{rel}","templated":true}]}}