{"id":1842,"date":"2022-10-06T14:03:58","date_gmt":"2022-10-06T13:03:58","guid":{"rendered":"https:\/\/qimiq.lightcyde\/?page_id=1842"},"modified":"2023-07-20T14:44:03","modified_gmt":"2023-07-20T13:44:03","slug":"guanaja-gianduja-4-x-orange-av-wolfgang-kiessling","status":"publish","type":"page","link":"https:\/\/qimiq.com\/sv\/qimiq-foer-yrkesverksamma\/kockens-kockar\/kockrecept\/guanaja-gianduja-4-x-orange-av-wolfgang-kiessling\/","title":{"rendered":"Guanaja | Gianduja | 4 x apelsin av Wolfgang Kiessling"},"content":{"rendered":"<section id='lightpress__section--block_c7ad055522ccf8191cad649387590074' class='lightpress__section--full-width lightpress__section--default-section-space lightpress__section lightpress__section--image-text' data-scroll-section><div class=\"image-text__container image-text__container-- image-text__container--mirrored\">\n                            <picture class=\"image-text__picture\"\n                 data-aos=\"fade-left\"\n                 data-aos-once=\"true\"\n                 data-aos-anchor=\"#lightpress__section--block_c7ad055522ccf8191cad649387590074 .image-text__container\">\n            <source srcset=\"https:\/\/qimiq.com\/wp-content\/uploads\/CR-Guanaja.webp\" type=\"image\/webp\">\n            <img decoding=\"async\" src=\"https:\/\/qimiq.com\/wp-content\/uploads\/CR-Guanaja.jpg\" alt=\"CR Guanaja\" \/>\n        <\/picture>\n    \n    <div class=\"image-text__text\">\n        \n                    <h2 class=\"text--medium text--55\" data-aos=\"fade-right\"\n                data-aos-once=\"true\"\n                data-aos-delay=\"100\"\n                data-aos-anchor=\"#lightpress__section--block_c7ad055522ccf8191cad649387590074 .image-text__container\">Guanaja | Gianduja | 4 x apelsin av Wolfgang Kiessling<\/h2>\n        \n                    <div class=\"spacer--60\"><\/div>\n\n            <div data-aos=\"fade-right\" data-aos-once=\"true\"\n                 data-aos-delay=\"200\"\n                 data-aos-anchor=\"#lightpress__section--block_c7ad055522ccf8191cad649387590074 .image-text__container\"><p>Sea Chefs Cruises konditor Wolfgang Kiessling har skapat en fantastisk dessert till dig med QimiQ Whip. En underbar kombination av guanaja-choklad och apelsiner kommer att f\u00e5 dina g\u00e4ster att flyga till sjunde himlen. Allt vi kan s\u00e4ga \u00e4r: Bon Appetit<\/p>\n<\/div>\n        \n                    <div class=\"spacer--60\"><\/div>\n\n            <a class=\"qimiq-button\"\n               href=\"https:\/\/rdb.qimiq.com\/de\/recipes\/4257\"\n               target=\"_blank\" data-aos=\"fade-right\" data-aos-once=\"true\"\n               data-aos-delay=\"300\"\n               data-aos-anchor=\"#lightpress__section--block_c7ad055522ccf8191cad649387590074 .image-text__container\">Uppt\u00e4ck receptet i v\u00e5r receptdatabas<\/a>\n            <\/div>\n<\/div>\n\n<\/section>\n\n<section id='lightpress__section--block_ada171745c933866b44528ecfc9ea5e4' class='lightpress__section--cow-headline--medium lightpress__section--default-section-space lightpress__section lightpress__section--cow-headline' data-scroll-section><div class=\"cow-headline__container cow-headline__container--hide-bottom-margin\">\n        <h3 data-aos=\"fade-right\" class=\"cow-headline__headline\"\n    data-aos-once=\"true\">Ingredienser till 10 portioner<\/h3>\n<picture class=\"cow-headline__picture\"\n         data-aos=\"fade-left\"\n         data-aos-once=\"true\">\n    <source srcset=\"\/wp-content\/themes\/qimiq\/blocks\/cow-headline\/cow.png.webp\" type=\"image\/webp\">\n    <img decoding=\"async\" src=\"\/wp-content\/themes\/qimiq\/block\/cow-headline\/cow.png\" alt=\"Ko\">\n<\/picture>\n<\/div>\n\n<\/section>\n\n<section id='lightpress__section--block_b82cfa8838ca87be1c6761bb82d69e64' class='lightpress__section--wysiwyg-medium lightpress__section--default-section-space lightpress__section lightpress__section--wysiwyg' data-scroll-section><div class=\"wysiwyg-columns wysiwyg-columns--3\">\n            <div class=\"wysiwyg-columns__content\" data-aos=\"fade-right\"\n             data-aos-once=\"true\"><p><strong>Till vaniljpuddingen (cr\u00e8me anglaise)<\/strong><\/p>\n<ul>\n<li>500 ml vispgr\u00e4dde 36 % fett<\/li>\n<li>500 ml mj\u00f6lk<\/li>\n<li>2 vaniljst\u00e5ng(ar)<\/li>\n<li>200 g \u00e4ggula<\/li>\n<li>100 g socker<\/li>\n<\/ul>\n<p>\u00a0<\/p>\n<p><strong>Till gianduja-cremeuxen<\/strong><\/p>\n<ul>\n<li>500 g vaniljpudding (cr\u00e8me anglaise)<\/li>\n<li>500 g gianduja<\/li>\n<\/ul>\n<p>\u00a0<\/p>\n<p><strong>Till apelsinsorbeten<\/strong><\/p>\n<ul>\n<li>10 Apelsin(er)<\/li>\n<li>120 g socker<\/li>\n<li>40 g glukos<\/li>\n<\/ul>\n<\/div>\n            <div class=\"wysiwyg-columns__content\" data-aos=\"fade-left\"\n             data-aos-once=\"true\"><p><strong>Till guanaja-chokladmoussen<\/strong><\/p>\n<ul>\n<li>500 g QimiQ Whip, kyld<\/li>\n<li>500 g vaniljpudding (cr\u00e8me anglaise)<\/li>\n<li>600 g Valrhona Guanaja 70% m\u00f6rk choklad, sm\u00e4lt<\/li>\n<\/ul>\n<p>\u00a0<\/p>\n<p><strong>Till Muscovado &amp; \u00c8clat d'Or-smulpajen<\/strong><\/p>\n<ul>\n<li>200 g sm\u00f6r<\/li>\n<li>200 g muscovadosocker<\/li>\n<li>200 g vetemj\u00f6l, typ 550<\/li>\n<li>200 g mandlar, malda<\/li>\n<li>6 g citronskal<\/li>\n<li>75 g Eclat d`Or (smulade r\u00e5n)<\/li>\n<\/ul>\n<\/div>\n            <div class=\"wysiwyg-columns__content\" data-aos=\"fade-right\"\n             data-aos-once=\"true\"><p><strong>Till det halvkanderade apelsinskalet<\/strong><\/p>\n<ul>\n<li>200 g apelsinskal, rivet<\/li>\n<li>100 g socker<\/li>\n<li>100 ml vatten<\/li>\n<\/ul>\n<p>\u00a0<\/p>\n<p><strong>F\u00f6r dressing<\/strong><\/p>\n<ul>\n<li>Apelsins\u00e5s<\/li>\n<li>Blodapelsin(er), skuren i klyftor<\/li>\n<li>Mj\u00f6lkchoklad, riven<\/li>\n<\/ul>\n<\/div>\n    <\/div>\n\n<\/section>\n\n<section id='lightpress__section--block_f11d83107568ca29ef261a04c0a58d48' class='lightpress__section--cow-headline--medium lightpress__section--default-section-space lightpress__section lightpress__section--cow-headline' data-scroll-section><div class=\"cow-headline__container cow-headline__container--hide-bottom-margin\">\n        <h3 data-aos=\"fade-right\" class=\"cow-headline__headline\"\n    data-aos-once=\"true\">F\u00f6rberedelser<\/h3>\n<picture class=\"cow-headline__picture\"\n         data-aos=\"fade-left\"\n         data-aos-once=\"true\">\n    <source srcset=\"\/wp-content\/themes\/qimiq\/blocks\/cow-headline\/cow.png.webp\" type=\"image\/webp\">\n    <img decoding=\"async\" src=\"\/wp-content\/themes\/qimiq\/block\/cow-headline\/cow.png\" alt=\"Ko\">\n<\/picture>\n<\/div>\n\n<\/section>\n\n<section id='lightpress__section--block_388b5bd5fc31cf47f0cf341e3b89e546' class='lightpress__section--wysiwyg-medium lightpress__section--default-section-space lightpress__section lightpress__section--wysiwyg' data-scroll-section><div class=\"wysiwyg-columns wysiwyg-columns--1\">\n            <div class=\"wysiwyg-columns__content\" data-aos=\"fade-right\"\n             data-aos-once=\"true\"><ol>\n<li><strong>Till vaniljpuddingen:<\/strong><span>\u00a0<\/span>L\u00e5t gr\u00e4dden, mj\u00f6lken och den urskrapade vaniljst\u00e5ngen dra i ca 20 minuter.<\/li>\n<li>Vispa \u00e4ggulorna med sockret till en j\u00e4mn massa. Koka upp vispgr\u00e4ddeblandningen, tills\u00e4tt \u00e4ggula-sockerblandningen och vispa tills den bildar en ros.<\/li>\n<li>Passera blandningen genom en sil och kyl h\u00e4lften av den.<\/li>\n<li><strong>Till Gianduja Cremeux:<\/strong><span>\u00a0<\/span>F\u00f6rdela resten av den varma vaniljs\u00e5sen \u00f6ver giandujan och g\u00f6r en emulsion som en ganache.<\/li>\n<li>Mixa med en handmixer eller i en Thermomix vid en temperatur p\u00e5 minst 35 \u00b0C (max. 45 \u00b0C) tills en fin emulsion bildas och se till att ingen luft blandas in.<\/li>\n<li><strong>Till apelsinsorbeten:<\/strong><span>\u00a0<\/span>Fil\u00e9a apelsinerna och fyll en pacojet-b\u00e4gare upp till m\u00e4rket. Pressa de \u00e5terst\u00e5ende apelsinfil\u00e9erna v\u00e4l och h\u00e4ll h\u00e4lften av saften i pacojetb\u00e4garen.<\/li>\n<li>V\u00e4rm upp resten av apelsinjuicen och l\u00f6s upp socker och glukos i den. H\u00e4ll \u00f6ver i Pacojet-b\u00e4garen och l\u00e5t svalna. Frys vid - 22 \u00b0C i 24 timmar.<\/li>\n<li><strong>Till guanaja-chokladmoussen:<\/strong><span>\u00a0<\/span>Vispa den kalla QimiQ Whip med en mixer tills den \u00e4r sl\u00e4t. Tills\u00e4tt den kalla vaniljpuddingen och vispa till \u00f6nskad volym. V\u00e4nd ner den sm\u00e4lta chokladen.<\/li>\n<li>Spritsa chokladmoussen i silikonformar och frys in.<\/li>\n<li><strong>Till Muscovado &amp; \u00c9clat d'Or-smulpajen:<\/strong><span>\u00a0<\/span>Sk\u00e4r det kalla sm\u00f6ret i t\u00e4rningar och kn\u00e5da med muscovadosocker, mj\u00f6l, mandel och citronskal med hj\u00e4lp av en degkrok.<\/li>\n<li>Tills\u00e4tt \u00c9clat d'Or, blanda v\u00e4l och se till att degen inte g\u00e5r s\u00f6nder f\u00f6r mycket.<\/li>\n<li>Gr\u00e4dda i ugnen i 150 \u00b0C med ugnsluckan p\u00e5 gl\u00e4nt tills smulorna har f\u00e5tt fin f\u00e4rg.<\/li>\n<li><strong>F\u00f6r det halvkanderade apelsinskalet:<\/strong><span>\u00a0<\/span>L\u00e4gg apelsinskalet i bl\u00f6t i kallt vatten i ca 2 timmar. L\u00e5t rinna av och sk\u00e4r i juliennestrimlor. Avf\u00e4rga tv\u00e5 g\u00e5nger i kallt vatten, l\u00e5t rinna av och l\u00e4gg i en kastrull.<\/li>\n<li>Tills\u00e4tt socker och vatten till apelsinskalet och l\u00e5t koka upp p\u00e5 l\u00e5g v\u00e4rme. S\u00e4nk v\u00e4rmen och l\u00e5t sjuda tills vattnet har avdunstat och se till att det inte bildas n\u00e5gon karamell. Ta bort det kanderade apelsinskalet.<\/li>\n<li>Pacotisera apelsinsorbeten. Smak och konsistens kan \u00e4ndras genom att pacotera sorbeten en g\u00e5ng till.<\/li>\n<li><strong>Att servera:<\/strong><span>\u00a0<\/span>H\u00e4ll en droppe apelsins\u00e5s p\u00e5 kanten av tallriken och f\u00f6rdela med en sked. L\u00e4gg chokladmoussen i mitten av tallriken och f\u00f6rdela Muscovado-crumble bredvid. Ringla n\u00e5gra klickar av gianduja-cr\u00e8meuxen runt om och l\u00e4gg apelsinsorbeten ovanp\u00e5. Avsluta med lite halvkanderat apelsinskal, blodapelsinklyftor och mj\u00f6lkchokladsp\u00e5n och servera.<\/li>\n<\/ol>\n<\/div>\n    <\/div>\n\n<\/section>","protected":false},"excerpt":{"rendered":"","protected":false},"author":1,"featured_media":1759,"parent":682,"menu_order":0,"comment_status":"closed","ping_status":"closed","template":"","meta":{"_acf_changed":false,"_relevanssi_hide_post":"","_relevanssi_hide_content":"","_relevanssi_pin_for_all":"","_relevanssi_pin_keywords":"","_relevanssi_unpin_keywords":"","_relevanssi_related_keywords":"","_relevanssi_related_include_ids":"","_relevanssi_related_exclude_ids":"","_relevanssi_related_no_append":"","_relevanssi_related_not_related":"","_relevanssi_related_posts":"","_relevanssi_noindex_reason":"","footnotes":""},"class_list":["post-1842","page","type-page","status-publish","has-post-thumbnail","hentry"],"acf":[],"yoast_head":"<!-- This site is optimized with the Yoast SEO Premium plugin v26.6 (Yoast SEO v26.8) - https:\/\/yoast.com\/product\/yoast-seo-premium-wordpress\/ -->\n<title>Guanaja | Gianduja | 4 x Orange von Wolfgang Kiessling - QimiQ<\/title>\n<meta name=\"robots\" content=\"index, follow, max-snippet:-1, max-image-preview:large, max-video-preview:-1\" \/>\n<link rel=\"canonical\" href=\"https:\/\/qimiq.com\/sv\/qimiq-foer-yrkesverksamma\/kockens-kockar\/kockrecept\/guanaja-gianduja-4-x-orange-av-wolfgang-kiessling\/\" \/>\n<meta property=\"og:locale\" content=\"sv_SE\" \/>\n<meta property=\"og:type\" content=\"article\" \/>\n<meta property=\"og:title\" content=\"Guanaja | Gianduja | 4 x Orange von Wolfgang Kiessling\" \/>\n<meta property=\"og:url\" content=\"https:\/\/qimiq.com\/sv\/qimiq-foer-yrkesverksamma\/kockens-kockar\/kockrecept\/guanaja-gianduja-4-x-orange-av-wolfgang-kiessling\/\" \/>\n<meta property=\"og:site_name\" content=\"QimiQ\" \/>\n<meta property=\"article:publisher\" content=\"https:\/\/www.facebook.com\/QimiQWorld\/\" \/>\n<meta property=\"article:modified_time\" content=\"2023-07-20T13:44:03+00:00\" \/>\n<meta property=\"og:image\" content=\"https:\/\/qimiq.com\/wp-content\/uploads\/CR-Spargelsouffle.jpg\" \/>\n\t<meta property=\"og:image:width\" content=\"500\" \/>\n\t<meta property=\"og:image:height\" content=\"333\" \/>\n\t<meta property=\"og:image:type\" content=\"image\/jpeg\" \/>\n<meta name=\"twitter:card\" content=\"summary_large_image\" \/>\n<script type=\"application\/ld+json\" class=\"yoast-schema-graph\">{\"@context\":\"https:\/\/schema.org\",\"@graph\":[{\"@type\":\"WebPage\",\"@id\":\"https:\/\/qimiq.com\/qimiq-fuer-profis\/chefkoeche\/chefkoch-rezepte\/guanaja-gianduja-4-x-orange-von-wolfgang-kiessling\/\",\"url\":\"https:\/\/qimiq.com\/qimiq-fuer-profis\/chefkoeche\/chefkoch-rezepte\/guanaja-gianduja-4-x-orange-von-wolfgang-kiessling\/\",\"name\":\"Guanaja | Gianduja | 4 x Orange von Wolfgang Kiessling - QimiQ\",\"isPartOf\":{\"@id\":\"https:\/\/qimiq.com\/en\/#website\"},\"primaryImageOfPage\":{\"@id\":\"https:\/\/qimiq.com\/qimiq-fuer-profis\/chefkoeche\/chefkoch-rezepte\/guanaja-gianduja-4-x-orange-von-wolfgang-kiessling\/#primaryimage\"},\"image\":{\"@id\":\"https:\/\/qimiq.com\/qimiq-fuer-profis\/chefkoeche\/chefkoch-rezepte\/guanaja-gianduja-4-x-orange-von-wolfgang-kiessling\/#primaryimage\"},\"thumbnailUrl\":\"https:\/\/qimiq.com\/wp-content\/uploads\/CR-Spargelsouffle.jpg\",\"datePublished\":\"2022-10-06T13:03:58+00:00\",\"dateModified\":\"2023-07-20T13:44:03+00:00\",\"breadcrumb\":{\"@id\":\"https:\/\/qimiq.com\/qimiq-fuer-profis\/chefkoeche\/chefkoch-rezepte\/guanaja-gianduja-4-x-orange-von-wolfgang-kiessling\/#breadcrumb\"},\"inLanguage\":\"sv-SE\",\"potentialAction\":[{\"@type\":\"ReadAction\",\"target\":[\"https:\/\/qimiq.com\/qimiq-fuer-profis\/chefkoeche\/chefkoch-rezepte\/guanaja-gianduja-4-x-orange-von-wolfgang-kiessling\/\"]}]},{\"@type\":\"ImageObject\",\"inLanguage\":\"sv-SE\",\"@id\":\"https:\/\/qimiq.com\/qimiq-fuer-profis\/chefkoeche\/chefkoch-rezepte\/guanaja-gianduja-4-x-orange-von-wolfgang-kiessling\/#primaryimage\",\"url\":\"https:\/\/qimiq.com\/wp-content\/uploads\/CR-Spargelsouffle.jpg\",\"contentUrl\":\"https:\/\/qimiq.com\/wp-content\/uploads\/CR-Spargelsouffle.jpg\",\"width\":500,\"height\":333,\"caption\":\"CR Spargelsouffle\"},{\"@type\":\"BreadcrumbList\",\"@id\":\"https:\/\/qimiq.com\/qimiq-fuer-profis\/chefkoeche\/chefkoch-rezepte\/guanaja-gianduja-4-x-orange-von-wolfgang-kiessling\/#breadcrumb\",\"itemListElement\":[{\"@type\":\"ListItem\",\"position\":1,\"name\":\"Home\",\"item\":\"https:\/\/qimiq.com\/\"},{\"@type\":\"ListItem\",\"position\":2,\"name\":\"QimiQ f\u00fcr PROFIS\",\"item\":\"https:\/\/qimiq.com\/qimiq-fuer-profis\/\"},{\"@type\":\"ListItem\",\"position\":3,\"name\":\"Chefk\u00f6che\",\"item\":\"https:\/\/qimiq.com\/qimiq-fuer-profis\/chefkoeche\/\"},{\"@type\":\"ListItem\",\"position\":4,\"name\":\"Chefkoch Rezepte\",\"item\":\"https:\/\/qimiq.com\/qimiq-fuer-profis\/chefkoeche\/chefkoch-rezepte\/\"},{\"@type\":\"ListItem\",\"position\":5,\"name\":\"Guanaja | Gianduja | 4 x Orange von Wolfgang Kiessling\"}]},{\"@type\":\"WebSite\",\"@id\":\"https:\/\/qimiq.com\/en\/#website\",\"url\":\"https:\/\/qimiq.com\/en\/\",\"name\":\"QimiQ\",\"description\":\"\",\"publisher\":{\"@id\":\"https:\/\/qimiq.com\/en\/#organization\"},\"potentialAction\":[{\"@type\":\"SearchAction\",\"target\":{\"@type\":\"EntryPoint\",\"urlTemplate\":\"https:\/\/qimiq.com\/en\/?s={search_term_string}\"},\"query-input\":{\"@type\":\"PropertyValueSpecification\",\"valueRequired\":true,\"valueName\":\"search_term_string\"}}],\"inLanguage\":\"sv-SE\"},{\"@type\":\"Organization\",\"@id\":\"https:\/\/qimiq.com\/en\/#organization\",\"name\":\"QimiQ\",\"url\":\"https:\/\/qimiq.com\/en\/\",\"logo\":{\"@type\":\"ImageObject\",\"inLanguage\":\"sv-SE\",\"@id\":\"https:\/\/qimiq.com\/en\/#\/schema\/logo\/image\/\",\"url\":\"https:\/\/qimiq.com\/wp-content\/uploads\/AdobeStock_300763099_Video_HD_Preview.png\",\"contentUrl\":\"https:\/\/qimiq.com\/wp-content\/uploads\/AdobeStock_300763099_Video_HD_Preview.png\",\"width\":712,\"height\":401,\"caption\":\"QimiQ\"},\"image\":{\"@id\":\"https:\/\/qimiq.com\/en\/#\/schema\/logo\/image\/\"},\"sameAs\":[\"https:\/\/www.facebook.com\/QimiQWorld\/\",\"https:\/\/www.facebook.com\/QimiQProfessionals\/\",\"https:\/\/www.instagram.com\/qimiq_austria\/\"]}]}<\/script>\n<!-- \/ Yoast SEO Premium plugin. -->","yoast_head_json":{"title":"Guanaja | Gianduja | 4 x apelsin av Wolfgang Kiessling - QimiQ","robots":{"index":"index","follow":"follow","max-snippet":"max-snippet:-1","max-image-preview":"max-image-preview:large","max-video-preview":"max-video-preview:-1"},"canonical":"https:\/\/qimiq.com\/sv\/qimiq-foer-yrkesverksamma\/kockens-kockar\/kockrecept\/guanaja-gianduja-4-x-orange-av-wolfgang-kiessling\/","og_locale":"sv_SE","og_type":"article","og_title":"Guanaja | Gianduja | 4 x Orange von Wolfgang Kiessling","og_url":"https:\/\/qimiq.com\/sv\/qimiq-foer-yrkesverksamma\/kockens-kockar\/kockrecept\/guanaja-gianduja-4-x-orange-av-wolfgang-kiessling\/","og_site_name":"QimiQ","article_publisher":"https:\/\/www.facebook.com\/QimiQWorld\/","article_modified_time":"2023-07-20T13:44:03+00:00","og_image":[{"width":500,"height":333,"url":"https:\/\/qimiq.com\/wp-content\/uploads\/CR-Spargelsouffle.jpg","type":"image\/jpeg"}],"twitter_card":"summary_large_image","schema":{"@context":"https:\/\/schema.org","@graph":[{"@type":"WebPage","@id":"https:\/\/qimiq.com\/qimiq-fuer-profis\/chefkoeche\/chefkoch-rezepte\/guanaja-gianduja-4-x-orange-von-wolfgang-kiessling\/","url":"https:\/\/qimiq.com\/qimiq-fuer-profis\/chefkoeche\/chefkoch-rezepte\/guanaja-gianduja-4-x-orange-von-wolfgang-kiessling\/","name":"Guanaja | Gianduja | 4 x apelsin av Wolfgang Kiessling - QimiQ","isPartOf":{"@id":"https:\/\/qimiq.com\/en\/#website"},"primaryImageOfPage":{"@id":"https:\/\/qimiq.com\/qimiq-fuer-profis\/chefkoeche\/chefkoch-rezepte\/guanaja-gianduja-4-x-orange-von-wolfgang-kiessling\/#primaryimage"},"image":{"@id":"https:\/\/qimiq.com\/qimiq-fuer-profis\/chefkoeche\/chefkoch-rezepte\/guanaja-gianduja-4-x-orange-von-wolfgang-kiessling\/#primaryimage"},"thumbnailUrl":"https:\/\/qimiq.com\/wp-content\/uploads\/CR-Spargelsouffle.jpg","datePublished":"2022-10-06T13:03:58+00:00","dateModified":"2023-07-20T13:44:03+00:00","breadcrumb":{"@id":"https:\/\/qimiq.com\/qimiq-fuer-profis\/chefkoeche\/chefkoch-rezepte\/guanaja-gianduja-4-x-orange-von-wolfgang-kiessling\/#breadcrumb"},"inLanguage":"sv-SE","potentialAction":[{"@type":"ReadAction","target":["https:\/\/qimiq.com\/qimiq-fuer-profis\/chefkoeche\/chefkoch-rezepte\/guanaja-gianduja-4-x-orange-von-wolfgang-kiessling\/"]}]},{"@type":"ImageObject","inLanguage":"sv-SE","@id":"https:\/\/qimiq.com\/qimiq-fuer-profis\/chefkoeche\/chefkoch-rezepte\/guanaja-gianduja-4-x-orange-von-wolfgang-kiessling\/#primaryimage","url":"https:\/\/qimiq.com\/wp-content\/uploads\/CR-Spargelsouffle.jpg","contentUrl":"https:\/\/qimiq.com\/wp-content\/uploads\/CR-Spargelsouffle.jpg","width":500,"height":333,"caption":"CR Spargelsouffle"},{"@type":"BreadcrumbList","@id":"https:\/\/qimiq.com\/qimiq-fuer-profis\/chefkoeche\/chefkoch-rezepte\/guanaja-gianduja-4-x-orange-von-wolfgang-kiessling\/#breadcrumb","itemListElement":[{"@type":"ListItem","position":1,"name":"Home","item":"https:\/\/qimiq.com\/"},{"@type":"ListItem","position":2,"name":"QimiQ f\u00fcr PROFIS","item":"https:\/\/qimiq.com\/qimiq-fuer-profis\/"},{"@type":"ListItem","position":3,"name":"Chefk\u00f6che","item":"https:\/\/qimiq.com\/qimiq-fuer-profis\/chefkoeche\/"},{"@type":"ListItem","position":4,"name":"Chefkoch Rezepte","item":"https:\/\/qimiq.com\/qimiq-fuer-profis\/chefkoeche\/chefkoch-rezepte\/"},{"@type":"ListItem","position":5,"name":"Guanaja | Gianduja | 4 x Orange von Wolfgang Kiessling"}]},{"@type":"WebSite","@id":"https:\/\/qimiq.com\/en\/#website","url":"https:\/\/qimiq.com\/en\/","name":"QimiQ","description":"","publisher":{"@id":"https:\/\/qimiq.com\/en\/#organization"},"potentialAction":[{"@type":"SearchAction","target":{"@type":"EntryPoint","urlTemplate":"https:\/\/qimiq.com\/en\/?s={search_term_string}"},"query-input":{"@type":"PropertyValueSpecification","valueRequired":true,"valueName":"search_term_string"}}],"inLanguage":"sv-SE"},{"@type":"Organization","@id":"https:\/\/qimiq.com\/en\/#organization","name":"QimiQ","url":"https:\/\/qimiq.com\/en\/","logo":{"@type":"ImageObject","inLanguage":"sv-SE","@id":"https:\/\/qimiq.com\/en\/#\/schema\/logo\/image\/","url":"https:\/\/qimiq.com\/wp-content\/uploads\/AdobeStock_300763099_Video_HD_Preview.png","contentUrl":"https:\/\/qimiq.com\/wp-content\/uploads\/AdobeStock_300763099_Video_HD_Preview.png","width":712,"height":401,"caption":"QimiQ"},"image":{"@id":"https:\/\/qimiq.com\/en\/#\/schema\/logo\/image\/"},"sameAs":["https:\/\/www.facebook.com\/QimiQWorld\/","https:\/\/www.facebook.com\/QimiQProfessionals\/","https:\/\/www.instagram.com\/qimiq_austria\/"]}]}},"_links":{"self":[{"href":"https:\/\/qimiq.com\/sv\/wp-json\/wp\/v2\/pages\/1842","targetHints":{"allow":["GET"]}}],"collection":[{"href":"https:\/\/qimiq.com\/sv\/wp-json\/wp\/v2\/pages"}],"about":[{"href":"https:\/\/qimiq.com\/sv\/wp-json\/wp\/v2\/types\/page"}],"author":[{"embeddable":true,"href":"https:\/\/qimiq.com\/sv\/wp-json\/wp\/v2\/users\/1"}],"replies":[{"embeddable":true,"href":"https:\/\/qimiq.com\/sv\/wp-json\/wp\/v2\/comments?post=1842"}],"version-history":[{"count":3,"href":"https:\/\/qimiq.com\/sv\/wp-json\/wp\/v2\/pages\/1842\/revisions"}],"predecessor-version":[{"id":2804,"href":"https:\/\/qimiq.com\/sv\/wp-json\/wp\/v2\/pages\/1842\/revisions\/2804"}],"up":[{"embeddable":true,"href":"https:\/\/qimiq.com\/sv\/wp-json\/wp\/v2\/pages\/682"}],"wp:featuredmedia":[{"embeddable":true,"href":"https:\/\/qimiq.com\/sv\/wp-json\/wp\/v2\/media\/1759"}],"wp:attachment":[{"href":"https:\/\/qimiq.com\/sv\/wp-json\/wp\/v2\/media?parent=1842"}],"curies":[{"name":"wp","href":"https:\/\/api.w.org\/{rel}","templated":true}]}}