{"id":1815,"date":"2022-10-06T13:53:34","date_gmt":"2022-10-06T12:53:34","guid":{"rendered":"https:\/\/qimiq.lightcyde\/?page_id=1815"},"modified":"2023-07-20T14:42:03","modified_gmt":"2023-07-20T13:42:03","slug":"kraftbruehe-med-ostmassa-spenat-ravioli","status":"publish","type":"page","link":"https:\/\/qimiq.com\/sv\/qimiq-foer-yrkesverksamma\/kockens-kockar\/kockrecept\/kraftbruehe-med-ostmassa-spenat-ravioli\/","title":{"rendered":"Kraftbuljong med ostmassa och spenatravioli"},"content":{"rendered":"<section id='lightpress__section--block_7640ce0999990a18b7d92926d7d89b97' class='lightpress__section--full-width lightpress__section--default-section-space lightpress__section lightpress__section--image-text' data-scroll-section><div class=\"image-text__container image-text__container-- image-text__container--mirrored\">\n                            <picture class=\"image-text__picture\"\n                 data-aos=\"fade-left\"\n                 data-aos-once=\"true\"\n                 data-aos-anchor=\"#lightpress__section--block_7640ce0999990a18b7d92926d7d89b97 .image-text__container\">\n            <source srcset=\"https:\/\/qimiq.com\/wp-content\/uploads\/CR-Kraftbruehe.webp\" type=\"image\/webp\">\n            <img decoding=\"async\" src=\"https:\/\/qimiq.com\/wp-content\/uploads\/CR-Kraftbruehe.jpg\" alt=\"CR Styrka broth\" \/>\n        <\/picture>\n    \n    <div class=\"image-text__text\">\n        \n                    <h2 class=\"text--medium text--55\" data-aos=\"fade-right\"\n                data-aos-once=\"true\"\n                data-aos-delay=\"100\"\n                data-aos-anchor=\"#lightpress__section--block_7640ce0999990a18b7d92926d7d89b97 .image-text__container\">Kraftbuljong med ostmassa och spenatravioli<\/h2>\n        \n                    <div class=\"spacer--60\"><\/div>\n\n            <div data-aos=\"fade-right\" data-aos-once=\"true\"\n                 data-aos-delay=\"200\"\n                 data-aos-anchor=\"#lightpress__section--block_7640ce0999990a18b7d92926d7d89b97 .image-text__container\"><p>Hans Mandl har l\u00e4rt sig och lagat mat p\u00e5 de b\u00e4sta restaurangerna och \u00e4r medgrundare av QimiQ tillsammans med Rudolf Haindl. Han st\u00e5r f\u00f6r perfektion, kreativitet och framf\u00f6r allt regionalitet. Det h\u00e4r receptet \u00e5terspeglar hans credo exakt. En himmelsk r\u00e4tt som kommer att f\u00e5 alla att tappa hakan. Det lovar vi.<\/p>\n<\/div>\n        \n                    <div class=\"spacer--60\"><\/div>\n\n            <a class=\"qimiq-button\"\n               href=\"https:\/\/rdb.qimiq.com\/de\/recipes\/4255\"\n               target=\"_blank\" data-aos=\"fade-right\" data-aos-once=\"true\"\n               data-aos-delay=\"300\"\n               data-aos-anchor=\"#lightpress__section--block_7640ce0999990a18b7d92926d7d89b97 .image-text__container\">Uppt\u00e4ck receptet i v\u00e5r receptdatabas<\/a>\n            <\/div>\n<\/div>\n\n<\/section>\n\n<section id='lightpress__section--block_6407717fc66433e1d6bfe3efd1d4bc27' class='lightpress__section--cow-headline--medium lightpress__section--default-section-space lightpress__section lightpress__section--cow-headline' data-scroll-section><div class=\"cow-headline__container cow-headline__container--hide-bottom-margin\">\n        <h3 data-aos=\"fade-right\" class=\"cow-headline__headline\"\n    data-aos-once=\"true\">Ingredienser till 10 portioner (2 liter buljong)<\/h3>\n<picture class=\"cow-headline__picture\"\n         data-aos=\"fade-left\"\n         data-aos-once=\"true\">\n    <source srcset=\"\/wp-content\/themes\/qimiq\/blocks\/cow-headline\/cow.png.webp\" type=\"image\/webp\">\n    <img decoding=\"async\" src=\"\/wp-content\/themes\/qimiq\/block\/cow-headline\/cow.png\" alt=\"Ko\">\n<\/picture>\n<\/div>\n\n<\/section>\n\n<section id='lightpress__section--block_1ac3ce0bdb732127bf5b59f2f897e21a' class='lightpress__section--wysiwyg-medium lightpress__section--default-section-space lightpress__section lightpress__section--wysiwyg' data-scroll-section><div class=\"wysiwyg-columns wysiwyg-columns--2\">\n            <div class=\"wysiwyg-columns__content\" data-aos=\"fade-right\"\n             data-aos-once=\"true\"><p><strong>Till pastadegen<\/strong><\/p>\n<ul>\n<li>500 g mj\u00f6l<\/li>\n<li>4 \u00e4gg<\/li>\n<li>2 msk olivolja<\/li>\n<li>Salt<\/li>\n<\/ul>\n<\/div>\n            <div class=\"wysiwyg-columns__content\" data-aos=\"fade-left\"\n             data-aos-once=\"true\"><p><strong>Till fyllningen<\/strong><\/p>\n<ul>\n<li>250 g QimiQ s\u00e5sbas<\/li>\n<li>100 g schalottenl\u00f6k(ar), finhackad(e)<\/li>\n<li>1 vitl\u00f6ksklyfta(r), finhackad(e)<\/li>\n<li>60 g sm\u00f6r<\/li>\n<li>250 g bladspenat<\/li>\n<li>150 g ostmassa \/ kvarg 20 % fett<\/li>\n<li>Salt<\/li>\n<li>svartpeppar, nymald<\/li>\n<li>Muskotn\u00f6t, mald<\/li>\n<\/ul>\n<\/div>\n    <\/div>\n\n<\/section>\n\n<section id='lightpress__section--block_18ff69ef6d2b83395865d2a52a32f23d' class='lightpress__section--cow-headline--medium lightpress__section--default-section-space lightpress__section lightpress__section--cow-headline' data-scroll-section><div class=\"cow-headline__container cow-headline__container--hide-bottom-margin\">\n        <h3 data-aos=\"fade-right\" class=\"cow-headline__headline\"\n    data-aos-once=\"true\">F\u00f6rberedelser<\/h3>\n<picture class=\"cow-headline__picture\"\n         data-aos=\"fade-left\"\n         data-aos-once=\"true\">\n    <source srcset=\"\/wp-content\/themes\/qimiq\/blocks\/cow-headline\/cow.png.webp\" type=\"image\/webp\">\n    <img decoding=\"async\" src=\"\/wp-content\/themes\/qimiq\/block\/cow-headline\/cow.png\" alt=\"Ko\">\n<\/picture>\n<\/div>\n\n<\/section>\n\n<section id='lightpress__section--block_22a84961700d32455d8bd81257c6cae1' class='lightpress__section--wysiwyg-medium lightpress__section--default-section-space lightpress__section lightpress__section--wysiwyg' data-scroll-section><div class=\"wysiwyg-columns wysiwyg-columns--1\">\n            <div class=\"wysiwyg-columns__content\" data-aos=\"fade-right\"\n             data-aos-once=\"true\"><ol>\n<li><strong>F\u00f6r pastadegen:<\/strong><span>\u00a0<\/span>Kn\u00e5da ihop alla ingredienser till en smidig deg, t\u00e4ck \u00f6ver och l\u00e5t vila i kylsk\u00e5pet i en timme.<\/li>\n<li><strong>Till fyllningen:<\/strong><span>\u00a0<\/span>Fr\u00e4s schalottenl\u00f6k och vitl\u00f6k i sm\u00f6ret.<\/li>\n<li>Blanchera spenatbladen, pressa dem v\u00e4l och hacka dem fint.<\/li>\n<li>Blanda spenatblad, schalottenl\u00f6k och vitl\u00f6k med QimiQ-s\u00e5sbasen och ostmassan och smaka av med salt, peppar och muskotn\u00f6t.<\/li>\n<li>Kavla ut pastadegen till tunna ark och bred p\u00e5 lite av fyllningen. Vik upp degen och sk\u00e4r ut ravioli.<\/li>\n<li>L\u00e5t raviolin sjuda i saltat vatten i ca 5 minuter, ta upp den och servera med buljongen.<\/li>\n<\/ol>\n<\/div>\n    <\/div>\n\n<\/section>","protected":false},"excerpt":{"rendered":"","protected":false},"author":1,"featured_media":1759,"parent":682,"menu_order":0,"comment_status":"closed","ping_status":"closed","template":"","meta":{"_acf_changed":false,"_relevanssi_hide_post":"","_relevanssi_hide_content":"","_relevanssi_pin_for_all":"","_relevanssi_pin_keywords":"","_relevanssi_unpin_keywords":"","_relevanssi_related_keywords":"","_relevanssi_related_include_ids":"","_relevanssi_related_exclude_ids":"","_relevanssi_related_no_append":"","_relevanssi_related_not_related":"","_relevanssi_related_posts":"","_relevanssi_noindex_reason":"","footnotes":""},"class_list":["post-1815","page","type-page","status-publish","has-post-thumbnail","hentry"],"acf":[],"yoast_head":"<!-- This site is optimized with the Yoast SEO Premium plugin v26.6 (Yoast SEO v26.8) - https:\/\/yoast.com\/product\/yoast-seo-premium-wordpress\/ -->\n<title>Kraftbr\u00fche mit Topfen-Spinat-Ravioli - QimiQ<\/title>\n<meta name=\"robots\" content=\"index, follow, max-snippet:-1, max-image-preview:large, max-video-preview:-1\" \/>\n<link rel=\"canonical\" href=\"https:\/\/qimiq.com\/sv\/qimiq-foer-yrkesverksamma\/kockens-kockar\/kockrecept\/kraftbruehe-med-ostmassa-spenat-ravioli\/\" \/>\n<meta property=\"og:locale\" content=\"sv_SE\" \/>\n<meta property=\"og:type\" content=\"article\" \/>\n<meta property=\"og:title\" content=\"Kraftbr\u00fche mit Topfen-Spinat-Ravioli\" \/>\n<meta property=\"og:url\" content=\"https:\/\/qimiq.com\/sv\/qimiq-foer-yrkesverksamma\/kockens-kockar\/kockrecept\/kraftbruehe-med-ostmassa-spenat-ravioli\/\" \/>\n<meta property=\"og:site_name\" content=\"QimiQ\" \/>\n<meta property=\"article:publisher\" content=\"https:\/\/www.facebook.com\/QimiQWorld\/\" \/>\n<meta property=\"article:modified_time\" content=\"2023-07-20T13:42:03+00:00\" \/>\n<meta property=\"og:image\" content=\"https:\/\/qimiq.com\/wp-content\/uploads\/CR-Spargelsouffle.jpg\" \/>\n\t<meta property=\"og:image:width\" content=\"500\" \/>\n\t<meta property=\"og:image:height\" content=\"333\" \/>\n\t<meta property=\"og:image:type\" content=\"image\/jpeg\" \/>\n<meta name=\"twitter:card\" content=\"summary_large_image\" \/>\n<script type=\"application\/ld+json\" class=\"yoast-schema-graph\">{\"@context\":\"https:\/\/schema.org\",\"@graph\":[{\"@type\":\"WebPage\",\"@id\":\"https:\/\/qimiq.com\/qimiq-fuer-profis\/chefkoeche\/chefkoch-rezepte\/kraftbruehe-mit-topfen-spinat-ravioli\/\",\"url\":\"https:\/\/qimiq.com\/qimiq-fuer-profis\/chefkoeche\/chefkoch-rezepte\/kraftbruehe-mit-topfen-spinat-ravioli\/\",\"name\":\"Kraftbr\u00fche mit Topfen-Spinat-Ravioli - QimiQ\",\"isPartOf\":{\"@id\":\"https:\/\/qimiq.com\/en\/#website\"},\"primaryImageOfPage\":{\"@id\":\"https:\/\/qimiq.com\/qimiq-fuer-profis\/chefkoeche\/chefkoch-rezepte\/kraftbruehe-mit-topfen-spinat-ravioli\/#primaryimage\"},\"image\":{\"@id\":\"https:\/\/qimiq.com\/qimiq-fuer-profis\/chefkoeche\/chefkoch-rezepte\/kraftbruehe-mit-topfen-spinat-ravioli\/#primaryimage\"},\"thumbnailUrl\":\"https:\/\/qimiq.com\/wp-content\/uploads\/CR-Spargelsouffle.jpg\",\"datePublished\":\"2022-10-06T12:53:34+00:00\",\"dateModified\":\"2023-07-20T13:42:03+00:00\",\"breadcrumb\":{\"@id\":\"https:\/\/qimiq.com\/qimiq-fuer-profis\/chefkoeche\/chefkoch-rezepte\/kraftbruehe-mit-topfen-spinat-ravioli\/#breadcrumb\"},\"inLanguage\":\"sv-SE\",\"potentialAction\":[{\"@type\":\"ReadAction\",\"target\":[\"https:\/\/qimiq.com\/qimiq-fuer-profis\/chefkoeche\/chefkoch-rezepte\/kraftbruehe-mit-topfen-spinat-ravioli\/\"]}]},{\"@type\":\"ImageObject\",\"inLanguage\":\"sv-SE\",\"@id\":\"https:\/\/qimiq.com\/qimiq-fuer-profis\/chefkoeche\/chefkoch-rezepte\/kraftbruehe-mit-topfen-spinat-ravioli\/#primaryimage\",\"url\":\"https:\/\/qimiq.com\/wp-content\/uploads\/CR-Spargelsouffle.jpg\",\"contentUrl\":\"https:\/\/qimiq.com\/wp-content\/uploads\/CR-Spargelsouffle.jpg\",\"width\":500,\"height\":333,\"caption\":\"CR Spargelsouffle\"},{\"@type\":\"BreadcrumbList\",\"@id\":\"https:\/\/qimiq.com\/qimiq-fuer-profis\/chefkoeche\/chefkoch-rezepte\/kraftbruehe-mit-topfen-spinat-ravioli\/#breadcrumb\",\"itemListElement\":[{\"@type\":\"ListItem\",\"position\":1,\"name\":\"Home\",\"item\":\"https:\/\/qimiq.com\/\"},{\"@type\":\"ListItem\",\"position\":2,\"name\":\"QimiQ f\u00fcr PROFIS\",\"item\":\"https:\/\/qimiq.com\/qimiq-fuer-profis\/\"},{\"@type\":\"ListItem\",\"position\":3,\"name\":\"Chefk\u00f6che\",\"item\":\"https:\/\/qimiq.com\/qimiq-fuer-profis\/chefkoeche\/\"},{\"@type\":\"ListItem\",\"position\":4,\"name\":\"Chefkoch Rezepte\",\"item\":\"https:\/\/qimiq.com\/qimiq-fuer-profis\/chefkoeche\/chefkoch-rezepte\/\"},{\"@type\":\"ListItem\",\"position\":5,\"name\":\"Kraftbr\u00fche mit Topfen-Spinat-Ravioli\"}]},{\"@type\":\"WebSite\",\"@id\":\"https:\/\/qimiq.com\/en\/#website\",\"url\":\"https:\/\/qimiq.com\/en\/\",\"name\":\"QimiQ\",\"description\":\"\",\"publisher\":{\"@id\":\"https:\/\/qimiq.com\/en\/#organization\"},\"potentialAction\":[{\"@type\":\"SearchAction\",\"target\":{\"@type\":\"EntryPoint\",\"urlTemplate\":\"https:\/\/qimiq.com\/en\/?s={search_term_string}\"},\"query-input\":{\"@type\":\"PropertyValueSpecification\",\"valueRequired\":true,\"valueName\":\"search_term_string\"}}],\"inLanguage\":\"sv-SE\"},{\"@type\":\"Organization\",\"@id\":\"https:\/\/qimiq.com\/en\/#organization\",\"name\":\"QimiQ\",\"url\":\"https:\/\/qimiq.com\/en\/\",\"logo\":{\"@type\":\"ImageObject\",\"inLanguage\":\"sv-SE\",\"@id\":\"https:\/\/qimiq.com\/en\/#\/schema\/logo\/image\/\",\"url\":\"https:\/\/qimiq.com\/wp-content\/uploads\/AdobeStock_300763099_Video_HD_Preview.png\",\"contentUrl\":\"https:\/\/qimiq.com\/wp-content\/uploads\/AdobeStock_300763099_Video_HD_Preview.png\",\"width\":712,\"height\":401,\"caption\":\"QimiQ\"},\"image\":{\"@id\":\"https:\/\/qimiq.com\/en\/#\/schema\/logo\/image\/\"},\"sameAs\":[\"https:\/\/www.facebook.com\/QimiQWorld\/\",\"https:\/\/www.facebook.com\/QimiQProfessionals\/\",\"https:\/\/www.instagram.com\/qimiq_austria\/\"]}]}<\/script>\n<!-- \/ Yoast SEO Premium plugin. -->","yoast_head_json":{"title":"Kraftbuljong med ostmassa och spenatravioli - QimiQ","robots":{"index":"index","follow":"follow","max-snippet":"max-snippet:-1","max-image-preview":"max-image-preview:large","max-video-preview":"max-video-preview:-1"},"canonical":"https:\/\/qimiq.com\/sv\/qimiq-foer-yrkesverksamma\/kockens-kockar\/kockrecept\/kraftbruehe-med-ostmassa-spenat-ravioli\/","og_locale":"sv_SE","og_type":"article","og_title":"Kraftbr\u00fche mit Topfen-Spinat-Ravioli","og_url":"https:\/\/qimiq.com\/sv\/qimiq-foer-yrkesverksamma\/kockens-kockar\/kockrecept\/kraftbruehe-med-ostmassa-spenat-ravioli\/","og_site_name":"QimiQ","article_publisher":"https:\/\/www.facebook.com\/QimiQWorld\/","article_modified_time":"2023-07-20T13:42:03+00:00","og_image":[{"width":500,"height":333,"url":"https:\/\/qimiq.com\/wp-content\/uploads\/CR-Spargelsouffle.jpg","type":"image\/jpeg"}],"twitter_card":"summary_large_image","schema":{"@context":"https:\/\/schema.org","@graph":[{"@type":"WebPage","@id":"https:\/\/qimiq.com\/qimiq-fuer-profis\/chefkoeche\/chefkoch-rezepte\/kraftbruehe-mit-topfen-spinat-ravioli\/","url":"https:\/\/qimiq.com\/qimiq-fuer-profis\/chefkoeche\/chefkoch-rezepte\/kraftbruehe-mit-topfen-spinat-ravioli\/","name":"Kraftbuljong med ostmassa och spenatravioli - QimiQ","isPartOf":{"@id":"https:\/\/qimiq.com\/en\/#website"},"primaryImageOfPage":{"@id":"https:\/\/qimiq.com\/qimiq-fuer-profis\/chefkoeche\/chefkoch-rezepte\/kraftbruehe-mit-topfen-spinat-ravioli\/#primaryimage"},"image":{"@id":"https:\/\/qimiq.com\/qimiq-fuer-profis\/chefkoeche\/chefkoch-rezepte\/kraftbruehe-mit-topfen-spinat-ravioli\/#primaryimage"},"thumbnailUrl":"https:\/\/qimiq.com\/wp-content\/uploads\/CR-Spargelsouffle.jpg","datePublished":"2022-10-06T12:53:34+00:00","dateModified":"2023-07-20T13:42:03+00:00","breadcrumb":{"@id":"https:\/\/qimiq.com\/qimiq-fuer-profis\/chefkoeche\/chefkoch-rezepte\/kraftbruehe-mit-topfen-spinat-ravioli\/#breadcrumb"},"inLanguage":"sv-SE","potentialAction":[{"@type":"ReadAction","target":["https:\/\/qimiq.com\/qimiq-fuer-profis\/chefkoeche\/chefkoch-rezepte\/kraftbruehe-mit-topfen-spinat-ravioli\/"]}]},{"@type":"ImageObject","inLanguage":"sv-SE","@id":"https:\/\/qimiq.com\/qimiq-fuer-profis\/chefkoeche\/chefkoch-rezepte\/kraftbruehe-mit-topfen-spinat-ravioli\/#primaryimage","url":"https:\/\/qimiq.com\/wp-content\/uploads\/CR-Spargelsouffle.jpg","contentUrl":"https:\/\/qimiq.com\/wp-content\/uploads\/CR-Spargelsouffle.jpg","width":500,"height":333,"caption":"CR Spargelsouffle"},{"@type":"BreadcrumbList","@id":"https:\/\/qimiq.com\/qimiq-fuer-profis\/chefkoeche\/chefkoch-rezepte\/kraftbruehe-mit-topfen-spinat-ravioli\/#breadcrumb","itemListElement":[{"@type":"ListItem","position":1,"name":"Home","item":"https:\/\/qimiq.com\/"},{"@type":"ListItem","position":2,"name":"QimiQ f\u00fcr PROFIS","item":"https:\/\/qimiq.com\/qimiq-fuer-profis\/"},{"@type":"ListItem","position":3,"name":"Chefk\u00f6che","item":"https:\/\/qimiq.com\/qimiq-fuer-profis\/chefkoeche\/"},{"@type":"ListItem","position":4,"name":"Chefkoch Rezepte","item":"https:\/\/qimiq.com\/qimiq-fuer-profis\/chefkoeche\/chefkoch-rezepte\/"},{"@type":"ListItem","position":5,"name":"Kraftbr\u00fche mit Topfen-Spinat-Ravioli"}]},{"@type":"WebSite","@id":"https:\/\/qimiq.com\/en\/#website","url":"https:\/\/qimiq.com\/en\/","name":"QimiQ","description":"","publisher":{"@id":"https:\/\/qimiq.com\/en\/#organization"},"potentialAction":[{"@type":"SearchAction","target":{"@type":"EntryPoint","urlTemplate":"https:\/\/qimiq.com\/en\/?s={search_term_string}"},"query-input":{"@type":"PropertyValueSpecification","valueRequired":true,"valueName":"search_term_string"}}],"inLanguage":"sv-SE"},{"@type":"Organization","@id":"https:\/\/qimiq.com\/en\/#organization","name":"QimiQ","url":"https:\/\/qimiq.com\/en\/","logo":{"@type":"ImageObject","inLanguage":"sv-SE","@id":"https:\/\/qimiq.com\/en\/#\/schema\/logo\/image\/","url":"https:\/\/qimiq.com\/wp-content\/uploads\/AdobeStock_300763099_Video_HD_Preview.png","contentUrl":"https:\/\/qimiq.com\/wp-content\/uploads\/AdobeStock_300763099_Video_HD_Preview.png","width":712,"height":401,"caption":"QimiQ"},"image":{"@id":"https:\/\/qimiq.com\/en\/#\/schema\/logo\/image\/"},"sameAs":["https:\/\/www.facebook.com\/QimiQWorld\/","https:\/\/www.facebook.com\/QimiQProfessionals\/","https:\/\/www.instagram.com\/qimiq_austria\/"]}]}},"_links":{"self":[{"href":"https:\/\/qimiq.com\/sv\/wp-json\/wp\/v2\/pages\/1815","targetHints":{"allow":["GET"]}}],"collection":[{"href":"https:\/\/qimiq.com\/sv\/wp-json\/wp\/v2\/pages"}],"about":[{"href":"https:\/\/qimiq.com\/sv\/wp-json\/wp\/v2\/types\/page"}],"author":[{"embeddable":true,"href":"https:\/\/qimiq.com\/sv\/wp-json\/wp\/v2\/users\/1"}],"replies":[{"embeddable":true,"href":"https:\/\/qimiq.com\/sv\/wp-json\/wp\/v2\/comments?post=1815"}],"version-history":[{"count":3,"href":"https:\/\/qimiq.com\/sv\/wp-json\/wp\/v2\/pages\/1815\/revisions"}],"predecessor-version":[{"id":2795,"href":"https:\/\/qimiq.com\/sv\/wp-json\/wp\/v2\/pages\/1815\/revisions\/2795"}],"up":[{"embeddable":true,"href":"https:\/\/qimiq.com\/sv\/wp-json\/wp\/v2\/pages\/682"}],"wp:featuredmedia":[{"embeddable":true,"href":"https:\/\/qimiq.com\/sv\/wp-json\/wp\/v2\/media\/1759"}],"wp:attachment":[{"href":"https:\/\/qimiq.com\/sv\/wp-json\/wp\/v2\/media?parent=1815"}],"curies":[{"name":"wp","href":"https:\/\/api.w.org\/{rel}","templated":true}]}}