{"id":633,"date":"2022-06-21T09:49:44","date_gmt":"2022-06-21T08:49:44","guid":{"rendered":"https:\/\/qimiq.lightcyde\/?page_id=633"},"modified":"2025-06-04T12:30:30","modified_gmt":"2025-06-04T11:30:30","slug":"about-us","status":"publish","type":"page","link":"https:\/\/qimiq.com\/hu\/about-us\/","title":{"rendered":"About us"},"content":{"rendered":"<section id='lightpress__section--block_5a0da07a065b78ad6b91a9f20b705fdc' class='lightpress__section--cow-headline-- lightpress__section--default-section-space lightpress__section lightpress__section--cow-headline' data-scroll-section><div class=\"cow-headline__container\">\n        <h1 data-aos=\"fade-right\" class=\"cow-headline__headline\"\n    data-aos-once=\"true\">Minden a Q-r\u00f3l.<\/h1>\n<picture class=\"cow-headline__picture\"\n         data-aos=\"fade-left\"\n         data-aos-once=\"true\">\n    <source srcset=\"\/wp-content\/themes\/qimiq\/blocks\/cow-headline\/cow.png.webp\" type=\"image\/webp\">\n    <img decoding=\"async\" src=\"\/wp-content\/themes\/qimiq\/blocks\/cow-headline\/cow.png\" alt=\"Teh\u00e9n\">\n<\/picture>\n<\/div>\n\n<\/section>\n\n<section id='lightpress__section--block_2f45874700ae57b417c72b84ab1ef029' class='lightpress__section--wysiwyg-medium lightpress__section--default-section-space lightpress__section lightpress__section--wysiwyg' data-scroll-section><div class=\"wysiwyg-columns wysiwyg-columns--1\">\n            <div class=\"wysiwyg-columns__content\" data-aos=\"fade-right\"\n             data-aos-once=\"true\"><h6>A QimiQ egy Salzburg-i csal\u00e1di v\u00e1llalkoz\u00e1s, amely sz\u00e9khely\u00e9vel Hofban, a gy\u00f6ny\u00f6r\u0171 Fuschl-t\u00f3 mellett tal\u00e1lhat\u00f3.<\/h6>\n<\/div>\n    <\/div>\n\n<\/section>\n\n<section id='lightpress__section--block_a4632244fc9a2ac527f64e7a7247c050' class='lightpress__section--default-section-space lightpress__section lightpress__section--video-box' data-scroll-section><div class=\"video-box__container video-box__container--\">\n\n    <div class=\"video-box__texteditor\" data-aos=\"fade-left\" data-aos-delay=\"100\" data-aos-once=\"true\">\n\n                    \n                            \n                <div data-aos=\"fade-right\" data-aos-once=\"true\"\n                     data-aos-delay=\"300\"\n                     data-aos-anchor=\"#lightpress__section--block_a4632244fc9a2ac527f64e7a7247c050 .video-box__text\"><h4>A v\u00e1llalat alap\u00edt\u00f3i<\/h4>\n<p>\u00a0<\/p>\n<h6>Rudolf F. Haindl<\/h6>\n<p>\u00a0<\/p>\n<h6>Johann Mandl<\/h6>\n<\/div>\n                        <\/div>\n\n            <video class=\"video-box__video\" controls data-aos=\"fade-right\" data-aos-once=\"true\">\n                        <source src=\"https:\/\/qimiq.com\/wp-content\/uploads\/Wir-sind-QimiQ.mp4\" type=\"video\/mp4\">\n        <\/video>\n        <\/div>\n\n<\/section>\n\n<section id='lightpress__section--block_754c479172b265462648e253775a94d2' class='lightpress__section--full-width lightpress__section--default-section-space lightpress__section lightpress__section--text-with-testimonial' data-scroll-section><div class=\"testimonial-text__container testimonial-text__container--\">\n\n    <div class=\"testimonial-text__testimonial text text--40 text--color-darkblue text--medium\" data-aos=\"fade-right\"\n         data-aos-once=\"true\">\n        A QimiQ sz\u00f3 annyit jelent, mint \u201eGyors Tej\u201d,\n    <\/div>\n\n    <div class=\"testimonial-text__text\">\n        \n                    <h2 class=\"text--medium text--30\" data-aos=\"fade-right\"\n                data-aos-once=\"true\"\n                data-aos-delay=\"100\"\n                data-aos-anchor=\"#lightpress__section--block_754c479172b265462648e253775a94d2 .testimonial-text__text\">Mi tulajdonk\u00e9ppen a QimiQ?<\/h2>\n        \n                    <div class=\"spacer--60\"><\/div>\n\n            <div data-aos=\"fade-right\" data-aos-once=\"true\"\n                 data-aos-delay=\"200\"\n                 data-aos-anchor=\"#lightpress__section--block_754c479172b265462648e253775a94d2 .testimonial-text__text\"><p>A QimiQ a vil\u00e1g els\u0151 f\u0151z\u00e9shez \u00e9s s\u00fct\u00e9shez k\u00e9sz\u00fclt tejsz\u00ednb\u00e1zis, amely kiv\u00e1l\u00f3an alkalmas hideg \u00e9s meleg, valamint pik\u00e1ns \u00e9s \u00e9des \u00e9telekhez. A QimiQ egy term\u00e9szetes term\u00e9k, 99 % hazai tejsz\u00ednb\u0151l \u00e9s 1 % \u00e9tkez\u00e9si zselatinb\u00f3l (marha) k\u00e9sz\u00fclt. Az el\u0151\u00e1ll\u00edt\u00e1shoz haszn\u00e1lt tej kiz\u00e1r\u00f3lag a Salzburgi ter\u00fclet teheneit\u0151l sz\u00e1rmazik. Az 1 % zselatin biztos\u00edtja a term\u00e9k stabilit\u00e1s\u00e1t, \u00edgy megk\u00f6nny\u00edti az elk\u00e9sz\u00edt\u00e9st. A QimiQ Classic, QimiQ Classic Van\u00edlia, QimiQ Sahne Basis, QimiQ Whip, QimiQ Tiramisu \u00e9s QimiQ Vegan mellett a v\u00e1llalkoz\u00e1shoz tartozik a QimiQ Marinade Basis hal, h\u00fas \u00e9s tengeri \u00e9telek p\u00e1col\u00e1s\u00e1hoz.<\/p>\n<\/div>\n        \n            <\/div>\n<\/div>\n\n<\/section>\n\n<section id='lightpress__section--block_0f72fd8ecbbf38d4e324b655ea63b244' class='lightpress__section--default-section-space lightpress__section lightpress__section--image' data-scroll-section>    <picture\n        class=\"image__picture image__picture--size-original image__picture--align-center\">\n        <img decoding=\"async\" src=\"https:\/\/qimiq.com\/wp-content\/uploads\/wie-wird-qimiq-hergestellt.gif\" alt=\"wie wird qimiq hergestellt\" \/>\n<\/picture>\n\n<\/section>","protected":false},"excerpt":{"rendered":"","protected":false},"author":1,"featured_media":0,"parent":0,"menu_order":9,"comment_status":"closed","ping_status":"closed","template":"","meta":{"_acf_changed":false,"_relevanssi_hide_post":"","_relevanssi_hide_content":"","_relevanssi_pin_for_all":"","_relevanssi_pin_keywords":"","_relevanssi_unpin_keywords":"","_relevanssi_related_keywords":"","_relevanssi_related_include_ids":"","_relevanssi_related_exclude_ids":"","_relevanssi_related_no_append":"","_relevanssi_related_not_related":"","_relevanssi_related_posts":"","_relevanssi_noindex_reason":"","footnotes":""},"class_list":["post-633","page","type-page","status-publish","hentry"],"acf":[],"yoast_head":"<!-- This site is optimized with the Yoast SEO Premium plugin v26.6 (Yoast SEO v26.8) - https:\/\/yoast.com\/product\/yoast-seo-premium-wordpress\/ -->\n<title>About us - QimiQ<\/title>\n<meta name=\"description\" content=\"Erfahren Sie mehr \u00fcber QimiQ. Entdecken Sie unsere Geschichte, unser Engagement f\u00fcr Qualit\u00e4t sowie unser Team, das hinter dem Erfolg steht.\" \/>\n<meta name=\"robots\" content=\"index, follow, max-snippet:-1, max-image-preview:large, max-video-preview:-1\" \/>\n<link rel=\"canonical\" href=\"https:\/\/qimiq.com\/hu\/about-us\/\" \/>\n<meta property=\"og:locale\" content=\"hu_HU\" \/>\n<meta property=\"og:type\" content=\"article\" \/>\n<meta property=\"og:title\" content=\"About us\" \/>\n<meta property=\"og:description\" content=\"Erfahren Sie mehr \u00fcber QimiQ. Entdecken Sie unsere Geschichte, unser Engagement f\u00fcr Qualit\u00e4t sowie unser Team, das hinter dem Erfolg steht.\" \/>\n<meta property=\"og:url\" content=\"https:\/\/qimiq.com\/hu\/about-us\/\" \/>\n<meta property=\"og:site_name\" content=\"QimiQ\" \/>\n<meta property=\"article:publisher\" content=\"https:\/\/www.facebook.com\/QimiQWorld\/\" \/>\n<meta property=\"article:modified_time\" content=\"2025-06-04T11:30:30+00:00\" \/>\n<meta property=\"og:image\" content=\"https:\/\/qimiq.com\/wp-content\/uploads\/Torte.png\" \/>\n\t<meta property=\"og:image:width\" content=\"316\" \/>\n\t<meta property=\"og:image:height\" content=\"202\" \/>\n\t<meta property=\"og:image:type\" content=\"image\/png\" \/>\n<meta name=\"twitter:card\" content=\"summary_large_image\" \/>\n<script type=\"application\/ld+json\" class=\"yoast-schema-graph\">{\"@context\":\"https:\/\/schema.org\",\"@graph\":[{\"@type\":\"WebPage\",\"@id\":\"https:\/\/qimiq.com\/about-us\/\",\"url\":\"https:\/\/qimiq.com\/about-us\/\",\"name\":\"About us - QimiQ\",\"isPartOf\":{\"@id\":\"https:\/\/qimiq.com\/en\/#website\"},\"datePublished\":\"2022-06-21T08:49:44+00:00\",\"dateModified\":\"2025-06-04T11:30:30+00:00\",\"description\":\"Erfahren Sie mehr \u00fcber QimiQ. Entdecken Sie unsere Geschichte, unser Engagement f\u00fcr Qualit\u00e4t sowie unser Team, das hinter dem Erfolg steht.\",\"breadcrumb\":{\"@id\":\"https:\/\/qimiq.com\/about-us\/#breadcrumb\"},\"inLanguage\":\"hu\",\"potentialAction\":[{\"@type\":\"ReadAction\",\"target\":[\"https:\/\/qimiq.com\/about-us\/\"]}]},{\"@type\":\"BreadcrumbList\",\"@id\":\"https:\/\/qimiq.com\/about-us\/#breadcrumb\",\"itemListElement\":[{\"@type\":\"ListItem\",\"position\":1,\"name\":\"Home\",\"item\":\"https:\/\/qimiq.com\/\"},{\"@type\":\"ListItem\",\"position\":2,\"name\":\"About us\"}]},{\"@type\":\"WebSite\",\"@id\":\"https:\/\/qimiq.com\/en\/#website\",\"url\":\"https:\/\/qimiq.com\/en\/\",\"name\":\"QimiQ\",\"description\":\"\",\"publisher\":{\"@id\":\"https:\/\/qimiq.com\/en\/#organization\"},\"potentialAction\":[{\"@type\":\"SearchAction\",\"target\":{\"@type\":\"EntryPoint\",\"urlTemplate\":\"https:\/\/qimiq.com\/en\/?s={search_term_string}\"},\"query-input\":{\"@type\":\"PropertyValueSpecification\",\"valueRequired\":true,\"valueName\":\"search_term_string\"}}],\"inLanguage\":\"hu\"},{\"@type\":\"Organization\",\"@id\":\"https:\/\/qimiq.com\/en\/#organization\",\"name\":\"QimiQ\",\"url\":\"https:\/\/qimiq.com\/en\/\",\"logo\":{\"@type\":\"ImageObject\",\"inLanguage\":\"hu\",\"@id\":\"https:\/\/qimiq.com\/en\/#\/schema\/logo\/image\/\",\"url\":\"https:\/\/qimiq.com\/wp-content\/uploads\/AdobeStock_300763099_Video_HD_Preview.png\",\"contentUrl\":\"https:\/\/qimiq.com\/wp-content\/uploads\/AdobeStock_300763099_Video_HD_Preview.png\",\"width\":712,\"height\":401,\"caption\":\"QimiQ\"},\"image\":{\"@id\":\"https:\/\/qimiq.com\/en\/#\/schema\/logo\/image\/\"},\"sameAs\":[\"https:\/\/www.facebook.com\/QimiQWorld\/\",\"https:\/\/www.facebook.com\/QimiQProfessionals\/\",\"https:\/\/www.instagram.com\/qimiq_austria\/\"]}]}<\/script>\n<!-- \/ Yoast SEO Premium plugin. -->","yoast_head_json":{"title":"About us - QimiQ","description":"Erfahren Sie mehr \u00fcber QimiQ. Entdecken Sie unsere Geschichte, unser Engagement f\u00fcr Qualit\u00e4t sowie unser Team, das hinter dem Erfolg steht.","robots":{"index":"index","follow":"follow","max-snippet":"max-snippet:-1","max-image-preview":"max-image-preview:large","max-video-preview":"max-video-preview:-1"},"canonical":"https:\/\/qimiq.com\/hu\/about-us\/","og_locale":"hu_HU","og_type":"article","og_title":"About us","og_description":"Erfahren Sie mehr \u00fcber QimiQ. Entdecken Sie unsere Geschichte, unser Engagement f\u00fcr Qualit\u00e4t sowie unser Team, das hinter dem Erfolg steht.","og_url":"https:\/\/qimiq.com\/hu\/about-us\/","og_site_name":"QimiQ","article_publisher":"https:\/\/www.facebook.com\/QimiQWorld\/","article_modified_time":"2025-06-04T11:30:30+00:00","og_image":[{"width":316,"height":202,"url":"https:\/\/qimiq.com\/wp-content\/uploads\/Torte.png","type":"image\/png"}],"twitter_card":"summary_large_image","schema":{"@context":"https:\/\/schema.org","@graph":[{"@type":"WebPage","@id":"https:\/\/qimiq.com\/about-us\/","url":"https:\/\/qimiq.com\/about-us\/","name":"About us - QimiQ","isPartOf":{"@id":"https:\/\/qimiq.com\/en\/#website"},"datePublished":"2022-06-21T08:49:44+00:00","dateModified":"2025-06-04T11:30:30+00:00","description":"Erfahren Sie mehr \u00fcber QimiQ. Entdecken Sie unsere Geschichte, unser Engagement f\u00fcr Qualit\u00e4t sowie unser Team, das hinter dem Erfolg steht.","breadcrumb":{"@id":"https:\/\/qimiq.com\/about-us\/#breadcrumb"},"inLanguage":"hu","potentialAction":[{"@type":"ReadAction","target":["https:\/\/qimiq.com\/about-us\/"]}]},{"@type":"BreadcrumbList","@id":"https:\/\/qimiq.com\/about-us\/#breadcrumb","itemListElement":[{"@type":"ListItem","position":1,"name":"Home","item":"https:\/\/qimiq.com\/"},{"@type":"ListItem","position":2,"name":"About us"}]},{"@type":"WebSite","@id":"https:\/\/qimiq.com\/en\/#website","url":"https:\/\/qimiq.com\/en\/","name":"QimiQ","description":"","publisher":{"@id":"https:\/\/qimiq.com\/en\/#organization"},"potentialAction":[{"@type":"SearchAction","target":{"@type":"EntryPoint","urlTemplate":"https:\/\/qimiq.com\/en\/?s={search_term_string}"},"query-input":{"@type":"PropertyValueSpecification","valueRequired":true,"valueName":"search_term_string"}}],"inLanguage":"hu"},{"@type":"Organization","@id":"https:\/\/qimiq.com\/en\/#organization","name":"QimiQ","url":"https:\/\/qimiq.com\/en\/","logo":{"@type":"ImageObject","inLanguage":"hu","@id":"https:\/\/qimiq.com\/en\/#\/schema\/logo\/image\/","url":"https:\/\/qimiq.com\/wp-content\/uploads\/AdobeStock_300763099_Video_HD_Preview.png","contentUrl":"https:\/\/qimiq.com\/wp-content\/uploads\/AdobeStock_300763099_Video_HD_Preview.png","width":712,"height":401,"caption":"QimiQ"},"image":{"@id":"https:\/\/qimiq.com\/en\/#\/schema\/logo\/image\/"},"sameAs":["https:\/\/www.facebook.com\/QimiQWorld\/","https:\/\/www.facebook.com\/QimiQProfessionals\/","https:\/\/www.instagram.com\/qimiq_austria\/"]}]}},"_links":{"self":[{"href":"https:\/\/qimiq.com\/hu\/wp-json\/wp\/v2\/pages\/633","targetHints":{"allow":["GET"]}}],"collection":[{"href":"https:\/\/qimiq.com\/hu\/wp-json\/wp\/v2\/pages"}],"about":[{"href":"https:\/\/qimiq.com\/hu\/wp-json\/wp\/v2\/types\/page"}],"author":[{"embeddable":true,"href":"https:\/\/qimiq.com\/hu\/wp-json\/wp\/v2\/users\/1"}],"replies":[{"embeddable":true,"href":"https:\/\/qimiq.com\/hu\/wp-json\/wp\/v2\/comments?post=633"}],"version-history":[{"count":2,"href":"https:\/\/qimiq.com\/hu\/wp-json\/wp\/v2\/pages\/633\/revisions"}],"predecessor-version":[{"id":3483,"href":"https:\/\/qimiq.com\/hu\/wp-json\/wp\/v2\/pages\/633\/revisions\/3483"}],"wp:attachment":[{"href":"https:\/\/qimiq.com\/hu\/wp-json\/wp\/v2\/media?parent=633"}],"curies":[{"name":"wp","href":"https:\/\/api.w.org\/{rel}","templated":true}]}}