{"id":56,"date":"2022-02-01T14:11:58","date_gmt":"2022-02-01T13:11:58","guid":{"rendered":"https:\/\/qimiq.lightcyde\/?page_id=56"},"modified":"2024-07-15T09:53:26","modified_gmt":"2024-07-15T08:53:26","slug":"auszeichnungen","status":"publish","type":"page","link":"https:\/\/qimiq.com\/hu\/auszeichnungen\/","title":{"rendered":"D\u00edjak \u00e9s kit\u00fcntet\u00e9sek"},"content":{"rendered":"<section id='lightpress__section--block_3b1e8beee391c72346e6b845aff7af66' class='lightpress__section--cow-headline--default lightpress__section--default-section-space lightpress__section lightpress__section--cow-headline' data-scroll-section><div class=\"cow-headline__container\">\n        <h1 data-aos=\"fade-right\" class=\"cow-headline__headline\"\n    data-aos-once=\"true\">Unsere<br>Auszeichnungen!<\/h1>\n<picture class=\"cow-headline__picture\"\n         data-aos=\"fade-left\"\n         data-aos-once=\"true\">\n    <source srcset=\"\/wp-content\/themes\/qimiq\/blocks\/cow-headline\/cow.png.webp\" type=\"image\/webp\">\n    <img decoding=\"async\" src=\"\/wp-content\/themes\/qimiq\/blocks\/cow-headline\/cow.png\" alt=\"Kuh\">\n<\/picture>\n<\/div>\n\n<\/section>\n\n<section id='lightpress__section--block_04c86e784a8374da19cae032f966f8bf' class='lightpress__section--full-width lightpress__section--default-section-space lightpress__section lightpress__section--image-text' data-scroll-section><div class=\"image-text__container image-text__container--\">\n                            <picture class=\"image-text__picture\"\n                 data-aos=\"fade-left\"\n                 data-aos-once=\"true\"\n                 data-aos-anchor=\"#lightpress__section--block_04c86e784a8374da19cae032f966f8bf .image-text__container\">\n            <source srcset=\"https:\/\/qimiq.com\/wp-content\/uploads\/AMA_guetesiegel_QIMIQ.webp\" type=\"image\/webp\">\n            <img decoding=\"async\" src=\"https:\/\/qimiq.com\/wp-content\/uploads\/AMA_guetesiegel_QIMIQ.png\" alt=\"AMA guetesiegel QIMIQ\" \/>\n        <\/picture>\n    \n    <div class=\"image-text__text\">\n        \n                    <h2 class=\"text--medium text--55\" data-aos=\"fade-right\"\n                data-aos-once=\"true\"\n                data-aos-delay=\"100\"\n                data-aos-anchor=\"#lightpress__section--block_04c86e784a8374da19cae032f966f8bf .image-text__container\">AMA G\u00fctesiegel<\/h2>\n        \n                    <div class=\"spacer--60\"><\/div>\n\n            <div data-aos=\"fade-right\" data-aos-once=\"true\"\n                 data-aos-delay=\"200\"\n                 data-aos-anchor=\"#lightpress__section--block_04c86e784a8374da19cae032f966f8bf .image-text__container\"><p style=\"text-align: left;\">Die Agrarmarkt Austria hat QimiQ mit dem AMA-G\u00fctesiegel ausgezeichnet. Diese Qualit\u00e4tsauszeichnung erhalten nur Nahrungsmittel mit besonderer G\u00fcte. Die L\u00e4nderfarben und die Herkunftsbezeichnung erkl\u00e4ren transparent, woher die Rohstoffe stammen. Die Anforderungen der AMA sind strenger als die gesetzlichen Vorgaben und die Betriebe m\u00fcssen sich regelm\u00e4\u00dfigen Kontrollen unterziehen.<\/p>\n<\/div>\n        \n            <\/div>\n<\/div>\n\n<\/section>\n\n<section id='lightpress__section--block_b08cb56d0c95e524a42c89cc833388c2' class='lightpress__section--colored-bg lightpress__section--full-width lightpress__section--default-section-space lightpress__section lightpress__section--image-text' data-scroll-section><div class=\"image-text__container image-text__container--lightblue image-text__container--mirrored\">\n                            <picture class=\"image-text__picture\"\n                 data-aos=\"fade-left\"\n                 data-aos-once=\"true\"\n                 data-aos-anchor=\"#lightpress__section--block_b08cb56d0c95e524a42c89cc833388c2 .image-text__container\">\n            <source srcset=\"https:\/\/qimiq.com\/wp-content\/uploads\/Ueber_uns-Food-Oscar.webp\" type=\"image\/webp\">\n            <img decoding=\"async\" src=\"https:\/\/qimiq.com\/wp-content\/uploads\/Ueber_uns-Food-Oscar.png\" alt=\"Ueber uns Food Oscar\" \/>\n        <\/picture>\n    \n    <div class=\"image-text__text\">\n        \n                    <h2 class=\"text--medium text--55\" data-aos=\"fade-right\"\n                data-aos-once=\"true\"\n                data-aos-delay=\"100\"\n                data-aos-anchor=\"#lightpress__section--block_b08cb56d0c95e524a42c89cc833388c2 .image-text__container\">QimiQ gewinnt Food-Oscar<\/h2>\n        \n                    <div class=\"spacer--60\"><\/div>\n\n            <div data-aos=\"fade-right\" data-aos-once=\"true\"\n                 data-aos-delay=\"200\"\n                 data-aos-anchor=\"#lightpress__section--block_b08cb56d0c95e524a42c89cc833388c2 .image-text__container\"><p style=\"text-align: left;\">Im Rahmen der \u201e1. International Chef Days\u201c 2004 in Davos wurde QimiQ als bestes und innovativstes Produkt in der Kategorie \u201eFood-Technologie\u201c mit dem begehrten ICD-Award ausgezeichnet. Der ICD-Award ist so etwas wie der Oscar der Foodbranche. Die hochkar\u00e4tige Jury, u.a. besetzt mit Hans Haas vom Tantris in M\u00fcnchen, verlieh QimiQ in Anerkennung an herausragende Leistungen in der Gastronomie den ICD-Award. Damit hat QimiQ einmal mehr den Beweis angetreten, dass durch seine Produktm\u00f6glichkeiten die Arbeit in der K\u00fcche nicht nur erleichtert, sondern auch um ein Vielfaches verbessert wird. \u201eDer Preis geb\u00fchrt in erster Linie den Mitarbeitern und Kunden von QimiQ\u201c, so Rudolf F. Haindl, CEO von QimiQ.<\/p>\n<\/div>\n        \n            <\/div>\n<\/div>\n\n    <div class=\"stripes__container stripes__container--lightblue\">\n            <\/div>\n\n<\/section>\n\n<section id='lightpress__section--block_fbe28529f694cb16b6d129ae1872ccdb' class='lightpress__section--full-width lightpress__section--default-section-space lightpress__section lightpress__section--image-text' data-scroll-section><div class=\"image-text__container image-text__container--\">\n                            <picture class=\"image-text__picture\"\n                 data-aos=\"fade-left\"\n                 data-aos-once=\"true\"\n                 data-aos-anchor=\"#lightpress__section--block_fbe28529f694cb16b6d129ae1872ccdb .image-text__container\">\n            <source srcset=\"https:\/\/qimiq.com\/wp-content\/uploads\/Ueber_uns-Mercury_Award_in_Gold.webp\" type=\"image\/webp\">\n            <img decoding=\"async\" src=\"https:\/\/qimiq.com\/wp-content\/uploads\/Ueber_uns-Mercury_Award_in_Gold.png\" alt=\"Ueber uns Mercury Award in Gold\" \/>\n        <\/picture>\n    \n    <div class=\"image-text__text\">\n        \n                    <h2 class=\"text--medium text--55\" data-aos=\"fade-right\"\n                data-aos-once=\"true\"\n                data-aos-delay=\"100\"\n                data-aos-anchor=\"#lightpress__section--block_fbe28529f694cb16b6d129ae1872ccdb .image-text__container\">Mercury Award in Gold<\/h2>\n        \n                    <div class=\"spacer--60\"><\/div>\n\n            <div data-aos=\"fade-right\" data-aos-once=\"true\"\n                 data-aos-delay=\"200\"\n                 data-aos-anchor=\"#lightpress__section--block_fbe28529f694cb16b6d129ae1872ccdb .image-text__container\"><p style=\"text-align: left;\">Im Jahr 2003 gewinnt QimiQ den Mercury Award in Gold. Das ist die wichtigste Auszeichnung, die es im weltweiten Cateringbereich zu vergeben gibt. Die International Flight Catering Association (IFCA) zeichnete QimiQ als innovativstes, n\u00fctzlichstes und bestes Produkt im Bereich Catering und Flugverpflegung aus.<\/p>\n<\/div>\n        \n            <\/div>\n<\/div>\n\n<\/section>\n\n<section id='lightpress__section--block_f7672a519928f2e8dea2406d84cfcd87' class='lightpress__section--colored-bg lightpress__section--full-width lightpress__section--default-section-space lightpress__section lightpress__section--image-text' data-scroll-section><div class=\"image-text__container image-text__container--lightblue image-text__container--mirrored\">\n                            <picture class=\"image-text__picture\"\n                 data-aos=\"fade-left\"\n                 data-aos-once=\"true\"\n                 data-aos-anchor=\"#lightpress__section--block_f7672a519928f2e8dea2406d84cfcd87 .image-text__container\">\n            <source srcset=\"https:\/\/qimiq.com\/wp-content\/uploads\/European_Iso_Zertifikat-Kopie-scaled-1.webp\" type=\"image\/webp\">\n            <img decoding=\"async\" src=\"https:\/\/qimiq.com\/wp-content\/uploads\/European_Iso_Zertifikat-Kopie-scaled-1.png\" alt=\"European Iso Zertifikat Kopie scaled 1\" \/>\n        <\/picture>\n    \n    <div class=\"image-text__text\">\n        \n                    <h2 class=\"text--medium text--55\" data-aos=\"fade-right\"\n                data-aos-once=\"true\"\n                data-aos-delay=\"100\"\n                data-aos-anchor=\"#lightpress__section--block_f7672a519928f2e8dea2406d84cfcd87 .image-text__container\">Certified Brand &#8211; ISO 20671<\/h2>\n        \n                    <div class=\"spacer--60\"><\/div>\n\n            <div data-aos=\"fade-right\" data-aos-once=\"true\"\n                 data-aos-delay=\"200\"\n                 data-aos-anchor=\"#lightpress__section--block_f7672a519928f2e8dea2406d84cfcd87 .image-text__container\"><p style=\"text-align: left;\">Am 21. November 2019 wurde dem Salzburger Familienunternehmen QimiQ das \u201eCertified Brand\u201c-G\u00fctesiegel von Austrian Standards und dem European Brand Institute verliehen. Die Verleihung erfolgte im Rahmen des 11. BRAND [LIFE] AWARDS in Wien. \u201eAls erstes Salzburger Unternehmen haben wir unsere Marke nach ISO 20671 zertifizieren lassen\u201c, so Michele Haindl von QimiQ. \u201eF\u00fcr uns war die Marke von Anfang an mehr als nur das Logo des Unternehmens. Wir beziehen die Marke seit jeher in unseren gesamten Wertsch\u00f6pfungsprozess mit ein.\u201c Die Vergabe des \u201eCertified Brand\u201c-G\u00fctesiegels nach der ISO 20671 umfasst alle relevanten Bereiche, die zur Schaffung, zum Erhalt und zur Weiterentwicklung einer starken Marke dazugeh\u00f6ren. Der Standard definiert die Kriterien f\u00fcr ein ganzheitliches Markenmanagement \u2013 dazu z\u00e4hlen neben Investitionen in Markenschutz, Markt- und Trendanalysen, Produkt- und Marketinginnovationen sowie nachhaltige Kommunikationsma\u00dfnahmen auch regelm\u00e4\u00dfige transparente Markenreportings. \u201eMarken sind heute bereits so wichtig, dass ihr Wert h\u00e4ufig statt des Unternehmenswertes genannt wird\u201c, betont DI Dr. Gerhard Hrebicek, Pr\u00e4sident des European Brand Institutes, anl\u00e4sslich der Verleihung an QimiQ noch einmal die Wichtigkeit der Auszeichnung. \u201eF\u00fcr mich pers\u00f6nlich ist diese Verleihung zudem Ansporn, die konsequente Markenpolitik so fortzuf\u00fchren, wie ich sie von meinen Eltern vorgelebt bekomme\u201c, verweist Michele Haindl, Mitglied der Eigent\u00fcmerfamilie, nochmals auf die DNA von QimiQ.<\/p>\n<\/div>\n        \n            <\/div>\n<\/div>\n\n    <div class=\"stripes__container stripes__container--lightblue\">\n            <\/div>\n\n<\/section>","protected":false},"excerpt":{"rendered":"","protected":false},"author":1,"featured_media":0,"parent":0,"menu_order":5,"comment_status":"closed","ping_status":"closed","template":"","meta":{"_acf_changed":false,"_relevanssi_hide_post":"","_relevanssi_hide_content":"","_relevanssi_pin_for_all":"","_relevanssi_pin_keywords":"","_relevanssi_unpin_keywords":"","_relevanssi_related_keywords":"","_relevanssi_related_include_ids":"","_relevanssi_related_exclude_ids":"","_relevanssi_related_no_append":"","_relevanssi_related_not_related":"","_relevanssi_related_posts":"","_relevanssi_noindex_reason":"","footnotes":""},"class_list":["post-56","page","type-page","status-publish","hentry"],"acf":[],"yoast_head":"<!-- This site is optimized with the Yoast SEO Premium plugin v26.6 (Yoast SEO v26.8) - https:\/\/yoast.com\/product\/yoast-seo-premium-wordpress\/ -->\n<title>Auszeichnungen - QimiQ<\/title>\n<meta name=\"description\" content=\"Erfahren Sie mehr \u00fcber unsere Auszeichnungen: Das AMA G\u00fctesiegel steht f\u00fcr h\u00f6chste Qualit\u00e4t und Transparenz in der Lebensmittelproduktion.\" \/>\n<meta name=\"robots\" content=\"index, follow, max-snippet:-1, max-image-preview:large, max-video-preview:-1\" \/>\n<link rel=\"canonical\" href=\"https:\/\/qimiq.com\/hu\/auszeichnungen\/\" \/>\n<meta property=\"og:locale\" content=\"hu_HU\" \/>\n<meta property=\"og:type\" content=\"article\" \/>\n<meta property=\"og:title\" content=\"Auszeichnungen\" \/>\n<meta property=\"og:description\" content=\"Erfahren Sie mehr \u00fcber unsere Auszeichnungen: Das AMA G\u00fctesiegel steht f\u00fcr h\u00f6chste Qualit\u00e4t und Transparenz in der Lebensmittelproduktion.\" \/>\n<meta property=\"og:url\" content=\"https:\/\/qimiq.com\/hu\/auszeichnungen\/\" \/>\n<meta property=\"og:site_name\" content=\"QimiQ\" \/>\n<meta property=\"article:publisher\" content=\"https:\/\/www.facebook.com\/QimiQWorld\/\" \/>\n<meta property=\"article:modified_time\" content=\"2024-07-15T08:53:26+00:00\" \/>\n<meta property=\"og:image\" content=\"https:\/\/qimiq.com\/wp-content\/uploads\/Torte.png\" \/>\n\t<meta property=\"og:image:width\" content=\"316\" \/>\n\t<meta property=\"og:image:height\" content=\"202\" \/>\n\t<meta property=\"og:image:type\" content=\"image\/png\" \/>\n<meta name=\"twitter:card\" content=\"summary_large_image\" \/>\n<script type=\"application\/ld+json\" class=\"yoast-schema-graph\">{\"@context\":\"https:\/\/schema.org\",\"@graph\":[{\"@type\":\"WebPage\",\"@id\":\"https:\/\/qimiq.com\/auszeichnungen\/\",\"url\":\"https:\/\/qimiq.com\/auszeichnungen\/\",\"name\":\"Auszeichnungen - QimiQ\",\"isPartOf\":{\"@id\":\"https:\/\/qimiq.com\/en\/#website\"},\"datePublished\":\"2022-02-01T13:11:58+00:00\",\"dateModified\":\"2024-07-15T08:53:26+00:00\",\"description\":\"Erfahren Sie mehr \u00fcber unsere Auszeichnungen: Das AMA G\u00fctesiegel steht f\u00fcr h\u00f6chste Qualit\u00e4t und Transparenz in der Lebensmittelproduktion.\",\"breadcrumb\":{\"@id\":\"https:\/\/qimiq.com\/auszeichnungen\/#breadcrumb\"},\"inLanguage\":\"hu\",\"potentialAction\":[{\"@type\":\"ReadAction\",\"target\":[\"https:\/\/qimiq.com\/auszeichnungen\/\"]}]},{\"@type\":\"BreadcrumbList\",\"@id\":\"https:\/\/qimiq.com\/auszeichnungen\/#breadcrumb\",\"itemListElement\":[{\"@type\":\"ListItem\",\"position\":1,\"name\":\"Home\",\"item\":\"https:\/\/qimiq.com\/\"},{\"@type\":\"ListItem\",\"position\":2,\"name\":\"Auszeichnungen\"}]},{\"@type\":\"WebSite\",\"@id\":\"https:\/\/qimiq.com\/en\/#website\",\"url\":\"https:\/\/qimiq.com\/en\/\",\"name\":\"QimiQ\",\"description\":\"\",\"publisher\":{\"@id\":\"https:\/\/qimiq.com\/en\/#organization\"},\"potentialAction\":[{\"@type\":\"SearchAction\",\"target\":{\"@type\":\"EntryPoint\",\"urlTemplate\":\"https:\/\/qimiq.com\/en\/?s={search_term_string}\"},\"query-input\":{\"@type\":\"PropertyValueSpecification\",\"valueRequired\":true,\"valueName\":\"search_term_string\"}}],\"inLanguage\":\"hu\"},{\"@type\":\"Organization\",\"@id\":\"https:\/\/qimiq.com\/en\/#organization\",\"name\":\"QimiQ\",\"url\":\"https:\/\/qimiq.com\/en\/\",\"logo\":{\"@type\":\"ImageObject\",\"inLanguage\":\"hu\",\"@id\":\"https:\/\/qimiq.com\/en\/#\/schema\/logo\/image\/\",\"url\":\"https:\/\/qimiq.com\/wp-content\/uploads\/AdobeStock_300763099_Video_HD_Preview.png\",\"contentUrl\":\"https:\/\/qimiq.com\/wp-content\/uploads\/AdobeStock_300763099_Video_HD_Preview.png\",\"width\":712,\"height\":401,\"caption\":\"QimiQ\"},\"image\":{\"@id\":\"https:\/\/qimiq.com\/en\/#\/schema\/logo\/image\/\"},\"sameAs\":[\"https:\/\/www.facebook.com\/QimiQWorld\/\",\"https:\/\/www.facebook.com\/QimiQProfessionals\/\",\"https:\/\/www.instagram.com\/qimiq_austria\/\"]}]}<\/script>\n<!-- \/ Yoast SEO Premium plugin. -->","yoast_head_json":{"title":"Auszeichnungen - QimiQ","description":"Erfahren Sie mehr \u00fcber unsere Auszeichnungen: Das AMA G\u00fctesiegel steht f\u00fcr h\u00f6chste Qualit\u00e4t und Transparenz in der Lebensmittelproduktion.","robots":{"index":"index","follow":"follow","max-snippet":"max-snippet:-1","max-image-preview":"max-image-preview:large","max-video-preview":"max-video-preview:-1"},"canonical":"https:\/\/qimiq.com\/hu\/auszeichnungen\/","og_locale":"hu_HU","og_type":"article","og_title":"Auszeichnungen","og_description":"Erfahren Sie mehr \u00fcber unsere Auszeichnungen: Das AMA G\u00fctesiegel steht f\u00fcr h\u00f6chste Qualit\u00e4t und Transparenz in der Lebensmittelproduktion.","og_url":"https:\/\/qimiq.com\/hu\/auszeichnungen\/","og_site_name":"QimiQ","article_publisher":"https:\/\/www.facebook.com\/QimiQWorld\/","article_modified_time":"2024-07-15T08:53:26+00:00","og_image":[{"width":316,"height":202,"url":"https:\/\/qimiq.com\/wp-content\/uploads\/Torte.png","type":"image\/png"}],"twitter_card":"summary_large_image","schema":{"@context":"https:\/\/schema.org","@graph":[{"@type":"WebPage","@id":"https:\/\/qimiq.com\/auszeichnungen\/","url":"https:\/\/qimiq.com\/auszeichnungen\/","name":"Auszeichnungen - QimiQ","isPartOf":{"@id":"https:\/\/qimiq.com\/en\/#website"},"datePublished":"2022-02-01T13:11:58+00:00","dateModified":"2024-07-15T08:53:26+00:00","description":"Erfahren Sie mehr \u00fcber unsere Auszeichnungen: Das AMA G\u00fctesiegel steht f\u00fcr h\u00f6chste Qualit\u00e4t und Transparenz in der Lebensmittelproduktion.","breadcrumb":{"@id":"https:\/\/qimiq.com\/auszeichnungen\/#breadcrumb"},"inLanguage":"hu","potentialAction":[{"@type":"ReadAction","target":["https:\/\/qimiq.com\/auszeichnungen\/"]}]},{"@type":"BreadcrumbList","@id":"https:\/\/qimiq.com\/auszeichnungen\/#breadcrumb","itemListElement":[{"@type":"ListItem","position":1,"name":"Home","item":"https:\/\/qimiq.com\/"},{"@type":"ListItem","position":2,"name":"Auszeichnungen"}]},{"@type":"WebSite","@id":"https:\/\/qimiq.com\/en\/#website","url":"https:\/\/qimiq.com\/en\/","name":"QimiQ","description":"","publisher":{"@id":"https:\/\/qimiq.com\/en\/#organization"},"potentialAction":[{"@type":"SearchAction","target":{"@type":"EntryPoint","urlTemplate":"https:\/\/qimiq.com\/en\/?s={search_term_string}"},"query-input":{"@type":"PropertyValueSpecification","valueRequired":true,"valueName":"search_term_string"}}],"inLanguage":"hu"},{"@type":"Organization","@id":"https:\/\/qimiq.com\/en\/#organization","name":"QimiQ","url":"https:\/\/qimiq.com\/en\/","logo":{"@type":"ImageObject","inLanguage":"hu","@id":"https:\/\/qimiq.com\/en\/#\/schema\/logo\/image\/","url":"https:\/\/qimiq.com\/wp-content\/uploads\/AdobeStock_300763099_Video_HD_Preview.png","contentUrl":"https:\/\/qimiq.com\/wp-content\/uploads\/AdobeStock_300763099_Video_HD_Preview.png","width":712,"height":401,"caption":"QimiQ"},"image":{"@id":"https:\/\/qimiq.com\/en\/#\/schema\/logo\/image\/"},"sameAs":["https:\/\/www.facebook.com\/QimiQWorld\/","https:\/\/www.facebook.com\/QimiQProfessionals\/","https:\/\/www.instagram.com\/qimiq_austria\/"]}]}},"_links":{"self":[{"href":"https:\/\/qimiq.com\/hu\/wp-json\/wp\/v2\/pages\/56","targetHints":{"allow":["GET"]}}],"collection":[{"href":"https:\/\/qimiq.com\/hu\/wp-json\/wp\/v2\/pages"}],"about":[{"href":"https:\/\/qimiq.com\/hu\/wp-json\/wp\/v2\/types\/page"}],"author":[{"embeddable":true,"href":"https:\/\/qimiq.com\/hu\/wp-json\/wp\/v2\/users\/1"}],"replies":[{"embeddable":true,"href":"https:\/\/qimiq.com\/hu\/wp-json\/wp\/v2\/comments?post=56"}],"version-history":[{"count":10,"href":"https:\/\/qimiq.com\/hu\/wp-json\/wp\/v2\/pages\/56\/revisions"}],"predecessor-version":[{"id":2103,"href":"https:\/\/qimiq.com\/hu\/wp-json\/wp\/v2\/pages\/56\/revisions\/2103"}],"wp:attachment":[{"href":"https:\/\/qimiq.com\/hu\/wp-json\/wp\/v2\/media?parent=56"}],"curies":[{"name":"wp","href":"https:\/\/api.w.org\/{rel}","templated":true}]}}