{"id":2677,"date":"2023-06-26T13:44:03","date_gmt":"2023-06-26T12:44:03","guid":{"rendered":"https:\/\/qimiq.com\/?page_id=2677"},"modified":"2023-06-26T13:45:24","modified_gmt":"2023-06-26T12:45:24","slug":"chefkoch-videos","status":"publish","type":"page","link":"https:\/\/qimiq.com\/hu\/qimiq-fuer-profis\/chefkoeche\/chefkoch-videos\/","title":{"rendered":"Szak\u00e1cs vide\u00f3k"},"content":{"rendered":"<section id='lightpress__section--block_b7742fd36881b73560f895790a04949c' class='lightpress__section--cow-headline--default lightpress__section--default-section-space lightpress__section lightpress__section--cow-headline' data-scroll-section><div class=\"cow-headline__container\">\n        <h1 data-aos=\"fade-right\" class=\"cow-headline__headline\"\n    data-aos-once=\"true\">Szak\u00e1cs vide\u00f3k<\/h1>\n<picture class=\"cow-headline__picture\"\n         data-aos=\"fade-left\"\n         data-aos-once=\"true\">\n    <source srcset=\"\/wp-content\/themes\/qimiq\/blocks\/cow-headline\/cow.png.webp\" type=\"image\/webp\">\n    <img decoding=\"async\" src=\"\/wp-content\/themes\/qimiq\/blocks\/cow-headline\/cow.png\" alt=\"Teh\u00e9n\">\n<\/picture>\n<\/div>\n\n<\/section>\n\n<section id='lightpress__section--block_253f71471319105d14562af75a9c4753' class='lightpress__section--default-section-space lightpress__section lightpress__section--video-box' data-scroll-section><div class=\"video-box__container video-box__container--\">\n\n    <div class=\"video-box__texteditor\" data-aos=\"fade-left\" data-aos-delay=\"100\" data-aos-once=\"true\">\n\n                    \n                            \n                <div data-aos=\"fade-right\" data-aos-once=\"true\"\n                     data-aos-delay=\"300\"\n                     data-aos-anchor=\"#lightpress__section--block_253f71471319105d14562af75a9c4753 .video-box__text\"><h3>Hans Mandl<\/h3>\n<p>\u00a0<\/p>\n<p>Hans Mandl a legjobb \u00e9ttermekben tanult \u00e9s f\u0151z\u00f6tt, \u00e9s Rudolf Haindllal egy\u00fctt a QimiQ t\u00e1rsalap\u00edt\u00f3ja. A t\u00f6k\u00e9letess\u00e9get, a kreativit\u00e1st \u00e9s mindenekel\u0151tt a regionalit\u00e1st k\u00e9pviseli. Ebben a vide\u00f3ban arr\u00f3l besz\u00e9l, hogy mi alak\u00edtotta \u0151t az \u00e9vek sor\u00e1n, \u00e9s mit jelent sz\u00e1m\u00e1ra a f\u0151z\u00e9s.<\/p>\n<\/div>\n                        <\/div>\n\n            <iframe class=\"video-box__iframe\" src=\"https:\/\/www.youtube-nocookie.com\/embed\/hBQkBrlEkto\" frameborder=\"0\"\n                allow=\"accelerometer; autoplay; clipboard-write; encrypted-media; gyroscope; picture-in-picture\"\n                allowfullscreen><\/iframe>\n    <\/div>\n\n<\/section>\n\n<section id='lightpress__section--block_b525c585023354dee11fd038c6a91d2d' class='lightpress__section--default-section-space lightpress__section lightpress__section--video-box' data-scroll-section><div class=\"video-box__container video-box__container-- video-box__container--mirrored\">\n\n    <div class=\"video-box__texteditor\" data-aos=\"fade-right\"\n          data-aos-delay=\"100\" data-aos-once=\"true\">\n\n                    \n                            \n                <div data-aos=\"fade-right\" data-aos-once=\"true\"\n                     data-aos-delay=\"300\"\n                     data-aos-anchor=\"#lightpress__section--block_b525c585023354dee11fd038c6a91d2d .video-box__text\"><h3>Karl &amp; Rudi Obauer<\/h3>\n<p>\u00a0<\/p>\n<p>T\u00f6bb mint k\u00e9t \u00e9vtizede Eur\u00f3pa legjobb s\u00e9fjei k\u00f6z\u00e9 tartoznak. Zsenik a t\u0171zhelyen, zseni\u00e1lisak a receptjeikben \u00e9s \u0151shonosak az \u00edzekben. Az egyszer\u0171t csak kevesen tudj\u00e1k m\u00e9g jobb\u00e1 tenni, Karl \u00e9s Rudi Obauer igazi mesterek ebben.<\/p>\n<\/div>\n                        <\/div>\n\n            <iframe class=\"video-box__iframe\" src=\"https:\/\/www.youtube-nocookie.com\/embed\/18c_aDKv21o\" frameborder=\"0\"\n                allow=\"accelerometer; autoplay; clipboard-write; encrypted-media; gyroscope; picture-in-picture\"\n                allowfullscreen><\/iframe>\n    <\/div>\n\n<\/section>\n\n<section id='lightpress__section--block_56366c862a06cbee6e15ee56476418f2' class='lightpress__section--default-section-space lightpress__section lightpress__section--video-box' data-scroll-section><div class=\"video-box__container video-box__container--\">\n\n    <div class=\"video-box__texteditor\" data-aos=\"fade-left\" data-aos-delay=\"100\" data-aos-once=\"true\">\n\n                    \n                            \n                <div data-aos=\"fade-right\" data-aos-once=\"true\"\n                     data-aos-delay=\"300\"\n                     data-aos-anchor=\"#lightpress__section--block_56366c862a06cbee6e15ee56476418f2 .video-box__text\"><h3>Andreas Kaiblinger<\/h3>\n<p>\u00a0<\/p>\n<p>Az Esszimmer Ausztria egyik legjobb \u00e9tterme. A Salzburg v\u00e1ros\u00e1ban, az \u00fagynevezett M\u00fcllner H\u00fcgelen a h\u00e1zigazda \u00e9s s\u00e9f, Andreas Kaiblinger laza konyh\u00e1t k\u00edn\u00e1l laza hangulatban. Egy szak\u00e9rt\u0151 a t\u0171zhelyen, aki szereti a szakm\u00e1j\u00e1t. T\u00f6k\u00e9letess\u00e9g\u00e9t minden fog\u00e1sban meg\u00edzlelheti. Kev\u00e9s embernek siker\u00fcl \u00e9vtizedekig olyan szinten f\u0151zni, mint Kaiblingernek. Ez a vide\u00f3 t\u00f6bbek k\u00f6z\u00f6tt elmagyar\u00e1zza, mi k\u00f6ze van mindennek a QimiQ-hoz.<\/p>\n<\/div>\n                        <\/div>\n\n            <iframe class=\"video-box__iframe\" src=\"https:\/\/www.youtube-nocookie.com\/embed\/G7inYOxkWe0\" frameborder=\"0\"\n                allow=\"accelerometer; autoplay; clipboard-write; encrypted-media; gyroscope; picture-in-picture\"\n                allowfullscreen><\/iframe>\n    <\/div>\n\n<\/section>\n\n<section id='lightpress__section--block_a8d17b6df44259cdc7f18af375f879d0' class='lightpress__section--default-section-space lightpress__section lightpress__section--video-box' data-scroll-section><div class=\"video-box__container video-box__container-- video-box__container--mirrored\">\n\n    <div class=\"video-box__texteditor\" data-aos=\"fade-right\"\n          data-aos-delay=\"100\" data-aos-once=\"true\">\n\n                    \n                            \n                <div data-aos=\"fade-right\" data-aos-once=\"true\"\n                     data-aos-delay=\"300\"\n                     data-aos-anchor=\"#lightpress__section--block_a8d17b6df44259cdc7f18af375f879d0 .video-box__text\"><h3>Hans Peter Fink<\/h3>\n<h3>\u00a0<\/h3>\n<p>Hans Peter Fink, egy osztr\u00e1k int\u00e9zm\u00e9ny, k\u00f6rbevezeti \u00d6nt csod\u00e1latos csal\u00e1di v\u00e1llalkoz\u00e1s\u00e1ban St\u00e1jerorsz\u00e1gban. Helyiek, \u00fczletemberek \u00e9s \u00fcd\u00fcl\u0151vend\u00e9gek tal\u00e1lkoznak itt, hogy Hans Peter Fink region\u00e1lisan jellegzetes \u00e9s kifinomult konyh\u00e1j\u00e1t \u00e9lvezz\u00e9k hangulatos l\u00e9gk\u00f6rben. Hogy mi k\u00f6ze van mindennek a QimiQ-hoz, azt a .... vide\u00f3n megtudhatja.<\/p>\n<\/div>\n                        <\/div>\n\n            <iframe class=\"video-box__iframe\" src=\"https:\/\/www.youtube-nocookie.com\/embed\/u2rx2Fukj8c\" frameborder=\"0\"\n                allow=\"accelerometer; autoplay; clipboard-write; encrypted-media; gyroscope; picture-in-picture\"\n                allowfullscreen><\/iframe>\n    <\/div>\n\n<\/section>\n\n<section id='lightpress__section--block_5bfd67c0268f386a9bb93fa00f31ccdc' class='lightpress__section--default-section-space lightpress__section lightpress__section--video-box' data-scroll-section><div class=\"video-box__container video-box__container--\">\n\n    <div class=\"video-box__texteditor\" data-aos=\"fade-left\" data-aos-delay=\"100\" data-aos-once=\"true\">\n\n                    \n                            \n                <div data-aos=\"fade-right\" data-aos-once=\"true\"\n                     data-aos-delay=\"300\"\n                     data-aos-anchor=\"#lightpress__section--block_5bfd67c0268f386a9bb93fa00f31ccdc .video-box__text\"><h3>Leon Amon<\/h3>\n<h3>\u00a0<\/h3>\n<p>Kapcsoljon ki \u00e9s \u00e9lvezze a meleg vend\u00e9gszeretetet - ez az Amon's Gastwirtschaft. Egy hagyom\u00e1nyos csal\u00e1di v\u00e1llalkoz\u00e1s, ahogy mi szeretj\u00fck! Olyan region\u00e1lis \u00e9s szezon\u00e1lis \u00e9teleket k\u00edn\u00e1l, amelyek minden sz\u00edvet megdobogtatnak. Egy abszol\u00fat k\u00f6telez\u0151 l\u00e1tnival\u00f3 B\u00e9csben! Hogy mi k\u00f6ze mindennek a QimiQ-hoz, azt a vide\u00f3ban l\u00e1thatja...<\/p>\n<\/div>\n                        <\/div>\n\n            <iframe class=\"video-box__iframe\" src=\"https:\/\/www.youtube-nocookie.com\/embed\/lYcwQEqm__U\" frameborder=\"0\"\n                allow=\"accelerometer; autoplay; clipboard-write; encrypted-media; gyroscope; picture-in-picture\"\n                allowfullscreen><\/iframe>\n    <\/div>\n\n<\/section>","protected":false},"excerpt":{"rendered":"","protected":false},"author":1,"featured_media":0,"parent":2663,"menu_order":1,"comment_status":"closed","ping_status":"closed","template":"","meta":{"_acf_changed":false,"_relevanssi_hide_post":"","_relevanssi_hide_content":"","_relevanssi_pin_for_all":"","_relevanssi_pin_keywords":"","_relevanssi_unpin_keywords":"","_relevanssi_related_keywords":"","_relevanssi_related_include_ids":"","_relevanssi_related_exclude_ids":"","_relevanssi_related_no_append":"","_relevanssi_related_not_related":"","_relevanssi_related_posts":"","_relevanssi_noindex_reason":"","footnotes":""},"class_list":["post-2677","page","type-page","status-publish","hentry"],"acf":[],"yoast_head":"<!-- This site is optimized with the Yoast SEO Premium plugin v26.6 (Yoast SEO v26.8) - https:\/\/yoast.com\/product\/yoast-seo-premium-wordpress\/ -->\n<title>Chefkoch-Videos - QimiQ<\/title>\n<meta name=\"robots\" content=\"index, follow, max-snippet:-1, max-image-preview:large, max-video-preview:-1\" \/>\n<link rel=\"canonical\" href=\"https:\/\/qimiq.com\/hu\/qimiq-fuer-profis\/chefkoeche\/chefkoch-videos\/\" \/>\n<meta property=\"og:locale\" content=\"hu_HU\" \/>\n<meta property=\"og:type\" content=\"article\" \/>\n<meta property=\"og:title\" content=\"Chefkoch-Videos\" \/>\n<meta property=\"og:url\" content=\"https:\/\/qimiq.com\/hu\/qimiq-fuer-profis\/chefkoeche\/chefkoch-videos\/\" \/>\n<meta property=\"og:site_name\" content=\"QimiQ\" \/>\n<meta property=\"article:publisher\" content=\"https:\/\/www.facebook.com\/QimiQWorld\/\" \/>\n<meta property=\"article:modified_time\" content=\"2023-06-26T12:45:24+00:00\" \/>\n<meta property=\"og:image\" content=\"https:\/\/qimiq.com\/wp-content\/uploads\/Torte.png\" \/>\n\t<meta property=\"og:image:width\" content=\"316\" \/>\n\t<meta property=\"og:image:height\" content=\"202\" \/>\n\t<meta property=\"og:image:type\" content=\"image\/png\" \/>\n<meta name=\"twitter:card\" content=\"summary_large_image\" \/>\n<script type=\"application\/ld+json\" class=\"yoast-schema-graph\">{\"@context\":\"https:\/\/schema.org\",\"@graph\":[{\"@type\":\"WebPage\",\"@id\":\"https:\/\/qimiq.com\/qimiq-fuer-profis\/chefkoeche\/chefkoch-videos\/\",\"url\":\"https:\/\/qimiq.com\/qimiq-fuer-profis\/chefkoeche\/chefkoch-videos\/\",\"name\":\"Chefkoch-Videos - QimiQ\",\"isPartOf\":{\"@id\":\"https:\/\/qimiq.com\/en\/#website\"},\"datePublished\":\"2023-06-26T12:44:03+00:00\",\"dateModified\":\"2023-06-26T12:45:24+00:00\",\"breadcrumb\":{\"@id\":\"https:\/\/qimiq.com\/qimiq-fuer-profis\/chefkoeche\/chefkoch-videos\/#breadcrumb\"},\"inLanguage\":\"hu\",\"potentialAction\":[{\"@type\":\"ReadAction\",\"target\":[\"https:\/\/qimiq.com\/qimiq-fuer-profis\/chefkoeche\/chefkoch-videos\/\"]}]},{\"@type\":\"BreadcrumbList\",\"@id\":\"https:\/\/qimiq.com\/qimiq-fuer-profis\/chefkoeche\/chefkoch-videos\/#breadcrumb\",\"itemListElement\":[{\"@type\":\"ListItem\",\"position\":1,\"name\":\"Home\",\"item\":\"https:\/\/qimiq.com\/\"},{\"@type\":\"ListItem\",\"position\":2,\"name\":\"QimiQ f\u00fcr PROFIS\",\"item\":\"https:\/\/qimiq.com\/qimiq-fuer-profis\/\"},{\"@type\":\"ListItem\",\"position\":3,\"name\":\"Chefk\u00f6che\",\"item\":\"https:\/\/qimiq.com\/qimiq-fuer-profis\/chefkoeche\/\"},{\"@type\":\"ListItem\",\"position\":4,\"name\":\"Chefkoch-Videos\"}]},{\"@type\":\"WebSite\",\"@id\":\"https:\/\/qimiq.com\/en\/#website\",\"url\":\"https:\/\/qimiq.com\/en\/\",\"name\":\"QimiQ\",\"description\":\"\",\"publisher\":{\"@id\":\"https:\/\/qimiq.com\/en\/#organization\"},\"potentialAction\":[{\"@type\":\"SearchAction\",\"target\":{\"@type\":\"EntryPoint\",\"urlTemplate\":\"https:\/\/qimiq.com\/en\/?s={search_term_string}\"},\"query-input\":{\"@type\":\"PropertyValueSpecification\",\"valueRequired\":true,\"valueName\":\"search_term_string\"}}],\"inLanguage\":\"hu\"},{\"@type\":\"Organization\",\"@id\":\"https:\/\/qimiq.com\/en\/#organization\",\"name\":\"QimiQ\",\"url\":\"https:\/\/qimiq.com\/en\/\",\"logo\":{\"@type\":\"ImageObject\",\"inLanguage\":\"hu\",\"@id\":\"https:\/\/qimiq.com\/en\/#\/schema\/logo\/image\/\",\"url\":\"https:\/\/qimiq.com\/wp-content\/uploads\/AdobeStock_300763099_Video_HD_Preview.png\",\"contentUrl\":\"https:\/\/qimiq.com\/wp-content\/uploads\/AdobeStock_300763099_Video_HD_Preview.png\",\"width\":712,\"height\":401,\"caption\":\"QimiQ\"},\"image\":{\"@id\":\"https:\/\/qimiq.com\/en\/#\/schema\/logo\/image\/\"},\"sameAs\":[\"https:\/\/www.facebook.com\/QimiQWorld\/\",\"https:\/\/www.facebook.com\/QimiQProfessionals\/\",\"https:\/\/www.instagram.com\/qimiq_austria\/\"]}]}<\/script>\n<!-- \/ Yoast SEO Premium plugin. -->","yoast_head_json":{"title":"Szak\u00e1cs vide\u00f3k - QimiQ","robots":{"index":"index","follow":"follow","max-snippet":"max-snippet:-1","max-image-preview":"max-image-preview:large","max-video-preview":"max-video-preview:-1"},"canonical":"https:\/\/qimiq.com\/hu\/qimiq-fuer-profis\/chefkoeche\/chefkoch-videos\/","og_locale":"hu_HU","og_type":"article","og_title":"Chefkoch-Videos","og_url":"https:\/\/qimiq.com\/hu\/qimiq-fuer-profis\/chefkoeche\/chefkoch-videos\/","og_site_name":"QimiQ","article_publisher":"https:\/\/www.facebook.com\/QimiQWorld\/","article_modified_time":"2023-06-26T12:45:24+00:00","og_image":[{"width":316,"height":202,"url":"https:\/\/qimiq.com\/wp-content\/uploads\/Torte.png","type":"image\/png"}],"twitter_card":"summary_large_image","schema":{"@context":"https:\/\/schema.org","@graph":[{"@type":"WebPage","@id":"https:\/\/qimiq.com\/qimiq-fuer-profis\/chefkoeche\/chefkoch-videos\/","url":"https:\/\/qimiq.com\/qimiq-fuer-profis\/chefkoeche\/chefkoch-videos\/","name":"Szak\u00e1cs vide\u00f3k - QimiQ","isPartOf":{"@id":"https:\/\/qimiq.com\/en\/#website"},"datePublished":"2023-06-26T12:44:03+00:00","dateModified":"2023-06-26T12:45:24+00:00","breadcrumb":{"@id":"https:\/\/qimiq.com\/qimiq-fuer-profis\/chefkoeche\/chefkoch-videos\/#breadcrumb"},"inLanguage":"hu","potentialAction":[{"@type":"ReadAction","target":["https:\/\/qimiq.com\/qimiq-fuer-profis\/chefkoeche\/chefkoch-videos\/"]}]},{"@type":"BreadcrumbList","@id":"https:\/\/qimiq.com\/qimiq-fuer-profis\/chefkoeche\/chefkoch-videos\/#breadcrumb","itemListElement":[{"@type":"ListItem","position":1,"name":"Home","item":"https:\/\/qimiq.com\/"},{"@type":"ListItem","position":2,"name":"QimiQ f\u00fcr PROFIS","item":"https:\/\/qimiq.com\/qimiq-fuer-profis\/"},{"@type":"ListItem","position":3,"name":"Chefk\u00f6che","item":"https:\/\/qimiq.com\/qimiq-fuer-profis\/chefkoeche\/"},{"@type":"ListItem","position":4,"name":"Chefkoch-Videos"}]},{"@type":"WebSite","@id":"https:\/\/qimiq.com\/en\/#website","url":"https:\/\/qimiq.com\/en\/","name":"QimiQ","description":"","publisher":{"@id":"https:\/\/qimiq.com\/en\/#organization"},"potentialAction":[{"@type":"SearchAction","target":{"@type":"EntryPoint","urlTemplate":"https:\/\/qimiq.com\/en\/?s={search_term_string}"},"query-input":{"@type":"PropertyValueSpecification","valueRequired":true,"valueName":"search_term_string"}}],"inLanguage":"hu"},{"@type":"Organization","@id":"https:\/\/qimiq.com\/en\/#organization","name":"QimiQ","url":"https:\/\/qimiq.com\/en\/","logo":{"@type":"ImageObject","inLanguage":"hu","@id":"https:\/\/qimiq.com\/en\/#\/schema\/logo\/image\/","url":"https:\/\/qimiq.com\/wp-content\/uploads\/AdobeStock_300763099_Video_HD_Preview.png","contentUrl":"https:\/\/qimiq.com\/wp-content\/uploads\/AdobeStock_300763099_Video_HD_Preview.png","width":712,"height":401,"caption":"QimiQ"},"image":{"@id":"https:\/\/qimiq.com\/en\/#\/schema\/logo\/image\/"},"sameAs":["https:\/\/www.facebook.com\/QimiQWorld\/","https:\/\/www.facebook.com\/QimiQProfessionals\/","https:\/\/www.instagram.com\/qimiq_austria\/"]}]}},"_links":{"self":[{"href":"https:\/\/qimiq.com\/hu\/wp-json\/wp\/v2\/pages\/2677","targetHints":{"allow":["GET"]}}],"collection":[{"href":"https:\/\/qimiq.com\/hu\/wp-json\/wp\/v2\/pages"}],"about":[{"href":"https:\/\/qimiq.com\/hu\/wp-json\/wp\/v2\/types\/page"}],"author":[{"embeddable":true,"href":"https:\/\/qimiq.com\/hu\/wp-json\/wp\/v2\/users\/1"}],"replies":[{"embeddable":true,"href":"https:\/\/qimiq.com\/hu\/wp-json\/wp\/v2\/comments?post=2677"}],"version-history":[{"count":3,"href":"https:\/\/qimiq.com\/hu\/wp-json\/wp\/v2\/pages\/2677\/revisions"}],"predecessor-version":[{"id":2681,"href":"https:\/\/qimiq.com\/hu\/wp-json\/wp\/v2\/pages\/2677\/revisions\/2681"}],"up":[{"embeddable":true,"href":"https:\/\/qimiq.com\/hu\/wp-json\/wp\/v2\/pages\/2663"}],"wp:attachment":[{"href":"https:\/\/qimiq.com\/hu\/wp-json\/wp\/v2\/media?parent=2677"}],"curies":[{"name":"wp","href":"https:\/\/api.w.org\/{rel}","templated":true}]}}