{"id":2634,"date":"2023-06-26T13:08:12","date_gmt":"2023-06-26T12:08:12","guid":{"rendered":"https:\/\/qimiq.com\/?page_id=2634"},"modified":"2025-10-20T10:33:56","modified_gmt":"2025-10-20T09:33:56","slug":"pikantes-konzept","status":"publish","type":"page","link":"https:\/\/qimiq.com\/hu\/qimiq-fuer-profis\/anwendungen\/pikantes-konzept\/","title":{"rendered":"Pik\u00e1ns koncepci\u00f3"},"content":{"rendered":"<section id='lightpress__section--block_c708256ca4baa11ced8abd0900b03f2f' class='lightpress__section--cow-headline--default lightpress__section--default-section-space lightpress__section lightpress__section--cow-headline' data-scroll-section><div class=\"cow-headline__container\">\n        <h1 data-aos=\"fade-right\" class=\"cow-headline__headline\"\n    data-aos-once=\"true\">Pik\u00e1ns koncepci\u00f3<\/h1>\n<picture class=\"cow-headline__picture\"\n         data-aos=\"fade-left\"\n         data-aos-once=\"true\">\n    <source srcset=\"\/wp-content\/themes\/qimiq\/blocks\/cow-headline\/cow.png.webp\" type=\"image\/webp\">\n    <img decoding=\"async\" src=\"\/wp-content\/themes\/qimiq\/blocks\/cow-headline\/cow.png\" alt=\"Teh\u00e9n\">\n<\/picture>\n<\/div>\n\n<\/section>\n\n<section id='lightpress__section--block_b16cd6328d440d66ebdc6d5231a1c900' class='lightpress__section--default-section-space lightpress__section lightpress__section--highlight-grid' data-scroll-section><div class=\"highlight-grid__explanation highlight-grid__explanation--\">\n    \n    \n    <\/div>\n\n    <div class=\"highlight-grid\">\n                    \n                            <a href=\"https:\/\/rdb.qimiq.com\/de\/recipes\/4952\" target=\"_blank\"\n                   class=\"highlight-grid__entry\"\n                        data-aos-anchor=\"#lightpress__section--block_b16cd6328d440d66ebdc6d5231a1c900 .highlight-grid\"\n            data-aos=\"fade-up\"\n            data-aos-delay=\"0\"\n            data-aos-once=\"true\">\n\n                            <picture class=\"highlight-grid__entry--image\">\n                    <source srcset=\"https:\/\/qimiq.com\/wp-content\/uploads\/Design-ohne-Titel137.webp\" type=\"image\/webp\">\n                    <img decoding=\"async\" src=\"https:\/\/qimiq.com\/wp-content\/uploads\/Design-ohne-Titel137.png\" alt=\"Design ohne Titel137\" width=\"440px\" height=\"440px\" \/>\n                <\/picture>\n            \n                            <div class=\"highlight-grid__textbox\" data-aos=\"fade-up\"\n                     data-aos-anchor=\"#lightpress__section--block_b16cd6328d440d66ebdc6d5231a1c900 .highlight-grid\"\n                     data-aos-delay=\"150\"\n                     data-aos-once=\"true\">\n                    <div>\n                                                    <p class=\"highlight-grid__headline text--25 text--color-darkblue text--medium\"> Thunfischaufstrich<\/p>\n                                                                    <\/div>\n\n                                    <\/div>\n            \n                            <\/a>\n            \n                    \n                            <a href=\"https:\/\/rdb.qimiq.com\/de\/recipes\/4907\" target=\"_blank\"\n                   class=\"highlight-grid__entry\"\n                        data-aos-anchor=\"#lightpress__section--block_b16cd6328d440d66ebdc6d5231a1c900 .highlight-grid\"\n            data-aos=\"fade-up\"\n            data-aos-delay=\"150\"\n            data-aos-once=\"true\">\n\n                            <picture class=\"highlight-grid__entry--image\">\n                    <source srcset=\"https:\/\/qimiq.com\/wp-content\/uploads\/Design-ohne-Titel138.webp\" type=\"image\/webp\">\n                    <img decoding=\"async\" src=\"https:\/\/qimiq.com\/wp-content\/uploads\/Design-ohne-Titel138.png\" alt=\"Design ohne Titel138\" width=\"440px\" height=\"440px\" \/>\n                <\/picture>\n            \n                            <div class=\"highlight-grid__textbox\" data-aos=\"fade-up\"\n                     data-aos-anchor=\"#lightpress__section--block_b16cd6328d440d66ebdc6d5231a1c900 .highlight-grid\"\n                     data-aos-delay=\"300\"\n                     data-aos-once=\"true\">\n                    <div>\n                                                    <p class=\"highlight-grid__headline text--25 text--color-darkblue text--medium\">Wasabi-Dressing<\/p>\n                                                                    <\/div>\n\n                                    <\/div>\n            \n                            <\/a>\n            \n                    \n                            <a href=\"https:\/\/rdb.qimiq.com\/de\/recipes\/4894\" target=\"_blank\"\n                   class=\"highlight-grid__entry\"\n                        data-aos-anchor=\"#lightpress__section--block_b16cd6328d440d66ebdc6d5231a1c900 .highlight-grid\"\n            data-aos=\"fade-up\"\n            data-aos-delay=\"300\"\n            data-aos-once=\"true\">\n\n                            <picture class=\"highlight-grid__entry--image\">\n                    <source srcset=\"https:\/\/qimiq.com\/wp-content\/uploads\/Design-ohne-Titel139.webp\" type=\"image\/webp\">\n                    <img decoding=\"async\" src=\"https:\/\/qimiq.com\/wp-content\/uploads\/Design-ohne-Titel139.png\" alt=\"Design ohne Titel139\" width=\"440px\" height=\"440px\" \/>\n                <\/picture>\n            \n                            <div class=\"highlight-grid__textbox\" data-aos=\"fade-up\"\n                     data-aos-anchor=\"#lightpress__section--block_b16cd6328d440d66ebdc6d5231a1c900 .highlight-grid\"\n                     data-aos-delay=\"450\"\n                     data-aos-once=\"true\">\n                    <div>\n                                                    <p class=\"highlight-grid__headline text--25 text--color-darkblue text--medium\">R\u00e4ucherlachsmousse<\/p>\n                                                                    <\/div>\n\n                                    <\/div>\n            \n                            <\/a>\n            \n            <\/div>\n\n\n<\/section>\n\n<section id='lightpress__section--block_917b8ff500c3cbc213eaa0e9e7285d2c' class='lightpress__section--full-width lightpress__section--default-section-space lightpress__section lightpress__section--image-text' data-scroll-section><div class=\"image-text__container image-text__container--\">\n                            <picture class=\"image-text__picture\"\n                 data-aos=\"fade-left\"\n                 data-aos-once=\"true\"\n                 data-aos-anchor=\"#lightpress__section--block_917b8ff500c3cbc213eaa0e9e7285d2c .image-text__container\">\n            <source srcset=\"https:\/\/qimiq.com\/wp-content\/uploads\/2020_QimiQ_Pikant_Konzept_A4_Seite_01-scaled-1-724x1024.webp\" type=\"image\/webp\">\n            <img decoding=\"async\" src=\"https:\/\/qimiq.com\/wp-content\/uploads\/2020_QimiQ_Pikant_Konzept_A4_Seite_01-scaled-1-724x1024.jpg\" alt=\"2020 QimiQ Pikant Konzept A4 Seite 01 scaled 1\" \/>\n        <\/picture>\n    \n    <div class=\"image-text__text\">\n        \n                    <h2 class=\"text--medium text--55\" data-aos=\"fade-right\"\n                data-aos-once=\"true\"\n                data-aos-delay=\"100\"\n                data-aos-anchor=\"#lightpress__section--block_917b8ff500c3cbc213eaa0e9e7285d2c .image-text__container\">A QimiQ Pikant-koncepci\u00f3 5 \u00e9p\u00edt\u0151eleme<\/h2>\n        \n                    <div class=\"spacer--60\"><\/div>\n\n            <div data-aos=\"fade-right\" data-aos-once=\"true\"\n                 data-aos-delay=\"200\"\n                 data-aos-anchor=\"#lightpress__section--block_917b8ff500c3cbc213eaa0e9e7285d2c .image-text__container\"><ul>\n<li style=\"text-align: left;\">Egyszer\u0171 alapreceptek v\u00e9gtelen sok egyszer\u0171 v\u00e1ltoztat\u00e1st tesznek lehet\u0151v\u00e9.<\/li>\n<li style=\"text-align: left;\">A sikert a megadott QimiQ sz\u00e1zal\u00e9kos ar\u00e1ny garant\u00e1lja.<\/li>\n<li style=\"text-align: left;\">K\u00fcl\u00f6nb\u00f6z\u0151 vizu\u00e1lis v\u00e1ltozatok \u00e9s megjelen\u00edt\u00e9sek lehets\u00e9gesek.<\/li>\n<li style=\"text-align: left;\">Profi szak\u00e1csk\u00e9nt \u00d6n hat\u00e1rozza meg az \u00e9telek \u00edz\u00e9t, kreativit\u00e1s\u00e1t \u00e9s sokoldal\u00fas\u00e1g\u00e1t.<\/li>\n<li style=\"text-align: left;\">A gy\u00e1rt\u00e1si id\u0151k optimaliz\u00e1l\u00e1sa a konyh\u00e1ban \u00e9s a szolg\u00e1ltat\u00e1si \u00fctemez\u00e9s jobb megtervez\u00e9se.<\/li>\n<\/ul>\n<\/div>\n        \n            <\/div>\n<\/div>\n\n<\/section>\n\n<section id='lightpress__section--block_4c4de532acdbf5f31796e9b7fee956a6' class='lightpress__section--default-section-space lightpress__section lightpress__section--wysiwyg' data-scroll-section><div class=\"wysiwyg-columns wysiwyg-columns--1\">\n            <div class=\"wysiwyg-columns__content\" data-aos=\"fade-right\"\n             data-aos-once=\"true\"><p style=\"text-align: center;\"><a class=\"qimiq-button\" href=\"https:\/\/qimiq.com\/wp-content\/uploads\/QimiQ_Pikant_Konzept.pdf\" target=\"_blank\" rel=\"noopener\">Pik\u00e1ns koncepci\u00f3<\/a><\/p>\n<\/div>\n    <\/div>\n\n<\/section>\n\n<section id='lightpress__section--block_49f078fbe6fd85a3dd52922d164121c0' class='lightpress__section--default-section-space lightpress__section lightpress__section--image' data-scroll-section>    <picture\n        class=\"image__picture image__picture--size-stretched image__picture--align-center\">\n            <source srcset=\"https:\/\/qimiq.com\/wp-content\/uploads\/1er.webp\" type=\"image\/webp\">\n        <img decoding=\"async\" src=\"https:\/\/qimiq.com\/wp-content\/uploads\/1er.png\" alt=\"1er\" \/>\n<\/picture>\n\n<\/section>\n\n<section id='lightpress__section--block_db0914721f0fce01261c4dca5771c65e' class='lightpress__section--default-section-space lightpress__section lightpress__section--image' data-scroll-section>    <picture\n        class=\"image__picture image__picture--size-stretched image__picture--align-center\">\n            <source srcset=\"https:\/\/qimiq.com\/wp-content\/uploads\/2er.webp\" type=\"image\/webp\">\n        <img decoding=\"async\" src=\"https:\/\/qimiq.com\/wp-content\/uploads\/2er.png\" alt=\"2er\" \/>\n<\/picture>\n\n<\/section>\n\n<section id='lightpress__section--block_cf7e2fd35453f113ecd1dd3df622b6ac' class='lightpress__section--default-section-space lightpress__section lightpress__section--image' data-scroll-section>    <picture\n        class=\"image__picture image__picture--size-stretched image__picture--align-center\">\n            <source srcset=\"https:\/\/qimiq.com\/wp-content\/uploads\/3er.webp\" type=\"image\/webp\">\n        <img decoding=\"async\" src=\"https:\/\/qimiq.com\/wp-content\/uploads\/3er.png\" alt=\"3er\" \/>\n<\/picture>\n\n<\/section>\n\n<section id='lightpress__section--block_45a96c8bdf9161e46fc6aa16946c4c55' class='lightpress__section--full-width lightpress__section--default-section-space lightpress__section lightpress__section--image-text' data-scroll-section><div class=\"image-text__container image-text__container--\">\n                            <picture class=\"image-text__picture\"\n                 data-aos=\"fade-left\"\n                 data-aos-once=\"true\"\n                 data-aos-anchor=\"#lightpress__section--block_45a96c8bdf9161e46fc6aa16946c4c55 .image-text__container\">\n            <source srcset=\"https:\/\/qimiq.com\/wp-content\/uploads\/MMM-MANGOS282-1024x1024.webp\" type=\"image\/webp\">\n            <img decoding=\"async\" src=\"https:\/\/qimiq.com\/wp-content\/uploads\/MMM-MANGOS282-1024x1024.png\" alt=\"MMM MANGOS282\" \/>\n        <\/picture>\n    \n    <div class=\"image-text__text\">\n        \n                    <h2 class=\"text--medium text--55\" data-aos=\"fade-right\"\n                data-aos-once=\"true\"\n                data-aos-delay=\"100\"\n                data-aos-anchor=\"#lightpress__section--block_45a96c8bdf9161e46fc6aa16946c4c55 .image-text__container\">Workshop-ok<\/h2>\n        \n                    <div class=\"spacer--60\"><\/div>\n\n            <div data-aos=\"fade-right\" data-aos-once=\"true\"\n                 data-aos-delay=\"200\"\n                 data-aos-anchor=\"#lightpress__section--block_45a96c8bdf9161e46fc6aa16946c4c55 .image-text__container\"><p style=\"text-align: left;\">Ha \u00faj hangs\u00falyokat szeretne a konyh\u00e1j\u00e1ban, kreat\u00edv \u00e9s hat\u00e9kony el\u0151k\u00e9sz\u00edt\u00e9si lehet\u0151s\u00e9gek ir\u00e1nt \u00e9rdekl\u0151dik, vagy egyszer\u0171en csak hat\u00e9konyabban szeretn\u00e9 kezelni a termel\u00e9st, az id\u0151t \u00e9s a k\u00f6lts\u00e9geket, akkor a legjobb helyen j\u00e1r. A QimiQ m\u0171helyei seg\u00edtenek abban, hogy megk\u00f6nny\u00edts\u00e9k mindennapi konyhai munk\u00e1j\u00e1t.<\/p>\n<p style=\"text-align: left;\">Foglaljon le egy QimiQ workshopot, \u00e9s hagyja mag\u00e1t inspir\u00e1lni d\u00edjnyertes s\u00e9fjeink \u00e1ltal.<\/p>\n<p>\u00a0<\/p>\n<p style=\"text-align: left;\">E-mail: <a href=\"mailto:rd@QimiQ.com\">rd@QimiQ.com<\/a>.<\/p>\n<p style=\"text-align: left;\">\u00a0<\/p>\n<p style=\"text-align: left;\">Tov\u00e1bbi el\u00e9rhet\u0151s\u00e9geket tal\u00e1l <a href=\"\/hu\/kontakt\/\">itt<\/a>.\u00a0<\/p>\n<\/div>\n        \n            <\/div>\n<\/div>\n\n<\/section>","protected":false},"excerpt":{"rendered":"","protected":false},"author":1,"featured_media":0,"parent":2471,"menu_order":1,"comment_status":"closed","ping_status":"closed","template":"","meta":{"_acf_changed":false,"_relevanssi_hide_post":"","_relevanssi_hide_content":"","_relevanssi_pin_for_all":"","_relevanssi_pin_keywords":"","_relevanssi_unpin_keywords":"","_relevanssi_related_keywords":"","_relevanssi_related_include_ids":"","_relevanssi_related_exclude_ids":"","_relevanssi_related_no_append":"","_relevanssi_related_not_related":"","_relevanssi_related_posts":"","_relevanssi_noindex_reason":"","footnotes":""},"class_list":["post-2634","page","type-page","status-publish","hentry"],"acf":[],"yoast_head":"<!-- This site is optimized with the Yoast SEO Premium plugin v26.6 (Yoast SEO v26.8) - https:\/\/yoast.com\/product\/yoast-seo-premium-wordpress\/ -->\n<title>Pikantes Konzept - QimiQ<\/title>\n<meta name=\"description\" content=\"Entdecken Sie das pikante Konzept von QimiQ: die ideale Sahne-Basis f\u00fcr Saucen, Suppen und Aufl\u00e4ufe. Perfekt f\u00fcr kreative Profik\u00fcche.\" \/>\n<meta name=\"robots\" content=\"index, follow, max-snippet:-1, max-image-preview:large, max-video-preview:-1\" \/>\n<link rel=\"canonical\" href=\"https:\/\/qimiq.com\/hu\/qimiq-fuer-profis\/anwendungen\/pikantes-konzept\/\" \/>\n<meta property=\"og:locale\" content=\"hu_HU\" \/>\n<meta property=\"og:type\" content=\"article\" \/>\n<meta property=\"og:title\" content=\"Pikantes Konzept\" \/>\n<meta property=\"og:description\" content=\"Entdecken Sie das pikante Konzept von QimiQ: die ideale Sahne-Basis f\u00fcr Saucen, Suppen und Aufl\u00e4ufe. Perfekt f\u00fcr kreative Profik\u00fcche.\" \/>\n<meta property=\"og:url\" content=\"https:\/\/qimiq.com\/hu\/qimiq-fuer-profis\/anwendungen\/pikantes-konzept\/\" \/>\n<meta property=\"og:site_name\" content=\"QimiQ\" \/>\n<meta property=\"article:publisher\" content=\"https:\/\/www.facebook.com\/QimiQWorld\/\" \/>\n<meta property=\"article:modified_time\" content=\"2025-10-20T09:33:56+00:00\" \/>\n<meta property=\"og:image\" content=\"https:\/\/qimiq.com\/wp-content\/uploads\/Torte.png\" \/>\n\t<meta property=\"og:image:width\" content=\"316\" \/>\n\t<meta property=\"og:image:height\" content=\"202\" \/>\n\t<meta property=\"og:image:type\" content=\"image\/png\" \/>\n<meta name=\"twitter:card\" content=\"summary_large_image\" \/>\n<script type=\"application\/ld+json\" class=\"yoast-schema-graph\">{\"@context\":\"https:\/\/schema.org\",\"@graph\":[{\"@type\":\"WebPage\",\"@id\":\"https:\/\/qimiq.com\/qimiq-fuer-profis\/anwendungen\/pikantes-konzept\/\",\"url\":\"https:\/\/qimiq.com\/qimiq-fuer-profis\/anwendungen\/pikantes-konzept\/\",\"name\":\"Pikantes Konzept - QimiQ\",\"isPartOf\":{\"@id\":\"https:\/\/qimiq.com\/en\/#website\"},\"datePublished\":\"2023-06-26T12:08:12+00:00\",\"dateModified\":\"2025-10-20T09:33:56+00:00\",\"description\":\"Entdecken Sie das pikante Konzept von QimiQ: die ideale Sahne-Basis f\u00fcr Saucen, Suppen und Aufl\u00e4ufe. Perfekt f\u00fcr kreative Profik\u00fcche.\",\"breadcrumb\":{\"@id\":\"https:\/\/qimiq.com\/qimiq-fuer-profis\/anwendungen\/pikantes-konzept\/#breadcrumb\"},\"inLanguage\":\"hu\",\"potentialAction\":[{\"@type\":\"ReadAction\",\"target\":[\"https:\/\/qimiq.com\/qimiq-fuer-profis\/anwendungen\/pikantes-konzept\/\"]}]},{\"@type\":\"BreadcrumbList\",\"@id\":\"https:\/\/qimiq.com\/qimiq-fuer-profis\/anwendungen\/pikantes-konzept\/#breadcrumb\",\"itemListElement\":[{\"@type\":\"ListItem\",\"position\":1,\"name\":\"Home\",\"item\":\"https:\/\/qimiq.com\/\"},{\"@type\":\"ListItem\",\"position\":2,\"name\":\"QimiQ f\u00fcr PROFIS\",\"item\":\"https:\/\/qimiq.com\/qimiq-fuer-profis\/\"},{\"@type\":\"ListItem\",\"position\":3,\"name\":\"Anwendungen\",\"item\":\"https:\/\/qimiq.com\/qimiq-fuer-profis\/anwendungen\/\"},{\"@type\":\"ListItem\",\"position\":4,\"name\":\"Pikantes Konzept\"}]},{\"@type\":\"WebSite\",\"@id\":\"https:\/\/qimiq.com\/en\/#website\",\"url\":\"https:\/\/qimiq.com\/en\/\",\"name\":\"QimiQ\",\"description\":\"\",\"publisher\":{\"@id\":\"https:\/\/qimiq.com\/en\/#organization\"},\"potentialAction\":[{\"@type\":\"SearchAction\",\"target\":{\"@type\":\"EntryPoint\",\"urlTemplate\":\"https:\/\/qimiq.com\/en\/?s={search_term_string}\"},\"query-input\":{\"@type\":\"PropertyValueSpecification\",\"valueRequired\":true,\"valueName\":\"search_term_string\"}}],\"inLanguage\":\"hu\"},{\"@type\":\"Organization\",\"@id\":\"https:\/\/qimiq.com\/en\/#organization\",\"name\":\"QimiQ\",\"url\":\"https:\/\/qimiq.com\/en\/\",\"logo\":{\"@type\":\"ImageObject\",\"inLanguage\":\"hu\",\"@id\":\"https:\/\/qimiq.com\/en\/#\/schema\/logo\/image\/\",\"url\":\"https:\/\/qimiq.com\/wp-content\/uploads\/AdobeStock_300763099_Video_HD_Preview.png\",\"contentUrl\":\"https:\/\/qimiq.com\/wp-content\/uploads\/AdobeStock_300763099_Video_HD_Preview.png\",\"width\":712,\"height\":401,\"caption\":\"QimiQ\"},\"image\":{\"@id\":\"https:\/\/qimiq.com\/en\/#\/schema\/logo\/image\/\"},\"sameAs\":[\"https:\/\/www.facebook.com\/QimiQWorld\/\",\"https:\/\/www.facebook.com\/QimiQProfessionals\/\",\"https:\/\/www.instagram.com\/qimiq_austria\/\"]}]}<\/script>\n<!-- \/ Yoast SEO Premium plugin. -->","yoast_head_json":{"title":"Pikantes Konzept - QimiQ","description":"Entdecken Sie das pikante Konzept von QimiQ: die ideale Sahne-Basis f\u00fcr Saucen, Suppen und Aufl\u00e4ufe. Perfekt f\u00fcr kreative Profik\u00fcche.","robots":{"index":"index","follow":"follow","max-snippet":"max-snippet:-1","max-image-preview":"max-image-preview:large","max-video-preview":"max-video-preview:-1"},"canonical":"https:\/\/qimiq.com\/hu\/qimiq-fuer-profis\/anwendungen\/pikantes-konzept\/","og_locale":"hu_HU","og_type":"article","og_title":"Pikantes Konzept","og_description":"Entdecken Sie das pikante Konzept von QimiQ: die ideale Sahne-Basis f\u00fcr Saucen, Suppen und Aufl\u00e4ufe. Perfekt f\u00fcr kreative Profik\u00fcche.","og_url":"https:\/\/qimiq.com\/hu\/qimiq-fuer-profis\/anwendungen\/pikantes-konzept\/","og_site_name":"QimiQ","article_publisher":"https:\/\/www.facebook.com\/QimiQWorld\/","article_modified_time":"2025-10-20T09:33:56+00:00","og_image":[{"width":316,"height":202,"url":"https:\/\/qimiq.com\/wp-content\/uploads\/Torte.png","type":"image\/png"}],"twitter_card":"summary_large_image","schema":{"@context":"https:\/\/schema.org","@graph":[{"@type":"WebPage","@id":"https:\/\/qimiq.com\/qimiq-fuer-profis\/anwendungen\/pikantes-konzept\/","url":"https:\/\/qimiq.com\/qimiq-fuer-profis\/anwendungen\/pikantes-konzept\/","name":"Pikantes Konzept - QimiQ","isPartOf":{"@id":"https:\/\/qimiq.com\/en\/#website"},"datePublished":"2023-06-26T12:08:12+00:00","dateModified":"2025-10-20T09:33:56+00:00","description":"Entdecken Sie das pikante Konzept von QimiQ: die ideale Sahne-Basis f\u00fcr Saucen, Suppen und Aufl\u00e4ufe. Perfekt f\u00fcr kreative Profik\u00fcche.","breadcrumb":{"@id":"https:\/\/qimiq.com\/qimiq-fuer-profis\/anwendungen\/pikantes-konzept\/#breadcrumb"},"inLanguage":"hu","potentialAction":[{"@type":"ReadAction","target":["https:\/\/qimiq.com\/qimiq-fuer-profis\/anwendungen\/pikantes-konzept\/"]}]},{"@type":"BreadcrumbList","@id":"https:\/\/qimiq.com\/qimiq-fuer-profis\/anwendungen\/pikantes-konzept\/#breadcrumb","itemListElement":[{"@type":"ListItem","position":1,"name":"Home","item":"https:\/\/qimiq.com\/"},{"@type":"ListItem","position":2,"name":"QimiQ f\u00fcr PROFIS","item":"https:\/\/qimiq.com\/qimiq-fuer-profis\/"},{"@type":"ListItem","position":3,"name":"Anwendungen","item":"https:\/\/qimiq.com\/qimiq-fuer-profis\/anwendungen\/"},{"@type":"ListItem","position":4,"name":"Pikantes Konzept"}]},{"@type":"WebSite","@id":"https:\/\/qimiq.com\/en\/#website","url":"https:\/\/qimiq.com\/en\/","name":"QimiQ","description":"","publisher":{"@id":"https:\/\/qimiq.com\/en\/#organization"},"potentialAction":[{"@type":"SearchAction","target":{"@type":"EntryPoint","urlTemplate":"https:\/\/qimiq.com\/en\/?s={search_term_string}"},"query-input":{"@type":"PropertyValueSpecification","valueRequired":true,"valueName":"search_term_string"}}],"inLanguage":"hu"},{"@type":"Organization","@id":"https:\/\/qimiq.com\/en\/#organization","name":"QimiQ","url":"https:\/\/qimiq.com\/en\/","logo":{"@type":"ImageObject","inLanguage":"hu","@id":"https:\/\/qimiq.com\/en\/#\/schema\/logo\/image\/","url":"https:\/\/qimiq.com\/wp-content\/uploads\/AdobeStock_300763099_Video_HD_Preview.png","contentUrl":"https:\/\/qimiq.com\/wp-content\/uploads\/AdobeStock_300763099_Video_HD_Preview.png","width":712,"height":401,"caption":"QimiQ"},"image":{"@id":"https:\/\/qimiq.com\/en\/#\/schema\/logo\/image\/"},"sameAs":["https:\/\/www.facebook.com\/QimiQWorld\/","https:\/\/www.facebook.com\/QimiQProfessionals\/","https:\/\/www.instagram.com\/qimiq_austria\/"]}]}},"_links":{"self":[{"href":"https:\/\/qimiq.com\/hu\/wp-json\/wp\/v2\/pages\/2634","targetHints":{"allow":["GET"]}}],"collection":[{"href":"https:\/\/qimiq.com\/hu\/wp-json\/wp\/v2\/pages"}],"about":[{"href":"https:\/\/qimiq.com\/hu\/wp-json\/wp\/v2\/types\/page"}],"author":[{"embeddable":true,"href":"https:\/\/qimiq.com\/hu\/wp-json\/wp\/v2\/users\/1"}],"replies":[{"embeddable":true,"href":"https:\/\/qimiq.com\/hu\/wp-json\/wp\/v2\/comments?post=2634"}],"version-history":[{"count":3,"href":"https:\/\/qimiq.com\/hu\/wp-json\/wp\/v2\/pages\/2634\/revisions"}],"predecessor-version":[{"id":3498,"href":"https:\/\/qimiq.com\/hu\/wp-json\/wp\/v2\/pages\/2634\/revisions\/3498"}],"up":[{"embeddable":true,"href":"https:\/\/qimiq.com\/hu\/wp-json\/wp\/v2\/pages\/2471"}],"wp:attachment":[{"href":"https:\/\/qimiq.com\/hu\/wp-json\/wp\/v2\/media?parent=2634"}],"curies":[{"name":"wp","href":"https:\/\/api.w.org\/{rel}","templated":true}]}}