{"id":2630,"date":"2023-06-26T13:07:44","date_gmt":"2023-06-26T12:07:44","guid":{"rendered":"https:\/\/qimiq.com\/?page_id=2630"},"modified":"2023-09-14T07:36:16","modified_gmt":"2023-09-14T06:36:16","slug":"dessertkonzept","status":"publish","type":"page","link":"https:\/\/qimiq.com\/hu\/qimiq-fuer-profis\/anwendungen\/dessertkonzept\/","title":{"rendered":"Desszert koncepci\u00f3"},"content":{"rendered":"<section id='lightpress__section--block_6ca5f26c1eff8b5f8014c6b806be81bf' class='lightpress__section--cow-headline--default lightpress__section--default-section-space lightpress__section lightpress__section--cow-headline' data-scroll-section><div class=\"cow-headline__container\">\n        <h2 data-aos=\"fade-right\" class=\"cow-headline__headline\"\n    data-aos-once=\"true\">Desszert koncepci\u00f3<\/h2>\n<picture class=\"cow-headline__picture\"\n         data-aos=\"fade-left\"\n         data-aos-once=\"true\">\n    <source srcset=\"\/wp-content\/themes\/qimiq\/blocks\/cow-headline\/cow.png.webp\" type=\"image\/webp\">\n    <img decoding=\"async\" src=\"\/wp-content\/themes\/qimiq\/blocks\/cow-headline\/cow.png\" alt=\"Teh\u00e9n\">\n<\/picture>\n<\/div>\n\n<\/section>\n\n<section id='lightpress__section--block_558a971fb3bf0f82e25b992575711780' class='lightpress__section--default-section-space lightpress__section lightpress__section--highlight-grid' data-scroll-section><div class=\"highlight-grid__explanation highlight-grid__explanation--\">\n    \n    \n    <\/div>\n\n    <div class=\"highlight-grid\">\n                    \n                            <a href=\"https:\/\/rdb.qimiq.com\/de\/recipes\/4506\" target=\"_blank\"\n                   class=\"highlight-grid__entry\"\n                        data-aos-anchor=\"#lightpress__section--block_558a971fb3bf0f82e25b992575711780 .highlight-grid\"\n            data-aos=\"fade-up\"\n            data-aos-delay=\"0\"\n            data-aos-once=\"true\">\n\n                            <picture class=\"highlight-grid__entry--image\">\n                    <source srcset=\"https:\/\/qimiq.com\/wp-content\/uploads\/MMM-MANGOS277-768x768.webp\" type=\"image\/webp\">\n                    <img decoding=\"async\" src=\"https:\/\/qimiq.com\/wp-content\/uploads\/MMM-MANGOS277-768x768.png\"\n                         alt=\"MMM MANGOS277\" width=\"440px\" height=\"440px\">\n                <\/picture>\n            \n                            <div class=\"highlight-grid__textbox\" data-aos=\"fade-up\"\n                     data-aos-anchor=\"#lightpress__section--block_558a971fb3bf0f82e25b992575711780 .highlight-grid\"\n                     data-aos-delay=\"150\"\n                     data-aos-once=\"true\">\n                    <div>\n                                                    <p class=\"highlight-grid__headline text--25 text--color-darkblue text--medium\">Epres s\u00fctem\u00e9nyek<\/p>\n                                                                    <\/div>\n\n                                    <\/div>\n            \n                            <\/a>\n            \n                    \n                            <a href=\"https:\/\/rdb.qimiq.com\/de\/recipes\/4501\" target=\"_blank\"\n                   class=\"highlight-grid__entry\"\n                        data-aos-anchor=\"#lightpress__section--block_558a971fb3bf0f82e25b992575711780 .highlight-grid\"\n            data-aos=\"fade-up\"\n            data-aos-delay=\"150\"\n            data-aos-once=\"true\">\n\n                            <picture class=\"highlight-grid__entry--image\">\n                    <source srcset=\"https:\/\/qimiq.com\/wp-content\/uploads\/MMM-MANGOS278-768x768.webp\" type=\"image\/webp\">\n                    <img decoding=\"async\" src=\"https:\/\/qimiq.com\/wp-content\/uploads\/MMM-MANGOS278-768x768.png\"\n                         alt=\"MMM MANGOS278\" width=\"440px\" height=\"440px\">\n                <\/picture>\n            \n                            <div class=\"highlight-grid__textbox\" data-aos=\"fade-up\"\n                     data-aos-anchor=\"#lightpress__section--block_558a971fb3bf0f82e25b992575711780 .highlight-grid\"\n                     data-aos-delay=\"300\"\n                     data-aos-once=\"true\">\n                    <div>\n                                                    <p class=\"highlight-grid__headline text--25 text--color-darkblue text--medium\">Ban\u00e1n \u00e9s csokol\u00e1d\u00e9 roulade<\/p>\n                                                                    <\/div>\n\n                                    <\/div>\n            \n                            <\/a>\n            \n                    \n                            <a href=\"https:\/\/rdb.qimiq.com\/de\/recipes\/4502\" target=\"_blank\"\n                   class=\"highlight-grid__entry\"\n                        data-aos-anchor=\"#lightpress__section--block_558a971fb3bf0f82e25b992575711780 .highlight-grid\"\n            data-aos=\"fade-up\"\n            data-aos-delay=\"300\"\n            data-aos-once=\"true\">\n\n                            <picture class=\"highlight-grid__entry--image\">\n                    <source srcset=\"https:\/\/qimiq.com\/wp-content\/uploads\/MMM-MANGOS279-768x768.webp\" type=\"image\/webp\">\n                    <img decoding=\"async\" src=\"https:\/\/qimiq.com\/wp-content\/uploads\/MMM-MANGOS279-768x768.png\"\n                         alt=\"MMM MANGOS279\" width=\"440px\" height=\"440px\">\n                <\/picture>\n            \n                            <div class=\"highlight-grid__textbox\" data-aos=\"fade-up\"\n                     data-aos-anchor=\"#lightpress__section--block_558a971fb3bf0f82e25b992575711780 .highlight-grid\"\n                     data-aos-delay=\"450\"\n                     data-aos-once=\"true\">\n                    <div>\n                                                    <p class=\"highlight-grid__headline text--25 text--color-darkblue text--medium\">\u00c1fony\u00e1s sajttorta<\/p>\n                                                                    <\/div>\n\n                                    <\/div>\n            \n                            <\/a>\n            \n            <\/div>\n\n\n<\/section>\n\n<section id='lightpress__section--block_3f89d1502cea05e0a45917c958b52eb8' class='lightpress__section--colored-bg lightpress__section--default-section-space lightpress__section lightpress__section--wysiwyg' data-scroll-section><div class=\"wysiwyg-columns wysiwyg-columns--1\">\n            <div class=\"wysiwyg-columns__content\" data-aos=\"fade-right\"\n             data-aos-once=\"true\"><p class=\"text--30 text--color-darkblue\" style=\"text-align: center;\"><strong>A koncepci\u00f3 az egyszer\u0171, gyors, kreat\u00edv \u00e9s innovat\u00edv receptek k\u00f6nny\u0171 megval\u00f3s\u00edt\u00e1s\u00e1hoz k\u00edv\u00e1n \u00fatmutat\u00f3t adni, \u00f6t kulcsfontoss\u00e1g\u00fa el\u0151nnyel.<\/strong><\/p>\n<\/div>\n    <\/div>\n\n    <div class=\"stripes__container stripes__container--lightblue\">\n            <\/div>\n\n<\/section>\n\n<section id='lightpress__section--block_f60ad5dda14b55b28373b9a9e9f53ad0' class='lightpress__section--full-width lightpress__section--default-section-space lightpress__section lightpress__section--image-text' data-scroll-section><div class=\"image-text__container image-text__container--\">\n                            <picture class=\"image-text__picture\"\n                 data-aos=\"fade-left\"\n                 data-aos-once=\"true\"\n                 data-aos-anchor=\"#lightpress__section--block_f60ad5dda14b55b28373b9a9e9f53ad0 .image-text__container\">\n            <source srcset=\"https:\/\/qimiq.com\/wp-content\/uploads\/qimiq-dessert-konzept.webp\" type=\"image\/webp\">\n            <img decoding=\"async\" src=\"https:\/\/qimiq.com\/wp-content\/uploads\/qimiq-dessert-konzept.png\" alt=\"qimiq desszert koncepci\u00f3\" \/>\n        <\/picture>\n    \n    <div class=\"image-text__text\">\n        \n                    <h2 class=\"text--medium text--55\" data-aos=\"fade-right\"\n                data-aos-once=\"true\"\n                data-aos-delay=\"100\"\n                data-aos-anchor=\"#lightpress__section--block_f60ad5dda14b55b28373b9a9e9f53ad0 .image-text__container\">Az el\u0151ny\u00f6k<\/h2>\n        \n                    <div class=\"spacer--60\"><\/div>\n\n            <div data-aos=\"fade-right\" data-aos-once=\"true\"\n                 data-aos-delay=\"200\"\n                 data-aos-anchor=\"#lightpress__section--block_f60ad5dda14b55b28373b9a9e9f53ad0 .image-text__container\"><ul>\n<li style=\"text-align: left;\">N\u00e9gy alaprecept v\u00e9gtelen sz\u00e1m\u00fa vari\u00e1ci\u00f3t tesz lehet\u0151v\u00e9.<\/li>\n<li style=\"text-align: left;\">A sikert a megadott QimiQ sz\u00e1zal\u00e9kos ar\u00e1ny garant\u00e1lja.<\/li>\n<li style=\"text-align: left;\">K\u00fcl\u00f6nb\u00f6z\u0151 vizu\u00e1lis v\u00e1ltozatok \u00e9s megjelen\u00edt\u00e9sek lehets\u00e9gesek.<\/li>\n<li style=\"text-align: left;\">Profi szak\u00e1csk\u00e9nt \u00d6n hat\u00e1rozza meg az \u00e9telek \u00edz\u00e9t, kreativit\u00e1s\u00e1t \u00e9s sokoldal\u00fas\u00e1g\u00e1t.<\/li>\n<li style=\"text-align: left;\">A gy\u00e1rt\u00e1si id\u0151k optimaliz\u00e1l\u00e1sa a konyh\u00e1ban \u00e9s a szolg\u00e1ltat\u00e1si \u00fctemez\u00e9s jobb megtervez\u00e9se.<\/li>\n<\/ul>\n<p>\u00a0<\/p>\n<p style=\"text-align: center;\"><a class=\"qimiq-button\" href=\"https:\/\/qimiq.com\/wp-content\/uploads\/QimiQ_Dessert_Konzept-1.pdf\" target=\"_blank\" rel=\"noopener\">QimiQ desszert koncepci\u00f3<\/a><\/p>\n<\/div>\n        \n            <\/div>\n<\/div>\n\n<\/section>\n\n<section id='lightpress__section--block_7db7fe73996ee6802c97fb512320263c' class='lightpress__section--default-section-space lightpress__section lightpress__section--wysiwyg' data-scroll-section><div class=\"wysiwyg-columns wysiwyg-columns--2\">\n            <div class=\"wysiwyg-columns__content\" data-aos=\"fade-right\"\n             data-aos-once=\"true\"><p class=\"text--30 text--color-darkblue\"><strong>N\u00e9gy alaprecept v\u00e9gtelen sz\u00e1m\u00fa vari\u00e1ci\u00f3t tesz lehet\u0151v\u00e9<\/strong><\/p>\n<p>A QimiQ desszertkoncepci\u00f3 alapvet\u0151 recepteket \u00e9s vari\u00e1ci\u00f3kat tartalmaz a vend\u00e9gl\u00e1t\u00f3iparban val\u00f3 felhaszn\u00e1l\u00e1sra. Tartalmazza p\u00e9ld\u00e1ul a t\u00e9gelyes desszertek alapreceptj\u00e9t, amelyek \u00edzvil\u00e1gukat tekintve egyedileg m\u00f3dos\u00edthat\u00f3k. Inspir\u00e1ci\u00f3k\u00e9nt minden egyes alaprecepthez mell\u00e9kelt\u00fcnk n\u00e9h\u00e1ny minta vari\u00e1ci\u00f3t.<\/p>\n<\/div>\n            <div class=\"wysiwyg-columns__content\" data-aos=\"fade-left\"\n             data-aos-once=\"true\"><p class=\"text--30 text--color-darkblue\"><strong>K\u00e9sz\u00edtsd el a saj\u00e1t receptedet!<\/strong><\/p>\n<p>A QimiQ \u00faj desszertkoncepci\u00f3ja a kreativit\u00e1sodr\u00f3l \u00e9s a k\u00e9zm\u0171vess\u00e9gedr\u0151l sz\u00f3l. \u00d6n hat\u00e1rozza meg az egyes receptek \u00edz\u00e9t, szerkezet\u00e9t \u00e9s \u00f6sszet\u00e9tel\u00e9t. Profi szak\u00e1csk\u00e9nt \u00d6n adja meg az \u00e9telek \u00f6sszet\u00e9veszthetetlen karakter\u00e9t. Mi a QimiQ-n\u00e1l egy alapanyaglista seg\u00edts\u00e9g\u00e9vel biztos\u00edtjuk ehhez az alapot.<\/p>\n<\/div>\n    <\/div>\n\n<\/section>\n\n<section id='lightpress__section--block_16cc0da433b42adff763ab326f8cb218' class='lightpress__section--default-section-space lightpress__section lightpress__section--image' data-scroll-section>    <picture\n        class=\"image__picture image__picture--size-stretched image__picture--align-center\">\n            <source srcset=\"https:\/\/qimiq.com\/wp-content\/uploads\/pie-charts-prof-1.webp\" type=\"image\/webp\">\n        <img decoding=\"async\" src=\"https:\/\/qimiq.com\/wp-content\/uploads\/pie-charts-prof-1.png\" alt=\"k\u00f6rdiagramok prof 1\" \/>\n<\/picture>\n\n<\/section>\n\n<section id='lightpress__section--block_b4c65db0fb8e6169793df5afd0bc084a' class='lightpress__section--default-section-space lightpress__section lightpress__section--image' data-scroll-section>    <picture\n        class=\"image__picture image__picture--size-stretched image__picture--align-center\">\n            <source srcset=\"https:\/\/qimiq.com\/wp-content\/uploads\/pie-charts-prof-2.webp\" type=\"image\/webp\">\n        <img decoding=\"async\" src=\"https:\/\/qimiq.com\/wp-content\/uploads\/pie-charts-prof-2.png\" alt=\"k\u00f6rdiagramok prof 2\" \/>\n<\/picture>\n\n<\/section>\n\n<section id='lightpress__section--block_2cbad5ef42266f25de5c0b44b2f59ea5' class='lightpress__section--full-width lightpress__section--default-section-space lightpress__section lightpress__section--image-text' data-scroll-section><div class=\"image-text__container image-text__container--\">\n                            <picture class=\"image-text__picture\"\n                 data-aos=\"fade-left\"\n                 data-aos-once=\"true\"\n                 data-aos-anchor=\"#lightpress__section--block_2cbad5ef42266f25de5c0b44b2f59ea5 .image-text__container\">\n            <source srcset=\"https:\/\/qimiq.com\/wp-content\/uploads\/MMM-MANGOS282-1024x1024.webp\" type=\"image\/webp\">\n            <img decoding=\"async\" src=\"https:\/\/qimiq.com\/wp-content\/uploads\/MMM-MANGOS282-1024x1024.png\" alt=\"MMM MANGOS282\" \/>\n        <\/picture>\n    \n    <div class=\"image-text__text\">\n        \n                    <h2 class=\"text--medium text--55\" data-aos=\"fade-right\"\n                data-aos-once=\"true\"\n                data-aos-delay=\"100\"\n                data-aos-anchor=\"#lightpress__section--block_2cbad5ef42266f25de5c0b44b2f59ea5 .image-text__container\">Workshop-ok<\/h2>\n        \n                    <div class=\"spacer--60\"><\/div>\n\n            <div data-aos=\"fade-right\" data-aos-once=\"true\"\n                 data-aos-delay=\"200\"\n                 data-aos-anchor=\"#lightpress__section--block_2cbad5ef42266f25de5c0b44b2f59ea5 .image-text__container\"><p style=\"text-align: left;\">Ha \u00faj hangs\u00falyokat szeretne a konyh\u00e1j\u00e1ban, kreat\u00edv \u00e9s hat\u00e9kony el\u0151k\u00e9sz\u00edt\u00e9si lehet\u0151s\u00e9gek ir\u00e1nt \u00e9rdekl\u0151dik, vagy egyszer\u0171en csak hat\u00e9konyabban szeretn\u00e9 kezelni a termel\u00e9st, az id\u0151t \u00e9s a k\u00f6lts\u00e9geket, akkor a legjobb helyen j\u00e1r. A QimiQ m\u0171helyei seg\u00edtenek abban, hogy megk\u00f6nny\u00edts\u00e9k mindennapi konyhai munk\u00e1j\u00e1t.<\/p>\n<p style=\"text-align: left;\">Foglaljon le egy QimiQ workshopot, \u00e9s hagyja mag\u00e1t inspir\u00e1lni d\u00edjnyertes s\u00e9fjeink \u00e1ltal.<\/p>\n<p>\u00a0<\/p>\n<p style=\"text-align: left;\">E-mail: <a href=\"mailto:rd@QimiQ.com\">rd@QimiQ.com<\/a>.<\/p>\n<p style=\"text-align: left;\">\u00a0<\/p>\n<p style=\"text-align: left;\">Tov\u00e1bbi el\u00e9rhet\u0151s\u00e9geket tal\u00e1l <a href=\"\/hu\/kontakt\/\">itt<\/a>.\u00a0<\/p>\n<\/div>\n        \n            <\/div>\n<\/div>\n\n<\/section>","protected":false},"excerpt":{"rendered":"","protected":false},"author":1,"featured_media":0,"parent":2471,"menu_order":2,"comment_status":"closed","ping_status":"closed","template":"","meta":{"_acf_changed":false,"_relevanssi_hide_post":"","_relevanssi_hide_content":"","_relevanssi_pin_for_all":"","_relevanssi_pin_keywords":"","_relevanssi_unpin_keywords":"","_relevanssi_related_keywords":"","_relevanssi_related_include_ids":"","_relevanssi_related_exclude_ids":"","_relevanssi_related_no_append":"","_relevanssi_related_not_related":"","_relevanssi_related_posts":"","_relevanssi_noindex_reason":"","footnotes":""},"class_list":["post-2630","page","type-page","status-publish","hentry"],"acf":[],"yoast_head":"<!-- This site is optimized with the Yoast SEO Premium plugin v26.6 (Yoast SEO v26.8) - https:\/\/yoast.com\/product\/yoast-seo-premium-wordpress\/ -->\n<title>Dessertkonzept - QimiQ<\/title>\n<meta name=\"robots\" content=\"index, follow, max-snippet:-1, max-image-preview:large, max-video-preview:-1\" \/>\n<link rel=\"canonical\" href=\"https:\/\/qimiq.com\/hu\/qimiq-fuer-profis\/anwendungen\/dessertkonzept\/\" \/>\n<meta property=\"og:locale\" content=\"hu_HU\" \/>\n<meta property=\"og:type\" content=\"article\" \/>\n<meta property=\"og:title\" content=\"Dessertkonzept\" \/>\n<meta property=\"og:url\" content=\"https:\/\/qimiq.com\/hu\/qimiq-fuer-profis\/anwendungen\/dessertkonzept\/\" \/>\n<meta property=\"og:site_name\" content=\"QimiQ\" \/>\n<meta property=\"article:publisher\" content=\"https:\/\/www.facebook.com\/QimiQWorld\/\" \/>\n<meta property=\"article:modified_time\" content=\"2023-09-14T06:36:16+00:00\" \/>\n<meta property=\"og:image\" content=\"https:\/\/qimiq.com\/wp-content\/uploads\/Torte.png\" \/>\n\t<meta property=\"og:image:width\" content=\"316\" \/>\n\t<meta property=\"og:image:height\" content=\"202\" \/>\n\t<meta property=\"og:image:type\" content=\"image\/png\" \/>\n<meta name=\"twitter:card\" content=\"summary_large_image\" \/>\n<script type=\"application\/ld+json\" class=\"yoast-schema-graph\">{\"@context\":\"https:\/\/schema.org\",\"@graph\":[{\"@type\":\"WebPage\",\"@id\":\"https:\/\/qimiq.com\/qimiq-fuer-profis\/anwendungen\/dessertkonzept\/\",\"url\":\"https:\/\/qimiq.com\/qimiq-fuer-profis\/anwendungen\/dessertkonzept\/\",\"name\":\"Dessertkonzept - QimiQ\",\"isPartOf\":{\"@id\":\"https:\/\/qimiq.com\/en\/#website\"},\"datePublished\":\"2023-06-26T12:07:44+00:00\",\"dateModified\":\"2023-09-14T06:36:16+00:00\",\"breadcrumb\":{\"@id\":\"https:\/\/qimiq.com\/qimiq-fuer-profis\/anwendungen\/dessertkonzept\/#breadcrumb\"},\"inLanguage\":\"hu\",\"potentialAction\":[{\"@type\":\"ReadAction\",\"target\":[\"https:\/\/qimiq.com\/qimiq-fuer-profis\/anwendungen\/dessertkonzept\/\"]}]},{\"@type\":\"BreadcrumbList\",\"@id\":\"https:\/\/qimiq.com\/qimiq-fuer-profis\/anwendungen\/dessertkonzept\/#breadcrumb\",\"itemListElement\":[{\"@type\":\"ListItem\",\"position\":1,\"name\":\"Home\",\"item\":\"https:\/\/qimiq.com\/\"},{\"@type\":\"ListItem\",\"position\":2,\"name\":\"QimiQ f\u00fcr PROFIS\",\"item\":\"https:\/\/qimiq.com\/qimiq-fuer-profis\/\"},{\"@type\":\"ListItem\",\"position\":3,\"name\":\"Anwendungen\",\"item\":\"https:\/\/qimiq.com\/qimiq-fuer-profis\/anwendungen\/\"},{\"@type\":\"ListItem\",\"position\":4,\"name\":\"Dessertkonzept\"}]},{\"@type\":\"WebSite\",\"@id\":\"https:\/\/qimiq.com\/en\/#website\",\"url\":\"https:\/\/qimiq.com\/en\/\",\"name\":\"QimiQ\",\"description\":\"\",\"publisher\":{\"@id\":\"https:\/\/qimiq.com\/en\/#organization\"},\"potentialAction\":[{\"@type\":\"SearchAction\",\"target\":{\"@type\":\"EntryPoint\",\"urlTemplate\":\"https:\/\/qimiq.com\/en\/?s={search_term_string}\"},\"query-input\":{\"@type\":\"PropertyValueSpecification\",\"valueRequired\":true,\"valueName\":\"search_term_string\"}}],\"inLanguage\":\"hu\"},{\"@type\":\"Organization\",\"@id\":\"https:\/\/qimiq.com\/en\/#organization\",\"name\":\"QimiQ\",\"url\":\"https:\/\/qimiq.com\/en\/\",\"logo\":{\"@type\":\"ImageObject\",\"inLanguage\":\"hu\",\"@id\":\"https:\/\/qimiq.com\/en\/#\/schema\/logo\/image\/\",\"url\":\"https:\/\/qimiq.com\/wp-content\/uploads\/AdobeStock_300763099_Video_HD_Preview.png\",\"contentUrl\":\"https:\/\/qimiq.com\/wp-content\/uploads\/AdobeStock_300763099_Video_HD_Preview.png\",\"width\":712,\"height\":401,\"caption\":\"QimiQ\"},\"image\":{\"@id\":\"https:\/\/qimiq.com\/en\/#\/schema\/logo\/image\/\"},\"sameAs\":[\"https:\/\/www.facebook.com\/QimiQWorld\/\",\"https:\/\/www.facebook.com\/QimiQProfessionals\/\",\"https:\/\/www.instagram.com\/qimiq_austria\/\"]}]}<\/script>\n<!-- \/ Yoast SEO Premium plugin. -->","yoast_head_json":{"title":"Desszert koncepci\u00f3 - QimiQ","robots":{"index":"index","follow":"follow","max-snippet":"max-snippet:-1","max-image-preview":"max-image-preview:large","max-video-preview":"max-video-preview:-1"},"canonical":"https:\/\/qimiq.com\/hu\/qimiq-fuer-profis\/anwendungen\/dessertkonzept\/","og_locale":"hu_HU","og_type":"article","og_title":"Dessertkonzept","og_url":"https:\/\/qimiq.com\/hu\/qimiq-fuer-profis\/anwendungen\/dessertkonzept\/","og_site_name":"QimiQ","article_publisher":"https:\/\/www.facebook.com\/QimiQWorld\/","article_modified_time":"2023-09-14T06:36:16+00:00","og_image":[{"width":316,"height":202,"url":"https:\/\/qimiq.com\/wp-content\/uploads\/Torte.png","type":"image\/png"}],"twitter_card":"summary_large_image","schema":{"@context":"https:\/\/schema.org","@graph":[{"@type":"WebPage","@id":"https:\/\/qimiq.com\/qimiq-fuer-profis\/anwendungen\/dessertkonzept\/","url":"https:\/\/qimiq.com\/qimiq-fuer-profis\/anwendungen\/dessertkonzept\/","name":"Desszert koncepci\u00f3 - QimiQ","isPartOf":{"@id":"https:\/\/qimiq.com\/en\/#website"},"datePublished":"2023-06-26T12:07:44+00:00","dateModified":"2023-09-14T06:36:16+00:00","breadcrumb":{"@id":"https:\/\/qimiq.com\/qimiq-fuer-profis\/anwendungen\/dessertkonzept\/#breadcrumb"},"inLanguage":"hu","potentialAction":[{"@type":"ReadAction","target":["https:\/\/qimiq.com\/qimiq-fuer-profis\/anwendungen\/dessertkonzept\/"]}]},{"@type":"BreadcrumbList","@id":"https:\/\/qimiq.com\/qimiq-fuer-profis\/anwendungen\/dessertkonzept\/#breadcrumb","itemListElement":[{"@type":"ListItem","position":1,"name":"Home","item":"https:\/\/qimiq.com\/"},{"@type":"ListItem","position":2,"name":"QimiQ f\u00fcr PROFIS","item":"https:\/\/qimiq.com\/qimiq-fuer-profis\/"},{"@type":"ListItem","position":3,"name":"Anwendungen","item":"https:\/\/qimiq.com\/qimiq-fuer-profis\/anwendungen\/"},{"@type":"ListItem","position":4,"name":"Dessertkonzept"}]},{"@type":"WebSite","@id":"https:\/\/qimiq.com\/en\/#website","url":"https:\/\/qimiq.com\/en\/","name":"QimiQ","description":"","publisher":{"@id":"https:\/\/qimiq.com\/en\/#organization"},"potentialAction":[{"@type":"SearchAction","target":{"@type":"EntryPoint","urlTemplate":"https:\/\/qimiq.com\/en\/?s={search_term_string}"},"query-input":{"@type":"PropertyValueSpecification","valueRequired":true,"valueName":"search_term_string"}}],"inLanguage":"hu"},{"@type":"Organization","@id":"https:\/\/qimiq.com\/en\/#organization","name":"QimiQ","url":"https:\/\/qimiq.com\/en\/","logo":{"@type":"ImageObject","inLanguage":"hu","@id":"https:\/\/qimiq.com\/en\/#\/schema\/logo\/image\/","url":"https:\/\/qimiq.com\/wp-content\/uploads\/AdobeStock_300763099_Video_HD_Preview.png","contentUrl":"https:\/\/qimiq.com\/wp-content\/uploads\/AdobeStock_300763099_Video_HD_Preview.png","width":712,"height":401,"caption":"QimiQ"},"image":{"@id":"https:\/\/qimiq.com\/en\/#\/schema\/logo\/image\/"},"sameAs":["https:\/\/www.facebook.com\/QimiQWorld\/","https:\/\/www.facebook.com\/QimiQProfessionals\/","https:\/\/www.instagram.com\/qimiq_austria\/"]}]}},"_links":{"self":[{"href":"https:\/\/qimiq.com\/hu\/wp-json\/wp\/v2\/pages\/2630","targetHints":{"allow":["GET"]}}],"collection":[{"href":"https:\/\/qimiq.com\/hu\/wp-json\/wp\/v2\/pages"}],"about":[{"href":"https:\/\/qimiq.com\/hu\/wp-json\/wp\/v2\/types\/page"}],"author":[{"embeddable":true,"href":"https:\/\/qimiq.com\/hu\/wp-json\/wp\/v2\/users\/1"}],"replies":[{"embeddable":true,"href":"https:\/\/qimiq.com\/hu\/wp-json\/wp\/v2\/comments?post=2630"}],"version-history":[{"count":3,"href":"https:\/\/qimiq.com\/hu\/wp-json\/wp\/v2\/pages\/2630\/revisions"}],"predecessor-version":[{"id":2958,"href":"https:\/\/qimiq.com\/hu\/wp-json\/wp\/v2\/pages\/2630\/revisions\/2958"}],"up":[{"embeddable":true,"href":"https:\/\/qimiq.com\/hu\/wp-json\/wp\/v2\/pages\/2471"}],"wp:attachment":[{"href":"https:\/\/qimiq.com\/hu\/wp-json\/wp\/v2\/media?parent=2630"}],"curies":[{"name":"wp","href":"https:\/\/api.w.org\/{rel}","templated":true}]}}