{"id":2430,"date":"2023-06-02T08:58:11","date_gmt":"2023-06-02T07:58:11","guid":{"rendered":"https:\/\/qimiq.com\/?page_id=2430"},"modified":"2026-01-26T14:06:20","modified_gmt":"2026-01-26T13:06:20","slug":"workshops","status":"publish","type":"page","link":"https:\/\/qimiq.com\/hu\/qimiq-fuer-profis\/workshops\/","title":{"rendered":"Workshop-ok"},"content":{"rendered":"<section id='lightpress__section--block_9a9f3ff3a3954add02f9ac8b0426a138' class='lightpress__section--full-width lightpress__section--default-section-space lightpress__section lightpress__section--image-text' data-scroll-section><div class=\"image-text__container image-text__container--\">\n                            <picture class=\"image-text__picture\"\n                 data-aos=\"fade-left\"\n                 data-aos-once=\"true\"\n                 data-aos-anchor=\"#lightpress__section--block_9a9f3ff3a3954add02f9ac8b0426a138 .image-text__container\">\n            <source srcset=\"https:\/\/qimiq.com\/wp-content\/uploads\/MMM-MANGOS282-1024x1024.webp\" type=\"image\/webp\">\n            <img decoding=\"async\" src=\"https:\/\/qimiq.com\/wp-content\/uploads\/MMM-MANGOS282-1024x1024.png\" alt=\"MMM MANGOS282\" \/>\n        <\/picture>\n    \n    <div class=\"image-text__text\">\n        \n                    <h2 class=\"text--medium text--55\" data-aos=\"fade-right\"\n                data-aos-once=\"true\"\n                data-aos-delay=\"100\"\n                data-aos-anchor=\"#lightpress__section--block_9a9f3ff3a3954add02f9ac8b0426a138 .image-text__container\">Ingyenes workshop a vend\u00e9gl\u00e1t\u00f3ipar sz\u00e1m\u00e1ra<\/h2>\n        \n                    <div class=\"spacer--60\"><\/div>\n\n            <div data-aos=\"fade-right\" data-aos-once=\"true\"\n                 data-aos-delay=\"200\"\n                 data-aos-anchor=\"#lightpress__section--block_9a9f3ff3a3954add02f9ac8b0426a138 .image-text__container\"><p style=\"text-align: left;\">Ha \u00faj hangs\u00falyokat szeretne a konyh\u00e1j\u00e1ban, ha \u00e9rdeklik a kreat\u00edv \u00e9s hat\u00e9kony elk\u00e9sz\u00edt\u00e9si lehet\u0151s\u00e9gek, vagy egyszer\u0171en csak hat\u00e9konyabban szeretn\u00e9 ellen\u0151rizni a termel\u00e9st, az id\u0151- \u00e9s k\u00f6lts\u00e9ggazd\u00e1lkod\u00e1st, akkor foglaljon helyet egy ingyenes QimiQ workshopra.<\/p>\n<p style=\"text-align: left;\">\u00a0<\/p>\n<p style=\"text-align: left;\">Workshop 1: hideg \u00e9s meleg konyha<\/p>\n<p style=\"text-align: left;\">\u00a0<\/p>\n<p style=\"text-align: left;\">Workshop 2: Desszert workshop \u00e9s cukr\u00e1szda<\/p>\n<p style=\"text-align: left;\">\u00a0<\/p>\n<p style=\"text-align: left;\">A QimiQ koncepci\u00f3val az \u00e9ttermeknek, sz\u00e1llod\u00e1knak \u00e9s a vend\u00e9gl\u00e1t\u00f3iparnak olyan szem\u00e9lyre szabott term\u00e9ket k\u00edn\u00e1lunk, amely a h\u00e1zon bel\u00fcli min\u0151s\u00e9gre, kreativit\u00e1sra, rugalmass\u00e1gra, megb\u00edzhat\u00f3s\u00e1gra \u00e9s a gy\u00e1rt\u00e1si id\u0151k logisztikai optimaliz\u00e1l\u00e1s\u00e1ra \u00f6sszpontos\u00edt.<\/p>\n<p style=\"text-align: left;\">\u00a0<\/p>\n<p style=\"text-align: left;\">A QimiQ m\u0171helyek seg\u00edtenek megk\u00f6nny\u00edteni a napi konyhai munk\u00e1t.<\/p>\n<p style=\"text-align: left;\">A m\u0171helyek helysz\u00edne: A workshopok helysz\u00edne: vagy a QimiQ sz\u00e9khely\u00e9n, a Salzburg melletti Hofban, vagy k\u00f6zvetlen\u00fcl az \u00d6n v\u00e1llalat\u00e1n\u00e1l.<\/p>\n<p style=\"text-align: left;\">\u00a0<\/p>\n<p style=\"text-align: left;\">Regisztr\u00e1ci\u00f3: <a href=\"mailto:rd@QimiQ.com\">rd@QimiQ.com<\/a><\/p>\n<p style=\"text-align: left;\">\u00a0<\/p>\n<p style=\"text-align: left;\">Tov\u00e1bbi el\u00e9rhet\u0151s\u00e9geket tal\u00e1l <a href=\"\/hu\/kontakt\/\">itt<\/a>.\u00a0<\/p>\n<\/div>\n        \n            <\/div>\n<\/div>\n\n<\/section>","protected":false},"excerpt":{"rendered":"","protected":false},"author":1,"featured_media":2431,"parent":48,"menu_order":1,"comment_status":"closed","ping_status":"closed","template":"","meta":{"_acf_changed":false,"_relevanssi_hide_post":"","_relevanssi_hide_content":"","_relevanssi_pin_for_all":"","_relevanssi_pin_keywords":"","_relevanssi_unpin_keywords":"","_relevanssi_related_keywords":"","_relevanssi_related_include_ids":"","_relevanssi_related_exclude_ids":"","_relevanssi_related_no_append":"","_relevanssi_related_not_related":"","_relevanssi_related_posts":"","_relevanssi_noindex_reason":"","footnotes":""},"class_list":["post-2430","page","type-page","status-publish","has-post-thumbnail","hentry"],"acf":[],"yoast_head":"<!-- This site is optimized with the Yoast SEO Premium plugin v26.6 (Yoast SEO v26.8) - https:\/\/yoast.com\/product\/yoast-seo-premium-wordpress\/ -->\n<title>Workshops - QimiQ<\/title>\n<meta name=\"description\" content=\"Kostenlose QimiQ Workshops f\u00fcr Profik\u00f6che &amp; Gastronomie: kreative, effiziente Zubereitungstechniken, Desserts &amp; Zeit-\/Kostenmanagement.\" \/>\n<meta name=\"robots\" content=\"index, follow, max-snippet:-1, max-image-preview:large, max-video-preview:-1\" \/>\n<link rel=\"canonical\" href=\"https:\/\/qimiq.com\/hu\/qimiq-fuer-profis\/workshops\/\" \/>\n<meta property=\"og:locale\" content=\"hu_HU\" \/>\n<meta property=\"og:type\" content=\"article\" \/>\n<meta property=\"og:title\" content=\"Workshops\" \/>\n<meta property=\"og:description\" content=\"Kostenlose QimiQ Workshops f\u00fcr Profik\u00f6che &amp; Gastronomie: kreative, effiziente Zubereitungstechniken, Desserts &amp; Zeit-\/Kostenmanagement.\" \/>\n<meta property=\"og:url\" content=\"https:\/\/qimiq.com\/hu\/qimiq-fuer-profis\/workshops\/\" \/>\n<meta property=\"og:site_name\" content=\"QimiQ\" \/>\n<meta property=\"article:publisher\" content=\"https:\/\/www.facebook.com\/QimiQWorld\/\" \/>\n<meta property=\"article:modified_time\" content=\"2026-01-26T13:06:20+00:00\" \/>\n<meta property=\"og:image\" content=\"https:\/\/qimiq.com\/wp-content\/uploads\/0E9A3279_Steirischer_Kuerbiskern_Gugelhupf.RDB_-2.jpg\" \/>\n\t<meta property=\"og:image:width\" content=\"2500\" \/>\n\t<meta property=\"og:image:height\" content=\"1680\" \/>\n\t<meta property=\"og:image:type\" content=\"image\/jpeg\" \/>\n<meta name=\"twitter:card\" content=\"summary_large_image\" \/>\n<meta name=\"twitter:label1\" content=\"Becs\u00fclt olvas\u00e1si id\u0151\" \/>\n\t<meta name=\"twitter:data1\" content=\"1 perc\" \/>\n<script type=\"application\/ld+json\" class=\"yoast-schema-graph\">{\"@context\":\"https:\/\/schema.org\",\"@graph\":[{\"@type\":\"WebPage\",\"@id\":\"https:\/\/qimiq.com\/qimiq-fuer-profis\/workshops\/\",\"url\":\"https:\/\/qimiq.com\/qimiq-fuer-profis\/workshops\/\",\"name\":\"Workshops - QimiQ\",\"isPartOf\":{\"@id\":\"https:\/\/qimiq.com\/en\/#website\"},\"primaryImageOfPage\":{\"@id\":\"https:\/\/qimiq.com\/qimiq-fuer-profis\/workshops\/#primaryimage\"},\"image\":{\"@id\":\"https:\/\/qimiq.com\/qimiq-fuer-profis\/workshops\/#primaryimage\"},\"thumbnailUrl\":\"https:\/\/qimiq.com\/wp-content\/uploads\/0E9A3279_Steirischer_Kuerbiskern_Gugelhupf.RDB_-2.jpg\",\"datePublished\":\"2023-06-02T07:58:11+00:00\",\"dateModified\":\"2026-01-26T13:06:20+00:00\",\"description\":\"Kostenlose QimiQ Workshops f\u00fcr Profik\u00f6che & Gastronomie: kreative, effiziente Zubereitungstechniken, Desserts & Zeit-\/Kostenmanagement.\",\"breadcrumb\":{\"@id\":\"https:\/\/qimiq.com\/qimiq-fuer-profis\/workshops\/#breadcrumb\"},\"inLanguage\":\"hu\",\"potentialAction\":[{\"@type\":\"ReadAction\",\"target\":[\"https:\/\/qimiq.com\/qimiq-fuer-profis\/workshops\/\"]}]},{\"@type\":\"ImageObject\",\"inLanguage\":\"hu\",\"@id\":\"https:\/\/qimiq.com\/qimiq-fuer-profis\/workshops\/#primaryimage\",\"url\":\"https:\/\/qimiq.com\/wp-content\/uploads\/0E9A3279_Steirischer_Kuerbiskern_Gugelhupf.RDB_-2.jpg\",\"contentUrl\":\"https:\/\/qimiq.com\/wp-content\/uploads\/0E9A3279_Steirischer_Kuerbiskern_Gugelhupf.RDB_-2.jpg\",\"width\":2500,\"height\":1680,\"caption\":\"0E9A3279 Steirischer Kuerbiskern Gugelhupf.RDB 2\"},{\"@type\":\"BreadcrumbList\",\"@id\":\"https:\/\/qimiq.com\/qimiq-fuer-profis\/workshops\/#breadcrumb\",\"itemListElement\":[{\"@type\":\"ListItem\",\"position\":1,\"name\":\"Home\",\"item\":\"https:\/\/qimiq.com\/\"},{\"@type\":\"ListItem\",\"position\":2,\"name\":\"QimiQ f\u00fcr PROFIS\",\"item\":\"https:\/\/qimiq.com\/qimiq-fuer-profis\/\"},{\"@type\":\"ListItem\",\"position\":3,\"name\":\"Workshops\"}]},{\"@type\":\"WebSite\",\"@id\":\"https:\/\/qimiq.com\/en\/#website\",\"url\":\"https:\/\/qimiq.com\/en\/\",\"name\":\"QimiQ\",\"description\":\"\",\"publisher\":{\"@id\":\"https:\/\/qimiq.com\/en\/#organization\"},\"potentialAction\":[{\"@type\":\"SearchAction\",\"target\":{\"@type\":\"EntryPoint\",\"urlTemplate\":\"https:\/\/qimiq.com\/en\/?s={search_term_string}\"},\"query-input\":{\"@type\":\"PropertyValueSpecification\",\"valueRequired\":true,\"valueName\":\"search_term_string\"}}],\"inLanguage\":\"hu\"},{\"@type\":\"Organization\",\"@id\":\"https:\/\/qimiq.com\/en\/#organization\",\"name\":\"QimiQ\",\"url\":\"https:\/\/qimiq.com\/en\/\",\"logo\":{\"@type\":\"ImageObject\",\"inLanguage\":\"hu\",\"@id\":\"https:\/\/qimiq.com\/en\/#\/schema\/logo\/image\/\",\"url\":\"https:\/\/qimiq.com\/wp-content\/uploads\/AdobeStock_300763099_Video_HD_Preview.png\",\"contentUrl\":\"https:\/\/qimiq.com\/wp-content\/uploads\/AdobeStock_300763099_Video_HD_Preview.png\",\"width\":712,\"height\":401,\"caption\":\"QimiQ\"},\"image\":{\"@id\":\"https:\/\/qimiq.com\/en\/#\/schema\/logo\/image\/\"},\"sameAs\":[\"https:\/\/www.facebook.com\/QimiQWorld\/\",\"https:\/\/www.facebook.com\/QimiQProfessionals\/\",\"https:\/\/www.instagram.com\/qimiq_austria\/\"]}]}<\/script>\n<!-- \/ Yoast SEO Premium plugin. -->","yoast_head_json":{"title":"M\u0171helyek - QimiQ","description":"Kostenlose QimiQ Workshops f\u00fcr Profik\u00f6che & Gastronomie: kreative, effiziente Zubereitungstechniken, Desserts & Zeit-\/Kostenmanagement.","robots":{"index":"index","follow":"follow","max-snippet":"max-snippet:-1","max-image-preview":"max-image-preview:large","max-video-preview":"max-video-preview:-1"},"canonical":"https:\/\/qimiq.com\/hu\/qimiq-fuer-profis\/workshops\/","og_locale":"hu_HU","og_type":"article","og_title":"Workshops","og_description":"Kostenlose QimiQ Workshops f\u00fcr Profik\u00f6che & Gastronomie: kreative, effiziente Zubereitungstechniken, Desserts & Zeit-\/Kostenmanagement.","og_url":"https:\/\/qimiq.com\/hu\/qimiq-fuer-profis\/workshops\/","og_site_name":"QimiQ","article_publisher":"https:\/\/www.facebook.com\/QimiQWorld\/","article_modified_time":"2026-01-26T13:06:20+00:00","og_image":[{"width":2500,"height":1680,"url":"https:\/\/qimiq.com\/wp-content\/uploads\/0E9A3279_Steirischer_Kuerbiskern_Gugelhupf.RDB_-2.jpg","type":"image\/jpeg"}],"twitter_card":"summary_large_image","twitter_misc":{"Becs\u00fclt olvas\u00e1si id\u0151":"1 perc"},"schema":{"@context":"https:\/\/schema.org","@graph":[{"@type":"WebPage","@id":"https:\/\/qimiq.com\/qimiq-fuer-profis\/workshops\/","url":"https:\/\/qimiq.com\/qimiq-fuer-profis\/workshops\/","name":"M\u0171helyek - QimiQ","isPartOf":{"@id":"https:\/\/qimiq.com\/en\/#website"},"primaryImageOfPage":{"@id":"https:\/\/qimiq.com\/qimiq-fuer-profis\/workshops\/#primaryimage"},"image":{"@id":"https:\/\/qimiq.com\/qimiq-fuer-profis\/workshops\/#primaryimage"},"thumbnailUrl":"https:\/\/qimiq.com\/wp-content\/uploads\/0E9A3279_Steirischer_Kuerbiskern_Gugelhupf.RDB_-2.jpg","datePublished":"2023-06-02T07:58:11+00:00","dateModified":"2026-01-26T13:06:20+00:00","description":"Kostenlose QimiQ Workshops f\u00fcr Profik\u00f6che & Gastronomie: kreative, effiziente Zubereitungstechniken, Desserts & Zeit-\/Kostenmanagement.","breadcrumb":{"@id":"https:\/\/qimiq.com\/qimiq-fuer-profis\/workshops\/#breadcrumb"},"inLanguage":"hu","potentialAction":[{"@type":"ReadAction","target":["https:\/\/qimiq.com\/qimiq-fuer-profis\/workshops\/"]}]},{"@type":"ImageObject","inLanguage":"hu","@id":"https:\/\/qimiq.com\/qimiq-fuer-profis\/workshops\/#primaryimage","url":"https:\/\/qimiq.com\/wp-content\/uploads\/0E9A3279_Steirischer_Kuerbiskern_Gugelhupf.RDB_-2.jpg","contentUrl":"https:\/\/qimiq.com\/wp-content\/uploads\/0E9A3279_Steirischer_Kuerbiskern_Gugelhupf.RDB_-2.jpg","width":2500,"height":1680,"caption":"0E9A3279 Steirischer Kuerbiskern Gugelhupf.RDB 2"},{"@type":"BreadcrumbList","@id":"https:\/\/qimiq.com\/qimiq-fuer-profis\/workshops\/#breadcrumb","itemListElement":[{"@type":"ListItem","position":1,"name":"Home","item":"https:\/\/qimiq.com\/"},{"@type":"ListItem","position":2,"name":"QimiQ f\u00fcr PROFIS","item":"https:\/\/qimiq.com\/qimiq-fuer-profis\/"},{"@type":"ListItem","position":3,"name":"Workshops"}]},{"@type":"WebSite","@id":"https:\/\/qimiq.com\/en\/#website","url":"https:\/\/qimiq.com\/en\/","name":"QimiQ","description":"","publisher":{"@id":"https:\/\/qimiq.com\/en\/#organization"},"potentialAction":[{"@type":"SearchAction","target":{"@type":"EntryPoint","urlTemplate":"https:\/\/qimiq.com\/en\/?s={search_term_string}"},"query-input":{"@type":"PropertyValueSpecification","valueRequired":true,"valueName":"search_term_string"}}],"inLanguage":"hu"},{"@type":"Organization","@id":"https:\/\/qimiq.com\/en\/#organization","name":"QimiQ","url":"https:\/\/qimiq.com\/en\/","logo":{"@type":"ImageObject","inLanguage":"hu","@id":"https:\/\/qimiq.com\/en\/#\/schema\/logo\/image\/","url":"https:\/\/qimiq.com\/wp-content\/uploads\/AdobeStock_300763099_Video_HD_Preview.png","contentUrl":"https:\/\/qimiq.com\/wp-content\/uploads\/AdobeStock_300763099_Video_HD_Preview.png","width":712,"height":401,"caption":"QimiQ"},"image":{"@id":"https:\/\/qimiq.com\/en\/#\/schema\/logo\/image\/"},"sameAs":["https:\/\/www.facebook.com\/QimiQWorld\/","https:\/\/www.facebook.com\/QimiQProfessionals\/","https:\/\/www.instagram.com\/qimiq_austria\/"]}]}},"_links":{"self":[{"href":"https:\/\/qimiq.com\/hu\/wp-json\/wp\/v2\/pages\/2430","targetHints":{"allow":["GET"]}}],"collection":[{"href":"https:\/\/qimiq.com\/hu\/wp-json\/wp\/v2\/pages"}],"about":[{"href":"https:\/\/qimiq.com\/hu\/wp-json\/wp\/v2\/types\/page"}],"author":[{"embeddable":true,"href":"https:\/\/qimiq.com\/hu\/wp-json\/wp\/v2\/users\/1"}],"replies":[{"embeddable":true,"href":"https:\/\/qimiq.com\/hu\/wp-json\/wp\/v2\/comments?post=2430"}],"version-history":[{"count":2,"href":"https:\/\/qimiq.com\/hu\/wp-json\/wp\/v2\/pages\/2430\/revisions"}],"predecessor-version":[{"id":3319,"href":"https:\/\/qimiq.com\/hu\/wp-json\/wp\/v2\/pages\/2430\/revisions\/3319"}],"up":[{"embeddable":true,"href":"https:\/\/qimiq.com\/hu\/wp-json\/wp\/v2\/pages\/48"}],"wp:featuredmedia":[{"embeddable":true,"href":"https:\/\/qimiq.com\/hu\/wp-json\/wp\/v2\/media\/2431"}],"wp:attachment":[{"href":"https:\/\/qimiq.com\/hu\/wp-json\/wp\/v2\/media?parent=2430"}],"curies":[{"name":"wp","href":"https:\/\/api.w.org\/{rel}","templated":true}]}}