{"id":2139,"date":"2023-02-21T11:59:53","date_gmt":"2023-02-21T10:59:53","guid":{"rendered":"https:\/\/qimiq.com\/?page_id=2139"},"modified":"2026-03-31T09:55:08","modified_gmt":"2026-03-31T08:55:08","slug":"demo","status":"publish","type":"page","link":"https:\/\/qimiq.com\/hu\/demo\/","title":{"rendered":"Demo"},"content":{"rendered":"<section id='lightpress__section--block_907e14f196579e3a3cb62ef1be4418d4' class='lightpress__section--colored-bg lightpress__section--default-section-space lightpress__section lightpress__section--slider' data-scroll-section><div class=\"slider\">\n    <div class=\"swiper\" style=\"display: none\" x-init=\"initSlider()\">\n        <!-- Additional required wrapper -->\n        <div class=\"swiper-wrapper\">\n                            <div class=\"swiper-slide slide\" data-background-theme-color=\"\">\n                    <div class=\"slide__inner\">\n\n                                                    <div class=\"slide__text-upper\">\n                                <p class=\"slide__title text--bold text--80 text--color-darkblue text--uppercase\">Der QimiQ Advent-kalender<\/p>\n                                                                <div class=\"spacer--60\"><\/div>\n                                <div class=\"slide__content text--33 text--color-darkblue\"><p>Jeden Tag \u00f6ffnen wir ein T\u00fcrchen, vom <strong>1. <\/strong>bis <strong>24. Dez.<\/strong>ahol \u00e9lvezetes QimiQ-d\u00edjakat vagy nagyszer\u0171 sz\u00e1llodai \u00e9s \u00e9ttermi utalv\u00e1nyokat nyerhetsz.<\/p>\n<p>\u00a0<\/p>\n<p>Als\u00a0<strong>Hauptgewinn<\/strong>\u00a0kannst du\u00a0<strong>1 Wohlf\u00fchlurlaub<\/strong> (2 N\u00e4chte) f\u00fcr 2 Personen inkl. \u201eVerw\u00f6hn\u201c-Halbpension im Doppelzimmer Kuschel-Zeit in der <strong>Kesselgrub \u00fcd\u00fcl\u00e9si vil\u00e1g <\/strong>in <strong>Altenmarkt\/Zauchensee <\/strong>im sch\u00f6nen Salzburger Land gewinnen.<\/p>\n<p>\u00a0<\/p>\n<p>Minden inform\u00e1ci\u00f3 a sz\u00e1llod\u00e1r\u00f3l a <a href=\"http:\/\/www.kesselgrub.at\" target=\"_blank\" rel=\"noopener\">www.kesselgrub.at<\/a><\/p>\n<p>\u00a0<\/p>\n<p>\u00a0<\/p>\n<p><a class=\"qimiq-button\" href=\"https:\/\/www.instagram.com\/qimiq_austria\/\" target=\"_blank\" rel=\"noopener\">Instagram<\/a> \u00a0\u00a0 \u00a0\u00a0<a class=\"qimiq-button\" href=\"https:\/\/www.facebook.com\/QimiQWorld\" target=\"_blank\" rel=\"noopener\">Facebook<\/a><\/p>\n<\/div>\n                            <\/div>\n\n                            <div class=\"slide__text-lower\">\n                                <div class=\"spacer--30\"><\/div>\n                                <p class=\"slide__content text--40 text--semibold text--color-darkblue\"><\/p>\n                                <div class=\"spacer--40\"><\/div>\n\n                                <div class=\"slide__text-lower--wrapper\">\n                                    \n                                                                    <\/div>\n\n                            <\/div>\n\n                        \n                                                                                <picture class=\"slide__image\">\n                                <img decoding=\"async\" src=\"https:\/\/qimiq.com\/wp-content\/uploads\/hotel-kesselgrub-kollage-e1762951143102.png\" alt=\"hotel kesselgrub koll\u00e1zs\" \/>\n                            <\/picture>\n                                            <\/div>\n                <\/div>\n                            <div class=\"swiper-slide slide\" data-background-theme-color=\"\">\n                    <div class=\"slide__inner\">\n\n                                                    <div class=\"slide__text-upper\">\n                                <p class=\"slide__title text--bold text--80 text--color-darkblue text--uppercase\">-50% auf Whip Kaffee &#038; Whip Schoko!<\/p>\n                                                                <div class=\"spacer--60\"><\/div>\n                                <div class=\"slide__content text--33 text--color-darkblue\"><p>Gib den Whips eine 2. Chance und rette Lebensmittel! Das MHD liegt bei knapp unter 3 Monaten.<\/p>\n<\/div>\n                            <\/div>\n\n                            <div class=\"slide__text-lower\">\n                                <div class=\"spacer--30\"><\/div>\n                                <p class=\"slide__content text--40 text--semibold text--color-darkblue\">Nachhaltig. Wichtig. Richtig.<\/p>\n                                <div class=\"spacer--40\"><\/div>\n\n                                <div class=\"slide__text-lower--wrapper\">\n                                                                            <a class=\"qimiq-button\"\n                                           href=\"https:\/\/shop.qimiq.com\/produkte\/qimiq-whip\/\"\n                                           target=\"_blank\" data-aos=\"fade-right\" data-aos-once=\"true\"\n                                           data-aos-delay=\"200\"\n                                           data-aos-anchor=\"#lightpress__section--block_907e14f196579e3a3cb62ef1be4418d4\">Zu den Produkten<\/a>\n                                    \n                                                                    <\/div>\n\n                            <\/div>\n\n                        \n                                                                                <picture class=\"slide__image\">\n                                <img decoding=\"async\" src=\"https:\/\/qimiq.com\/wp-content\/uploads\/Slide-1-Webseite-Schoko-und-Kaffee-e1698772010915.png\" alt=\"Slide 1 Webseite Schoko und Kaffee\" \/>\n                            <\/picture>\n                                            <\/div>\n                <\/div>\n                            <div class=\"swiper-slide slide\" data-background-theme-color=\"#00a9d9\">\n                    <div class=\"slide__inner\">\n\n                                                    <div class=\"slide__text-upper\">\n                                <p class=\"slide__title text--bold text--80 text--color-darkblue text--uppercase\">S\u00fcss\u00fcnk k\u00f6nnyen &amp; f\u0151zz\u00fcnk laz\u00e1n!<\/p>\n                                                                <div class=\"spacer--60\"><\/div>\n                                <div class=\"slide__content text--33 text--color-darkblue\"><p>A QimiQ mindent sikerre visz. Var\u00e1zsoljon \u00edzletes s\u00f3s \u00e9s \u00e9des \u00e9teleket pillanatok alatt.<\/p>\n<\/div>\n                            <\/div>\n\n                            <div class=\"slide__text-lower\">\n                                <div class=\"spacer--30\"><\/div>\n                                <p class=\"slide__content text--40 text--semibold text--color-darkblue\">Tess\u00e9k? Ilyen egyszer\u0171.<\/p>\n                                <div class=\"spacer--40\"><\/div>\n\n                                <div class=\"slide__text-lower--wrapper\">\n                                                                            <a class=\"qimiq-button\"\n                                           href=\"\/hu\/qimiq-classic\/\"\n                                           target=\"\" data-aos=\"fade-right\" data-aos-once=\"true\"\n                                           data-aos-delay=\"200\"\n                                           data-aos-anchor=\"#lightpress__section--block_907e14f196579e3a3cb62ef1be4418d4\">Tudjon meg t\u00f6bbet<\/a>\n                                    \n                                                                    <\/div>\n\n                            <\/div>\n\n                        \n                                                                                <picture class=\"slide__image\">\n                                <img decoding=\"async\" src=\"https:\/\/qimiq.com\/wp-content\/uploads\/slide-classic.png\" alt=\"klasszikus cs\u00faszda\" \/>\n                            <\/picture>\n                                            <\/div>\n                <\/div>\n                            <div class=\"swiper-slide slide\" data-background-theme-color=\"#83bb25\">\n                    <div class=\"slide__inner\">\n\n                                                    <div class=\"slide__text-upper\">\n                                <p class=\"slide__title text--bold text--80 text--color-darkblue text--uppercase\">A KEVESEBB N\u00c1LUNK T\u00d6BB<\/p>\n                                                                <div class=\"spacer--60\"><\/div>\n                                <div class=\"slide__content text--33 text--color-darkblue\"><p>Kevesebb zs\u00edr. Kevesebb \u00f6sszetev\u0151. T\u00f6bb \u00e9lvezet. Mert a kevesebb egyszer\u0171en t\u00f6bb.<\/p>\n<\/div>\n                            <\/div>\n\n                            <div class=\"slide__text-lower\">\n                                <div class=\"spacer--30\"><\/div>\n                                <p class=\"slide__content text--40 text--semibold text--color-darkblue\">Tess\u00e9k? Ilyen egyszer\u0171.<\/p>\n                                <div class=\"spacer--40\"><\/div>\n\n                                <div class=\"slide__text-lower--wrapper\">\n                                                                            <a class=\"qimiq-button\"\n                                           href=\"\/hu\/qimiq-sahne-basis\/\"\n                                           target=\"\" data-aos=\"fade-right\" data-aos-once=\"true\"\n                                           data-aos-delay=\"200\"\n                                           data-aos-anchor=\"#lightpress__section--block_907e14f196579e3a3cb62ef1be4418d4\">Tudjon meg t\u00f6bbet<\/a>\n                                    \n                                                                    <\/div>\n\n                            <\/div>\n\n                        \n                                                                                <picture class=\"slide__image\">\n                                <img decoding=\"async\" src=\"https:\/\/qimiq.com\/wp-content\/uploads\/slide-sahne.png\" alt=\"cs\u00fasz\u00f3kr\u00e9m\" \/>\n                            <\/picture>\n                                            <\/div>\n                <\/div>\n                            <div class=\"swiper-slide slide\" data-background-theme-color=\"#ea5197\">\n                    <div class=\"slide__inner\">\n\n                                                    <div class=\"slide__text-upper\">\n                                <p class=\"slide__title text--bold text--80 text--color-darkblue text--uppercase\">KATTINTSON!<\/p>\n                                                                <div class=\"spacer--60\"><\/div>\n                                <div class=\"slide__content text--33 text--color-darkblue\"><p>Okos tejsz\u00ednhab a legjobb \u00edz\u00e9rt a konyh\u00e1ban.<\/p>\n<\/div>\n                            <\/div>\n\n                            <div class=\"slide__text-lower\">\n                                <div class=\"spacer--30\"><\/div>\n                                <p class=\"slide__content text--40 text--semibold text--color-darkblue\">Tess\u00e9k? Ilyen egyszer\u0171.<\/p>\n                                <div class=\"spacer--40\"><\/div>\n\n                                <div class=\"slide__text-lower--wrapper\">\n                                                                            <a class=\"qimiq-button\"\n                                           href=\"\/hu\/qimiq-whip\/\"\n                                           target=\"\" data-aos=\"fade-right\" data-aos-once=\"true\"\n                                           data-aos-delay=\"200\"\n                                           data-aos-anchor=\"#lightpress__section--block_907e14f196579e3a3cb62ef1be4418d4\">Tudjon meg t\u00f6bbet<\/a>\n                                    \n                                                                    <\/div>\n\n                            <\/div>\n\n                        \n                                                                                <picture class=\"slide__image\">\n                                <img decoding=\"async\" src=\"https:\/\/qimiq.com\/wp-content\/uploads\/slide-whip.png\" alt=\"cs\u00fasz\u00f3 ostor\" \/>\n                            <\/picture>\n                                            <\/div>\n                <\/div>\n                            <div class=\"swiper-slide slide\" data-background-theme-color=\"#ffe054\">\n                    <div class=\"slide__inner\">\n\n                                                    <div class=\"slide__text-upper\">\n                                <p class=\"slide__title text--bold text--80 text--color-darkblue text--uppercase\">Gyakran ism\u00e9telt QimiQ k\u00e9rd\u00e9sek<\/p>\n                                                                <div class=\"spacer--60\"><\/div>\n                                <div class=\"slide__content text--33 text--color-darkblue\"><p>Egy\u00e9b k\u00e9rd\u00e9s? Mit\u0151l lesz minden \u00e9tel sikeres? Pontosan, a QimiQ a megold\u00e1s.<\/p>\n<\/div>\n                            <\/div>\n\n                            <div class=\"slide__text-lower\">\n                                <div class=\"spacer--30\"><\/div>\n                                <p class=\"slide__content text--40 text--semibold text--color-darkblue\">Tess\u00e9k? Ilyen egyszer\u0171.<\/p>\n                                <div class=\"spacer--40\"><\/div>\n\n                                <div class=\"slide__text-lower--wrapper\">\n                                                                            <a class=\"qimiq-button\"\n                                           href=\"\/hu\/qimiq-classic\/\"\n                                           target=\"\" data-aos=\"fade-right\" data-aos-once=\"true\"\n                                           data-aos-delay=\"200\"\n                                           data-aos-anchor=\"#lightpress__section--block_907e14f196579e3a3cb62ef1be4418d4\">Tudjon meg t\u00f6bbet<\/a>\n                                    \n                                                                    <\/div>\n\n                            <\/div>\n\n                        \n                                                                                <picture class=\"slide__image\">\n                                <img decoding=\"async\" src=\"https:\/\/qimiq.com\/wp-content\/uploads\/slide-vanille.png\" alt=\"van\u00edlia cs\u00faszda\" \/>\n                            <\/picture>\n                                            <\/div>\n                <\/div>\n                    <\/div>\n    <\/div>\n<\/div>\n\n<div class=\"swiper-nav\">\n    <div class=\"swiper-button swiper-button-next\"><\/div>\n    <div class=\"swiper-button swiper-button-prev\"><\/div>\n<\/div>\n<div class=\"swiper-pagination\"><\/div>\n\n    <div class=\"stripes__container stripes__container--striped\">\n                <style>\n            :root {\n                --custom-light-color: #00A9D9;\n                --custom-light-color-opacity: 0.1\n            }\n\n            #lightpress__section--block_907e14f196579e3a3cb62ef1be4418d4 .stripes__container {\n                --stripes-color: #00A9D9;\n                --stripes-color-opacity: 0.1;\n            }\n        <\/style>\n                            <div class=\"stripe\" style=\"--rotation:0deg\"><\/div>\n                    <div class=\"stripe\" style=\"--rotation:25.71428571deg\"><\/div>\n                    <div class=\"stripe\" style=\"--rotation:51.42857142deg\"><\/div>\n                    <div class=\"stripe\" style=\"--rotation:77.14285713deg\"><\/div>\n                    <div class=\"stripe\" style=\"--rotation:102.85714284deg\"><\/div>\n                    <div class=\"stripe\" style=\"--rotation:128.57142855deg\"><\/div>\n                    <div class=\"stripe\" style=\"--rotation:154.28571426deg\"><\/div>\n                    <div class=\"stripe\" style=\"--rotation:179.99999997deg\"><\/div>\n                    <div class=\"stripe\" style=\"--rotation:205.71428568deg\"><\/div>\n                    <div class=\"stripe\" style=\"--rotation:231.42857139deg\"><\/div>\n                    <div class=\"stripe\" style=\"--rotation:257.1428571deg\"><\/div>\n                    <div class=\"stripe\" style=\"--rotation:282.85714281deg\"><\/div>\n                    <div class=\"stripe\" style=\"--rotation:308.57142852deg\"><\/div>\n                    <div class=\"stripe\" style=\"--rotation:334.28571423deg\"><\/div>\n            <\/div>\n\n\n\n<\/section>","protected":false},"excerpt":{"rendered":"","protected":false},"author":1,"featured_media":0,"parent":0,"menu_order":0,"comment_status":"closed","ping_status":"closed","template":"","meta":{"_acf_changed":false,"_relevanssi_hide_post":"","_relevanssi_hide_content":"","_relevanssi_pin_for_all":"","_relevanssi_pin_keywords":"","_relevanssi_unpin_keywords":"","_relevanssi_related_keywords":"","_relevanssi_related_include_ids":"","_relevanssi_related_exclude_ids":"","_relevanssi_related_no_append":"","_relevanssi_related_not_related":"","_relevanssi_related_posts":"","_relevanssi_noindex_reason":"Yoast SEO Relevanssi index exclude","footnotes":""},"class_list":["post-2139","page","type-page","status-publish","hentry"],"acf":[],"yoast_head":"<!-- This site is optimized with the Yoast SEO Premium plugin v26.6 (Yoast SEO v26.8) - https:\/\/yoast.com\/product\/yoast-seo-premium-wordpress\/ -->\n<title>Demo - QimiQ<\/title>\n<meta name=\"robots\" content=\"noindex, follow\" \/>\n<meta property=\"og:locale\" content=\"hu_HU\" \/>\n<meta property=\"og:type\" content=\"article\" \/>\n<meta property=\"og:title\" content=\"Demo\" \/>\n<meta property=\"og:url\" content=\"https:\/\/qimiq.com\/hu\/demo\/\" \/>\n<meta property=\"og:site_name\" content=\"QimiQ\" \/>\n<meta property=\"article:publisher\" content=\"https:\/\/www.facebook.com\/QimiQWorld\/\" \/>\n<meta property=\"article:modified_time\" content=\"2026-03-31T08:55:08+00:00\" \/>\n<meta property=\"og:image\" content=\"https:\/\/qimiq.com\/wp-content\/uploads\/Torte.png\" \/>\n\t<meta property=\"og:image:width\" content=\"316\" \/>\n\t<meta property=\"og:image:height\" content=\"202\" \/>\n\t<meta property=\"og:image:type\" content=\"image\/png\" \/>\n<meta name=\"twitter:card\" content=\"summary_large_image\" \/>\n<script type=\"application\/ld+json\" class=\"yoast-schema-graph\">{\"@context\":\"https:\/\/schema.org\",\"@graph\":[{\"@type\":\"WebPage\",\"@id\":\"https:\/\/qimiq.com\/demo\/\",\"url\":\"https:\/\/qimiq.com\/demo\/\",\"name\":\"Demo - QimiQ\",\"isPartOf\":{\"@id\":\"https:\/\/qimiq.com\/en\/#website\"},\"datePublished\":\"2023-02-21T10:59:53+00:00\",\"dateModified\":\"2026-03-31T08:55:08+00:00\",\"breadcrumb\":{\"@id\":\"https:\/\/qimiq.com\/demo\/#breadcrumb\"},\"inLanguage\":\"hu\",\"potentialAction\":[{\"@type\":\"ReadAction\",\"target\":[\"https:\/\/qimiq.com\/demo\/\"]}]},{\"@type\":\"BreadcrumbList\",\"@id\":\"https:\/\/qimiq.com\/demo\/#breadcrumb\",\"itemListElement\":[{\"@type\":\"ListItem\",\"position\":1,\"name\":\"Home\",\"item\":\"https:\/\/qimiq.com\/\"},{\"@type\":\"ListItem\",\"position\":2,\"name\":\"Demo\"}]},{\"@type\":\"WebSite\",\"@id\":\"https:\/\/qimiq.com\/en\/#website\",\"url\":\"https:\/\/qimiq.com\/en\/\",\"name\":\"QimiQ\",\"description\":\"\",\"publisher\":{\"@id\":\"https:\/\/qimiq.com\/en\/#organization\"},\"potentialAction\":[{\"@type\":\"SearchAction\",\"target\":{\"@type\":\"EntryPoint\",\"urlTemplate\":\"https:\/\/qimiq.com\/en\/?s={search_term_string}\"},\"query-input\":{\"@type\":\"PropertyValueSpecification\",\"valueRequired\":true,\"valueName\":\"search_term_string\"}}],\"inLanguage\":\"hu\"},{\"@type\":\"Organization\",\"@id\":\"https:\/\/qimiq.com\/en\/#organization\",\"name\":\"QimiQ\",\"url\":\"https:\/\/qimiq.com\/en\/\",\"logo\":{\"@type\":\"ImageObject\",\"inLanguage\":\"hu\",\"@id\":\"https:\/\/qimiq.com\/en\/#\/schema\/logo\/image\/\",\"url\":\"https:\/\/qimiq.com\/wp-content\/uploads\/AdobeStock_300763099_Video_HD_Preview.png\",\"contentUrl\":\"https:\/\/qimiq.com\/wp-content\/uploads\/AdobeStock_300763099_Video_HD_Preview.png\",\"width\":712,\"height\":401,\"caption\":\"QimiQ\"},\"image\":{\"@id\":\"https:\/\/qimiq.com\/en\/#\/schema\/logo\/image\/\"},\"sameAs\":[\"https:\/\/www.facebook.com\/QimiQWorld\/\",\"https:\/\/www.facebook.com\/QimiQProfessionals\/\",\"https:\/\/www.instagram.com\/qimiq_austria\/\"]}]}<\/script>\n<!-- \/ Yoast SEO Premium plugin. -->","yoast_head_json":{"title":"Demo - QimiQ","robots":{"index":"noindex","follow":"follow"},"og_locale":"hu_HU","og_type":"article","og_title":"Demo","og_url":"https:\/\/qimiq.com\/hu\/demo\/","og_site_name":"QimiQ","article_publisher":"https:\/\/www.facebook.com\/QimiQWorld\/","article_modified_time":"2026-03-31T08:55:08+00:00","og_image":[{"width":316,"height":202,"url":"https:\/\/qimiq.com\/wp-content\/uploads\/Torte.png","type":"image\/png"}],"twitter_card":"summary_large_image","schema":{"@context":"https:\/\/schema.org","@graph":[{"@type":"WebPage","@id":"https:\/\/qimiq.com\/demo\/","url":"https:\/\/qimiq.com\/demo\/","name":"Demo - QimiQ","isPartOf":{"@id":"https:\/\/qimiq.com\/en\/#website"},"datePublished":"2023-02-21T10:59:53+00:00","dateModified":"2026-03-31T08:55:08+00:00","breadcrumb":{"@id":"https:\/\/qimiq.com\/demo\/#breadcrumb"},"inLanguage":"hu","potentialAction":[{"@type":"ReadAction","target":["https:\/\/qimiq.com\/demo\/"]}]},{"@type":"BreadcrumbList","@id":"https:\/\/qimiq.com\/demo\/#breadcrumb","itemListElement":[{"@type":"ListItem","position":1,"name":"Home","item":"https:\/\/qimiq.com\/"},{"@type":"ListItem","position":2,"name":"Demo"}]},{"@type":"WebSite","@id":"https:\/\/qimiq.com\/en\/#website","url":"https:\/\/qimiq.com\/en\/","name":"QimiQ","description":"","publisher":{"@id":"https:\/\/qimiq.com\/en\/#organization"},"potentialAction":[{"@type":"SearchAction","target":{"@type":"EntryPoint","urlTemplate":"https:\/\/qimiq.com\/en\/?s={search_term_string}"},"query-input":{"@type":"PropertyValueSpecification","valueRequired":true,"valueName":"search_term_string"}}],"inLanguage":"hu"},{"@type":"Organization","@id":"https:\/\/qimiq.com\/en\/#organization","name":"QimiQ","url":"https:\/\/qimiq.com\/en\/","logo":{"@type":"ImageObject","inLanguage":"hu","@id":"https:\/\/qimiq.com\/en\/#\/schema\/logo\/image\/","url":"https:\/\/qimiq.com\/wp-content\/uploads\/AdobeStock_300763099_Video_HD_Preview.png","contentUrl":"https:\/\/qimiq.com\/wp-content\/uploads\/AdobeStock_300763099_Video_HD_Preview.png","width":712,"height":401,"caption":"QimiQ"},"image":{"@id":"https:\/\/qimiq.com\/en\/#\/schema\/logo\/image\/"},"sameAs":["https:\/\/www.facebook.com\/QimiQWorld\/","https:\/\/www.facebook.com\/QimiQProfessionals\/","https:\/\/www.instagram.com\/qimiq_austria\/"]}]}},"_links":{"self":[{"href":"https:\/\/qimiq.com\/hu\/wp-json\/wp\/v2\/pages\/2139","targetHints":{"allow":["GET"]}}],"collection":[{"href":"https:\/\/qimiq.com\/hu\/wp-json\/wp\/v2\/pages"}],"about":[{"href":"https:\/\/qimiq.com\/hu\/wp-json\/wp\/v2\/types\/page"}],"author":[{"embeddable":true,"href":"https:\/\/qimiq.com\/hu\/wp-json\/wp\/v2\/users\/1"}],"replies":[{"embeddable":true,"href":"https:\/\/qimiq.com\/hu\/wp-json\/wp\/v2\/comments?post=2139"}],"version-history":[{"count":2,"href":"https:\/\/qimiq.com\/hu\/wp-json\/wp\/v2\/pages\/2139\/revisions"}],"predecessor-version":[{"id":3506,"href":"https:\/\/qimiq.com\/hu\/wp-json\/wp\/v2\/pages\/2139\/revisions\/3506"}],"wp:attachment":[{"href":"https:\/\/qimiq.com\/hu\/wp-json\/wp\/v2\/media?parent=2139"}],"curies":[{"name":"wp","href":"https:\/\/api.w.org\/{rel}","templated":true}]}}