{"id":1803,"date":"2022-10-06T13:45:51","date_gmt":"2022-10-06T12:45:51","guid":{"rendered":"https:\/\/qimiq.lightcyde\/?page_id=1803"},"modified":"2023-07-20T14:40:23","modified_gmt":"2023-07-20T13:40:23","slug":"seesaibling-susskartoffel-brokkoli-von-roman-wurzer","status":"publish","type":"page","link":"https:\/\/qimiq.com\/hu\/qimiq-fuer-profis\/chefkoeche\/chefkoch-rezepte\/seesaibling-susskartoffel-brokkoli-von-roman-wurzer\/","title":{"rendered":"S\u00fcll\u0151 \/\/ \u00e9desburgonya \/\/ brokkoli Roman Wurzert\u0151l"},"content":{"rendered":"<section id='lightpress__section--block_a23f39b1164be5a179dc91d93492a83e' class='lightpress__section--full-width lightpress__section--default-section-space lightpress__section lightpress__section--image-text' data-scroll-section><div class=\"image-text__container image-text__container-- image-text__container--mirrored\">\n                            <picture class=\"image-text__picture\"\n                 data-aos=\"fade-left\"\n                 data-aos-once=\"true\"\n                 data-aos-anchor=\"#lightpress__section--block_a23f39b1164be5a179dc91d93492a83e .image-text__container\">\n            <source srcset=\"https:\/\/qimiq.com\/wp-content\/uploads\/CR-Seesaibling-1.webp\" type=\"image\/webp\">\n            <img decoding=\"async\" src=\"https:\/\/qimiq.com\/wp-content\/uploads\/CR-Seesaibling-1.jpg\" alt=\"CR Sarki szajr\u00e9 1\" \/>\n        <\/picture>\n    \n    <div class=\"image-text__text\">\n        \n                    <h2 class=\"text--medium text--55\" data-aos=\"fade-right\"\n                data-aos-once=\"true\"\n                data-aos-delay=\"100\"\n                data-aos-anchor=\"#lightpress__section--block_a23f39b1164be5a179dc91d93492a83e .image-text__container\">S\u00fcll\u0151 \/\/ \u00e9desburgonya \/\/ brokkoli Roman Wurzert\u0151l<\/h2>\n        \n                    <div class=\"spacer--60\"><\/div>\n\n            <div data-aos=\"fade-right\" data-aos-once=\"true\"\n                 data-aos-delay=\"200\"\n                 data-aos-anchor=\"#lightpress__section--block_a23f39b1164be5a179dc91d93492a83e .image-text__container\"><p>A \"Junge Wilde\" \u00ednyenc s\u00e9fje, Roman Wurzer Andreas D\u00f6llerert\u0151l, Walter Eselb\u00f6ckt\u0151l \u00e9s Joachim Wisslert\u0151l tanult. Mott\u00f3ja: \"Vissza a b\u00e9csi gy\u00f6kerekhez\", \u00e9s \u0151szinte, mennyei \u00e9teleket szolg\u00e1l fel, amelyeket nem csak magas sz\u00ednvonalon mutat be, hanem nagyszer\u0171 finoms\u00e1ggal is k\u00e9sz\u00edt. Ma egy szenz\u00e1ci\u00f3s \u00e9telt mutat be nektek!<\/p>\n<\/div>\n        \n                    <div class=\"spacer--60\"><\/div>\n\n            <a class=\"qimiq-button\"\n               href=\"https:\/\/rdb.qimiq.com\/de\/recipes\/4399\"\n               target=\"_blank\" data-aos=\"fade-right\" data-aos-once=\"true\"\n               data-aos-delay=\"300\"\n               data-aos-anchor=\"#lightpress__section--block_a23f39b1164be5a179dc91d93492a83e .image-text__container\">Fedezze fel a receptet a recept adatb\u00e1zisunkban<\/a>\n            <\/div>\n<\/div>\n\n<\/section>\n\n<section id='lightpress__section--block_088ca0b1a714f1a6a4864c6acb56464e' class='lightpress__section--cow-headline--medium lightpress__section--default-section-space lightpress__section lightpress__section--cow-headline' data-scroll-section><div class=\"cow-headline__container cow-headline__container--hide-bottom-margin\">\n        <h3 data-aos=\"fade-right\" class=\"cow-headline__headline\"\n    data-aos-once=\"true\">Hozz\u00e1val\u00f3k 10 adaghoz<\/h3>\n<picture class=\"cow-headline__picture\"\n         data-aos=\"fade-left\"\n         data-aos-once=\"true\">\n    <source srcset=\"\/wp-content\/themes\/qimiq\/blocks\/cow-headline\/cow.png.webp\" type=\"image\/webp\">\n    <img decoding=\"async\" src=\"\/wp-content\/themes\/qimiq\/blocks\/cow-headline\/cow.png\" alt=\"Teh\u00e9n\">\n<\/picture>\n<\/div>\n\n<\/section>\n\n<section id='lightpress__section--block_2233504ef67f5ff00ea3bd51b2754de3' class='lightpress__section--wysiwyg-medium lightpress__section--default-section-space lightpress__section lightpress__section--wysiwyg' data-scroll-section><div class=\"wysiwyg-columns wysiwyg-columns--2\">\n            <div class=\"wysiwyg-columns__content\" data-aos=\"fade-right\"\n             data-aos-once=\"true\"><p><strong>A brokkoli flanhoz<\/strong><\/p>\n<ul>\n<li>110 g QimiQ m\u00e1rt\u00e1salap<\/li>\n<li>350 g brokkoli, blans\u00edrozva<\/li>\n<li>70 g toj\u00e1sfeh\u00e9rje<\/li>\n<li>80 g brokkoli, apr\u00f3ra v\u00e1gva<\/li>\n<li>40 g vaj, olvasztott<\/li>\n<\/ul>\n<p>\u00a0<\/p>\n<p><strong>Az \u00e9desburgonya espum\u00e1hoz<\/strong><\/p>\n<ul>\n<li>200 g QimiQ m\u00e1rt\u00e1salap<\/li>\n<li>200 ml z\u00f6lds\u00e9galapl\u00e9<\/li>\n<li>100 ml f\u00f6ldimogyor\u00f3olaj<\/li>\n<li>10 g currypor<\/li>\n<li>600 g \u00e9desburgonya, p\u00e1rolt<\/li>\n<\/ul>\n<\/div>\n            <div class=\"wysiwyg-columns__content\" data-aos=\"fade-left\"\n             data-aos-once=\"true\"><p><strong>A p\u00e1cl\u00e9hez<\/strong><\/p>\n<ul>\n<li>50 ml sushi ecet<\/li>\n<li>20 ml lime l\u00e9<\/li>\n<li>20 g cukorszirup<\/li>\n<li>30 ml f\u00f6ldimogyor\u00f3olaj<\/li>\n<li>80 ml napraforg\u00f3olaj<\/li>\n<li>10 ml sz\u00f3jasz\u00f3sz<\/li>\n<\/ul>\n<p>\u00a0<\/p>\n<p><strong>A brokkolihoz<\/strong><\/p>\n<ul>\n<li>100 g brokkoli, szeletelve<\/li>\n<\/ul>\n<p>\u00a0<\/p>\n<p><strong>A sz\u0171zpecsenye fil\u00e9hez<\/strong><\/p>\n<ul>\n<li>10 darab, egyenk\u00e9nt 120 grammos, f\u00e9lbev\u00e1gott sz\u00fcrke t\u0151kehalfil\u00e9<\/li>\n<\/ul>\n<\/div>\n    <\/div>\n\n<\/section>\n\n<section id='lightpress__section--block_78a48b0d2b14d06197b8253c119bd6b0' class='lightpress__section--cow-headline--medium lightpress__section--default-section-space lightpress__section lightpress__section--cow-headline' data-scroll-section><div class=\"cow-headline__container cow-headline__container--hide-bottom-margin\">\n        <h3 data-aos=\"fade-right\" class=\"cow-headline__headline\"\n    data-aos-once=\"true\">El\u0151k\u00e9sz\u00edt\u00e9s<\/h3>\n<picture class=\"cow-headline__picture\"\n         data-aos=\"fade-left\"\n         data-aos-once=\"true\">\n    <source srcset=\"\/wp-content\/themes\/qimiq\/blocks\/cow-headline\/cow.png.webp\" type=\"image\/webp\">\n    <img decoding=\"async\" src=\"\/wp-content\/themes\/qimiq\/blocks\/cow-headline\/cow.png\" alt=\"Teh\u00e9n\">\n<\/picture>\n<\/div>\n\n<\/section>\n\n<section id='lightpress__section--block_1dddc7f9b463fe0f7c7e3476c703cb0a' class='lightpress__section--wysiwyg-medium lightpress__section--default-section-space lightpress__section lightpress__section--wysiwyg' data-scroll-section><div class=\"wysiwyg-columns wysiwyg-columns--1\">\n            <div class=\"wysiwyg-columns__content\" data-aos=\"fade-right\"\n             data-aos-once=\"true\"><ol>\n<li><strong>A brokkoliflanhoz:<\/strong><span>\u00a0<\/span>Az \u00f6sszes hozz\u00e1val\u00f3t j\u00f3l keverje \u00f6ssze \u00e9s \u00edzes\u00edtse. \u00d6nts\u00fck a kever\u00e9ket kizs\u00edrozott form\u00e1kba, \u00e9s 95 \u00b0C-on kb. 15 percig g\u0151z\u00f6lj\u00fck.<\/li>\n<li><strong>Az \u00e9desburgonya espuma:<\/strong><span>\u00a0<\/span>H\u00e1mozza meg az \u00e9desburgony\u00e1t, \u00e9s a t\u00f6bbi hozz\u00e1val\u00f3val egy\u00fctt turmixolja finomra a Thermomixben 80 \u00b0C-on. \u00d6nts\u00fck egy iSi Gourmet Whipbe, csavarjunk bele egy kr\u00e9mfelt\u00f6lt\u0151t, \u00e9s r\u00e1zzuk j\u00f3l \u00f6ssze.<\/li>\n<li><strong>A p\u00e1cl\u00e9hez:<\/strong><span>\u00a0<\/span>Az \u00f6sszes hozz\u00e1val\u00f3t j\u00f3l keverje \u00f6ssze, \u00e9s a kever\u00e9k fel\u00e9vel p\u00e1colja be a brokkolit.<\/li>\n<li>A marad\u00e9k p\u00e1cl\u00e9ben p\u00e1colja be a szardellafil\u00e9ket, \u00e9s t\u00e1lalja a brokkoliflan, az \u00e9desburgonya espuma \u00e9s a p\u00e1colt brokkoli mell\u00e9.<\/li>\n<\/ol>\n<\/div>\n    <\/div>\n\n<\/section>","protected":false},"excerpt":{"rendered":"","protected":false},"author":1,"featured_media":1759,"parent":682,"menu_order":0,"comment_status":"closed","ping_status":"closed","template":"","meta":{"_acf_changed":false,"_relevanssi_hide_post":"","_relevanssi_hide_content":"","_relevanssi_pin_for_all":"","_relevanssi_pin_keywords":"","_relevanssi_unpin_keywords":"","_relevanssi_related_keywords":"","_relevanssi_related_include_ids":"","_relevanssi_related_exclude_ids":"","_relevanssi_related_no_append":"","_relevanssi_related_not_related":"","_relevanssi_related_posts":"","_relevanssi_noindex_reason":"","footnotes":""},"class_list":["post-1803","page","type-page","status-publish","has-post-thumbnail","hentry"],"acf":[],"yoast_head":"<!-- This site is optimized with the Yoast SEO Premium plugin v26.6 (Yoast SEO v26.8) - https:\/\/yoast.com\/product\/yoast-seo-premium-wordpress\/ -->\n<title>Seesaibling \/\/ S\u00fc\u00dfkartoffel \/\/ Brokkoli von Roman Wurzer - QimiQ<\/title>\n<meta name=\"robots\" content=\"index, follow, max-snippet:-1, max-image-preview:large, max-video-preview:-1\" \/>\n<link rel=\"canonical\" href=\"https:\/\/qimiq.com\/hu\/qimiq-fuer-profis\/chefkoeche\/chefkoch-rezepte\/seesaibling-susskartoffel-brokkoli-von-roman-wurzer\/\" \/>\n<meta property=\"og:locale\" content=\"hu_HU\" \/>\n<meta property=\"og:type\" content=\"article\" \/>\n<meta property=\"og:title\" content=\"Seesaibling \/\/ S\u00fc\u00dfkartoffel \/\/ Brokkoli von Roman Wurzer\" \/>\n<meta property=\"og:url\" content=\"https:\/\/qimiq.com\/hu\/qimiq-fuer-profis\/chefkoeche\/chefkoch-rezepte\/seesaibling-susskartoffel-brokkoli-von-roman-wurzer\/\" \/>\n<meta property=\"og:site_name\" content=\"QimiQ\" \/>\n<meta property=\"article:publisher\" content=\"https:\/\/www.facebook.com\/QimiQWorld\/\" \/>\n<meta property=\"article:modified_time\" content=\"2023-07-20T13:40:23+00:00\" \/>\n<meta property=\"og:image\" content=\"https:\/\/qimiq.com\/wp-content\/uploads\/CR-Spargelsouffle.jpg\" \/>\n\t<meta property=\"og:image:width\" content=\"500\" \/>\n\t<meta property=\"og:image:height\" content=\"333\" \/>\n\t<meta property=\"og:image:type\" content=\"image\/jpeg\" \/>\n<meta name=\"twitter:card\" content=\"summary_large_image\" \/>\n<script type=\"application\/ld+json\" class=\"yoast-schema-graph\">{\"@context\":\"https:\/\/schema.org\",\"@graph\":[{\"@type\":\"WebPage\",\"@id\":\"https:\/\/qimiq.com\/qimiq-fuer-profis\/chefkoeche\/chefkoch-rezepte\/seesaibling-susskartoffel-brokkoli-von-roman-wurzer\/\",\"url\":\"https:\/\/qimiq.com\/qimiq-fuer-profis\/chefkoeche\/chefkoch-rezepte\/seesaibling-susskartoffel-brokkoli-von-roman-wurzer\/\",\"name\":\"Seesaibling \/\/ S\u00fc\u00dfkartoffel \/\/ Brokkoli von Roman Wurzer - QimiQ\",\"isPartOf\":{\"@id\":\"https:\/\/qimiq.com\/en\/#website\"},\"primaryImageOfPage\":{\"@id\":\"https:\/\/qimiq.com\/qimiq-fuer-profis\/chefkoeche\/chefkoch-rezepte\/seesaibling-susskartoffel-brokkoli-von-roman-wurzer\/#primaryimage\"},\"image\":{\"@id\":\"https:\/\/qimiq.com\/qimiq-fuer-profis\/chefkoeche\/chefkoch-rezepte\/seesaibling-susskartoffel-brokkoli-von-roman-wurzer\/#primaryimage\"},\"thumbnailUrl\":\"https:\/\/qimiq.com\/wp-content\/uploads\/CR-Spargelsouffle.jpg\",\"datePublished\":\"2022-10-06T12:45:51+00:00\",\"dateModified\":\"2023-07-20T13:40:23+00:00\",\"breadcrumb\":{\"@id\":\"https:\/\/qimiq.com\/qimiq-fuer-profis\/chefkoeche\/chefkoch-rezepte\/seesaibling-susskartoffel-brokkoli-von-roman-wurzer\/#breadcrumb\"},\"inLanguage\":\"hu\",\"potentialAction\":[{\"@type\":\"ReadAction\",\"target\":[\"https:\/\/qimiq.com\/qimiq-fuer-profis\/chefkoeche\/chefkoch-rezepte\/seesaibling-susskartoffel-brokkoli-von-roman-wurzer\/\"]}]},{\"@type\":\"ImageObject\",\"inLanguage\":\"hu\",\"@id\":\"https:\/\/qimiq.com\/qimiq-fuer-profis\/chefkoeche\/chefkoch-rezepte\/seesaibling-susskartoffel-brokkoli-von-roman-wurzer\/#primaryimage\",\"url\":\"https:\/\/qimiq.com\/wp-content\/uploads\/CR-Spargelsouffle.jpg\",\"contentUrl\":\"https:\/\/qimiq.com\/wp-content\/uploads\/CR-Spargelsouffle.jpg\",\"width\":500,\"height\":333,\"caption\":\"CR Spargelsouffle\"},{\"@type\":\"BreadcrumbList\",\"@id\":\"https:\/\/qimiq.com\/qimiq-fuer-profis\/chefkoeche\/chefkoch-rezepte\/seesaibling-susskartoffel-brokkoli-von-roman-wurzer\/#breadcrumb\",\"itemListElement\":[{\"@type\":\"ListItem\",\"position\":1,\"name\":\"Home\",\"item\":\"https:\/\/qimiq.com\/\"},{\"@type\":\"ListItem\",\"position\":2,\"name\":\"QimiQ f\u00fcr PROFIS\",\"item\":\"https:\/\/qimiq.com\/qimiq-fuer-profis\/\"},{\"@type\":\"ListItem\",\"position\":3,\"name\":\"Chefk\u00f6che\",\"item\":\"https:\/\/qimiq.com\/qimiq-fuer-profis\/chefkoeche\/\"},{\"@type\":\"ListItem\",\"position\":4,\"name\":\"Chefkoch Rezepte\",\"item\":\"https:\/\/qimiq.com\/qimiq-fuer-profis\/chefkoeche\/chefkoch-rezepte\/\"},{\"@type\":\"ListItem\",\"position\":5,\"name\":\"Seesaibling \/\/ S\u00fc\u00dfkartoffel \/\/ Brokkoli von Roman Wurzer\"}]},{\"@type\":\"WebSite\",\"@id\":\"https:\/\/qimiq.com\/en\/#website\",\"url\":\"https:\/\/qimiq.com\/en\/\",\"name\":\"QimiQ\",\"description\":\"\",\"publisher\":{\"@id\":\"https:\/\/qimiq.com\/en\/#organization\"},\"potentialAction\":[{\"@type\":\"SearchAction\",\"target\":{\"@type\":\"EntryPoint\",\"urlTemplate\":\"https:\/\/qimiq.com\/en\/?s={search_term_string}\"},\"query-input\":{\"@type\":\"PropertyValueSpecification\",\"valueRequired\":true,\"valueName\":\"search_term_string\"}}],\"inLanguage\":\"hu\"},{\"@type\":\"Organization\",\"@id\":\"https:\/\/qimiq.com\/en\/#organization\",\"name\":\"QimiQ\",\"url\":\"https:\/\/qimiq.com\/en\/\",\"logo\":{\"@type\":\"ImageObject\",\"inLanguage\":\"hu\",\"@id\":\"https:\/\/qimiq.com\/en\/#\/schema\/logo\/image\/\",\"url\":\"https:\/\/qimiq.com\/wp-content\/uploads\/AdobeStock_300763099_Video_HD_Preview.png\",\"contentUrl\":\"https:\/\/qimiq.com\/wp-content\/uploads\/AdobeStock_300763099_Video_HD_Preview.png\",\"width\":712,\"height\":401,\"caption\":\"QimiQ\"},\"image\":{\"@id\":\"https:\/\/qimiq.com\/en\/#\/schema\/logo\/image\/\"},\"sameAs\":[\"https:\/\/www.facebook.com\/QimiQWorld\/\",\"https:\/\/www.facebook.com\/QimiQProfessionals\/\",\"https:\/\/www.instagram.com\/qimiq_austria\/\"]}]}<\/script>\n<!-- \/ Yoast SEO Premium plugin. -->","yoast_head_json":{"title":"S\u00fcll\u0151 \/\/ \u00e9desburgonya \/\/ brokkoli - Roman Wurzer - QimiQ","robots":{"index":"index","follow":"follow","max-snippet":"max-snippet:-1","max-image-preview":"max-image-preview:large","max-video-preview":"max-video-preview:-1"},"canonical":"https:\/\/qimiq.com\/hu\/qimiq-fuer-profis\/chefkoeche\/chefkoch-rezepte\/seesaibling-susskartoffel-brokkoli-von-roman-wurzer\/","og_locale":"hu_HU","og_type":"article","og_title":"Seesaibling \/\/ S\u00fc\u00dfkartoffel \/\/ Brokkoli von Roman Wurzer","og_url":"https:\/\/qimiq.com\/hu\/qimiq-fuer-profis\/chefkoeche\/chefkoch-rezepte\/seesaibling-susskartoffel-brokkoli-von-roman-wurzer\/","og_site_name":"QimiQ","article_publisher":"https:\/\/www.facebook.com\/QimiQWorld\/","article_modified_time":"2023-07-20T13:40:23+00:00","og_image":[{"width":500,"height":333,"url":"https:\/\/qimiq.com\/wp-content\/uploads\/CR-Spargelsouffle.jpg","type":"image\/jpeg"}],"twitter_card":"summary_large_image","schema":{"@context":"https:\/\/schema.org","@graph":[{"@type":"WebPage","@id":"https:\/\/qimiq.com\/qimiq-fuer-profis\/chefkoeche\/chefkoch-rezepte\/seesaibling-susskartoffel-brokkoli-von-roman-wurzer\/","url":"https:\/\/qimiq.com\/qimiq-fuer-profis\/chefkoeche\/chefkoch-rezepte\/seesaibling-susskartoffel-brokkoli-von-roman-wurzer\/","name":"S\u00fcll\u0151 \/\/ \u00e9desburgonya \/\/ brokkoli - Roman Wurzer - QimiQ","isPartOf":{"@id":"https:\/\/qimiq.com\/en\/#website"},"primaryImageOfPage":{"@id":"https:\/\/qimiq.com\/qimiq-fuer-profis\/chefkoeche\/chefkoch-rezepte\/seesaibling-susskartoffel-brokkoli-von-roman-wurzer\/#primaryimage"},"image":{"@id":"https:\/\/qimiq.com\/qimiq-fuer-profis\/chefkoeche\/chefkoch-rezepte\/seesaibling-susskartoffel-brokkoli-von-roman-wurzer\/#primaryimage"},"thumbnailUrl":"https:\/\/qimiq.com\/wp-content\/uploads\/CR-Spargelsouffle.jpg","datePublished":"2022-10-06T12:45:51+00:00","dateModified":"2023-07-20T13:40:23+00:00","breadcrumb":{"@id":"https:\/\/qimiq.com\/qimiq-fuer-profis\/chefkoeche\/chefkoch-rezepte\/seesaibling-susskartoffel-brokkoli-von-roman-wurzer\/#breadcrumb"},"inLanguage":"hu","potentialAction":[{"@type":"ReadAction","target":["https:\/\/qimiq.com\/qimiq-fuer-profis\/chefkoeche\/chefkoch-rezepte\/seesaibling-susskartoffel-brokkoli-von-roman-wurzer\/"]}]},{"@type":"ImageObject","inLanguage":"hu","@id":"https:\/\/qimiq.com\/qimiq-fuer-profis\/chefkoeche\/chefkoch-rezepte\/seesaibling-susskartoffel-brokkoli-von-roman-wurzer\/#primaryimage","url":"https:\/\/qimiq.com\/wp-content\/uploads\/CR-Spargelsouffle.jpg","contentUrl":"https:\/\/qimiq.com\/wp-content\/uploads\/CR-Spargelsouffle.jpg","width":500,"height":333,"caption":"CR Spargelsouffle"},{"@type":"BreadcrumbList","@id":"https:\/\/qimiq.com\/qimiq-fuer-profis\/chefkoeche\/chefkoch-rezepte\/seesaibling-susskartoffel-brokkoli-von-roman-wurzer\/#breadcrumb","itemListElement":[{"@type":"ListItem","position":1,"name":"Home","item":"https:\/\/qimiq.com\/"},{"@type":"ListItem","position":2,"name":"QimiQ f\u00fcr PROFIS","item":"https:\/\/qimiq.com\/qimiq-fuer-profis\/"},{"@type":"ListItem","position":3,"name":"Chefk\u00f6che","item":"https:\/\/qimiq.com\/qimiq-fuer-profis\/chefkoeche\/"},{"@type":"ListItem","position":4,"name":"Chefkoch Rezepte","item":"https:\/\/qimiq.com\/qimiq-fuer-profis\/chefkoeche\/chefkoch-rezepte\/"},{"@type":"ListItem","position":5,"name":"Seesaibling \/\/ S\u00fc\u00dfkartoffel \/\/ Brokkoli von Roman Wurzer"}]},{"@type":"WebSite","@id":"https:\/\/qimiq.com\/en\/#website","url":"https:\/\/qimiq.com\/en\/","name":"QimiQ","description":"","publisher":{"@id":"https:\/\/qimiq.com\/en\/#organization"},"potentialAction":[{"@type":"SearchAction","target":{"@type":"EntryPoint","urlTemplate":"https:\/\/qimiq.com\/en\/?s={search_term_string}"},"query-input":{"@type":"PropertyValueSpecification","valueRequired":true,"valueName":"search_term_string"}}],"inLanguage":"hu"},{"@type":"Organization","@id":"https:\/\/qimiq.com\/en\/#organization","name":"QimiQ","url":"https:\/\/qimiq.com\/en\/","logo":{"@type":"ImageObject","inLanguage":"hu","@id":"https:\/\/qimiq.com\/en\/#\/schema\/logo\/image\/","url":"https:\/\/qimiq.com\/wp-content\/uploads\/AdobeStock_300763099_Video_HD_Preview.png","contentUrl":"https:\/\/qimiq.com\/wp-content\/uploads\/AdobeStock_300763099_Video_HD_Preview.png","width":712,"height":401,"caption":"QimiQ"},"image":{"@id":"https:\/\/qimiq.com\/en\/#\/schema\/logo\/image\/"},"sameAs":["https:\/\/www.facebook.com\/QimiQWorld\/","https:\/\/www.facebook.com\/QimiQProfessionals\/","https:\/\/www.instagram.com\/qimiq_austria\/"]}]}},"_links":{"self":[{"href":"https:\/\/qimiq.com\/hu\/wp-json\/wp\/v2\/pages\/1803","targetHints":{"allow":["GET"]}}],"collection":[{"href":"https:\/\/qimiq.com\/hu\/wp-json\/wp\/v2\/pages"}],"about":[{"href":"https:\/\/qimiq.com\/hu\/wp-json\/wp\/v2\/types\/page"}],"author":[{"embeddable":true,"href":"https:\/\/qimiq.com\/hu\/wp-json\/wp\/v2\/users\/1"}],"replies":[{"embeddable":true,"href":"https:\/\/qimiq.com\/hu\/wp-json\/wp\/v2\/comments?post=1803"}],"version-history":[{"count":3,"href":"https:\/\/qimiq.com\/hu\/wp-json\/wp\/v2\/pages\/1803\/revisions"}],"predecessor-version":[{"id":2787,"href":"https:\/\/qimiq.com\/hu\/wp-json\/wp\/v2\/pages\/1803\/revisions\/2787"}],"up":[{"embeddable":true,"href":"https:\/\/qimiq.com\/hu\/wp-json\/wp\/v2\/pages\/682"}],"wp:featuredmedia":[{"embeddable":true,"href":"https:\/\/qimiq.com\/hu\/wp-json\/wp\/v2\/media\/1759"}],"wp:attachment":[{"href":"https:\/\/qimiq.com\/hu\/wp-json\/wp\/v2\/media?parent=1803"}],"curies":[{"name":"wp","href":"https:\/\/api.w.org\/{rel}","templated":true}]}}