{"id":1795,"date":"2022-10-06T13:43:11","date_gmt":"2022-10-06T12:43:11","guid":{"rendered":"https:\/\/qimiq.lightcyde\/?page_id=1795"},"modified":"2023-07-20T14:39:56","modified_gmt":"2023-07-20T13:39:56","slug":"lammrucken-mit-susskartoffelsouffle-von-stefan-fuchs","status":"publish","type":"page","link":"https:\/\/qimiq.com\/hu\/qimiq-fuer-profis\/chefkoeche\/chefkoch-rezepte\/lammrucken-mit-susskartoffelsouffle-von-stefan-fuchs\/","title":{"rendered":"B\u00e1r\u00e1nyh\u00fas \u00e9desburgonya szuffl\u00e9val Stefan Fuchs-t\u00f3l"},"content":{"rendered":"<section id='lightpress__section--block_8c09e5fc96807c97b25eecf7ef25461b' class='lightpress__section--full-width lightpress__section--default-section-space lightpress__section lightpress__section--image-text' data-scroll-section><div class=\"image-text__container image-text__container-- image-text__container--mirrored\">\n                            <picture class=\"image-text__picture\"\n                 data-aos=\"fade-left\"\n                 data-aos-once=\"true\"\n                 data-aos-anchor=\"#lightpress__section--block_8c09e5fc96807c97b25eecf7ef25461b .image-text__container\">\n            <source srcset=\"https:\/\/qimiq.com\/wp-content\/uploads\/CR-Lamm.webp\" type=\"image\/webp\">\n            <img decoding=\"async\" src=\"https:\/\/qimiq.com\/wp-content\/uploads\/CR-Lamm.jpg\" alt=\"CR Lamb\" \/>\n        <\/picture>\n    \n    <div class=\"image-text__text\">\n        \n                    <h2 class=\"text--medium text--55\" data-aos=\"fade-right\"\n                data-aos-once=\"true\"\n                data-aos-delay=\"100\"\n                data-aos-anchor=\"#lightpress__section--block_8c09e5fc96807c97b25eecf7ef25461b .image-text__container\">B\u00e1r\u00e1nyh\u00fas \u00e9desburgonya szuffl\u00e9val Stefan Fuchs-t\u00f3l<\/h2>\n        \n                    <div class=\"spacer--60\"><\/div>\n\n            <div data-aos=\"fade-right\" data-aos-once=\"true\"\n                 data-aos-delay=\"200\"\n                 data-aos-anchor=\"#lightpress__section--block_8c09e5fc96807c97b25eecf7ef25461b .image-text__container\"><p>A Walser Gasthaus Saalachstube egy mintaszer\u0171 csal\u00e1di v\u00e1llalkoz\u00e1s. Jelenleg a Fuchs csal\u00e1d harmadik gener\u00e1ci\u00f3ja vezeti. Stefan Fuchs \u00faj lend\u00fcletet visz a konyh\u00e1ba, \u00e9s a hagyom\u00e1nyos \u00e9teleket k\u00edv\u00e1nja feleleven\u00edteni. A tanonc \u00e1llami bajnok egyed\u00fcl van a konyh\u00e1ban, \u00e9s minden h\u00e9tf\u0151n \u00faj men\u00fct k\u00e9sz\u00edt. \u00cdzletes receptet \u00e1ll\u00edtott \u00f6ssze az \u00d6n sz\u00e1m\u00e1ra!<\/p>\n<\/div>\n        \n                    <div class=\"spacer--60\"><\/div>\n\n            <a class=\"qimiq-button\"\n               href=\"https:\/\/rdb.qimiq.com\/de\/recipes\/2327\"\n               target=\"_blank\" data-aos=\"fade-right\" data-aos-once=\"true\"\n               data-aos-delay=\"300\"\n               data-aos-anchor=\"#lightpress__section--block_8c09e5fc96807c97b25eecf7ef25461b .image-text__container\">Fedezze fel a receptet a recept adatb\u00e1zisunkban<\/a>\n            <\/div>\n<\/div>\n\n<\/section>\n\n<section id='lightpress__section--block_f22f08151b9e2ee874fe984e8b1ae25a' class='lightpress__section--cow-headline--medium lightpress__section--default-section-space lightpress__section lightpress__section--cow-headline' data-scroll-section><div class=\"cow-headline__container cow-headline__container--hide-bottom-margin\">\n        <h3 data-aos=\"fade-right\" class=\"cow-headline__headline\"\n    data-aos-once=\"true\">Hozz\u00e1val\u00f3k 4 adaghoz<\/h3>\n<picture class=\"cow-headline__picture\"\n         data-aos=\"fade-left\"\n         data-aos-once=\"true\">\n    <source srcset=\"\/wp-content\/themes\/qimiq\/blocks\/cow-headline\/cow.png.webp\" type=\"image\/webp\">\n    <img decoding=\"async\" src=\"\/wp-content\/themes\/qimiq\/blocks\/cow-headline\/cow.png\" alt=\"Teh\u00e9n\">\n<\/picture>\n<\/div>\n\n<\/section>\n\n<section id='lightpress__section--block_479a2cdd8e6e98492ddb33eb15087ffd' class='lightpress__section--wysiwyg-medium lightpress__section--default-section-space lightpress__section lightpress__section--wysiwyg' data-scroll-section><div class=\"wysiwyg-columns wysiwyg-columns--2\">\n            <div class=\"wysiwyg-columns__content\" data-aos=\"fade-right\"\n             data-aos-once=\"true\"><p><strong>Az \u00e9desburgonya szufl\u00e9hoz<\/strong><\/p>\n<ul>\n<li>125 g QimiQ Classic<\/li>\n<li>400 g \u00e9desburgonya<\/li>\n<li>Ol\u00edvaolaj<\/li>\n<li>S\u00f3<\/li>\n<li>1 toj\u00e1s(ok)<\/li>\n<li>10 g kukoricaliszt<\/li>\n<li>1 msp. kurkuma, sz\u00e1r\u00edtva<\/li>\n<li>fekete bors<\/li>\n<\/ul>\n<\/div>\n            <div class=\"wysiwyg-columns__content\" data-aos=\"fade-left\"\n             data-aos-once=\"true\"><p><strong>A b\u00e1r\u00e1nyh\u00fashoz<\/strong><\/p>\n<ul>\n<li>700 g b\u00e1r\u00e1nynyereg<\/li>\n<li>S\u00f3<\/li>\n<li>fekete bors<\/li>\n<li>40 g ol\u00edvaolaj<\/li>\n<\/ul>\n<\/div>\n    <\/div>\n\n<\/section>\n\n<section id='lightpress__section--block_87fc7cc884d635bf56a7be2b958ffeec' class='lightpress__section--cow-headline--medium lightpress__section--default-section-space lightpress__section lightpress__section--cow-headline' data-scroll-section><div class=\"cow-headline__container cow-headline__container--hide-bottom-margin\">\n        <h3 data-aos=\"fade-right\" class=\"cow-headline__headline\"\n    data-aos-once=\"true\">El\u0151k\u00e9sz\u00edt\u00e9s<\/h3>\n<picture class=\"cow-headline__picture\"\n         data-aos=\"fade-left\"\n         data-aos-once=\"true\">\n    <source srcset=\"\/wp-content\/themes\/qimiq\/blocks\/cow-headline\/cow.png.webp\" type=\"image\/webp\">\n    <img decoding=\"async\" src=\"\/wp-content\/themes\/qimiq\/blocks\/cow-headline\/cow.png\" alt=\"Teh\u00e9n\">\n<\/picture>\n<\/div>\n\n<\/section>\n\n<section id='lightpress__section--block_b7455eb2b70ce65a14b697a7b0b0a941' class='lightpress__section--wysiwyg-medium lightpress__section--default-section-space lightpress__section lightpress__section--wysiwyg' data-scroll-section><div class=\"wysiwyg-columns wysiwyg-columns--1\">\n            <div class=\"wysiwyg-columns__content\" data-aos=\"fade-right\"\n             data-aos-once=\"true\"><ol>\n<li><strong>A szufl\u00e9hoz:<\/strong><span>\u00a0<\/span>Az \u00e9desburgony\u00e1t megmossuk, megsz\u00e1r\u00edtjuk, bed\u00f6rzs\u00f6lj\u00fck ol\u00edvaolajjal \u00e9s s\u00f3val, aluf\u00f3li\u00e1ba csomagoljuk, \u00e9s 170 \u00b0C-ra el\u0151meleg\u00edtett s\u00fct\u0151ben (l\u00e9gkever\u00e9ses s\u00fct\u0151ben) puh\u00e1ra s\u00fctj\u00fck.<\/li>\n<li>Hagyjuk kih\u0171lni, \u00e9s kaparjuk ki a burgony\u00e1t a h\u00e9j\u00e1b\u00f3l.<\/li>\n<li>Keverje \u00f6ssze a kih\u0171tetlen QimiQ Classic-ot a toj\u00e1ssal, a kem\u00e9ny\u00edt\u0151vel, a f\u0171szerekkel \u00e9s az \u00e9desburgony\u00e1val, majd t\u00f6ltse kiolajozott szufl\u00e9form\u00e1kba.<\/li>\n<li>160 \u00b0C-ra el\u0151meleg\u00edtett s\u00fct\u0151ben (l\u00e9gkever\u00e9ses s\u00fct\u0151ben) kb. 25-30 percig s\u00fctj\u00fck.<\/li>\n<li>T\u00e1vol\u00edtsa el a b\u00e1r\u00e1nynyereg b\u0151r\u00e9t \u00e9s zs\u00edrj\u00e1t. A h\u00fast s\u00f3val \u00e9s borssal f\u0171szerezz\u00fck, egy serpeny\u0151ben ol\u00edvaolajon megpir\u00edtjuk, \u00e9s 160 \u00b0C-ra el\u0151meleg\u00edtett s\u00fct\u0151ben (l\u00e9gkever\u00e9ses s\u00fct\u0151ben) kb. 8 percig s\u00fctj\u00fck.<\/li>\n<li>Hagyja a b\u00e1r\u00e1nyh\u00fast egy kicsit pihenni, szeletelje fel, \u00e9s t\u00e1lalja az \u00e9desburgonya-szufl\u00e9val.<\/li>\n<\/ol>\n<\/div>\n    <\/div>\n\n<\/section>","protected":false},"excerpt":{"rendered":"","protected":false},"author":1,"featured_media":1759,"parent":682,"menu_order":0,"comment_status":"closed","ping_status":"closed","template":"","meta":{"_acf_changed":false,"_relevanssi_hide_post":"","_relevanssi_hide_content":"","_relevanssi_pin_for_all":"","_relevanssi_pin_keywords":"","_relevanssi_unpin_keywords":"","_relevanssi_related_keywords":"","_relevanssi_related_include_ids":"","_relevanssi_related_exclude_ids":"","_relevanssi_related_no_append":"","_relevanssi_related_not_related":"","_relevanssi_related_posts":"","_relevanssi_noindex_reason":"","footnotes":""},"class_list":["post-1795","page","type-page","status-publish","has-post-thumbnail","hentry"],"acf":[],"yoast_head":"<!-- This site is optimized with the Yoast SEO Premium plugin v26.6 (Yoast SEO v26.8) - https:\/\/yoast.com\/product\/yoast-seo-premium-wordpress\/ -->\n<title>Lammr\u00fccken mit S\u00fc\u00dfkartoffelsouffl\u00e9 von Stefan Fuchs - QimiQ<\/title>\n<meta name=\"robots\" content=\"index, follow, max-snippet:-1, max-image-preview:large, max-video-preview:-1\" \/>\n<link rel=\"canonical\" href=\"https:\/\/qimiq.com\/hu\/qimiq-fuer-profis\/chefkoeche\/chefkoch-rezepte\/lammrucken-mit-susskartoffelsouffle-von-stefan-fuchs\/\" \/>\n<meta property=\"og:locale\" content=\"hu_HU\" \/>\n<meta property=\"og:type\" content=\"article\" \/>\n<meta property=\"og:title\" content=\"Lammr\u00fccken mit S\u00fc\u00dfkartoffelsouffl\u00e9 von Stefan Fuchs\" \/>\n<meta property=\"og:url\" content=\"https:\/\/qimiq.com\/hu\/qimiq-fuer-profis\/chefkoeche\/chefkoch-rezepte\/lammrucken-mit-susskartoffelsouffle-von-stefan-fuchs\/\" \/>\n<meta property=\"og:site_name\" content=\"QimiQ\" \/>\n<meta property=\"article:publisher\" content=\"https:\/\/www.facebook.com\/QimiQWorld\/\" \/>\n<meta property=\"article:modified_time\" content=\"2023-07-20T13:39:56+00:00\" \/>\n<meta property=\"og:image\" content=\"https:\/\/qimiq.com\/wp-content\/uploads\/CR-Spargelsouffle.jpg\" \/>\n\t<meta property=\"og:image:width\" content=\"500\" \/>\n\t<meta property=\"og:image:height\" content=\"333\" \/>\n\t<meta property=\"og:image:type\" content=\"image\/jpeg\" \/>\n<meta name=\"twitter:card\" content=\"summary_large_image\" \/>\n<script type=\"application\/ld+json\" class=\"yoast-schema-graph\">{\"@context\":\"https:\/\/schema.org\",\"@graph\":[{\"@type\":\"WebPage\",\"@id\":\"https:\/\/qimiq.com\/qimiq-fuer-profis\/chefkoeche\/chefkoch-rezepte\/lammrucken-mit-susskartoffelsouffle-von-stefan-fuchs\/\",\"url\":\"https:\/\/qimiq.com\/qimiq-fuer-profis\/chefkoeche\/chefkoch-rezepte\/lammrucken-mit-susskartoffelsouffle-von-stefan-fuchs\/\",\"name\":\"Lammr\u00fccken mit S\u00fc\u00dfkartoffelsouffl\u00e9 von Stefan Fuchs - QimiQ\",\"isPartOf\":{\"@id\":\"https:\/\/qimiq.com\/en\/#website\"},\"primaryImageOfPage\":{\"@id\":\"https:\/\/qimiq.com\/qimiq-fuer-profis\/chefkoeche\/chefkoch-rezepte\/lammrucken-mit-susskartoffelsouffle-von-stefan-fuchs\/#primaryimage\"},\"image\":{\"@id\":\"https:\/\/qimiq.com\/qimiq-fuer-profis\/chefkoeche\/chefkoch-rezepte\/lammrucken-mit-susskartoffelsouffle-von-stefan-fuchs\/#primaryimage\"},\"thumbnailUrl\":\"https:\/\/qimiq.com\/wp-content\/uploads\/CR-Spargelsouffle.jpg\",\"datePublished\":\"2022-10-06T12:43:11+00:00\",\"dateModified\":\"2023-07-20T13:39:56+00:00\",\"breadcrumb\":{\"@id\":\"https:\/\/qimiq.com\/qimiq-fuer-profis\/chefkoeche\/chefkoch-rezepte\/lammrucken-mit-susskartoffelsouffle-von-stefan-fuchs\/#breadcrumb\"},\"inLanguage\":\"hu\",\"potentialAction\":[{\"@type\":\"ReadAction\",\"target\":[\"https:\/\/qimiq.com\/qimiq-fuer-profis\/chefkoeche\/chefkoch-rezepte\/lammrucken-mit-susskartoffelsouffle-von-stefan-fuchs\/\"]}]},{\"@type\":\"ImageObject\",\"inLanguage\":\"hu\",\"@id\":\"https:\/\/qimiq.com\/qimiq-fuer-profis\/chefkoeche\/chefkoch-rezepte\/lammrucken-mit-susskartoffelsouffle-von-stefan-fuchs\/#primaryimage\",\"url\":\"https:\/\/qimiq.com\/wp-content\/uploads\/CR-Spargelsouffle.jpg\",\"contentUrl\":\"https:\/\/qimiq.com\/wp-content\/uploads\/CR-Spargelsouffle.jpg\",\"width\":500,\"height\":333,\"caption\":\"CR Spargelsouffle\"},{\"@type\":\"BreadcrumbList\",\"@id\":\"https:\/\/qimiq.com\/qimiq-fuer-profis\/chefkoeche\/chefkoch-rezepte\/lammrucken-mit-susskartoffelsouffle-von-stefan-fuchs\/#breadcrumb\",\"itemListElement\":[{\"@type\":\"ListItem\",\"position\":1,\"name\":\"Home\",\"item\":\"https:\/\/qimiq.com\/\"},{\"@type\":\"ListItem\",\"position\":2,\"name\":\"QimiQ f\u00fcr PROFIS\",\"item\":\"https:\/\/qimiq.com\/qimiq-fuer-profis\/\"},{\"@type\":\"ListItem\",\"position\":3,\"name\":\"Chefk\u00f6che\",\"item\":\"https:\/\/qimiq.com\/qimiq-fuer-profis\/chefkoeche\/\"},{\"@type\":\"ListItem\",\"position\":4,\"name\":\"Chefkoch Rezepte\",\"item\":\"https:\/\/qimiq.com\/qimiq-fuer-profis\/chefkoeche\/chefkoch-rezepte\/\"},{\"@type\":\"ListItem\",\"position\":5,\"name\":\"Lammr\u00fccken mit S\u00fc\u00dfkartoffelsouffl\u00e9 von Stefan Fuchs\"}]},{\"@type\":\"WebSite\",\"@id\":\"https:\/\/qimiq.com\/en\/#website\",\"url\":\"https:\/\/qimiq.com\/en\/\",\"name\":\"QimiQ\",\"description\":\"\",\"publisher\":{\"@id\":\"https:\/\/qimiq.com\/en\/#organization\"},\"potentialAction\":[{\"@type\":\"SearchAction\",\"target\":{\"@type\":\"EntryPoint\",\"urlTemplate\":\"https:\/\/qimiq.com\/en\/?s={search_term_string}\"},\"query-input\":{\"@type\":\"PropertyValueSpecification\",\"valueRequired\":true,\"valueName\":\"search_term_string\"}}],\"inLanguage\":\"hu\"},{\"@type\":\"Organization\",\"@id\":\"https:\/\/qimiq.com\/en\/#organization\",\"name\":\"QimiQ\",\"url\":\"https:\/\/qimiq.com\/en\/\",\"logo\":{\"@type\":\"ImageObject\",\"inLanguage\":\"hu\",\"@id\":\"https:\/\/qimiq.com\/en\/#\/schema\/logo\/image\/\",\"url\":\"https:\/\/qimiq.com\/wp-content\/uploads\/AdobeStock_300763099_Video_HD_Preview.png\",\"contentUrl\":\"https:\/\/qimiq.com\/wp-content\/uploads\/AdobeStock_300763099_Video_HD_Preview.png\",\"width\":712,\"height\":401,\"caption\":\"QimiQ\"},\"image\":{\"@id\":\"https:\/\/qimiq.com\/en\/#\/schema\/logo\/image\/\"},\"sameAs\":[\"https:\/\/www.facebook.com\/QimiQWorld\/\",\"https:\/\/www.facebook.com\/QimiQProfessionals\/\",\"https:\/\/www.instagram.com\/qimiq_austria\/\"]}]}<\/script>\n<!-- \/ Yoast SEO Premium plugin. -->","yoast_head_json":{"title":"B\u00e1r\u00e1nyh\u00fas \u00e9desburgonya szufl\u00e9vel Stefan Fuchs-t\u00f3l - QimiQ","robots":{"index":"index","follow":"follow","max-snippet":"max-snippet:-1","max-image-preview":"max-image-preview:large","max-video-preview":"max-video-preview:-1"},"canonical":"https:\/\/qimiq.com\/hu\/qimiq-fuer-profis\/chefkoeche\/chefkoch-rezepte\/lammrucken-mit-susskartoffelsouffle-von-stefan-fuchs\/","og_locale":"hu_HU","og_type":"article","og_title":"Lammr\u00fccken mit S\u00fc\u00dfkartoffelsouffl\u00e9 von Stefan Fuchs","og_url":"https:\/\/qimiq.com\/hu\/qimiq-fuer-profis\/chefkoeche\/chefkoch-rezepte\/lammrucken-mit-susskartoffelsouffle-von-stefan-fuchs\/","og_site_name":"QimiQ","article_publisher":"https:\/\/www.facebook.com\/QimiQWorld\/","article_modified_time":"2023-07-20T13:39:56+00:00","og_image":[{"width":500,"height":333,"url":"https:\/\/qimiq.com\/wp-content\/uploads\/CR-Spargelsouffle.jpg","type":"image\/jpeg"}],"twitter_card":"summary_large_image","schema":{"@context":"https:\/\/schema.org","@graph":[{"@type":"WebPage","@id":"https:\/\/qimiq.com\/qimiq-fuer-profis\/chefkoeche\/chefkoch-rezepte\/lammrucken-mit-susskartoffelsouffle-von-stefan-fuchs\/","url":"https:\/\/qimiq.com\/qimiq-fuer-profis\/chefkoeche\/chefkoch-rezepte\/lammrucken-mit-susskartoffelsouffle-von-stefan-fuchs\/","name":"B\u00e1r\u00e1nyh\u00fas \u00e9desburgonya szufl\u00e9vel Stefan Fuchs-t\u00f3l - QimiQ","isPartOf":{"@id":"https:\/\/qimiq.com\/en\/#website"},"primaryImageOfPage":{"@id":"https:\/\/qimiq.com\/qimiq-fuer-profis\/chefkoeche\/chefkoch-rezepte\/lammrucken-mit-susskartoffelsouffle-von-stefan-fuchs\/#primaryimage"},"image":{"@id":"https:\/\/qimiq.com\/qimiq-fuer-profis\/chefkoeche\/chefkoch-rezepte\/lammrucken-mit-susskartoffelsouffle-von-stefan-fuchs\/#primaryimage"},"thumbnailUrl":"https:\/\/qimiq.com\/wp-content\/uploads\/CR-Spargelsouffle.jpg","datePublished":"2022-10-06T12:43:11+00:00","dateModified":"2023-07-20T13:39:56+00:00","breadcrumb":{"@id":"https:\/\/qimiq.com\/qimiq-fuer-profis\/chefkoeche\/chefkoch-rezepte\/lammrucken-mit-susskartoffelsouffle-von-stefan-fuchs\/#breadcrumb"},"inLanguage":"hu","potentialAction":[{"@type":"ReadAction","target":["https:\/\/qimiq.com\/qimiq-fuer-profis\/chefkoeche\/chefkoch-rezepte\/lammrucken-mit-susskartoffelsouffle-von-stefan-fuchs\/"]}]},{"@type":"ImageObject","inLanguage":"hu","@id":"https:\/\/qimiq.com\/qimiq-fuer-profis\/chefkoeche\/chefkoch-rezepte\/lammrucken-mit-susskartoffelsouffle-von-stefan-fuchs\/#primaryimage","url":"https:\/\/qimiq.com\/wp-content\/uploads\/CR-Spargelsouffle.jpg","contentUrl":"https:\/\/qimiq.com\/wp-content\/uploads\/CR-Spargelsouffle.jpg","width":500,"height":333,"caption":"CR Spargelsouffle"},{"@type":"BreadcrumbList","@id":"https:\/\/qimiq.com\/qimiq-fuer-profis\/chefkoeche\/chefkoch-rezepte\/lammrucken-mit-susskartoffelsouffle-von-stefan-fuchs\/#breadcrumb","itemListElement":[{"@type":"ListItem","position":1,"name":"Home","item":"https:\/\/qimiq.com\/"},{"@type":"ListItem","position":2,"name":"QimiQ f\u00fcr PROFIS","item":"https:\/\/qimiq.com\/qimiq-fuer-profis\/"},{"@type":"ListItem","position":3,"name":"Chefk\u00f6che","item":"https:\/\/qimiq.com\/qimiq-fuer-profis\/chefkoeche\/"},{"@type":"ListItem","position":4,"name":"Chefkoch Rezepte","item":"https:\/\/qimiq.com\/qimiq-fuer-profis\/chefkoeche\/chefkoch-rezepte\/"},{"@type":"ListItem","position":5,"name":"Lammr\u00fccken mit S\u00fc\u00dfkartoffelsouffl\u00e9 von Stefan Fuchs"}]},{"@type":"WebSite","@id":"https:\/\/qimiq.com\/en\/#website","url":"https:\/\/qimiq.com\/en\/","name":"QimiQ","description":"","publisher":{"@id":"https:\/\/qimiq.com\/en\/#organization"},"potentialAction":[{"@type":"SearchAction","target":{"@type":"EntryPoint","urlTemplate":"https:\/\/qimiq.com\/en\/?s={search_term_string}"},"query-input":{"@type":"PropertyValueSpecification","valueRequired":true,"valueName":"search_term_string"}}],"inLanguage":"hu"},{"@type":"Organization","@id":"https:\/\/qimiq.com\/en\/#organization","name":"QimiQ","url":"https:\/\/qimiq.com\/en\/","logo":{"@type":"ImageObject","inLanguage":"hu","@id":"https:\/\/qimiq.com\/en\/#\/schema\/logo\/image\/","url":"https:\/\/qimiq.com\/wp-content\/uploads\/AdobeStock_300763099_Video_HD_Preview.png","contentUrl":"https:\/\/qimiq.com\/wp-content\/uploads\/AdobeStock_300763099_Video_HD_Preview.png","width":712,"height":401,"caption":"QimiQ"},"image":{"@id":"https:\/\/qimiq.com\/en\/#\/schema\/logo\/image\/"},"sameAs":["https:\/\/www.facebook.com\/QimiQWorld\/","https:\/\/www.facebook.com\/QimiQProfessionals\/","https:\/\/www.instagram.com\/qimiq_austria\/"]}]}},"_links":{"self":[{"href":"https:\/\/qimiq.com\/hu\/wp-json\/wp\/v2\/pages\/1795","targetHints":{"allow":["GET"]}}],"collection":[{"href":"https:\/\/qimiq.com\/hu\/wp-json\/wp\/v2\/pages"}],"about":[{"href":"https:\/\/qimiq.com\/hu\/wp-json\/wp\/v2\/types\/page"}],"author":[{"embeddable":true,"href":"https:\/\/qimiq.com\/hu\/wp-json\/wp\/v2\/users\/1"}],"replies":[{"embeddable":true,"href":"https:\/\/qimiq.com\/hu\/wp-json\/wp\/v2\/comments?post=1795"}],"version-history":[{"count":3,"href":"https:\/\/qimiq.com\/hu\/wp-json\/wp\/v2\/pages\/1795\/revisions"}],"predecessor-version":[{"id":2784,"href":"https:\/\/qimiq.com\/hu\/wp-json\/wp\/v2\/pages\/1795\/revisions\/2784"}],"up":[{"embeddable":true,"href":"https:\/\/qimiq.com\/hu\/wp-json\/wp\/v2\/pages\/682"}],"wp:featuredmedia":[{"embeddable":true,"href":"https:\/\/qimiq.com\/hu\/wp-json\/wp\/v2\/media\/1759"}],"wp:attachment":[{"href":"https:\/\/qimiq.com\/hu\/wp-json\/wp\/v2\/media?parent=1795"}],"curies":[{"name":"wp","href":"https:\/\/api.w.org\/{rel}","templated":true}]}}