{"id":1758,"date":"2022-10-05T13:55:33","date_gmt":"2022-10-05T12:55:33","guid":{"rendered":"https:\/\/qimiq.lightcyde\/?page_id=1758"},"modified":"2023-07-20T14:39:24","modified_gmt":"2023-07-20T13:39:24","slug":"spargelsouffle-von-reinhard-muller","status":"publish","type":"page","link":"https:\/\/qimiq.com\/hu\/qimiq-fuer-profis\/chefkoeche\/chefkoch-rezepte\/spargelsouffle-von-reinhard-muller\/","title":{"rendered":"Reinhard M\u00fcller sp\u00e1rga szufl\u00e9ja"},"content":{"rendered":"<section id='lightpress__section--block_5c11c03b66e2223cc7a29fb702bc015e' class='lightpress__section--full-width lightpress__section--default-section-space lightpress__section lightpress__section--image-text' data-scroll-section><div class=\"image-text__container image-text__container-- image-text__container--mirrored\">\n                            <picture class=\"image-text__picture\"\n                 data-aos=\"fade-left\"\n                 data-aos-once=\"true\"\n                 data-aos-anchor=\"#lightpress__section--block_5c11c03b66e2223cc7a29fb702bc015e .image-text__container\">\n            <source srcset=\"https:\/\/qimiq.com\/wp-content\/uploads\/CR-Spargelsouffle.webp\" type=\"image\/webp\">\n            <img decoding=\"async\" src=\"https:\/\/qimiq.com\/wp-content\/uploads\/CR-Spargelsouffle.jpg\" alt=\"CR Sp\u00e1rga szufl\u00e9\" \/>\n        <\/picture>\n    \n    <div class=\"image-text__text\">\n        \n                    <h2 class=\"text--medium text--55\" data-aos=\"fade-right\"\n                data-aos-once=\"true\"\n                data-aos-delay=\"100\"\n                data-aos-anchor=\"#lightpress__section--block_5c11c03b66e2223cc7a29fb702bc015e .image-text__container\">Reinhard M\u00fcller sp\u00e1rga szufl\u00e9ja<\/h2>\n        \n                    <div class=\"spacer--60\"><\/div>\n\n            <div data-aos=\"fade-right\" data-aos-once=\"true\"\n                 data-aos-delay=\"200\"\n                 data-aos-anchor=\"#lightpress__section--block_5c11c03b66e2223cc7a29fb702bc015e .image-text__container\"><p>Reinhard M\u00fcller, a Bad Ischl-i PVA rehabilit\u00e1ci\u00f3s k\u00f6zpont f\u0151szak\u00e1csa, \u00e9ttermi szakember, p\u00e9k \u00e9s hentes. S\u00e9fk\u00e9nt 4 toques (Gault&amp;Millau) \u00e9s 2 Michelin-csillagot szerzett. Sz\u00e1llodavezet\u0151k\u00e9nt a tengerj\u00e1r\u00f3 haj\u00f3kt\u00f3l a 4 csillagos sz\u00e1llod\u00e1kig mindenhol megfordult. Ma egy mennyei \u00e9telt mutat nektek!<\/p>\n<\/div>\n        \n                    <div class=\"spacer--60\"><\/div>\n\n            <a class=\"qimiq-button\"\n               href=\"https:\/\/rdb.qimiq.com\/de\/recipes\/2503\"\n               target=\"_blank\" data-aos=\"fade-right\" data-aos-once=\"true\"\n               data-aos-delay=\"300\"\n               data-aos-anchor=\"#lightpress__section--block_5c11c03b66e2223cc7a29fb702bc015e .image-text__container\">Fedezze fel a receptet a recept adatb\u00e1zisunkban<\/a>\n            <\/div>\n<\/div>\n\n<\/section>\n\n<section id='lightpress__section--block_2c1efe5c89c29d44957893425a8ad199' class='lightpress__section--cow-headline--medium lightpress__section--default-section-space lightpress__section lightpress__section--cow-headline' data-scroll-section><div class=\"cow-headline__container cow-headline__container--hide-bottom-margin\">\n        <h3 data-aos=\"fade-right\" class=\"cow-headline__headline\"\n    data-aos-once=\"true\">Hozz\u00e1val\u00f3k 10 adaghoz<\/h3>\n<picture class=\"cow-headline__picture\"\n         data-aos=\"fade-left\"\n         data-aos-once=\"true\">\n    <source srcset=\"\/wp-content\/themes\/qimiq\/blocks\/cow-headline\/cow.png.webp\" type=\"image\/webp\">\n    <img decoding=\"async\" src=\"\/wp-content\/themes\/qimiq\/blocks\/cow-headline\/cow.png\" alt=\"Teh\u00e9n\">\n<\/picture>\n<\/div>\n\n<\/section>\n\n<section id='lightpress__section--block_462c564fa2d017dc03be0578d595c5e0' class='lightpress__section--wysiwyg-medium lightpress__section--default-section-space lightpress__section lightpress__section--wysiwyg' data-scroll-section><div class=\"wysiwyg-columns wysiwyg-columns--3\">\n            <div class=\"wysiwyg-columns__content\" data-aos=\"fade-right\"\n             data-aos-once=\"true\"><p><strong>A szufl\u00e9hoz<\/strong><\/p>\n<p>\u00a0<\/p>\n<ul>\n<li>250 g QimiQ Classic, h\u0171t\u00e9s n\u00e9lk\u00fcl<\/li>\n<li>250 g feh\u00e9r sp\u00e1rga, h\u00e1mozva<\/li>\n<li>30 g burgonya, h\u00e1mozva<\/li>\n<li>80 g hagyma(k), apr\u00f3 kock\u00e1ra v\u00e1gva<\/li>\n<li>40 g vaj<\/li>\n<li>10 g finom krist\u00e1lycukor<\/li>\n<li>80 ml feh\u00e9rbor<\/li>\n<li>125 ml z\u00f6lds\u00e9galapl\u00e9<\/li>\n<li>3 g s\u00f3<\/li>\n<li>frissen \u0151r\u00f6lt fekete bors<\/li>\n<li>2 toj\u00e1ss\u00e1rg\u00e1ja<\/li>\n<li>60 g kr\u00e9msajt<\/li>\n<li>80 g feh\u00e9r zsemlemorzsa<\/li>\n<li>0,5 narancs(ok) leve \u00e9s finomra reszelt h\u00e9ja<\/li>\n<li>2 toj\u00e1sfeh\u00e9rje<\/li>\n<\/ul>\n<\/div>\n            <div class=\"wysiwyg-columns__content\" data-aos=\"fade-left\"\n             data-aos-once=\"true\"><p><strong>A vinaigrette-hez<\/strong><\/p>\n<p>\u00a0<\/p>\n<ul>\n<li>250 g QimiQ Classic, h\u0171t\u00e9s n\u00e9lk\u00fcl<\/li>\n<li>50 ml ol\u00edvaolaj<\/li>\n<li>120 g cr\u00e8me fra\u00eeche<\/li>\n<li>100 ml narancsl\u00e9<\/li>\n<li>Narancsh\u00e9j, 1 narancsb\u00f3l<\/li>\n<li>1 narancs(ok), kock\u00e1ra v\u00e1gva<\/li>\n<li>50 ml balzsamecet, vil\u00e1gos sz\u00edn\u0171<\/li>\n<li>20 g koriander, apr\u00f3ra v\u00e1gva<\/li>\n<\/ul>\n<\/div>\n            <div class=\"wysiwyg-columns__content\" data-aos=\"fade-right\"\n             data-aos-once=\"true\"><p><strong>D\u00edsz\u00edt\u00e9shez<\/strong><\/p>\n<p>\u00a0<\/p>\n<ul>\n<li>Paprika(k), kock\u00e1ra v\u00e1gva<\/li>\n<li>Met\u00e9l\u0151hagyma<\/li>\n<li>Cress<\/li>\n<\/ul>\n<\/div>\n    <\/div>\n\n<\/section>\n\n<section id='lightpress__section--block_65bee02bb77b22af01602b95588617bf' class='lightpress__section--cow-headline--medium lightpress__section--default-section-space lightpress__section lightpress__section--cow-headline' data-scroll-section><div class=\"cow-headline__container cow-headline__container--hide-bottom-margin\">\n        <h3 data-aos=\"fade-right\" class=\"cow-headline__headline\"\n    data-aos-once=\"true\">El\u0151k\u00e9sz\u00edt\u00e9s<\/h3>\n<picture class=\"cow-headline__picture\"\n         data-aos=\"fade-left\"\n         data-aos-once=\"true\">\n    <source srcset=\"\/wp-content\/themes\/qimiq\/blocks\/cow-headline\/cow.png.webp\" type=\"image\/webp\">\n    <img decoding=\"async\" src=\"\/wp-content\/themes\/qimiq\/blocks\/cow-headline\/cow.png\" alt=\"Teh\u00e9n\">\n<\/picture>\n<\/div>\n\n<\/section>\n\n<section id='lightpress__section--block_052f3b4ba79cb77520a276733de55172' class='lightpress__section--wysiwyg-medium lightpress__section--default-section-space lightpress__section lightpress__section--wysiwyg' data-scroll-section><div class=\"wysiwyg-columns wysiwyg-columns--1\">\n            <div class=\"wysiwyg-columns__content\" data-aos=\"fade-right\"\n             data-aos-once=\"true\"><ol>\n<li><strong>A szufl\u00e9hoz:<\/strong><span>\u00a0<\/span>A sp\u00e1rg\u00e1t, a burgony\u00e1t \u00e9s a hagym\u00e1t vajban megp\u00e1roljuk.<\/li>\n<li>Adjuk hozz\u00e1 a cukrot, oltsuk le a feh\u00e9rborral, \u00e9s \u00f6nts\u00fck fel a h\u00faslevessel. F\u0171szerezz\u00fck, \u00e9s lefedve addig p\u00e1roljuk, am\u00edg a folyad\u00e9k elfogy.<\/li>\n<li>A p\u00e1rolt z\u00f6lds\u00e9geket finomra turmixoljuk, \u00e9s szit\u00e1n \u00e1tpassz\u00edrozzuk.<\/li>\n<li>Keverje sim\u00e1ra a h\u0171t\u00e9s n\u00e9lk\u00fcli QimiQ Classicot. Adja hozz\u00e1 a sp\u00e1rgakever\u00e9ket, a toj\u00e1ss\u00e1rg\u00e1j\u00e1t, a kr\u00e9msajtot, a feh\u00e9r zsemlemorzs\u00e1t, a narancslevet \u00e9s a narancsh\u00e9jat.<\/li>\n<li>A toj\u00e1sfeh\u00e9rj\u00e9t verj\u00fck kem\u00e9ny habb\u00e1, \u00e9s hajtsuk bele.<\/li>\n<li>\u00d6nts\u00fck a kever\u00e9ket a form\u00e1kba, \u00e9s 180 \u00b0C-ra el\u0151meleg\u00edtett s\u00fct\u0151ben (l\u00e9gkever\u00e9ses s\u00fct\u0151) kb. 15-20 percig s\u00fcss\u00fck.<\/li>\n<li><strong>A vinaigrette-hez:<\/strong><span>\u00a0<\/span>Keverje sim\u00e1ra a h\u0171t\u00e9s n\u00e9lk\u00fcli QimiQ Classic-ot. Lassan keverje bele az ol\u00edvaolajat, am\u00edg a kever\u00e9k emulge\u00e1l\u00f3dik.<\/li>\n<li>Keverje hozz\u00e1 a t\u00f6bbi hozz\u00e1val\u00f3t, \u00e9s \u00edzes\u00edtse \u00edzl\u00e9s szerint.<\/li>\n<li>Kock\u00e1ra v\u00e1gott paprik\u00e1val, zs\u00e1zs\u00e1val \u00e9s met\u00e9l\u0151hagym\u00e1val d\u00edsz\u00edtj\u00fck, \u00e9s a sp\u00e1rgaszufl\u00e9val t\u00e1laljuk.<\/li>\n<\/ol>\n<\/div>\n    <\/div>\n\n<\/section>","protected":false},"excerpt":{"rendered":"","protected":false},"author":1,"featured_media":1759,"parent":682,"menu_order":0,"comment_status":"closed","ping_status":"closed","template":"","meta":{"_acf_changed":false,"_relevanssi_hide_post":"","_relevanssi_hide_content":"","_relevanssi_pin_for_all":"","_relevanssi_pin_keywords":"","_relevanssi_unpin_keywords":"","_relevanssi_related_keywords":"","_relevanssi_related_include_ids":"","_relevanssi_related_exclude_ids":"","_relevanssi_related_no_append":"","_relevanssi_related_not_related":"","_relevanssi_related_posts":"","_relevanssi_noindex_reason":"","footnotes":""},"class_list":["post-1758","page","type-page","status-publish","has-post-thumbnail","hentry"],"acf":[],"yoast_head":"<!-- This site is optimized with the Yoast SEO Premium plugin v26.6 (Yoast SEO v26.8) - https:\/\/yoast.com\/product\/yoast-seo-premium-wordpress\/ -->\n<title>Spargelsouffl\u00e9 von Reinhard M\u00fcller - QimiQ<\/title>\n<meta name=\"robots\" content=\"index, follow, max-snippet:-1, max-image-preview:large, max-video-preview:-1\" \/>\n<link rel=\"canonical\" href=\"https:\/\/qimiq.com\/hu\/qimiq-fuer-profis\/chefkoeche\/chefkoch-rezepte\/spargelsouffle-von-reinhard-muller\/\" \/>\n<meta property=\"og:locale\" content=\"hu_HU\" \/>\n<meta property=\"og:type\" content=\"article\" \/>\n<meta property=\"og:title\" content=\"Spargelsouffl\u00e9 von Reinhard M\u00fcller\" \/>\n<meta property=\"og:url\" content=\"https:\/\/qimiq.com\/hu\/qimiq-fuer-profis\/chefkoeche\/chefkoch-rezepte\/spargelsouffle-von-reinhard-muller\/\" \/>\n<meta property=\"og:site_name\" content=\"QimiQ\" \/>\n<meta property=\"article:publisher\" content=\"https:\/\/www.facebook.com\/QimiQWorld\/\" \/>\n<meta property=\"article:modified_time\" content=\"2023-07-20T13:39:24+00:00\" \/>\n<meta property=\"og:image\" content=\"https:\/\/qimiq.com\/wp-content\/uploads\/CR-Spargelsouffle.jpg\" \/>\n\t<meta property=\"og:image:width\" content=\"500\" \/>\n\t<meta property=\"og:image:height\" content=\"333\" \/>\n\t<meta property=\"og:image:type\" content=\"image\/jpeg\" \/>\n<meta name=\"twitter:card\" content=\"summary_large_image\" \/>\n<script type=\"application\/ld+json\" class=\"yoast-schema-graph\">{\"@context\":\"https:\/\/schema.org\",\"@graph\":[{\"@type\":\"WebPage\",\"@id\":\"https:\/\/qimiq.com\/qimiq-fuer-profis\/chefkoeche\/chefkoch-rezepte\/spargelsouffle-von-reinhard-muller\/\",\"url\":\"https:\/\/qimiq.com\/qimiq-fuer-profis\/chefkoeche\/chefkoch-rezepte\/spargelsouffle-von-reinhard-muller\/\",\"name\":\"Spargelsouffl\u00e9 von Reinhard M\u00fcller - QimiQ\",\"isPartOf\":{\"@id\":\"https:\/\/qimiq.com\/en\/#website\"},\"primaryImageOfPage\":{\"@id\":\"https:\/\/qimiq.com\/qimiq-fuer-profis\/chefkoeche\/chefkoch-rezepte\/spargelsouffle-von-reinhard-muller\/#primaryimage\"},\"image\":{\"@id\":\"https:\/\/qimiq.com\/qimiq-fuer-profis\/chefkoeche\/chefkoch-rezepte\/spargelsouffle-von-reinhard-muller\/#primaryimage\"},\"thumbnailUrl\":\"https:\/\/qimiq.com\/wp-content\/uploads\/CR-Spargelsouffle.jpg\",\"datePublished\":\"2022-10-05T12:55:33+00:00\",\"dateModified\":\"2023-07-20T13:39:24+00:00\",\"breadcrumb\":{\"@id\":\"https:\/\/qimiq.com\/qimiq-fuer-profis\/chefkoeche\/chefkoch-rezepte\/spargelsouffle-von-reinhard-muller\/#breadcrumb\"},\"inLanguage\":\"hu\",\"potentialAction\":[{\"@type\":\"ReadAction\",\"target\":[\"https:\/\/qimiq.com\/qimiq-fuer-profis\/chefkoeche\/chefkoch-rezepte\/spargelsouffle-von-reinhard-muller\/\"]}]},{\"@type\":\"ImageObject\",\"inLanguage\":\"hu\",\"@id\":\"https:\/\/qimiq.com\/qimiq-fuer-profis\/chefkoeche\/chefkoch-rezepte\/spargelsouffle-von-reinhard-muller\/#primaryimage\",\"url\":\"https:\/\/qimiq.com\/wp-content\/uploads\/CR-Spargelsouffle.jpg\",\"contentUrl\":\"https:\/\/qimiq.com\/wp-content\/uploads\/CR-Spargelsouffle.jpg\",\"width\":500,\"height\":333,\"caption\":\"CR Spargelsouffle\"},{\"@type\":\"BreadcrumbList\",\"@id\":\"https:\/\/qimiq.com\/qimiq-fuer-profis\/chefkoeche\/chefkoch-rezepte\/spargelsouffle-von-reinhard-muller\/#breadcrumb\",\"itemListElement\":[{\"@type\":\"ListItem\",\"position\":1,\"name\":\"Home\",\"item\":\"https:\/\/qimiq.com\/\"},{\"@type\":\"ListItem\",\"position\":2,\"name\":\"QimiQ f\u00fcr PROFIS\",\"item\":\"https:\/\/qimiq.com\/qimiq-fuer-profis\/\"},{\"@type\":\"ListItem\",\"position\":3,\"name\":\"Chefk\u00f6che\",\"item\":\"https:\/\/qimiq.com\/qimiq-fuer-profis\/chefkoeche\/\"},{\"@type\":\"ListItem\",\"position\":4,\"name\":\"Chefkoch Rezepte\",\"item\":\"https:\/\/qimiq.com\/qimiq-fuer-profis\/chefkoeche\/chefkoch-rezepte\/\"},{\"@type\":\"ListItem\",\"position\":5,\"name\":\"Spargelsouffl\u00e9 von Reinhard M\u00fcller\"}]},{\"@type\":\"WebSite\",\"@id\":\"https:\/\/qimiq.com\/en\/#website\",\"url\":\"https:\/\/qimiq.com\/en\/\",\"name\":\"QimiQ\",\"description\":\"\",\"publisher\":{\"@id\":\"https:\/\/qimiq.com\/en\/#organization\"},\"potentialAction\":[{\"@type\":\"SearchAction\",\"target\":{\"@type\":\"EntryPoint\",\"urlTemplate\":\"https:\/\/qimiq.com\/en\/?s={search_term_string}\"},\"query-input\":{\"@type\":\"PropertyValueSpecification\",\"valueRequired\":true,\"valueName\":\"search_term_string\"}}],\"inLanguage\":\"hu\"},{\"@type\":\"Organization\",\"@id\":\"https:\/\/qimiq.com\/en\/#organization\",\"name\":\"QimiQ\",\"url\":\"https:\/\/qimiq.com\/en\/\",\"logo\":{\"@type\":\"ImageObject\",\"inLanguage\":\"hu\",\"@id\":\"https:\/\/qimiq.com\/en\/#\/schema\/logo\/image\/\",\"url\":\"https:\/\/qimiq.com\/wp-content\/uploads\/AdobeStock_300763099_Video_HD_Preview.png\",\"contentUrl\":\"https:\/\/qimiq.com\/wp-content\/uploads\/AdobeStock_300763099_Video_HD_Preview.png\",\"width\":712,\"height\":401,\"caption\":\"QimiQ\"},\"image\":{\"@id\":\"https:\/\/qimiq.com\/en\/#\/schema\/logo\/image\/\"},\"sameAs\":[\"https:\/\/www.facebook.com\/QimiQWorld\/\",\"https:\/\/www.facebook.com\/QimiQProfessionals\/\",\"https:\/\/www.instagram.com\/qimiq_austria\/\"]}]}<\/script>\n<!-- \/ Yoast SEO Premium plugin. -->","yoast_head_json":{"title":"Reinhard M\u00fcller sp\u00e1rga szufl\u00e9ja - QimiQ","robots":{"index":"index","follow":"follow","max-snippet":"max-snippet:-1","max-image-preview":"max-image-preview:large","max-video-preview":"max-video-preview:-1"},"canonical":"https:\/\/qimiq.com\/hu\/qimiq-fuer-profis\/chefkoeche\/chefkoch-rezepte\/spargelsouffle-von-reinhard-muller\/","og_locale":"hu_HU","og_type":"article","og_title":"Spargelsouffl\u00e9 von Reinhard M\u00fcller","og_url":"https:\/\/qimiq.com\/hu\/qimiq-fuer-profis\/chefkoeche\/chefkoch-rezepte\/spargelsouffle-von-reinhard-muller\/","og_site_name":"QimiQ","article_publisher":"https:\/\/www.facebook.com\/QimiQWorld\/","article_modified_time":"2023-07-20T13:39:24+00:00","og_image":[{"width":500,"height":333,"url":"https:\/\/qimiq.com\/wp-content\/uploads\/CR-Spargelsouffle.jpg","type":"image\/jpeg"}],"twitter_card":"summary_large_image","schema":{"@context":"https:\/\/schema.org","@graph":[{"@type":"WebPage","@id":"https:\/\/qimiq.com\/qimiq-fuer-profis\/chefkoeche\/chefkoch-rezepte\/spargelsouffle-von-reinhard-muller\/","url":"https:\/\/qimiq.com\/qimiq-fuer-profis\/chefkoeche\/chefkoch-rezepte\/spargelsouffle-von-reinhard-muller\/","name":"Reinhard M\u00fcller sp\u00e1rga szufl\u00e9ja - QimiQ","isPartOf":{"@id":"https:\/\/qimiq.com\/en\/#website"},"primaryImageOfPage":{"@id":"https:\/\/qimiq.com\/qimiq-fuer-profis\/chefkoeche\/chefkoch-rezepte\/spargelsouffle-von-reinhard-muller\/#primaryimage"},"image":{"@id":"https:\/\/qimiq.com\/qimiq-fuer-profis\/chefkoeche\/chefkoch-rezepte\/spargelsouffle-von-reinhard-muller\/#primaryimage"},"thumbnailUrl":"https:\/\/qimiq.com\/wp-content\/uploads\/CR-Spargelsouffle.jpg","datePublished":"2022-10-05T12:55:33+00:00","dateModified":"2023-07-20T13:39:24+00:00","breadcrumb":{"@id":"https:\/\/qimiq.com\/qimiq-fuer-profis\/chefkoeche\/chefkoch-rezepte\/spargelsouffle-von-reinhard-muller\/#breadcrumb"},"inLanguage":"hu","potentialAction":[{"@type":"ReadAction","target":["https:\/\/qimiq.com\/qimiq-fuer-profis\/chefkoeche\/chefkoch-rezepte\/spargelsouffle-von-reinhard-muller\/"]}]},{"@type":"ImageObject","inLanguage":"hu","@id":"https:\/\/qimiq.com\/qimiq-fuer-profis\/chefkoeche\/chefkoch-rezepte\/spargelsouffle-von-reinhard-muller\/#primaryimage","url":"https:\/\/qimiq.com\/wp-content\/uploads\/CR-Spargelsouffle.jpg","contentUrl":"https:\/\/qimiq.com\/wp-content\/uploads\/CR-Spargelsouffle.jpg","width":500,"height":333,"caption":"CR Spargelsouffle"},{"@type":"BreadcrumbList","@id":"https:\/\/qimiq.com\/qimiq-fuer-profis\/chefkoeche\/chefkoch-rezepte\/spargelsouffle-von-reinhard-muller\/#breadcrumb","itemListElement":[{"@type":"ListItem","position":1,"name":"Home","item":"https:\/\/qimiq.com\/"},{"@type":"ListItem","position":2,"name":"QimiQ f\u00fcr PROFIS","item":"https:\/\/qimiq.com\/qimiq-fuer-profis\/"},{"@type":"ListItem","position":3,"name":"Chefk\u00f6che","item":"https:\/\/qimiq.com\/qimiq-fuer-profis\/chefkoeche\/"},{"@type":"ListItem","position":4,"name":"Chefkoch Rezepte","item":"https:\/\/qimiq.com\/qimiq-fuer-profis\/chefkoeche\/chefkoch-rezepte\/"},{"@type":"ListItem","position":5,"name":"Spargelsouffl\u00e9 von Reinhard M\u00fcller"}]},{"@type":"WebSite","@id":"https:\/\/qimiq.com\/en\/#website","url":"https:\/\/qimiq.com\/en\/","name":"QimiQ","description":"","publisher":{"@id":"https:\/\/qimiq.com\/en\/#organization"},"potentialAction":[{"@type":"SearchAction","target":{"@type":"EntryPoint","urlTemplate":"https:\/\/qimiq.com\/en\/?s={search_term_string}"},"query-input":{"@type":"PropertyValueSpecification","valueRequired":true,"valueName":"search_term_string"}}],"inLanguage":"hu"},{"@type":"Organization","@id":"https:\/\/qimiq.com\/en\/#organization","name":"QimiQ","url":"https:\/\/qimiq.com\/en\/","logo":{"@type":"ImageObject","inLanguage":"hu","@id":"https:\/\/qimiq.com\/en\/#\/schema\/logo\/image\/","url":"https:\/\/qimiq.com\/wp-content\/uploads\/AdobeStock_300763099_Video_HD_Preview.png","contentUrl":"https:\/\/qimiq.com\/wp-content\/uploads\/AdobeStock_300763099_Video_HD_Preview.png","width":712,"height":401,"caption":"QimiQ"},"image":{"@id":"https:\/\/qimiq.com\/en\/#\/schema\/logo\/image\/"},"sameAs":["https:\/\/www.facebook.com\/QimiQWorld\/","https:\/\/www.facebook.com\/QimiQProfessionals\/","https:\/\/www.instagram.com\/qimiq_austria\/"]}]}},"_links":{"self":[{"href":"https:\/\/qimiq.com\/hu\/wp-json\/wp\/v2\/pages\/1758","targetHints":{"allow":["GET"]}}],"collection":[{"href":"https:\/\/qimiq.com\/hu\/wp-json\/wp\/v2\/pages"}],"about":[{"href":"https:\/\/qimiq.com\/hu\/wp-json\/wp\/v2\/types\/page"}],"author":[{"embeddable":true,"href":"https:\/\/qimiq.com\/hu\/wp-json\/wp\/v2\/users\/1"}],"replies":[{"embeddable":true,"href":"https:\/\/qimiq.com\/hu\/wp-json\/wp\/v2\/comments?post=1758"}],"version-history":[{"count":3,"href":"https:\/\/qimiq.com\/hu\/wp-json\/wp\/v2\/pages\/1758\/revisions"}],"predecessor-version":[{"id":2781,"href":"https:\/\/qimiq.com\/hu\/wp-json\/wp\/v2\/pages\/1758\/revisions\/2781"}],"up":[{"embeddable":true,"href":"https:\/\/qimiq.com\/hu\/wp-json\/wp\/v2\/pages\/682"}],"wp:featuredmedia":[{"embeddable":true,"href":"https:\/\/qimiq.com\/hu\/wp-json\/wp\/v2\/media\/1759"}],"wp:attachment":[{"href":"https:\/\/qimiq.com\/hu\/wp-json\/wp\/v2\/media?parent=1758"}],"curies":[{"name":"wp","href":"https:\/\/api.w.org\/{rel}","templated":true}]}}