{"id":3412,"date":"2024-11-07T14:00:18","date_gmt":"2024-11-07T13:00:18","guid":{"rendered":"https:\/\/qimiq.com\/?page_id=3412"},"modified":"2026-01-26T15:01:03","modified_gmt":"2026-01-26T14:01:03","slug":"sponsoring","status":"publish","type":"page","link":"https:\/\/qimiq.com\/en\/sponsoring\/","title":{"rendered":"Sponsoring"},"content":{"rendered":"<section id='lightpress__section--block_fa7c0d8bbcd725a9fd7fc0e80f49d9d8' class='lightpress__section--colored-bg lightpress__section--full-width lightpress__section--default-section-space lightpress__section lightpress__section--image-text' data-scroll-section><div class=\"image-text__container image-text__container--striped image-text__container--mirrored\">\n                            <picture class=\"image-text__picture\"\n                 data-aos=\"fade-left\"\n                 data-aos-once=\"true\"\n                 data-aos-anchor=\"#lightpress__section--block_fa7c0d8bbcd725a9fd7fc0e80f49d9d8 .image-text__container\">\n            <source srcset=\"https:\/\/qimiq.com\/wp-content\/uploads\/QimiQ-Teamfoto1-1024x683.webp\" type=\"image\/webp\">\n            <img decoding=\"async\" src=\"https:\/\/qimiq.com\/wp-content\/uploads\/QimiQ-Teamfoto1-1024x683.jpg\" alt=\"QimiQ team photo1\" \/>\n        <\/picture>\n    \n    <div class=\"image-text__text\">\n        \n                    <h2 class=\"text--medium text--55\" data-aos=\"fade-right\"\n                data-aos-once=\"true\"\n                data-aos-delay=\"100\"\n                data-aos-anchor=\"#lightpress__section--block_fa7c0d8bbcd725a9fd7fc0e80f49d9d8 .image-text__container\">1st women's team of SK Rapid<\/h2>\n        \n                    <div class=\"spacer--60\"><\/div>\n\n            <div data-aos=\"fade-right\" data-aos-once=\"true\"\n                 data-aos-delay=\"200\"\n                 data-aos-anchor=\"#lightpress__section--block_fa7c0d8bbcd725a9fd7fc0e80f49d9d8 .image-text__container\"><p style=\"text-align: left;\">We are involved with SK Rapid's 1st women's team because we are both truly \"first class\" in our fields. QimiQ and the club share the same passion: always going that little bit further, mastering new challenges and never losing sight of the essentials. Together we push the boundaries forward - one package at a time<\/p>\n<\/div>\n        \n            <\/div>\n<\/div>\n\n    <div class=\"stripes__container stripes__container--striped\">\n                <style>\n            :root {\n                --custom-light-color: #83bb25;\n                --custom-light-color-opacity: 0.1\n            }\n\n            #lightpress__section--block_fa7c0d8bbcd725a9fd7fc0e80f49d9d8 .stripes__container {\n                --stripes-color: #83bb25;\n                --stripes-color-opacity: 0.1;\n            }\n        <\/style>\n                            <div class=\"stripe\" style=\"--rotation:0deg\"><\/div>\n                    <div class=\"stripe\" style=\"--rotation:25.71428571deg\"><\/div>\n                    <div class=\"stripe\" style=\"--rotation:51.42857142deg\"><\/div>\n                    <div class=\"stripe\" style=\"--rotation:77.14285713deg\"><\/div>\n                    <div class=\"stripe\" style=\"--rotation:102.85714284deg\"><\/div>\n                    <div class=\"stripe\" style=\"--rotation:128.57142855deg\"><\/div>\n                    <div class=\"stripe\" style=\"--rotation:154.28571426deg\"><\/div>\n                    <div class=\"stripe\" style=\"--rotation:179.99999997deg\"><\/div>\n                    <div class=\"stripe\" style=\"--rotation:205.71428568deg\"><\/div>\n                    <div class=\"stripe\" style=\"--rotation:231.42857139deg\"><\/div>\n                    <div class=\"stripe\" style=\"--rotation:257.1428571deg\"><\/div>\n                    <div class=\"stripe\" style=\"--rotation:282.85714281deg\"><\/div>\n                    <div class=\"stripe\" style=\"--rotation:308.57142852deg\"><\/div>\n                    <div class=\"stripe\" style=\"--rotation:334.28571423deg\"><\/div>\n            <\/div>\n\n<\/section>\n\n<section id='lightpress__section--block_f6ee82cdcc9864b672ce3cdd94610de5' class='lightpress__section--full-width lightpress__section lightpress__section--image-banner' data-scroll-section><div class=\"image-banner__container\">\n                            <picture class=\"image__picture\">\n            <source srcset=\"https:\/\/qimiq.com\/wp-content\/uploads\/QimiQ_0411-09-scaled.webp\" type=\"image\/webp\">\n            <img decoding=\"async\" src=\"https:\/\/qimiq.com\/wp-content\/uploads\/QimiQ_0411-09-scaled.jpg\" alt=\"QimiQ 0411 09\" \/>\n        <\/picture>\n                            <picture class=\"image__picture\">\n            <source srcset=\"https:\/\/qimiq.com\/wp-content\/uploads\/QimiQ_0411-02-scaled.webp\" type=\"image\/webp\">\n            <img decoding=\"async\" src=\"https:\/\/qimiq.com\/wp-content\/uploads\/QimiQ_0411-02-scaled.jpg\" alt=\"QimiQ 0411 02\" \/>\n        <\/picture>\n                            <picture class=\"image__picture\">\n            <source srcset=\"https:\/\/qimiq.com\/wp-content\/uploads\/QimiQ-Teamfoto1.webp\" type=\"image\/webp\">\n            <img decoding=\"async\" src=\"https:\/\/qimiq.com\/wp-content\/uploads\/QimiQ-Teamfoto1.jpg\" alt=\"QimiQ team photo1\" \/>\n        <\/picture>\n                            <picture class=\"image__picture\">\n            <source srcset=\"https:\/\/qimiq.com\/wp-content\/uploads\/QimiQ_0411-23-scaled.webp\" type=\"image\/webp\">\n            <img decoding=\"async\" src=\"https:\/\/qimiq.com\/wp-content\/uploads\/QimiQ_0411-23-scaled.jpg\" alt=\"QimiQ 0411 23\" \/>\n        <\/picture>\n    \n    <\/div>\n<\/section>","protected":false},"excerpt":{"rendered":"","protected":false},"author":1,"featured_media":0,"parent":0,"menu_order":0,"comment_status":"closed","ping_status":"closed","template":"","meta":{"_acf_changed":false,"_relevanssi_hide_post":"","_relevanssi_hide_content":"","_relevanssi_pin_for_all":"","_relevanssi_pin_keywords":"","_relevanssi_unpin_keywords":"","_relevanssi_related_keywords":"","_relevanssi_related_include_ids":"","_relevanssi_related_exclude_ids":"","_relevanssi_related_no_append":"","_relevanssi_related_not_related":"","_relevanssi_related_posts":"","_relevanssi_noindex_reason":"","footnotes":""},"class_list":["post-3412","page","type-page","status-publish","hentry"],"acf":[],"yoast_head":"<!-- This site is optimized with the Yoast SEO Premium plugin v26.6 (Yoast SEO v26.8) - https:\/\/yoast.com\/product\/yoast-seo-premium-wordpress\/ -->\n<title>Sponsoring - QimiQ<\/title>\n<meta name=\"description\" content=\"Erfahre mehr \u00fcber das Sponsoring-Engagement von QimiQ: partnerschaftliche F\u00f6rderungen und gemeinsame Werte f\u00fcr Erfolg.\" \/>\n<meta name=\"robots\" content=\"index, follow, max-snippet:-1, max-image-preview:large, max-video-preview:-1\" \/>\n<link rel=\"canonical\" href=\"https:\/\/qimiq.com\/en\/sponsoring\/\" \/>\n<meta property=\"og:locale\" content=\"en_GB\" \/>\n<meta property=\"og:type\" content=\"article\" \/>\n<meta property=\"og:title\" content=\"Sponsoring\" \/>\n<meta property=\"og:description\" content=\"Erfahre mehr \u00fcber das Sponsoring-Engagement von QimiQ: partnerschaftliche F\u00f6rderungen und gemeinsame Werte f\u00fcr Erfolg.\" \/>\n<meta property=\"og:url\" content=\"https:\/\/qimiq.com\/en\/sponsoring\/\" \/>\n<meta property=\"og:site_name\" content=\"QimiQ\" \/>\n<meta property=\"article:publisher\" content=\"https:\/\/www.facebook.com\/QimiQWorld\/\" \/>\n<meta property=\"article:modified_time\" content=\"2026-01-26T14:01:03+00:00\" \/>\n<meta property=\"og:image\" content=\"https:\/\/qimiq.com\/wp-content\/uploads\/Torte.png\" \/>\n\t<meta property=\"og:image:width\" content=\"316\" \/>\n\t<meta property=\"og:image:height\" content=\"202\" \/>\n\t<meta property=\"og:image:type\" content=\"image\/png\" \/>\n<meta name=\"twitter:card\" content=\"summary_large_image\" \/>\n<script type=\"application\/ld+json\" class=\"yoast-schema-graph\">{\"@context\":\"https:\/\/schema.org\",\"@graph\":[{\"@type\":\"WebPage\",\"@id\":\"https:\/\/qimiq.com\/sponsoring\/\",\"url\":\"https:\/\/qimiq.com\/sponsoring\/\",\"name\":\"Sponsoring - QimiQ\",\"isPartOf\":{\"@id\":\"https:\/\/qimiq.com\/en\/#website\"},\"datePublished\":\"2024-11-07T13:00:18+00:00\",\"dateModified\":\"2026-01-26T14:01:03+00:00\",\"description\":\"Erfahre mehr \u00fcber das Sponsoring-Engagement von QimiQ: partnerschaftliche F\u00f6rderungen und gemeinsame Werte f\u00fcr Erfolg.\",\"breadcrumb\":{\"@id\":\"https:\/\/qimiq.com\/sponsoring\/#breadcrumb\"},\"inLanguage\":\"en-GB\",\"potentialAction\":[{\"@type\":\"ReadAction\",\"target\":[\"https:\/\/qimiq.com\/sponsoring\/\"]}]},{\"@type\":\"BreadcrumbList\",\"@id\":\"https:\/\/qimiq.com\/sponsoring\/#breadcrumb\",\"itemListElement\":[{\"@type\":\"ListItem\",\"position\":1,\"name\":\"Home\",\"item\":\"https:\/\/qimiq.com\/\"},{\"@type\":\"ListItem\",\"position\":2,\"name\":\"Sponsoring\"}]},{\"@type\":\"WebSite\",\"@id\":\"https:\/\/qimiq.com\/en\/#website\",\"url\":\"https:\/\/qimiq.com\/en\/\",\"name\":\"QimiQ\",\"description\":\"\",\"publisher\":{\"@id\":\"https:\/\/qimiq.com\/en\/#organization\"},\"potentialAction\":[{\"@type\":\"SearchAction\",\"target\":{\"@type\":\"EntryPoint\",\"urlTemplate\":\"https:\/\/qimiq.com\/en\/?s={search_term_string}\"},\"query-input\":{\"@type\":\"PropertyValueSpecification\",\"valueRequired\":true,\"valueName\":\"search_term_string\"}}],\"inLanguage\":\"en-GB\"},{\"@type\":\"Organization\",\"@id\":\"https:\/\/qimiq.com\/en\/#organization\",\"name\":\"QimiQ\",\"url\":\"https:\/\/qimiq.com\/en\/\",\"logo\":{\"@type\":\"ImageObject\",\"inLanguage\":\"en-GB\",\"@id\":\"https:\/\/qimiq.com\/en\/#\/schema\/logo\/image\/\",\"url\":\"https:\/\/qimiq.com\/wp-content\/uploads\/AdobeStock_300763099_Video_HD_Preview.png\",\"contentUrl\":\"https:\/\/qimiq.com\/wp-content\/uploads\/AdobeStock_300763099_Video_HD_Preview.png\",\"width\":712,\"height\":401,\"caption\":\"QimiQ\"},\"image\":{\"@id\":\"https:\/\/qimiq.com\/en\/#\/schema\/logo\/image\/\"},\"sameAs\":[\"https:\/\/www.facebook.com\/QimiQWorld\/\",\"https:\/\/www.facebook.com\/QimiQProfessionals\/\",\"https:\/\/www.instagram.com\/qimiq_austria\/\"]}]}<\/script>\n<!-- \/ Yoast SEO Premium plugin. -->","yoast_head_json":{"title":"Sponsoring - QimiQ","description":"Erfahre mehr \u00fcber das Sponsoring-Engagement von QimiQ: partnerschaftliche F\u00f6rderungen und gemeinsame Werte f\u00fcr Erfolg.","robots":{"index":"index","follow":"follow","max-snippet":"max-snippet:-1","max-image-preview":"max-image-preview:large","max-video-preview":"max-video-preview:-1"},"canonical":"https:\/\/qimiq.com\/en\/sponsoring\/","og_locale":"en_GB","og_type":"article","og_title":"Sponsoring","og_description":"Erfahre mehr \u00fcber das Sponsoring-Engagement von QimiQ: partnerschaftliche F\u00f6rderungen und gemeinsame Werte f\u00fcr Erfolg.","og_url":"https:\/\/qimiq.com\/en\/sponsoring\/","og_site_name":"QimiQ","article_publisher":"https:\/\/www.facebook.com\/QimiQWorld\/","article_modified_time":"2026-01-26T14:01:03+00:00","og_image":[{"width":316,"height":202,"url":"https:\/\/qimiq.com\/wp-content\/uploads\/Torte.png","type":"image\/png"}],"twitter_card":"summary_large_image","schema":{"@context":"https:\/\/schema.org","@graph":[{"@type":"WebPage","@id":"https:\/\/qimiq.com\/sponsoring\/","url":"https:\/\/qimiq.com\/sponsoring\/","name":"Sponsoring - QimiQ","isPartOf":{"@id":"https:\/\/qimiq.com\/en\/#website"},"datePublished":"2024-11-07T13:00:18+00:00","dateModified":"2026-01-26T14:01:03+00:00","description":"Erfahre mehr \u00fcber das Sponsoring-Engagement von QimiQ: partnerschaftliche F\u00f6rderungen und gemeinsame Werte f\u00fcr Erfolg.","breadcrumb":{"@id":"https:\/\/qimiq.com\/sponsoring\/#breadcrumb"},"inLanguage":"en-GB","potentialAction":[{"@type":"ReadAction","target":["https:\/\/qimiq.com\/sponsoring\/"]}]},{"@type":"BreadcrumbList","@id":"https:\/\/qimiq.com\/sponsoring\/#breadcrumb","itemListElement":[{"@type":"ListItem","position":1,"name":"Home","item":"https:\/\/qimiq.com\/"},{"@type":"ListItem","position":2,"name":"Sponsoring"}]},{"@type":"WebSite","@id":"https:\/\/qimiq.com\/en\/#website","url":"https:\/\/qimiq.com\/en\/","name":"QimiQ","description":"","publisher":{"@id":"https:\/\/qimiq.com\/en\/#organization"},"potentialAction":[{"@type":"SearchAction","target":{"@type":"EntryPoint","urlTemplate":"https:\/\/qimiq.com\/en\/?s={search_term_string}"},"query-input":{"@type":"PropertyValueSpecification","valueRequired":true,"valueName":"search_term_string"}}],"inLanguage":"en-GB"},{"@type":"Organization","@id":"https:\/\/qimiq.com\/en\/#organization","name":"QimiQ","url":"https:\/\/qimiq.com\/en\/","logo":{"@type":"ImageObject","inLanguage":"en-GB","@id":"https:\/\/qimiq.com\/en\/#\/schema\/logo\/image\/","url":"https:\/\/qimiq.com\/wp-content\/uploads\/AdobeStock_300763099_Video_HD_Preview.png","contentUrl":"https:\/\/qimiq.com\/wp-content\/uploads\/AdobeStock_300763099_Video_HD_Preview.png","width":712,"height":401,"caption":"QimiQ"},"image":{"@id":"https:\/\/qimiq.com\/en\/#\/schema\/logo\/image\/"},"sameAs":["https:\/\/www.facebook.com\/QimiQWorld\/","https:\/\/www.facebook.com\/QimiQProfessionals\/","https:\/\/www.instagram.com\/qimiq_austria\/"]}]}},"_links":{"self":[{"href":"https:\/\/qimiq.com\/en\/wp-json\/wp\/v2\/pages\/3412","targetHints":{"allow":["GET"]}}],"collection":[{"href":"https:\/\/qimiq.com\/en\/wp-json\/wp\/v2\/pages"}],"about":[{"href":"https:\/\/qimiq.com\/en\/wp-json\/wp\/v2\/types\/page"}],"author":[{"embeddable":true,"href":"https:\/\/qimiq.com\/en\/wp-json\/wp\/v2\/users\/1"}],"replies":[{"embeddable":true,"href":"https:\/\/qimiq.com\/en\/wp-json\/wp\/v2\/comments?post=3412"}],"version-history":[{"count":3,"href":"https:\/\/qimiq.com\/en\/wp-json\/wp\/v2\/pages\/3412\/revisions"}],"predecessor-version":[{"id":3421,"href":"https:\/\/qimiq.com\/en\/wp-json\/wp\/v2\/pages\/3412\/revisions\/3421"}],"wp:attachment":[{"href":"https:\/\/qimiq.com\/en\/wp-json\/wp\/v2\/media?parent=3412"}],"curies":[{"name":"wp","href":"https:\/\/api.w.org\/{rel}","templated":true}]}}